{"id":10518,"date":"2016-12-02T09:45:44","date_gmt":"2016-12-02T08:45:44","guid":{"rendered":"http:\/\/www.polynt.com\/chemical-intermediates-company\/vision-mission\/"},"modified":"2018-02-21T12:22:05","modified_gmt":"2018-02-21T11:22:05","slug":"vision-mission","status":"publish","type":"page","link":"https:\/\/www.polynt.com\/de\/chemical-intermediates-company\/vision-mission\/","title":{"rendered":"Vision &#038; Mission"},"content":{"rendered":"<h2>EIN WACHSENDER INDUSTRIEZWEIG: INNOVATION UND QUALIT\u00c4T<\/h2>\n<p><strong>Polynt investiert in Forschung, Innovation und Entwicklung<\/strong> um L\u00f6sungen anzubieten, die die Ausgeglichenheit des \u00d6kosystems in Balance h\u00e4lt.<\/p>\n<p>Polynt ist mit Produktions- und Verkaufsstandorten auf vier Kontinenten vertreten, um seinen <strong>Kunden innovative, nachhaltige und verantwortungsvolle L\u00f6sungen<\/strong> anzubieten.<\/p>\n<p>Polynt wird weiterhin eine gro\u00dfe Bandbreite an Produkten entwickeln, um in allen Schl\u00fcsselbereichen wie z.B. Agro-Food, Biomedizin, Bauwesen, Elektronik, Logistik und Schifffahrt vertreten zu sein.<\/p>\n<p>Die Produktion basiert auf drei Gesch\u00e4ftsbereichen: <strong>Composites, Intermediates und Coatings<\/strong>, Materialien die zur Herstellung von tausenden von Artikeln beitragen, die die Lebensqualit\u00e4t verbessern.<\/p>\n<p>Durch spezielle <strong>Produktionstechnologien und kundenspezifischen L\u00f6sungen<\/strong>, profitiert Polynt durchg\u00e4ngig von seinen treuen Kunden.<\/p>\n<p>Polynt legt ein besonderes Augenmerk auf die Forschung und Entwicklung, technologische Verbesserungen und Prozesskontrolle, um die wachsende Nachfrage nach Sicherheit und Qualit\u00e4t auf dem aktuellen Markt zu befriedigen.<\/p>\n<p>Diese Aktivit\u00e4ten werden stets mit dem Ziel einer menschenorientierten chemischen Industrie zu erzeugen durchgef\u00fchrt.<\/p>\n<p style=\"text-align: center; font-size: 18px;\"><strong><br \/>\nUnsere Erfahrung ist die Garantie. Unser Erfolg ist der Beweis. Unsere Verbundenheit ist die Zukunft.<\/strong><\/p>\n","protected":false},"excerpt":{"rendered":"<p>EIN WACHSENDER INDUSTRIEZWEIG: INNOVATION UND QUALIT\u00c4T Polynt investiert in Forschung, Innovation und Entwicklung um L\u00f6sungen anzubieten, die die Ausgeglichenheit des &hellip;<\/p>\n","protected":false},"author":1,"featured_media":0,"parent":10488,"menu_order":2,"comment_status":"closed","ping_status":"closed","template":"template-financial-info-single.php","meta":{"footnotes":""},"class_list":["post-10518","page","type-page","status-publish","hentry","odd"],"yoast_head":"<!-- This site is optimized with the Yoast SEO plugin v24.8.1 - https:\/\/yoast.com\/wordpress\/plugins\/seo\/ -->\n<title>Vision and Mission | Polynt Group<\/title>\n<meta name=\"description\" content=\"Vision and Mission | Polynt Group offers chemical products to different industries: automotive, textile, cosmetics, food, pharmaceutical, agribusiness.\" \/>\n<meta name=\"robots\" content=\"index, follow, max-snippet:-1, max-image-preview:large, max-video-preview:-1\" \/>\n<link rel=\"canonical\" href=\"https:\/\/www.polynt.com\/de\/chemical-intermediates-company\/vision-mission\/\" \/>\n<meta property=\"og:locale\" content=\"de_DE\" \/>\n<meta property=\"og:type\" content=\"article\" \/>\n<meta property=\"og:title\" content=\"Vision and Mission | Polynt Group\" \/>\n<meta property=\"og:description\" content=\"Vision and Mission | Polynt Group offers chemical products to different industries: automotive, textile, cosmetics, food, pharmaceutical, agribusiness.\" \/>\n<meta property=\"og:url\" content=\"https:\/\/www.polynt.com\/de\/chemical-intermediates-company\/vision-mission\/\" \/>\n<meta property=\"og:site_name\" content=\"Polynt\" \/>\n<meta property=\"article:modified_time\" content=\"2018-02-21T11:22:05+00:00\" \/>\n<meta name=\"twitter:card\" content=\"summary_large_image\" \/>\n<meta name=\"twitter:label1\" content=\"Gesch\u00e4tzte Lesezeit\" \/>\n\t<meta name=\"twitter:data1\" content=\"1\u00a0Minute\" \/>\n<script type=\"application\/ld+json\" class=\"yoast-schema-graph\">{\"@context\":\"https:\/\/schema.org\",\"@graph\":[{\"@type\":\"WebPage\",\"@id\":\"https:\/\/www.polynt.com\/de\/chemical-intermediates-company\/vision-mission\/\",\"url\":\"https:\/\/www.polynt.com\/de\/chemical-intermediates-company\/vision-mission\/\",\"name\":\"Vision and Mission | Polynt Group\",\"isPartOf\":{\"@id\":\"https:\/\/www.polynt.com\/#website\"},\"datePublished\":\"2016-12-02T08:45:44+00:00\",\"dateModified\":\"2018-02-21T11:22:05+00:00\",\"description\":\"Vision and Mission | Polynt Group offers chemical products to different industries: automotive, textile, cosmetics, food, pharmaceutical, agribusiness.\",\"breadcrumb\":{\"@id\":\"https:\/\/www.polynt.com\/de\/chemical-intermediates-company\/vision-mission\/#breadcrumb\"},\"inLanguage\":\"de\",\"potentialAction\":[{\"@type\":\"ReadAction\",\"target\":[\"https:\/\/www.polynt.com\/de\/chemical-intermediates-company\/vision-mission\/\"]}]},{\"@type\":\"BreadcrumbList\",\"@id\":\"https:\/\/www.polynt.com\/de\/chemical-intermediates-company\/vision-mission\/#breadcrumb\",\"itemListElement\":[{\"@type\":\"ListItem\",\"position\":1,\"name\":\"Home\",\"item\":\"https:\/\/www.polynt.com\/de\/\"},{\"@type\":\"ListItem\",\"position\":2,\"name\":\"Unternehmen\",\"item\":\"https:\/\/www.polynt.com\/de\/chemical-intermediates-company\/\"},{\"@type\":\"ListItem\",\"position\":3,\"name\":\"Vision &#038; Mission\"}]},{\"@type\":\"WebSite\",\"@id\":\"https:\/\/www.polynt.com\/#website\",\"url\":\"https:\/\/www.polynt.com\/\",\"name\":\"Polynt\",\"description\":\"Un nuovo sito targato WordPress\",\"potentialAction\":[{\"@type\":\"SearchAction\",\"target\":{\"@type\":\"EntryPoint\",\"urlTemplate\":\"https:\/\/www.polynt.com\/?s={search_term_string}\"},\"query-input\":{\"@type\":\"PropertyValueSpecification\",\"valueRequired\":true,\"valueName\":\"search_term_string\"}}],\"inLanguage\":\"de\"}]}<\/script>\n<!-- \/ Yoast SEO plugin. -->","yoast_head_json":{"title":"Vision and Mission | Polynt Group","description":"Vision and Mission | Polynt Group offers chemical products to different industries: automotive, textile, cosmetics, food, pharmaceutical, agribusiness.","robots":{"index":"index","follow":"follow","max-snippet":"max-snippet:-1","max-image-preview":"max-image-preview:large","max-video-preview":"max-video-preview:-1"},"canonical":"https:\/\/www.polynt.com\/de\/chemical-intermediates-company\/vision-mission\/","og_locale":"de_DE","og_type":"article","og_title":"Vision and Mission | Polynt Group","og_description":"Vision and Mission | Polynt Group offers chemical products to different industries: automotive, textile, cosmetics, food, pharmaceutical, agribusiness.","og_url":"https:\/\/www.polynt.com\/de\/chemical-intermediates-company\/vision-mission\/","og_site_name":"Polynt","article_modified_time":"2018-02-21T11:22:05+00:00","twitter_card":"summary_large_image","twitter_misc":{"Gesch\u00e4tzte Lesezeit":"1\u00a0Minute"},"schema":{"@context":"https:\/\/schema.org","@graph":[{"@type":"WebPage","@id":"https:\/\/www.polynt.com\/de\/chemical-intermediates-company\/vision-mission\/","url":"https:\/\/www.polynt.com\/de\/chemical-intermediates-company\/vision-mission\/","name":"Vision and Mission | Polynt Group","isPartOf":{"@id":"https:\/\/www.polynt.com\/#website"},"datePublished":"2016-12-02T08:45:44+00:00","dateModified":"2018-02-21T11:22:05+00:00","description":"Vision and Mission | Polynt Group offers chemical products to different industries: automotive, textile, cosmetics, food, pharmaceutical, agribusiness.","breadcrumb":{"@id":"https:\/\/www.polynt.com\/de\/chemical-intermediates-company\/vision-mission\/#breadcrumb"},"inLanguage":"de","potentialAction":[{"@type":"ReadAction","target":["https:\/\/www.polynt.com\/de\/chemical-intermediates-company\/vision-mission\/"]}]},{"@type":"BreadcrumbList","@id":"https:\/\/www.polynt.com\/de\/chemical-intermediates-company\/vision-mission\/#breadcrumb","itemListElement":[{"@type":"ListItem","position":1,"name":"Home","item":"https:\/\/www.polynt.com\/de\/"},{"@type":"ListItem","position":2,"name":"Unternehmen","item":"https:\/\/www.polynt.com\/de\/chemical-intermediates-company\/"},{"@type":"ListItem","position":3,"name":"Vision &#038; Mission"}]},{"@type":"WebSite","@id":"https:\/\/www.polynt.com\/#website","url":"https:\/\/www.polynt.com\/","name":"Polynt","description":"Un nuovo sito targato WordPress","potentialAction":[{"@type":"SearchAction","target":{"@type":"EntryPoint","urlTemplate":"https:\/\/www.polynt.com\/?s={search_term_string}"},"query-input":{"@type":"PropertyValueSpecification","valueRequired":true,"valueName":"search_term_string"}}],"inLanguage":"de"}]}},"_links":{"self":[{"href":"https:\/\/www.polynt.com\/de\/wp-json\/wp\/v2\/pages\/10518","targetHints":{"allow":["GET"]}}],"collection":[{"href":"https:\/\/www.polynt.com\/de\/wp-json\/wp\/v2\/pages"}],"about":[{"href":"https:\/\/www.polynt.com\/de\/wp-json\/wp\/v2\/types\/page"}],"author":[{"embeddable":true,"href":"https:\/\/www.polynt.com\/de\/wp-json\/wp\/v2\/users\/1"}],"replies":[{"embeddable":true,"href":"https:\/\/www.polynt.com\/de\/wp-json\/wp\/v2\/comments?post=10518"}],"version-history":[{"count":3,"href":"https:\/\/www.polynt.com\/de\/wp-json\/wp\/v2\/pages\/10518\/revisions"}],"predecessor-version":[{"id":15794,"href":"https:\/\/www.polynt.com\/de\/wp-json\/wp\/v2\/pages\/10518\/revisions\/15794"}],"up":[{"embeddable":true,"href":"https:\/\/www.polynt.com\/de\/wp-json\/wp\/v2\/pages\/10488"}],"wp:attachment":[{"href":"https:\/\/www.polynt.com\/de\/wp-json\/wp\/v2\/media?parent=10518"}],"curies":[{"name":"wp","href":"https:\/\/api.w.org\/{rel}","templated":true}]}}