{"id":10521,"date":"2016-12-16T09:35:34","date_gmt":"2016-12-16T08:35:34","guid":{"rendered":"http:\/\/www.polynt.com\/environment-health-safety\/"},"modified":"2022-03-02T16:02:48","modified_gmt":"2022-03-02T15:02:48","slug":"hse-quality-certification","status":"publish","type":"page","link":"https:\/\/www.polynt.com\/de\/sustainability\/hse-quality-certification\/","title":{"rendered":"HSE, Quality &#038; Certification"},"content":{"rendered":"<h1 style=\"text-align: left;\">Nachhaltige Entwicklung und Verantwortungsbewusste Sorgfalt<\/h1>\n<p>Polynt engagiert sich dahingehend, alle Handlungen und Gesch\u00e4ftsprozesse so auszurichten, um Verletzungen von Menschen sowie Sch\u00e4den an Umwelt und Eigentum zu vermeiden. Die T\u00e4tigkeiten werden nach den Grunds\u00e4tzen der nachhaltigen Entwicklung und des verantwortungsbewussten \u201eResponsible Care\u201c Programms der <strong>chemischen Industrie<\/strong> durchgef\u00fchrt.<\/p>\n","protected":false},"excerpt":{"rendered":"<p>Nachhaltige Entwicklung und Verantwortungsbewusste Sorgfalt Polynt engagiert sich dahingehend, alle Handlungen und Gesch\u00e4ftsprozesse so auszurichten, um Verletzungen von Menschen sowie &hellip;<\/p>\n","protected":false},"author":2,"featured_media":0,"parent":23315,"menu_order":4,"comment_status":"closed","ping_status":"closed","template":"template-sicurezza-main.php","meta":{"footnotes":""},"class_list":["post-10521","page","type-page","status-publish","hentry","odd"],"yoast_head":"<!-- This site is optimized with the Yoast SEO plugin v24.8.1 - https:\/\/yoast.com\/wordpress\/plugins\/seo\/ -->\n<title>HSE, Quality &amp; Certification - Polynt<\/title>\n<meta name=\"robots\" content=\"index, follow, max-snippet:-1, max-image-preview:large, max-video-preview:-1\" \/>\n<link rel=\"canonical\" href=\"https:\/\/www.polynt.com\/de\/sustainability\/hse-quality-certification\/\" \/>\n<meta property=\"og:locale\" content=\"de_DE\" \/>\n<meta property=\"og:type\" content=\"article\" \/>\n<meta property=\"og:title\" content=\"HSE, Quality &amp; Certification - Polynt\" \/>\n<meta property=\"og:description\" content=\"Nachhaltige Entwicklung und Verantwortungsbewusste Sorgfalt Polynt engagiert sich dahingehend, alle Handlungen und Gesch\u00e4ftsprozesse so auszurichten, um Verletzungen von Menschen sowie &hellip;\" \/>\n<meta property=\"og:url\" content=\"https:\/\/www.polynt.com\/de\/sustainability\/hse-quality-certification\/\" \/>\n<meta property=\"og:site_name\" content=\"Polynt\" \/>\n<meta property=\"article:modified_time\" content=\"2022-03-02T15:02:48+00:00\" \/>\n<meta name=\"twitter:card\" content=\"summary_large_image\" \/>\n<script type=\"application\/ld+json\" class=\"yoast-schema-graph\">{\"@context\":\"https:\/\/schema.org\",\"@graph\":[{\"@type\":\"WebPage\",\"@id\":\"https:\/\/www.polynt.com\/de\/sustainability\/hse-quality-certification\/\",\"url\":\"https:\/\/www.polynt.com\/de\/sustainability\/hse-quality-certification\/\",\"name\":\"HSE, Quality & Certification - Polynt\",\"isPartOf\":{\"@id\":\"https:\/\/www.polynt.com\/#website\"},\"datePublished\":\"2016-12-16T08:35:34+00:00\",\"dateModified\":\"2022-03-02T15:02:48+00:00\",\"breadcrumb\":{\"@id\":\"https:\/\/www.polynt.com\/de\/sustainability\/hse-quality-certification\/#breadcrumb\"},\"inLanguage\":\"de\",\"potentialAction\":[{\"@type\":\"ReadAction\",\"target\":[\"https:\/\/www.polynt.com\/de\/sustainability\/hse-quality-certification\/\"]}]},{\"@type\":\"BreadcrumbList\",\"@id\":\"https:\/\/www.polynt.com\/de\/sustainability\/hse-quality-certification\/#breadcrumb\",\"itemListElement\":[{\"@type\":\"ListItem\",\"position\":1,\"name\":\"Home\",\"item\":\"https:\/\/www.polynt.com\/de\/\"},{\"@type\":\"ListItem\",\"position\":2,\"name\":\"Sustainability\",\"item\":\"https:\/\/www.polynt.com\/de\/sustainability\/\"},{\"@type\":\"ListItem\",\"position\":3,\"name\":\"HSE, Quality &#038; Certification\"}]},{\"@type\":\"WebSite\",\"@id\":\"https:\/\/www.polynt.com\/#website\",\"url\":\"https:\/\/www.polynt.com\/\",\"name\":\"Polynt\",\"description\":\"Un nuovo sito targato WordPress\",\"potentialAction\":[{\"@type\":\"SearchAction\",\"target\":{\"@type\":\"EntryPoint\",\"urlTemplate\":\"https:\/\/www.polynt.com\/?s={search_term_string}\"},\"query-input\":{\"@type\":\"PropertyValueSpecification\",\"valueRequired\":true,\"valueName\":\"search_term_string\"}}],\"inLanguage\":\"de\"}]}<\/script>\n<!-- \/ Yoast SEO plugin. -->","yoast_head_json":{"title":"HSE, Quality & Certification - Polynt","robots":{"index":"index","follow":"follow","max-snippet":"max-snippet:-1","max-image-preview":"max-image-preview:large","max-video-preview":"max-video-preview:-1"},"canonical":"https:\/\/www.polynt.com\/de\/sustainability\/hse-quality-certification\/","og_locale":"de_DE","og_type":"article","og_title":"HSE, Quality & Certification - Polynt","og_description":"Nachhaltige Entwicklung und Verantwortungsbewusste Sorgfalt Polynt engagiert sich dahingehend, alle Handlungen und Gesch\u00e4ftsprozesse so auszurichten, um Verletzungen von Menschen sowie &hellip;","og_url":"https:\/\/www.polynt.com\/de\/sustainability\/hse-quality-certification\/","og_site_name":"Polynt","article_modified_time":"2022-03-02T15:02:48+00:00","twitter_card":"summary_large_image","schema":{"@context":"https:\/\/schema.org","@graph":[{"@type":"WebPage","@id":"https:\/\/www.polynt.com\/de\/sustainability\/hse-quality-certification\/","url":"https:\/\/www.polynt.com\/de\/sustainability\/hse-quality-certification\/","name":"HSE, Quality & Certification - Polynt","isPartOf":{"@id":"https:\/\/www.polynt.com\/#website"},"datePublished":"2016-12-16T08:35:34+00:00","dateModified":"2022-03-02T15:02:48+00:00","breadcrumb":{"@id":"https:\/\/www.polynt.com\/de\/sustainability\/hse-quality-certification\/#breadcrumb"},"inLanguage":"de","potentialAction":[{"@type":"ReadAction","target":["https:\/\/www.polynt.com\/de\/sustainability\/hse-quality-certification\/"]}]},{"@type":"BreadcrumbList","@id":"https:\/\/www.polynt.com\/de\/sustainability\/hse-quality-certification\/#breadcrumb","itemListElement":[{"@type":"ListItem","position":1,"name":"Home","item":"https:\/\/www.polynt.com\/de\/"},{"@type":"ListItem","position":2,"name":"Sustainability","item":"https:\/\/www.polynt.com\/de\/sustainability\/"},{"@type":"ListItem","position":3,"name":"HSE, Quality &#038; Certification"}]},{"@type":"WebSite","@id":"https:\/\/www.polynt.com\/#website","url":"https:\/\/www.polynt.com\/","name":"Polynt","description":"Un nuovo sito targato WordPress","potentialAction":[{"@type":"SearchAction","target":{"@type":"EntryPoint","urlTemplate":"https:\/\/www.polynt.com\/?s={search_term_string}"},"query-input":{"@type":"PropertyValueSpecification","valueRequired":true,"valueName":"search_term_string"}}],"inLanguage":"de"}]}},"_links":{"self":[{"href":"https:\/\/www.polynt.com\/de\/wp-json\/wp\/v2\/pages\/10521","targetHints":{"allow":["GET"]}}],"collection":[{"href":"https:\/\/www.polynt.com\/de\/wp-json\/wp\/v2\/pages"}],"about":[{"href":"https:\/\/www.polynt.com\/de\/wp-json\/wp\/v2\/types\/page"}],"author":[{"embeddable":true,"href":"https:\/\/www.polynt.com\/de\/wp-json\/wp\/v2\/users\/2"}],"replies":[{"embeddable":true,"href":"https:\/\/www.polynt.com\/de\/wp-json\/wp\/v2\/comments?post=10521"}],"version-history":[{"count":7,"href":"https:\/\/www.polynt.com\/de\/wp-json\/wp\/v2\/pages\/10521\/revisions"}],"predecessor-version":[{"id":24811,"href":"https:\/\/www.polynt.com\/de\/wp-json\/wp\/v2\/pages\/10521\/revisions\/24811"}],"up":[{"embeddable":true,"href":"https:\/\/www.polynt.com\/de\/wp-json\/wp\/v2\/pages\/23315"}],"wp:attachment":[{"href":"https:\/\/www.polynt.com\/de\/wp-json\/wp\/v2\/media?parent=10521"}],"curies":[{"name":"wp","href":"https:\/\/api.w.org\/{rel}","templated":true}]}}