{"id":10527,"date":"2016-11-08T15:35:26","date_gmt":"2016-11-08T14:35:26","guid":{"rendered":"http:\/\/www.polynt.com\/environment-health-safety\/chemical-quality-2\/"},"modified":"2021-04-06T16:34:01","modified_gmt":"2021-04-06T14:34:01","slug":"chemical-quality-2","status":"publish","type":"page","link":"https:\/\/www.polynt.com\/de\/sustainability\/hse-quality-certification\/chemical-quality-2\/","title":{"rendered":"Qualit\u00e4t"},"content":{"rendered":"<h1>Innovative und Nachhaltige L\u00f6sungen<\/h1>\n<p>Polynt steht daf\u00fcr, bedingt durch Kompetenz und eine solide <strong>chemische und technologische Plattform<\/strong>, ein <strong>etablierter Anbieter<\/strong> im Polymer-Intermediate Markt zu sein.<\/p>\n","protected":false},"excerpt":{"rendered":"<p>Innovative und Nachhaltige L\u00f6sungen Polynt steht daf\u00fcr, bedingt durch Kompetenz und eine solide chemische und technologische Plattform, ein etablierter Anbieter &hellip;<\/p>\n","protected":false},"author":1,"featured_media":0,"parent":10521,"menu_order":2,"comment_status":"closed","ping_status":"closed","template":"template-sicurezza-inner.php","meta":{"footnotes":""},"class_list":["post-10527","page","type-page","status-publish","hentry","odd"],"yoast_head":"<!-- This site is optimized with the Yoast SEO plugin v24.8.1 - https:\/\/yoast.com\/wordpress\/plugins\/seo\/ -->\n<title>Qualit\u00e4t - Polynt<\/title>\n<meta name=\"robots\" content=\"index, follow, max-snippet:-1, max-image-preview:large, max-video-preview:-1\" \/>\n<link rel=\"canonical\" href=\"https:\/\/www.polynt.com\/de\/sustainability\/hse-quality-certification\/chemical-quality-2\/\" \/>\n<meta property=\"og:locale\" content=\"de_DE\" \/>\n<meta property=\"og:type\" content=\"article\" \/>\n<meta property=\"og:title\" content=\"Qualit\u00e4t - Polynt\" \/>\n<meta property=\"og:description\" content=\"Innovative und Nachhaltige L\u00f6sungen Polynt steht daf\u00fcr, bedingt durch Kompetenz und eine solide chemische und technologische Plattform, ein etablierter Anbieter &hellip;\" \/>\n<meta property=\"og:url\" content=\"https:\/\/www.polynt.com\/de\/sustainability\/hse-quality-certification\/chemical-quality-2\/\" \/>\n<meta property=\"og:site_name\" content=\"Polynt\" \/>\n<meta property=\"article:modified_time\" content=\"2021-04-06T14:34:01+00:00\" \/>\n<meta name=\"twitter:card\" content=\"summary_large_image\" \/>\n<script type=\"application\/ld+json\" class=\"yoast-schema-graph\">{\"@context\":\"https:\/\/schema.org\",\"@graph\":[{\"@type\":\"WebPage\",\"@id\":\"https:\/\/www.polynt.com\/de\/sustainability\/hse-quality-certification\/chemical-quality-2\/\",\"url\":\"https:\/\/www.polynt.com\/de\/sustainability\/hse-quality-certification\/chemical-quality-2\/\",\"name\":\"Qualit\u00e4t - Polynt\",\"isPartOf\":{\"@id\":\"https:\/\/www.polynt.com\/#website\"},\"datePublished\":\"2016-11-08T14:35:26+00:00\",\"dateModified\":\"2021-04-06T14:34:01+00:00\",\"breadcrumb\":{\"@id\":\"https:\/\/www.polynt.com\/de\/sustainability\/hse-quality-certification\/chemical-quality-2\/#breadcrumb\"},\"inLanguage\":\"de\",\"potentialAction\":[{\"@type\":\"ReadAction\",\"target\":[\"https:\/\/www.polynt.com\/de\/sustainability\/hse-quality-certification\/chemical-quality-2\/\"]}]},{\"@type\":\"BreadcrumbList\",\"@id\":\"https:\/\/www.polynt.com\/de\/sustainability\/hse-quality-certification\/chemical-quality-2\/#breadcrumb\",\"itemListElement\":[{\"@type\":\"ListItem\",\"position\":1,\"name\":\"Home\",\"item\":\"https:\/\/www.polynt.com\/de\/\"},{\"@type\":\"ListItem\",\"position\":2,\"name\":\"Sustainability\",\"item\":\"https:\/\/www.polynt.com\/de\/sustainability\/\"},{\"@type\":\"ListItem\",\"position\":3,\"name\":\"HSE, Quality &#038; Certification\",\"item\":\"https:\/\/www.polynt.com\/de\/sustainability\/hse-quality-certification\/\"},{\"@type\":\"ListItem\",\"position\":4,\"name\":\"Qualit\u00e4t\"}]},{\"@type\":\"WebSite\",\"@id\":\"https:\/\/www.polynt.com\/#website\",\"url\":\"https:\/\/www.polynt.com\/\",\"name\":\"Polynt\",\"description\":\"Un nuovo sito targato WordPress\",\"potentialAction\":[{\"@type\":\"SearchAction\",\"target\":{\"@type\":\"EntryPoint\",\"urlTemplate\":\"https:\/\/www.polynt.com\/?s={search_term_string}\"},\"query-input\":{\"@type\":\"PropertyValueSpecification\",\"valueRequired\":true,\"valueName\":\"search_term_string\"}}],\"inLanguage\":\"de\"}]}<\/script>\n<!-- \/ Yoast SEO plugin. -->","yoast_head_json":{"title":"Qualit\u00e4t - Polynt","robots":{"index":"index","follow":"follow","max-snippet":"max-snippet:-1","max-image-preview":"max-image-preview:large","max-video-preview":"max-video-preview:-1"},"canonical":"https:\/\/www.polynt.com\/de\/sustainability\/hse-quality-certification\/chemical-quality-2\/","og_locale":"de_DE","og_type":"article","og_title":"Qualit\u00e4t - Polynt","og_description":"Innovative und Nachhaltige L\u00f6sungen Polynt steht daf\u00fcr, bedingt durch Kompetenz und eine solide chemische und technologische Plattform, ein etablierter Anbieter &hellip;","og_url":"https:\/\/www.polynt.com\/de\/sustainability\/hse-quality-certification\/chemical-quality-2\/","og_site_name":"Polynt","article_modified_time":"2021-04-06T14:34:01+00:00","twitter_card":"summary_large_image","schema":{"@context":"https:\/\/schema.org","@graph":[{"@type":"WebPage","@id":"https:\/\/www.polynt.com\/de\/sustainability\/hse-quality-certification\/chemical-quality-2\/","url":"https:\/\/www.polynt.com\/de\/sustainability\/hse-quality-certification\/chemical-quality-2\/","name":"Qualit\u00e4t - Polynt","isPartOf":{"@id":"https:\/\/www.polynt.com\/#website"},"datePublished":"2016-11-08T14:35:26+00:00","dateModified":"2021-04-06T14:34:01+00:00","breadcrumb":{"@id":"https:\/\/www.polynt.com\/de\/sustainability\/hse-quality-certification\/chemical-quality-2\/#breadcrumb"},"inLanguage":"de","potentialAction":[{"@type":"ReadAction","target":["https:\/\/www.polynt.com\/de\/sustainability\/hse-quality-certification\/chemical-quality-2\/"]}]},{"@type":"BreadcrumbList","@id":"https:\/\/www.polynt.com\/de\/sustainability\/hse-quality-certification\/chemical-quality-2\/#breadcrumb","itemListElement":[{"@type":"ListItem","position":1,"name":"Home","item":"https:\/\/www.polynt.com\/de\/"},{"@type":"ListItem","position":2,"name":"Sustainability","item":"https:\/\/www.polynt.com\/de\/sustainability\/"},{"@type":"ListItem","position":3,"name":"HSE, Quality &#038; Certification","item":"https:\/\/www.polynt.com\/de\/sustainability\/hse-quality-certification\/"},{"@type":"ListItem","position":4,"name":"Qualit\u00e4t"}]},{"@type":"WebSite","@id":"https:\/\/www.polynt.com\/#website","url":"https:\/\/www.polynt.com\/","name":"Polynt","description":"Un nuovo sito targato WordPress","potentialAction":[{"@type":"SearchAction","target":{"@type":"EntryPoint","urlTemplate":"https:\/\/www.polynt.com\/?s={search_term_string}"},"query-input":{"@type":"PropertyValueSpecification","valueRequired":true,"valueName":"search_term_string"}}],"inLanguage":"de"}]}},"_links":{"self":[{"href":"https:\/\/www.polynt.com\/de\/wp-json\/wp\/v2\/pages\/10527","targetHints":{"allow":["GET"]}}],"collection":[{"href":"https:\/\/www.polynt.com\/de\/wp-json\/wp\/v2\/pages"}],"about":[{"href":"https:\/\/www.polynt.com\/de\/wp-json\/wp\/v2\/types\/page"}],"author":[{"embeddable":true,"href":"https:\/\/www.polynt.com\/de\/wp-json\/wp\/v2\/users\/1"}],"replies":[{"embeddable":true,"href":"https:\/\/www.polynt.com\/de\/wp-json\/wp\/v2\/comments?post=10527"}],"version-history":[{"count":7,"href":"https:\/\/www.polynt.com\/de\/wp-json\/wp\/v2\/pages\/10527\/revisions"}],"predecessor-version":[{"id":21884,"href":"https:\/\/www.polynt.com\/de\/wp-json\/wp\/v2\/pages\/10527\/revisions\/21884"}],"up":[{"embeddable":true,"href":"https:\/\/www.polynt.com\/de\/wp-json\/wp\/v2\/pages\/10521"}],"wp:attachment":[{"href":"https:\/\/www.polynt.com\/de\/wp-json\/wp\/v2\/media?parent=10527"}],"curies":[{"name":"wp","href":"https:\/\/api.w.org\/{rel}","templated":true}]}}