{"id":10541,"date":"2016-12-07T17:25:45","date_gmt":"2016-12-07T16:25:45","guid":{"rendered":"http:\/\/www.polynt.com\/financial-info\/"},"modified":"2021-11-09T12:16:46","modified_gmt":"2021-11-09T11:16:46","slug":"financial-info","status":"publish","type":"page","link":"https:\/\/www.polynt.com\/de\/financial-info\/","title":{"rendered":"Unternehmensinformationen"},"content":{"rendered":"<h1>Unser erfolgreiches Gesch\u00e4ft<\/h1>\n<p>Eine Geschichte, die bereits mehr als ein halbes Jahrhundert \u00fcberspannt: \u00a0Gegr\u00fcndet 1955 mit einem Industriekomplex in Scanzorosciate, und heute dank der Akquise f\u00fchrender Unternehmen aus der Chemie auf vier Kontinenten vertreten. Die Polynt Gruppe, ein f\u00fchrender Akteur im Intermediate Markt f\u00fcr Polymere, verfolgt den Wachstum seines Gesch\u00e4fts in den Hauptm\u00e4rkten, einschlie\u00dflich sich entwickelnder L\u00e4nder.<\/p>\n","protected":false},"excerpt":{"rendered":"<p>Unser erfolgreiches Gesch\u00e4ft Eine Geschichte, die bereits mehr als ein halbes Jahrhundert \u00fcberspannt: \u00a0Gegr\u00fcndet 1955 mit einem Industriekomplex in Scanzorosciate, &hellip;<\/p>\n","protected":false},"author":1,"featured_media":0,"parent":0,"menu_order":0,"comment_status":"closed","ping_status":"closed","template":"template-financial-info-main.php","meta":{"footnotes":""},"class_list":["post-10541","page","type-page","status-publish","hentry","odd"],"yoast_head":"<!-- This site is optimized with the Yoast SEO plugin v24.8.1 - https:\/\/yoast.com\/wordpress\/plugins\/seo\/ -->\n<title>Unternehmensinformationen - Polynt<\/title>\n<meta name=\"robots\" content=\"index, follow, max-snippet:-1, max-image-preview:large, max-video-preview:-1\" \/>\n<link rel=\"canonical\" href=\"https:\/\/www.polynt.com\/de\/financial-info\/\" \/>\n<meta property=\"og:locale\" content=\"de_DE\" \/>\n<meta property=\"og:type\" content=\"article\" \/>\n<meta property=\"og:title\" content=\"Unternehmensinformationen - Polynt\" \/>\n<meta property=\"og:description\" content=\"Unser erfolgreiches Gesch\u00e4ft Eine Geschichte, die bereits mehr als ein halbes Jahrhundert \u00fcberspannt: \u00a0Gegr\u00fcndet 1955 mit einem Industriekomplex in Scanzorosciate, &hellip;\" \/>\n<meta property=\"og:url\" content=\"https:\/\/www.polynt.com\/de\/financial-info\/\" \/>\n<meta property=\"og:site_name\" content=\"Polynt\" \/>\n<meta property=\"article:modified_time\" content=\"2021-11-09T11:16:46+00:00\" \/>\n<meta name=\"twitter:card\" content=\"summary_large_image\" \/>\n<script type=\"application\/ld+json\" class=\"yoast-schema-graph\">{\"@context\":\"https:\/\/schema.org\",\"@graph\":[{\"@type\":\"WebPage\",\"@id\":\"https:\/\/www.polynt.com\/de\/financial-info\/\",\"url\":\"https:\/\/www.polynt.com\/de\/financial-info\/\",\"name\":\"Unternehmensinformationen - Polynt\",\"isPartOf\":{\"@id\":\"https:\/\/www.polynt.com\/#website\"},\"datePublished\":\"2016-12-07T16:25:45+00:00\",\"dateModified\":\"2021-11-09T11:16:46+00:00\",\"breadcrumb\":{\"@id\":\"https:\/\/www.polynt.com\/de\/financial-info\/#breadcrumb\"},\"inLanguage\":\"de\",\"potentialAction\":[{\"@type\":\"ReadAction\",\"target\":[\"https:\/\/www.polynt.com\/de\/financial-info\/\"]}]},{\"@type\":\"BreadcrumbList\",\"@id\":\"https:\/\/www.polynt.com\/de\/financial-info\/#breadcrumb\",\"itemListElement\":[{\"@type\":\"ListItem\",\"position\":1,\"name\":\"Home\",\"item\":\"https:\/\/www.polynt.com\/de\/\"},{\"@type\":\"ListItem\",\"position\":2,\"name\":\"Unternehmensinformationen\"}]},{\"@type\":\"WebSite\",\"@id\":\"https:\/\/www.polynt.com\/#website\",\"url\":\"https:\/\/www.polynt.com\/\",\"name\":\"Polynt\",\"description\":\"Un nuovo sito targato WordPress\",\"potentialAction\":[{\"@type\":\"SearchAction\",\"target\":{\"@type\":\"EntryPoint\",\"urlTemplate\":\"https:\/\/www.polynt.com\/?s={search_term_string}\"},\"query-input\":{\"@type\":\"PropertyValueSpecification\",\"valueRequired\":true,\"valueName\":\"search_term_string\"}}],\"inLanguage\":\"de\"}]}<\/script>\n<!-- \/ Yoast SEO plugin. -->","yoast_head_json":{"title":"Unternehmensinformationen - Polynt","robots":{"index":"index","follow":"follow","max-snippet":"max-snippet:-1","max-image-preview":"max-image-preview:large","max-video-preview":"max-video-preview:-1"},"canonical":"https:\/\/www.polynt.com\/de\/financial-info\/","og_locale":"de_DE","og_type":"article","og_title":"Unternehmensinformationen - Polynt","og_description":"Unser erfolgreiches Gesch\u00e4ft Eine Geschichte, die bereits mehr als ein halbes Jahrhundert \u00fcberspannt: \u00a0Gegr\u00fcndet 1955 mit einem Industriekomplex in Scanzorosciate, &hellip;","og_url":"https:\/\/www.polynt.com\/de\/financial-info\/","og_site_name":"Polynt","article_modified_time":"2021-11-09T11:16:46+00:00","twitter_card":"summary_large_image","schema":{"@context":"https:\/\/schema.org","@graph":[{"@type":"WebPage","@id":"https:\/\/www.polynt.com\/de\/financial-info\/","url":"https:\/\/www.polynt.com\/de\/financial-info\/","name":"Unternehmensinformationen - Polynt","isPartOf":{"@id":"https:\/\/www.polynt.com\/#website"},"datePublished":"2016-12-07T16:25:45+00:00","dateModified":"2021-11-09T11:16:46+00:00","breadcrumb":{"@id":"https:\/\/www.polynt.com\/de\/financial-info\/#breadcrumb"},"inLanguage":"de","potentialAction":[{"@type":"ReadAction","target":["https:\/\/www.polynt.com\/de\/financial-info\/"]}]},{"@type":"BreadcrumbList","@id":"https:\/\/www.polynt.com\/de\/financial-info\/#breadcrumb","itemListElement":[{"@type":"ListItem","position":1,"name":"Home","item":"https:\/\/www.polynt.com\/de\/"},{"@type":"ListItem","position":2,"name":"Unternehmensinformationen"}]},{"@type":"WebSite","@id":"https:\/\/www.polynt.com\/#website","url":"https:\/\/www.polynt.com\/","name":"Polynt","description":"Un nuovo sito targato WordPress","potentialAction":[{"@type":"SearchAction","target":{"@type":"EntryPoint","urlTemplate":"https:\/\/www.polynt.com\/?s={search_term_string}"},"query-input":{"@type":"PropertyValueSpecification","valueRequired":true,"valueName":"search_term_string"}}],"inLanguage":"de"}]}},"_links":{"self":[{"href":"https:\/\/www.polynt.com\/de\/wp-json\/wp\/v2\/pages\/10541","targetHints":{"allow":["GET"]}}],"collection":[{"href":"https:\/\/www.polynt.com\/de\/wp-json\/wp\/v2\/pages"}],"about":[{"href":"https:\/\/www.polynt.com\/de\/wp-json\/wp\/v2\/types\/page"}],"author":[{"embeddable":true,"href":"https:\/\/www.polynt.com\/de\/wp-json\/wp\/v2\/users\/1"}],"replies":[{"embeddable":true,"href":"https:\/\/www.polynt.com\/de\/wp-json\/wp\/v2\/comments?post=10541"}],"version-history":[{"count":5,"href":"https:\/\/www.polynt.com\/de\/wp-json\/wp\/v2\/pages\/10541\/revisions"}],"predecessor-version":[{"id":22882,"href":"https:\/\/www.polynt.com\/de\/wp-json\/wp\/v2\/pages\/10541\/revisions\/22882"}],"wp:attachment":[{"href":"https:\/\/www.polynt.com\/de\/wp-json\/wp\/v2\/media?parent=10541"}],"curies":[{"name":"wp","href":"https:\/\/api.w.org\/{rel}","templated":true}]}}