{"id":10544,"date":"2016-12-07T16:22:06","date_gmt":"2016-12-07T15:22:06","guid":{"rendered":"http:\/\/www.polynt.com\/financial-info\/executive-summary\/"},"modified":"2023-11-08T14:23:39","modified_gmt":"2023-11-08T13:23:39","slug":"executive-summary","status":"publish","type":"page","link":"https:\/\/www.polynt.com\/de\/financial-info\/executive-summary\/","title":{"rendered":"Kurzfassung"},"content":{"rendered":"<h2>Alle Meilensteine unserer Geschichte<\/h2>\n<p><strong>Polynt<\/strong> startete 1955 mit einem Industriekomplex in Scanzorisciate (Bergamo), wo sich heute der Hauptsitz der Gruppe befindet. Polynt ist einer der f\u00fchrenden Hersteller spezifischer<strong> Intermediates f\u00fcr die Polymerchemie, wie Anhydride (Maleins\u00e4ureanhydrid, Phthals\u00e4ureanhydrid und Trimellitats\u00e4ureanhydrid) und deren Derivate (z.B. Weichmacher), dibasischer S\u00e4uren (Fumar- und \u00c4pfels\u00e4ure), unges\u00e4ttigter Polyesterharze, Compounds und Composites und weiterer spezieller Ester<\/strong>.<\/p>\n<p>Solche Produkte geh\u00f6ren zu dem weiten Feld der sogenannten chemischen Zwischenprodukte (Intermediates), d.h. diese sind in der Mitte der Wertsch\u00f6pfungskette angesiedelt, die bei der \u00d6lraffinerie beginnt, \u00fcber die Produktion f\u00fchrt und mit dem Verkauf und dem Vertrieb der fertigen Produkte am Markt abschlie\u00dft. Diese Produkte werden f\u00fcr die<strong> Produktion von Kunststoffen, Farben, Klebstoffe, elektrischen und elektronischen Materialien und Komponenten, Papier und Schmiermitteln eingesetzt<\/strong>. Diese Verbundwerkstoffe (Compounds) werden im Bereich Transport, Bau und Elektroindustrie verwendet. Weitere M\u00e4rkte sind Lebensmittel, Futterindustrie und der Duftstoffsektor.<\/p>\n<p>Die Aktivit\u00e4ten des Unternehmens umfassen Forschung und Entwicklung, <strong>Produktion<\/strong>, Marketing und <strong>Vertrieb.<\/strong> Polynt entwickelt Technologien, die intern verwendet oder an Dritte in Lizenz weitergegeben werden.<\/p>\n<p>Neben den <strong>sechs italienischen Standorten <\/strong>(Brembate, Cavagli\u00e0, Parma, Ravenna, Scanzorosciate und San Giovanni Valdarno) ist Polynt auch auf dem internationalen Markt mit <strong>operativen und kommerziellen Tochtergesellschaften in Europa<\/strong> (Norwegen, Gro\u00dfbritannien, Spanien, Frankreich, Deutschland, Polen), <strong>Asien<\/strong> (China, Korea, Indien, Malaysia) und <strong>Amerika<\/strong> (Kanada, USA, Mexiko und Brasilien).<\/p>\n<p>Diese geografische Ausdehnung wurde durch die Akquisition bestehender Gesch\u00e4fte und durch den Bau neuer Produktionswerke erreicht.<\/p>\n<p>2001 erwarb Polynt die <strong>Lonza GmbH<\/strong> mit Sitz in Miehlen (Deutschland).<\/p>\n<p>2006 wurde eine neue Firma in Polen gegr\u00fcndet und mit dem Bau einer Produktionsst\u00e4tte f\u00fcr die Herstellung von Polyesterharzen und Compounds \u00a0in der N\u00e4he von Krakau begonnen.<\/p>\n<p>2006 \u00e4nderte die Lonza S.p.A. ihren Namen in Polynt S.p.A. \u00a0Am 30. Oktober desselben Jahres waren die Unternehmensanteile im STAR Segment der italienischen B\u00f6rse gelistet.<\/p>\n<p>Im M\u00e4rz 2007 wurde die <strong>Polynt Chemical<\/strong> (Changzou) Co. Ltd. in der chinesischen Provinz Jiangsu gegr\u00fcndet. Im Juni desselben Jahres wurde eine Firma zur Herstellung von Trimellitats\u00e4ureanhydrid akquiriert und im Februar 2021 wurde die Fabrik geschlossen.<\/p>\n<p>Im gleichen Jahr wurde auch ein Spezialweichmachergesch\u00e4ft, gef\u00fchrt durch eine Handelsvertretung, erworben.<\/p>\n<p>W\u00e4hrend der folgenden Jahre baute Polynt zwei weitere neue Produktionsanlagen zur Herstellung von Spezialweichmachern und spezieller Anhydride.<\/p>\n<p>Einem \u00dcbernahmeangebot folgend wurde die Polynt durch die<strong> Polimeri Speciali S.p.A.<\/strong>, indirekt gehalten von InvestIndustrial, einem f\u00fchrenden europ\u00e4ischen Equity Fund, im Jahr 2008 \u00fcbernommen.<\/p>\n<p>Im gleichen Jahr fand ein Delisting aus der Milan Stock Exchange statt, nachdem die Anteile um 104% im Vergleich zum urspr\u00fcnglichen Preisangebot gestiegen waren.<\/p>\n<p>Im August 2008 kaufte Polynt 100% der Chemical Group, einem f\u00fchrenden Unternehmen im Bereich der Spezialit\u00e4ten f\u00fcr Futter, Lebensmittel und Duftstoffe mit Standorten in England und Italien.<\/p>\n<p>Im September 2008 fand der Zusammenschluss der Polynt S.p.A. und der Polimerie Speciali SpA statt. Die Polimeri Speciali \u00e4nderte den Namen in Polynt S.p.A..<\/p>\n<p>2011 erwarb der Mehrheitseigner der Polynt, nun Polynt Group Sarl benannt, ein Gesch\u00e4ftsfeld der <strong>Momentive Specialty Chemicals Inc<\/strong>., welche an vier Standorten in den USA Composites und Harze f\u00fcr die Lackindustrie produziert.<\/p>\n<p>Polynt S.p.A. profitierte durch die Zusammenarbeit mit diesem Unternehmen, an welchem sie jetzt eine Minderheitsbeteiliung \u00a0h\u00e4lt.<\/p>\n<p>2012 startet die Polynt France Sarl ihre T\u00e4tigkeit. Das Unternehmen mit Sitz in Lyon vertreibt die Produkte der Gruppe auf dem franz\u00f6sischen Markt.<\/p>\n<p>2013 wurde die <strong>Polynt Iberica<\/strong> SL mit dem Zweck des Vertriebs der Produkte der Gruppe auf dem spanischen und portugiesischen Markt gegr\u00fcndet. Im Juni 2018 wurde das Unternehmen geschlossen.<\/p>\n<p>Im Dezember 2014 konnte die Akquisition der CCP Composite Division von der Total S.A. abgeschlossen werden. Die T\u00e4tigkeiten umfassten die Produktion von unges\u00e4ttigten Polyesterharzen, Gelcoats und Vinyl an 26 Standorten mit 800 Mitarbeitern in Europa, Asien, Amerika und Australien.<\/p>\n<p>Im Mai 2017 wurde der Unternehmenszusammenschluss der <strong>Polynt-Reichhold<\/strong> vollzogen.<br \/>\nDie neue Gruppe ist ein in den Bereichen Intermediates, Beschichtungs- und Kompositharze, duroplastischer Formmassen, Gelcoats, Nichenprodukte und Spezialit\u00e4ten t\u00e4tiges, <strong>globales Unternehmen<\/strong>.<\/p>\n<p>Mit Stand heute wird unsere Gruppe von einem Private-Equity Fond kontrolliert, der von <strong>Black Diamond Capital<\/strong>, einer f\u00fchrenden US-amerikanischen Verm\u00f6gensverwaltungsgesellschaft, verwaltet wird.<\/p>\n<p>Heute ist Polynt ein f\u00fchrendes Unternehmen in verschiedenen Bereichen der Spezialit\u00e4ten und ist ideal aufgestellt, um vom Wachstum in den Zielm\u00e4rkten zu profitieren.<\/p>\n","protected":false},"excerpt":{"rendered":"<p>Alle Meilensteine unserer Geschichte Polynt startete 1955 mit einem Industriekomplex in Scanzorisciate (Bergamo), wo sich heute der Hauptsitz der Gruppe &hellip;<\/p>\n","protected":false},"author":1,"featured_media":0,"parent":10541,"menu_order":0,"comment_status":"closed","ping_status":"closed","template":"template-financial-info-single.php","meta":{"footnotes":""},"class_list":["post-10544","page","type-page","status-publish","hentry","odd"],"yoast_head":"<!-- This site is optimized with the Yoast SEO plugin v24.8.1 - https:\/\/yoast.com\/wordpress\/plugins\/seo\/ -->\n<title>Kurzfassung - Polynt<\/title>\n<meta name=\"robots\" content=\"index, follow, max-snippet:-1, max-image-preview:large, max-video-preview:-1\" \/>\n<link rel=\"canonical\" href=\"https:\/\/www.polynt.com\/de\/financial-info\/executive-summary\/\" \/>\n<meta property=\"og:locale\" content=\"de_DE\" \/>\n<meta property=\"og:type\" content=\"article\" \/>\n<meta property=\"og:title\" content=\"Kurzfassung - Polynt\" \/>\n<meta property=\"og:description\" content=\"Alle Meilensteine unserer Geschichte Polynt startete 1955 mit einem Industriekomplex in Scanzorisciate (Bergamo), wo sich heute der Hauptsitz der Gruppe &hellip;\" \/>\n<meta property=\"og:url\" content=\"https:\/\/www.polynt.com\/de\/financial-info\/executive-summary\/\" \/>\n<meta property=\"og:site_name\" content=\"Polynt\" \/>\n<meta property=\"article:modified_time\" content=\"2023-11-08T13:23:39+00:00\" \/>\n<meta name=\"twitter:card\" content=\"summary_large_image\" \/>\n<meta name=\"twitter:label1\" content=\"Gesch\u00e4tzte Lesezeit\" \/>\n\t<meta name=\"twitter:data1\" content=\"3\u00a0Minuten\" \/>\n<script type=\"application\/ld+json\" class=\"yoast-schema-graph\">{\"@context\":\"https:\/\/schema.org\",\"@graph\":[{\"@type\":\"WebPage\",\"@id\":\"https:\/\/www.polynt.com\/de\/financial-info\/executive-summary\/\",\"url\":\"https:\/\/www.polynt.com\/de\/financial-info\/executive-summary\/\",\"name\":\"Kurzfassung - Polynt\",\"isPartOf\":{\"@id\":\"https:\/\/www.polynt.com\/#website\"},\"datePublished\":\"2016-12-07T15:22:06+00:00\",\"dateModified\":\"2023-11-08T13:23:39+00:00\",\"breadcrumb\":{\"@id\":\"https:\/\/www.polynt.com\/de\/financial-info\/executive-summary\/#breadcrumb\"},\"inLanguage\":\"de\",\"potentialAction\":[{\"@type\":\"ReadAction\",\"target\":[\"https:\/\/www.polynt.com\/de\/financial-info\/executive-summary\/\"]}]},{\"@type\":\"BreadcrumbList\",\"@id\":\"https:\/\/www.polynt.com\/de\/financial-info\/executive-summary\/#breadcrumb\",\"itemListElement\":[{\"@type\":\"ListItem\",\"position\":1,\"name\":\"Home\",\"item\":\"https:\/\/www.polynt.com\/de\/\"},{\"@type\":\"ListItem\",\"position\":2,\"name\":\"Unternehmensinformationen\",\"item\":\"https:\/\/www.polynt.com\/de\/financial-info\/\"},{\"@type\":\"ListItem\",\"position\":3,\"name\":\"Kurzfassung\"}]},{\"@type\":\"WebSite\",\"@id\":\"https:\/\/www.polynt.com\/#website\",\"url\":\"https:\/\/www.polynt.com\/\",\"name\":\"Polynt\",\"description\":\"Un nuovo sito targato WordPress\",\"potentialAction\":[{\"@type\":\"SearchAction\",\"target\":{\"@type\":\"EntryPoint\",\"urlTemplate\":\"https:\/\/www.polynt.com\/?s={search_term_string}\"},\"query-input\":{\"@type\":\"PropertyValueSpecification\",\"valueRequired\":true,\"valueName\":\"search_term_string\"}}],\"inLanguage\":\"de\"}]}<\/script>\n<!-- \/ Yoast SEO plugin. -->","yoast_head_json":{"title":"Kurzfassung - Polynt","robots":{"index":"index","follow":"follow","max-snippet":"max-snippet:-1","max-image-preview":"max-image-preview:large","max-video-preview":"max-video-preview:-1"},"canonical":"https:\/\/www.polynt.com\/de\/financial-info\/executive-summary\/","og_locale":"de_DE","og_type":"article","og_title":"Kurzfassung - Polynt","og_description":"Alle Meilensteine unserer Geschichte Polynt startete 1955 mit einem Industriekomplex in Scanzorisciate (Bergamo), wo sich heute der Hauptsitz der Gruppe &hellip;","og_url":"https:\/\/www.polynt.com\/de\/financial-info\/executive-summary\/","og_site_name":"Polynt","article_modified_time":"2023-11-08T13:23:39+00:00","twitter_card":"summary_large_image","twitter_misc":{"Gesch\u00e4tzte Lesezeit":"3\u00a0Minuten"},"schema":{"@context":"https:\/\/schema.org","@graph":[{"@type":"WebPage","@id":"https:\/\/www.polynt.com\/de\/financial-info\/executive-summary\/","url":"https:\/\/www.polynt.com\/de\/financial-info\/executive-summary\/","name":"Kurzfassung - Polynt","isPartOf":{"@id":"https:\/\/www.polynt.com\/#website"},"datePublished":"2016-12-07T15:22:06+00:00","dateModified":"2023-11-08T13:23:39+00:00","breadcrumb":{"@id":"https:\/\/www.polynt.com\/de\/financial-info\/executive-summary\/#breadcrumb"},"inLanguage":"de","potentialAction":[{"@type":"ReadAction","target":["https:\/\/www.polynt.com\/de\/financial-info\/executive-summary\/"]}]},{"@type":"BreadcrumbList","@id":"https:\/\/www.polynt.com\/de\/financial-info\/executive-summary\/#breadcrumb","itemListElement":[{"@type":"ListItem","position":1,"name":"Home","item":"https:\/\/www.polynt.com\/de\/"},{"@type":"ListItem","position":2,"name":"Unternehmensinformationen","item":"https:\/\/www.polynt.com\/de\/financial-info\/"},{"@type":"ListItem","position":3,"name":"Kurzfassung"}]},{"@type":"WebSite","@id":"https:\/\/www.polynt.com\/#website","url":"https:\/\/www.polynt.com\/","name":"Polynt","description":"Un nuovo sito targato WordPress","potentialAction":[{"@type":"SearchAction","target":{"@type":"EntryPoint","urlTemplate":"https:\/\/www.polynt.com\/?s={search_term_string}"},"query-input":{"@type":"PropertyValueSpecification","valueRequired":true,"valueName":"search_term_string"}}],"inLanguage":"de"}]}},"_links":{"self":[{"href":"https:\/\/www.polynt.com\/de\/wp-json\/wp\/v2\/pages\/10544","targetHints":{"allow":["GET"]}}],"collection":[{"href":"https:\/\/www.polynt.com\/de\/wp-json\/wp\/v2\/pages"}],"about":[{"href":"https:\/\/www.polynt.com\/de\/wp-json\/wp\/v2\/types\/page"}],"author":[{"embeddable":true,"href":"https:\/\/www.polynt.com\/de\/wp-json\/wp\/v2\/users\/1"}],"replies":[{"embeddable":true,"href":"https:\/\/www.polynt.com\/de\/wp-json\/wp\/v2\/comments?post=10544"}],"version-history":[{"count":12,"href":"https:\/\/www.polynt.com\/de\/wp-json\/wp\/v2\/pages\/10544\/revisions"}],"predecessor-version":[{"id":29040,"href":"https:\/\/www.polynt.com\/de\/wp-json\/wp\/v2\/pages\/10544\/revisions\/29040"}],"up":[{"embeddable":true,"href":"https:\/\/www.polynt.com\/de\/wp-json\/wp\/v2\/pages\/10541"}],"wp:attachment":[{"href":"https:\/\/www.polynt.com\/de\/wp-json\/wp\/v2\/media?parent=10544"}],"curies":[{"name":"wp","href":"https:\/\/api.w.org\/{rel}","templated":true}]}}