{"id":10556,"date":"2016-12-07T17:11:32","date_gmt":"2016-12-07T16:11:32","guid":{"rendered":"http:\/\/www.polynt.com\/financial-info\/shareholders\/"},"modified":"2025-04-28T16:49:36","modified_gmt":"2025-04-28T14:49:36","slug":"shareholders","status":"publish","type":"page","link":"https:\/\/www.polynt.com\/de\/financial-info\/shareholders\/","title":{"rendered":"Anteilseigner"},"content":{"rendered":"<p>Black Diamond Capital Management ist eine f\u00fchrende Alternative-Asset-Managementgesellschaft in Privatbesitz mit einem verwalteten Verm\u00f6gen von \u00fcber 9 Milliarden US-Dollar. Mit erg\u00e4nzenden Control Distressed\/Private Equity-, Hedge-Fonds-, Mezzanine-Fonds- und CLO- und anderen strukturierten Anlageinstrumenten ist Black Diamond auf hochverzinsliche Kredite, gestresste und notleidende Kredite, Restrukturierungen und Unternehmenssanierungen spezialisiert, wobei der Schwerpunkt auf Investitionen in Schuldtitel gelegt wird, die strukturellen Schutz bieten und \u00fcber betr\u00e4chtliche zugrunde liegende Verm\u00f6genswerte verf\u00fcgen. Die von Black Diamond kontrollierten Distressed\/Private-Equity-Fonds konzentrieren sich speziell auf mittelst\u00e4ndische Unternehmen, die in ihren Sektoren marktf\u00fchrende Positionen einnehmen. Das Unternehmen wendet einen disziplinierten Anlageprozess an, der eine Bottom-up-Kreditanalyse mit einer eingehenden Kenntnis des Kreditsystems verbindet. Black Diamond wurde 1995 gegr\u00fcndet, besch\u00e4ftigt 40 Investmentexperten und hat B\u00fcros in Stamford CT, St. Thomas USVI und London, England. Weitere Informationen finden Sie unter <a href=\"http:\/\/www.bdcm.com\">www.bdcm.com<\/a>.<\/p>\n<p><a href=\"https:\/\/www.polynt.com\/wp-content\/uploads\/2025\/04\/new-GROUP-STRUCTURE-effective-24-April-2025.pdf\">Polynt Company Structure<\/a><\/p>\n","protected":false},"excerpt":{"rendered":"<p>Black Diamond Capital Management ist eine f\u00fchrende Alternative-Asset-Managementgesellschaft in Privatbesitz mit einem verwalteten Verm\u00f6gen von \u00fcber 9 Milliarden US-Dollar. Mit &hellip;<\/p>\n","protected":false},"author":1,"featured_media":0,"parent":10541,"menu_order":4,"comment_status":"closed","ping_status":"closed","template":"template-financial-info-single.php","meta":{"footnotes":""},"class_list":["post-10556","page","type-page","status-publish","hentry","odd"],"yoast_head":"<!-- This site is optimized with the Yoast SEO plugin v24.8.1 - https:\/\/yoast.com\/wordpress\/plugins\/seo\/ -->\n<title>Anteilseigner - Polynt<\/title>\n<meta name=\"robots\" content=\"index, follow, max-snippet:-1, max-image-preview:large, max-video-preview:-1\" \/>\n<link rel=\"canonical\" href=\"https:\/\/www.polynt.com\/de\/financial-info\/shareholders\/\" \/>\n<meta property=\"og:locale\" content=\"de_DE\" \/>\n<meta property=\"og:type\" content=\"article\" \/>\n<meta property=\"og:title\" content=\"Anteilseigner - Polynt\" \/>\n<meta property=\"og:description\" content=\"Black Diamond Capital Management ist eine f\u00fchrende Alternative-Asset-Managementgesellschaft in Privatbesitz mit einem verwalteten Verm\u00f6gen von \u00fcber 9 Milliarden US-Dollar. Mit &hellip;\" \/>\n<meta property=\"og:url\" content=\"https:\/\/www.polynt.com\/de\/financial-info\/shareholders\/\" \/>\n<meta property=\"og:site_name\" content=\"Polynt\" \/>\n<meta property=\"article:modified_time\" content=\"2025-04-28T14:49:36+00:00\" \/>\n<meta name=\"twitter:card\" content=\"summary_large_image\" \/>\n<meta name=\"twitter:label1\" content=\"Gesch\u00e4tzte Lesezeit\" \/>\n\t<meta name=\"twitter:data1\" content=\"1\u00a0Minute\" \/>\n<script type=\"application\/ld+json\" class=\"yoast-schema-graph\">{\"@context\":\"https:\/\/schema.org\",\"@graph\":[{\"@type\":\"WebPage\",\"@id\":\"https:\/\/www.polynt.com\/de\/financial-info\/shareholders\/\",\"url\":\"https:\/\/www.polynt.com\/de\/financial-info\/shareholders\/\",\"name\":\"Anteilseigner - Polynt\",\"isPartOf\":{\"@id\":\"https:\/\/www.polynt.com\/#website\"},\"datePublished\":\"2016-12-07T16:11:32+00:00\",\"dateModified\":\"2025-04-28T14:49:36+00:00\",\"breadcrumb\":{\"@id\":\"https:\/\/www.polynt.com\/de\/financial-info\/shareholders\/#breadcrumb\"},\"inLanguage\":\"de\",\"potentialAction\":[{\"@type\":\"ReadAction\",\"target\":[\"https:\/\/www.polynt.com\/de\/financial-info\/shareholders\/\"]}]},{\"@type\":\"BreadcrumbList\",\"@id\":\"https:\/\/www.polynt.com\/de\/financial-info\/shareholders\/#breadcrumb\",\"itemListElement\":[{\"@type\":\"ListItem\",\"position\":1,\"name\":\"Home\",\"item\":\"https:\/\/www.polynt.com\/de\/\"},{\"@type\":\"ListItem\",\"position\":2,\"name\":\"Unternehmensinformationen\",\"item\":\"https:\/\/www.polynt.com\/de\/financial-info\/\"},{\"@type\":\"ListItem\",\"position\":3,\"name\":\"Anteilseigner\"}]},{\"@type\":\"WebSite\",\"@id\":\"https:\/\/www.polynt.com\/#website\",\"url\":\"https:\/\/www.polynt.com\/\",\"name\":\"Polynt\",\"description\":\"Un nuovo sito targato WordPress\",\"potentialAction\":[{\"@type\":\"SearchAction\",\"target\":{\"@type\":\"EntryPoint\",\"urlTemplate\":\"https:\/\/www.polynt.com\/?s={search_term_string}\"},\"query-input\":{\"@type\":\"PropertyValueSpecification\",\"valueRequired\":true,\"valueName\":\"search_term_string\"}}],\"inLanguage\":\"de\"}]}<\/script>\n<!-- \/ Yoast SEO plugin. -->","yoast_head_json":{"title":"Anteilseigner - Polynt","robots":{"index":"index","follow":"follow","max-snippet":"max-snippet:-1","max-image-preview":"max-image-preview:large","max-video-preview":"max-video-preview:-1"},"canonical":"https:\/\/www.polynt.com\/de\/financial-info\/shareholders\/","og_locale":"de_DE","og_type":"article","og_title":"Anteilseigner - Polynt","og_description":"Black Diamond Capital Management ist eine f\u00fchrende Alternative-Asset-Managementgesellschaft in Privatbesitz mit einem verwalteten Verm\u00f6gen von \u00fcber 9 Milliarden US-Dollar. Mit &hellip;","og_url":"https:\/\/www.polynt.com\/de\/financial-info\/shareholders\/","og_site_name":"Polynt","article_modified_time":"2025-04-28T14:49:36+00:00","twitter_card":"summary_large_image","twitter_misc":{"Gesch\u00e4tzte Lesezeit":"1\u00a0Minute"},"schema":{"@context":"https:\/\/schema.org","@graph":[{"@type":"WebPage","@id":"https:\/\/www.polynt.com\/de\/financial-info\/shareholders\/","url":"https:\/\/www.polynt.com\/de\/financial-info\/shareholders\/","name":"Anteilseigner - Polynt","isPartOf":{"@id":"https:\/\/www.polynt.com\/#website"},"datePublished":"2016-12-07T16:11:32+00:00","dateModified":"2025-04-28T14:49:36+00:00","breadcrumb":{"@id":"https:\/\/www.polynt.com\/de\/financial-info\/shareholders\/#breadcrumb"},"inLanguage":"de","potentialAction":[{"@type":"ReadAction","target":["https:\/\/www.polynt.com\/de\/financial-info\/shareholders\/"]}]},{"@type":"BreadcrumbList","@id":"https:\/\/www.polynt.com\/de\/financial-info\/shareholders\/#breadcrumb","itemListElement":[{"@type":"ListItem","position":1,"name":"Home","item":"https:\/\/www.polynt.com\/de\/"},{"@type":"ListItem","position":2,"name":"Unternehmensinformationen","item":"https:\/\/www.polynt.com\/de\/financial-info\/"},{"@type":"ListItem","position":3,"name":"Anteilseigner"}]},{"@type":"WebSite","@id":"https:\/\/www.polynt.com\/#website","url":"https:\/\/www.polynt.com\/","name":"Polynt","description":"Un nuovo sito targato WordPress","potentialAction":[{"@type":"SearchAction","target":{"@type":"EntryPoint","urlTemplate":"https:\/\/www.polynt.com\/?s={search_term_string}"},"query-input":{"@type":"PropertyValueSpecification","valueRequired":true,"valueName":"search_term_string"}}],"inLanguage":"de"}]}},"_links":{"self":[{"href":"https:\/\/www.polynt.com\/de\/wp-json\/wp\/v2\/pages\/10556","targetHints":{"allow":["GET"]}}],"collection":[{"href":"https:\/\/www.polynt.com\/de\/wp-json\/wp\/v2\/pages"}],"about":[{"href":"https:\/\/www.polynt.com\/de\/wp-json\/wp\/v2\/types\/page"}],"author":[{"embeddable":true,"href":"https:\/\/www.polynt.com\/de\/wp-json\/wp\/v2\/users\/1"}],"replies":[{"embeddable":true,"href":"https:\/\/www.polynt.com\/de\/wp-json\/wp\/v2\/comments?post=10556"}],"version-history":[{"count":41,"href":"https:\/\/www.polynt.com\/de\/wp-json\/wp\/v2\/pages\/10556\/revisions"}],"predecessor-version":[{"id":32041,"href":"https:\/\/www.polynt.com\/de\/wp-json\/wp\/v2\/pages\/10556\/revisions\/32041"}],"up":[{"embeddable":true,"href":"https:\/\/www.polynt.com\/de\/wp-json\/wp\/v2\/pages\/10541"}],"wp:attachment":[{"href":"https:\/\/www.polynt.com\/de\/wp-json\/wp\/v2\/media?parent=10556"}],"curies":[{"name":"wp","href":"https:\/\/api.w.org\/{rel}","templated":true}]}}