{"id":23315,"date":"2022-01-24T12:24:59","date_gmt":"2022-01-24T11:24:59","guid":{"rendered":"https:\/\/www.polynt.com\/sustainability\/"},"modified":"2023-07-06T15:52:22","modified_gmt":"2023-07-06T13:52:22","slug":"sustainability","status":"publish","type":"page","link":"https:\/\/www.polynt.com\/de\/sustainability\/","title":{"rendered":"Sustainability"},"content":{"rendered":"<p>Die Polynt-Gruppe m\u00f6chte einen Beitrag zu einer nachhaltigen Zukunft leisten.<\/p>\n<p>Das Unternehmen misst die Auswirkungen seiner Gesch\u00e4ftst\u00e4tigkeit auf die Nachhaltigkeit, schafft Werte f\u00fcr seine Kunden und arbeitet mit seinen Lieferanten zusammen, um die Nachhaltigkeit in der Lieferkette zu bewerten und zu verbessern.<\/p>\n","protected":false},"excerpt":{"rendered":"<p>Die Polynt-Gruppe m\u00f6chte einen Beitrag zu einer nachhaltigen Zukunft leisten. Das Unternehmen misst die Auswirkungen seiner Gesch\u00e4ftst\u00e4tigkeit auf die Nachhaltigkeit, &hellip;<\/p>\n","protected":false},"author":1,"featured_media":0,"parent":0,"menu_order":0,"comment_status":"closed","ping_status":"closed","template":"template-financial-info-main.php","meta":{"footnotes":""},"class_list":["post-23315","page","type-page","status-publish","hentry","odd"],"yoast_head":"<!-- This site is optimized with the Yoast SEO plugin v24.8.1 - https:\/\/yoast.com\/wordpress\/plugins\/seo\/ -->\n<title>Financial information | Polynt Group<\/title>\n<meta name=\"description\" content=\"Financial information | Polynt Group offers the financial information about the company, specialized in the distribution of Composites, intermediates and coatings.\" \/>\n<meta name=\"robots\" content=\"index, follow, max-snippet:-1, max-image-preview:large, max-video-preview:-1\" \/>\n<link rel=\"canonical\" href=\"https:\/\/www.polynt.com\/de\/sustainability\/\" \/>\n<meta property=\"og:locale\" content=\"de_DE\" \/>\n<meta property=\"og:type\" content=\"article\" \/>\n<meta property=\"og:title\" content=\"Financial information | Polynt Group\" \/>\n<meta property=\"og:description\" content=\"Financial information | Polynt Group offers the financial information about the company, specialized in the distribution of Composites, intermediates and coatings.\" \/>\n<meta property=\"og:url\" content=\"https:\/\/www.polynt.com\/de\/sustainability\/\" \/>\n<meta property=\"og:site_name\" content=\"Polynt\" \/>\n<meta property=\"article:modified_time\" content=\"2023-07-06T13:52:22+00:00\" \/>\n<meta name=\"twitter:card\" content=\"summary_large_image\" \/>\n<meta name=\"twitter:label1\" content=\"Gesch\u00e4tzte Lesezeit\" \/>\n\t<meta name=\"twitter:data1\" content=\"1\u00a0Minute\" \/>\n<script type=\"application\/ld+json\" class=\"yoast-schema-graph\">{\"@context\":\"https:\/\/schema.org\",\"@graph\":[{\"@type\":\"WebPage\",\"@id\":\"https:\/\/www.polynt.com\/de\/sustainability\/\",\"url\":\"https:\/\/www.polynt.com\/de\/sustainability\/\",\"name\":\"Financial information | Polynt Group\",\"isPartOf\":{\"@id\":\"https:\/\/www.polynt.com\/#website\"},\"datePublished\":\"2022-01-24T11:24:59+00:00\",\"dateModified\":\"2023-07-06T13:52:22+00:00\",\"description\":\"Financial information | Polynt Group offers the financial information about the company, specialized in the distribution of Composites, intermediates and coatings.\",\"breadcrumb\":{\"@id\":\"https:\/\/www.polynt.com\/de\/sustainability\/#breadcrumb\"},\"inLanguage\":\"de\",\"potentialAction\":[{\"@type\":\"ReadAction\",\"target\":[\"https:\/\/www.polynt.com\/de\/sustainability\/\"]}]},{\"@type\":\"BreadcrumbList\",\"@id\":\"https:\/\/www.polynt.com\/de\/sustainability\/#breadcrumb\",\"itemListElement\":[{\"@type\":\"ListItem\",\"position\":1,\"name\":\"Home\",\"item\":\"https:\/\/www.polynt.com\/de\/\"},{\"@type\":\"ListItem\",\"position\":2,\"name\":\"Sustainability\"}]},{\"@type\":\"WebSite\",\"@id\":\"https:\/\/www.polynt.com\/#website\",\"url\":\"https:\/\/www.polynt.com\/\",\"name\":\"Polynt\",\"description\":\"Un nuovo sito targato WordPress\",\"potentialAction\":[{\"@type\":\"SearchAction\",\"target\":{\"@type\":\"EntryPoint\",\"urlTemplate\":\"https:\/\/www.polynt.com\/?s={search_term_string}\"},\"query-input\":{\"@type\":\"PropertyValueSpecification\",\"valueRequired\":true,\"valueName\":\"search_term_string\"}}],\"inLanguage\":\"de\"}]}<\/script>\n<!-- \/ Yoast SEO plugin. -->","yoast_head_json":{"title":"Financial information | Polynt Group","description":"Financial information | Polynt Group offers the financial information about the company, specialized in the distribution of Composites, intermediates and coatings.","robots":{"index":"index","follow":"follow","max-snippet":"max-snippet:-1","max-image-preview":"max-image-preview:large","max-video-preview":"max-video-preview:-1"},"canonical":"https:\/\/www.polynt.com\/de\/sustainability\/","og_locale":"de_DE","og_type":"article","og_title":"Financial information | Polynt Group","og_description":"Financial information | Polynt Group offers the financial information about the company, specialized in the distribution of Composites, intermediates and coatings.","og_url":"https:\/\/www.polynt.com\/de\/sustainability\/","og_site_name":"Polynt","article_modified_time":"2023-07-06T13:52:22+00:00","twitter_card":"summary_large_image","twitter_misc":{"Gesch\u00e4tzte Lesezeit":"1\u00a0Minute"},"schema":{"@context":"https:\/\/schema.org","@graph":[{"@type":"WebPage","@id":"https:\/\/www.polynt.com\/de\/sustainability\/","url":"https:\/\/www.polynt.com\/de\/sustainability\/","name":"Financial information | Polynt Group","isPartOf":{"@id":"https:\/\/www.polynt.com\/#website"},"datePublished":"2022-01-24T11:24:59+00:00","dateModified":"2023-07-06T13:52:22+00:00","description":"Financial information | Polynt Group offers the financial information about the company, specialized in the distribution of Composites, intermediates and coatings.","breadcrumb":{"@id":"https:\/\/www.polynt.com\/de\/sustainability\/#breadcrumb"},"inLanguage":"de","potentialAction":[{"@type":"ReadAction","target":["https:\/\/www.polynt.com\/de\/sustainability\/"]}]},{"@type":"BreadcrumbList","@id":"https:\/\/www.polynt.com\/de\/sustainability\/#breadcrumb","itemListElement":[{"@type":"ListItem","position":1,"name":"Home","item":"https:\/\/www.polynt.com\/de\/"},{"@type":"ListItem","position":2,"name":"Sustainability"}]},{"@type":"WebSite","@id":"https:\/\/www.polynt.com\/#website","url":"https:\/\/www.polynt.com\/","name":"Polynt","description":"Un nuovo sito targato WordPress","potentialAction":[{"@type":"SearchAction","target":{"@type":"EntryPoint","urlTemplate":"https:\/\/www.polynt.com\/?s={search_term_string}"},"query-input":{"@type":"PropertyValueSpecification","valueRequired":true,"valueName":"search_term_string"}}],"inLanguage":"de"}]}},"_links":{"self":[{"href":"https:\/\/www.polynt.com\/de\/wp-json\/wp\/v2\/pages\/23315","targetHints":{"allow":["GET"]}}],"collection":[{"href":"https:\/\/www.polynt.com\/de\/wp-json\/wp\/v2\/pages"}],"about":[{"href":"https:\/\/www.polynt.com\/de\/wp-json\/wp\/v2\/types\/page"}],"author":[{"embeddable":true,"href":"https:\/\/www.polynt.com\/de\/wp-json\/wp\/v2\/users\/1"}],"replies":[{"embeddable":true,"href":"https:\/\/www.polynt.com\/de\/wp-json\/wp\/v2\/comments?post=23315"}],"version-history":[{"count":8,"href":"https:\/\/www.polynt.com\/de\/wp-json\/wp\/v2\/pages\/23315\/revisions"}],"predecessor-version":[{"id":28402,"href":"https:\/\/www.polynt.com\/de\/wp-json\/wp\/v2\/pages\/23315\/revisions\/28402"}],"wp:attachment":[{"href":"https:\/\/www.polynt.com\/de\/wp-json\/wp\/v2\/media?parent=23315"}],"curies":[{"name":"wp","href":"https:\/\/api.w.org\/{rel}","templated":true}]}}