{"id":23326,"date":"2022-01-24T12:30:13","date_gmt":"2022-01-24T11:30:13","guid":{"rendered":"https:\/\/www.polynt.com\/sustainability\/polynt-group-approach\/"},"modified":"2022-03-02T16:06:56","modified_gmt":"2022-03-02T15:06:56","slug":"polynt-group-approach","status":"publish","type":"page","link":"https:\/\/www.polynt.com\/de\/sustainability\/polynt-group-approach\/","title":{"rendered":"Ansatz der Polynt-Gruppe"},"content":{"rendered":"<h2>Ansatz der Polynt-Gruppe<\/h2>\n<p>In der Polynt-Gruppe sind wir uns bewusst, dass wirtschaftliches Wachstum nur dann dauerhaft erfolgreich sein kann, wenn die ethischen Regeln respektiert werden: finanzielle Leistung mit sozialer Verantwortung und industrielle Entwicklungen unter Ber\u00fccksichtigung des Umweltschutzes.<\/p>\n<p>Als f\u00fchrendes Unternehmen in der Produktion von Verbundwerkstoffen und Zwischenprodukten messen wir der Nachhaltigkeit, die ein integraler Bestandteil unserer Gesch\u00e4ftspraktiken ist, gro\u00dfe Bedeutung bei. Geleitet von einer starken F\u00fchrung und einem ausgepr\u00e4gten Verantwortungsbewusstsein sind wir bestrebt, eine bessere Zukunft zu schaffen und eine f\u00fchrende Rolle in der neuen \u00c4ra der nachhaltigen Chemie zu spielen.<\/p>\n<p>Um unsere Ziele zu erreichen, beziehen wir unsere Stakeholder in eine offene und st\u00e4ndige Kommunikation ein, um Werte zu schaffen und sie mit all unseren Mitarbeitern, Kunden, Partnern, Lieferanten, Investoren und lokalen Gemeinden zu teilen.<\/p>\n<p>Das Governance-Modell unserer Gruppe spiegelt unser Engagement f\u00fcr eine Kultur der Ethik, Integrit\u00e4t und Verantwortung in allen Bereichen unseres Unternehmens und entlang der gesamten Wertsch\u00f6pfungskette wider.<\/p>\n<p>Gest\u00fctzt auf unsere Erfahrung in diesem Sektor setzen wir uns f\u00fcr ein nachhaltiges Design ein, das auf L\u00f6sungen mit hohen Umwelt- und Sicherheitswerten basiert, und bieten unseren Kunden Produkte, die ihre Erwartungen \u00fcbertreffen.<\/p>\n<p>Wir betrachten die Ziele f\u00fcr nachhaltige Entwicklung, die der Agenda 2030 der Vereinten Nationen zugrunde liegen (Sustainable Development Goals), als den Rahmen, auf den wir unser Handeln beim \u00dcbergang zu einer chemisch nachhaltigeren Zukunft st\u00fctzen.<\/p>\n","protected":false},"excerpt":{"rendered":"<p>Ansatz der Polynt-Gruppe In der Polynt-Gruppe sind wir uns bewusst, dass wirtschaftliches Wachstum nur dann dauerhaft erfolgreich sein kann, wenn &hellip;<\/p>\n","protected":false},"author":1,"featured_media":0,"parent":23315,"menu_order":0,"comment_status":"closed","ping_status":"closed","template":"template-financial-info-single.php","meta":{"footnotes":""},"class_list":["post-23326","page","type-page","status-publish","hentry","odd"],"yoast_head":"<!-- This site is optimized with the Yoast SEO plugin v24.8.1 - https:\/\/yoast.com\/wordpress\/plugins\/seo\/ -->\n<title>Executive summary | Polynt Group<\/title>\n<meta name=\"description\" content=\"Executive summary | Polynt Group offers company detail about its executive. The group is specialized in the production of Composites, intermediates and coatings.\" \/>\n<meta name=\"robots\" content=\"index, follow, max-snippet:-1, max-image-preview:large, max-video-preview:-1\" \/>\n<link rel=\"canonical\" href=\"https:\/\/www.polynt.com\/de\/sustainability\/polynt-group-approach\/\" \/>\n<meta property=\"og:locale\" content=\"de_DE\" \/>\n<meta property=\"og:type\" content=\"article\" \/>\n<meta property=\"og:title\" content=\"Executive summary | Polynt Group\" \/>\n<meta property=\"og:description\" content=\"Executive summary | Polynt Group offers company detail about its executive. The group is specialized in the production of Composites, intermediates and coatings.\" \/>\n<meta property=\"og:url\" content=\"https:\/\/www.polynt.com\/de\/sustainability\/polynt-group-approach\/\" \/>\n<meta property=\"og:site_name\" content=\"Polynt\" \/>\n<meta property=\"article:modified_time\" content=\"2022-03-02T15:06:56+00:00\" \/>\n<meta name=\"twitter:card\" content=\"summary_large_image\" \/>\n<meta name=\"twitter:label1\" content=\"Gesch\u00e4tzte Lesezeit\" \/>\n\t<meta name=\"twitter:data1\" content=\"1\u00a0Minute\" \/>\n<script type=\"application\/ld+json\" class=\"yoast-schema-graph\">{\"@context\":\"https:\/\/schema.org\",\"@graph\":[{\"@type\":\"WebPage\",\"@id\":\"https:\/\/www.polynt.com\/de\/sustainability\/polynt-group-approach\/\",\"url\":\"https:\/\/www.polynt.com\/de\/sustainability\/polynt-group-approach\/\",\"name\":\"Executive summary | Polynt Group\",\"isPartOf\":{\"@id\":\"https:\/\/www.polynt.com\/#website\"},\"datePublished\":\"2022-01-24T11:30:13+00:00\",\"dateModified\":\"2022-03-02T15:06:56+00:00\",\"description\":\"Executive summary | Polynt Group offers company detail about its executive. The group is specialized in the production of Composites, intermediates and coatings.\",\"breadcrumb\":{\"@id\":\"https:\/\/www.polynt.com\/de\/sustainability\/polynt-group-approach\/#breadcrumb\"},\"inLanguage\":\"de\",\"potentialAction\":[{\"@type\":\"ReadAction\",\"target\":[\"https:\/\/www.polynt.com\/de\/sustainability\/polynt-group-approach\/\"]}]},{\"@type\":\"BreadcrumbList\",\"@id\":\"https:\/\/www.polynt.com\/de\/sustainability\/polynt-group-approach\/#breadcrumb\",\"itemListElement\":[{\"@type\":\"ListItem\",\"position\":1,\"name\":\"Home\",\"item\":\"https:\/\/www.polynt.com\/de\/\"},{\"@type\":\"ListItem\",\"position\":2,\"name\":\"Sustainability\",\"item\":\"https:\/\/www.polynt.com\/de\/sustainability\/\"},{\"@type\":\"ListItem\",\"position\":3,\"name\":\"Ansatz der Polynt-Gruppe\"}]},{\"@type\":\"WebSite\",\"@id\":\"https:\/\/www.polynt.com\/#website\",\"url\":\"https:\/\/www.polynt.com\/\",\"name\":\"Polynt\",\"description\":\"Un nuovo sito targato WordPress\",\"potentialAction\":[{\"@type\":\"SearchAction\",\"target\":{\"@type\":\"EntryPoint\",\"urlTemplate\":\"https:\/\/www.polynt.com\/?s={search_term_string}\"},\"query-input\":{\"@type\":\"PropertyValueSpecification\",\"valueRequired\":true,\"valueName\":\"search_term_string\"}}],\"inLanguage\":\"de\"}]}<\/script>\n<!-- \/ Yoast SEO plugin. -->","yoast_head_json":{"title":"Executive summary | Polynt Group","description":"Executive summary | Polynt Group offers company detail about its executive. The group is specialized in the production of Composites, intermediates and coatings.","robots":{"index":"index","follow":"follow","max-snippet":"max-snippet:-1","max-image-preview":"max-image-preview:large","max-video-preview":"max-video-preview:-1"},"canonical":"https:\/\/www.polynt.com\/de\/sustainability\/polynt-group-approach\/","og_locale":"de_DE","og_type":"article","og_title":"Executive summary | Polynt Group","og_description":"Executive summary | Polynt Group offers company detail about its executive. The group is specialized in the production of Composites, intermediates and coatings.","og_url":"https:\/\/www.polynt.com\/de\/sustainability\/polynt-group-approach\/","og_site_name":"Polynt","article_modified_time":"2022-03-02T15:06:56+00:00","twitter_card":"summary_large_image","twitter_misc":{"Gesch\u00e4tzte Lesezeit":"1\u00a0Minute"},"schema":{"@context":"https:\/\/schema.org","@graph":[{"@type":"WebPage","@id":"https:\/\/www.polynt.com\/de\/sustainability\/polynt-group-approach\/","url":"https:\/\/www.polynt.com\/de\/sustainability\/polynt-group-approach\/","name":"Executive summary | Polynt Group","isPartOf":{"@id":"https:\/\/www.polynt.com\/#website"},"datePublished":"2022-01-24T11:30:13+00:00","dateModified":"2022-03-02T15:06:56+00:00","description":"Executive summary | Polynt Group offers company detail about its executive. The group is specialized in the production of Composites, intermediates and coatings.","breadcrumb":{"@id":"https:\/\/www.polynt.com\/de\/sustainability\/polynt-group-approach\/#breadcrumb"},"inLanguage":"de","potentialAction":[{"@type":"ReadAction","target":["https:\/\/www.polynt.com\/de\/sustainability\/polynt-group-approach\/"]}]},{"@type":"BreadcrumbList","@id":"https:\/\/www.polynt.com\/de\/sustainability\/polynt-group-approach\/#breadcrumb","itemListElement":[{"@type":"ListItem","position":1,"name":"Home","item":"https:\/\/www.polynt.com\/de\/"},{"@type":"ListItem","position":2,"name":"Sustainability","item":"https:\/\/www.polynt.com\/de\/sustainability\/"},{"@type":"ListItem","position":3,"name":"Ansatz der Polynt-Gruppe"}]},{"@type":"WebSite","@id":"https:\/\/www.polynt.com\/#website","url":"https:\/\/www.polynt.com\/","name":"Polynt","description":"Un nuovo sito targato WordPress","potentialAction":[{"@type":"SearchAction","target":{"@type":"EntryPoint","urlTemplate":"https:\/\/www.polynt.com\/?s={search_term_string}"},"query-input":{"@type":"PropertyValueSpecification","valueRequired":true,"valueName":"search_term_string"}}],"inLanguage":"de"}]}},"_links":{"self":[{"href":"https:\/\/www.polynt.com\/de\/wp-json\/wp\/v2\/pages\/23326","targetHints":{"allow":["GET"]}}],"collection":[{"href":"https:\/\/www.polynt.com\/de\/wp-json\/wp\/v2\/pages"}],"about":[{"href":"https:\/\/www.polynt.com\/de\/wp-json\/wp\/v2\/types\/page"}],"author":[{"embeddable":true,"href":"https:\/\/www.polynt.com\/de\/wp-json\/wp\/v2\/users\/1"}],"replies":[{"embeddable":true,"href":"https:\/\/www.polynt.com\/de\/wp-json\/wp\/v2\/comments?post=23326"}],"version-history":[{"count":6,"href":"https:\/\/www.polynt.com\/de\/wp-json\/wp\/v2\/pages\/23326\/revisions"}],"predecessor-version":[{"id":24813,"href":"https:\/\/www.polynt.com\/de\/wp-json\/wp\/v2\/pages\/23326\/revisions\/24813"}],"up":[{"embeddable":true,"href":"https:\/\/www.polynt.com\/de\/wp-json\/wp\/v2\/pages\/23315"}],"wp:attachment":[{"href":"https:\/\/www.polynt.com\/de\/wp-json\/wp\/v2\/media?parent=23326"}],"curies":[{"name":"wp","href":"https:\/\/api.w.org\/{rel}","templated":true}]}}