{"id":23355,"date":"2022-01-24T12:44:19","date_gmt":"2022-01-24T11:44:19","guid":{"rendered":"https:\/\/www.polynt.com\/sustainability\/sustainability-statement-and-scoring\/"},"modified":"2025-12-17T10:23:11","modified_gmt":"2025-12-17T09:23:11","slug":"sustainability-statement-and-scoring","status":"publish","type":"page","link":"https:\/\/www.polynt.com\/de\/sustainability\/sustainability-statement-and-scoring\/","title":{"rendered":"Nachhaltigkeitserkl\u00e4rung und Scoring"},"content":{"rendered":"<h2>Nachhaltigkeitserkl\u00e4rung<\/h2>\n<h5><a href=\"https:\/\/www.polynt.com\/wp-content\/uploads\/2023\/07\/Sustainability-Report-2022.pdf\">Group Sustainability Report 2022<\/a><\/h5>\n<h5><a href=\"https:\/\/www.polynt.com\/wp-content\/uploads\/2024\/05\/Sustainability-Report-2023.pdf\">Group Sustainability Report 2023<\/a><\/h5>\n<h5><a href=\"https:\/\/www.polynt.com\/wp-content\/uploads\/2025\/05\/Sustainability-Report-2024_final.pdf\">Group Sustainability Report 2024<\/a><\/h5>\n<h5><a href=\"https:\/\/www.polynt.com\/wp-content\/uploads\/2023\/08\/Transparency-Act-Report-2023.pdf\">Transparency Act Report Norway &#8211; 2023<\/a><\/h5>\n<h5><a href=\"https:\/\/www.polynt.com\/wp-content\/uploads\/2024\/06\/Transparency-Act-Report-2024.pdf\">Transparency Act Report Norway &#8211; 2024<\/a><\/h5>\n<h5><a href=\"https:\/\/www.polynt.com\/wp-content\/uploads\/2025\/06\/2025.05.22-Transparency-Act-2025_rev01_web.pdf\">Transparency Act Report Norway &#8211; 2025<\/a><\/h5>\n<h5><a href=\"https:\/\/www.polynt.com\/wp-content\/uploads\/2025\/12\/TCFD-2024-Polynt_website-version.pdf\">TCFD 2024<\/a><\/h5>\n<h2>Scoring<\/h2>\n<p>&nbsp;<\/p>\n<p>Die Polynt-Gruppe nimmt j\u00e4hrlich an der unabh\u00e4ngigen Bewertung an folgenden Score Ratings teil:<\/p>\n<ul>\n<li><strong>Ecovadis <\/strong>ist eine kollaborative Plattform f\u00fcr Handelspartner zum Austausch von Informationen zur Nachhaltigkeitsleistung. Diese Leistung basiert auf vier Themen: Umwelt, Arbeit und Menschenrechte, Ethik und nachhaltige Beschaffung.<\/li>\n<li><strong>Sedex <\/strong>ist eine kollaborative Plattform, die es uns erm\u00f6glicht, Risikoinformationen in unserer Lieferkette zu erfassen, zu analysieren, zu verwalten und zu pr\u00e4sentieren. Verbesserung unserer sozialen, \u00f6kologischen und ethischen Nachhaltigkeit, um unseren Ruf als Unternehmen weltweit zu verbessern und zu sch\u00fctzen.<\/li>\n<\/ul>\n<p>&nbsp;<\/p>\n<h2>Policies and codes<\/h2>\n<p><a href=\"https:\/\/www.polynt.com\/wp-content\/uploads\/2024\/04\/Whistleblowing.pdf\">Whistleblowing<\/a><br \/>\n<a href=\"https:\/\/www.polynt.com\/wp-content\/uploads\/2023\/02\/Anticorruption-and-Bribery.pdf\">Anticorruption and Bribery<\/a><br \/>\n<a href=\"https:\/\/www.polynt.com\/wp-content\/uploads\/2023\/02\/ESG.pdf\">ESG<\/a><br \/>\n<a href=\"https:\/\/www.polynt.com\/wp-content\/uploads\/2023\/02\/HSE.pdf\">HSE<\/a><br \/>\n<a href=\"https:\/\/www.polynt.com\/wp-content\/uploads\/2023\/02\/Labor-and-Human-Rights.pdf\">Labor and Human Rights<\/a><br \/>\n<a href=\"https:\/\/www.polynt.com\/wp-content\/uploads\/2023\/02\/Supplier-Code-of-Conduct_for-website.pdf\">Supplier Code of Conduct<\/a><br \/>\n<a href=\"https:\/\/www.polynt.com\/de\/financial-info\/principles-and-codes\/\">Ethical code<\/a><br \/>\n<a href=\"https:\/\/www.polynt.com\/wp-content\/uploads\/2024\/06\/Sustainable-Purchasing-Policy.pdf\">Sustainable Purchasing Policy<\/a><\/p>\n","protected":false},"excerpt":{"rendered":"<p>Nachhaltigkeitserkl\u00e4rung Group Sustainability Report 2022 Group Sustainability Report 2023 Group Sustainability Report 2024 Transparency Act Report Norway &#8211; 2023 Transparency &hellip;<\/p>\n","protected":false},"author":1,"featured_media":0,"parent":23315,"menu_order":0,"comment_status":"closed","ping_status":"closed","template":"template-financial-info-single.php","meta":{"footnotes":""},"class_list":["post-23355","page","type-page","status-publish","hentry","odd"],"yoast_head":"<!-- This site is optimized with the Yoast SEO plugin v24.8.1 - https:\/\/yoast.com\/wordpress\/plugins\/seo\/ -->\n<title>Executive summary | Polynt Group<\/title>\n<meta name=\"description\" content=\"Executive summary | Polynt Group offers company detail about its executive. The group is specialized in the production of Composites, intermediates and coatings.\" \/>\n<meta name=\"robots\" content=\"index, follow, max-snippet:-1, max-image-preview:large, max-video-preview:-1\" \/>\n<link rel=\"canonical\" href=\"https:\/\/www.polynt.com\/de\/sustainability\/sustainability-statement-and-scoring\/\" \/>\n<meta property=\"og:locale\" content=\"de_DE\" \/>\n<meta property=\"og:type\" content=\"article\" \/>\n<meta property=\"og:title\" content=\"Executive summary | Polynt Group\" \/>\n<meta property=\"og:description\" content=\"Executive summary | Polynt Group offers company detail about its executive. The group is specialized in the production of Composites, intermediates and coatings.\" \/>\n<meta property=\"og:url\" content=\"https:\/\/www.polynt.com\/de\/sustainability\/sustainability-statement-and-scoring\/\" \/>\n<meta property=\"og:site_name\" content=\"Polynt\" \/>\n<meta property=\"article:modified_time\" content=\"2025-12-17T09:23:11+00:00\" \/>\n<meta name=\"twitter:card\" content=\"summary_large_image\" \/>\n<meta name=\"twitter:label1\" content=\"Gesch\u00e4tzte Lesezeit\" \/>\n\t<meta name=\"twitter:data1\" content=\"1\u00a0Minute\" \/>\n<script type=\"application\/ld+json\" class=\"yoast-schema-graph\">{\"@context\":\"https:\/\/schema.org\",\"@graph\":[{\"@type\":\"WebPage\",\"@id\":\"https:\/\/www.polynt.com\/de\/sustainability\/sustainability-statement-and-scoring\/\",\"url\":\"https:\/\/www.polynt.com\/de\/sustainability\/sustainability-statement-and-scoring\/\",\"name\":\"Executive summary | Polynt Group\",\"isPartOf\":{\"@id\":\"https:\/\/www.polynt.com\/#website\"},\"datePublished\":\"2022-01-24T11:44:19+00:00\",\"dateModified\":\"2025-12-17T09:23:11+00:00\",\"description\":\"Executive summary | Polynt Group offers company detail about its executive. The group is specialized in the production of Composites, intermediates and coatings.\",\"breadcrumb\":{\"@id\":\"https:\/\/www.polynt.com\/de\/sustainability\/sustainability-statement-and-scoring\/#breadcrumb\"},\"inLanguage\":\"de\",\"potentialAction\":[{\"@type\":\"ReadAction\",\"target\":[\"https:\/\/www.polynt.com\/de\/sustainability\/sustainability-statement-and-scoring\/\"]}]},{\"@type\":\"BreadcrumbList\",\"@id\":\"https:\/\/www.polynt.com\/de\/sustainability\/sustainability-statement-and-scoring\/#breadcrumb\",\"itemListElement\":[{\"@type\":\"ListItem\",\"position\":1,\"name\":\"Home\",\"item\":\"https:\/\/www.polynt.com\/de\/\"},{\"@type\":\"ListItem\",\"position\":2,\"name\":\"Sustainability\",\"item\":\"https:\/\/www.polynt.com\/de\/sustainability\/\"},{\"@type\":\"ListItem\",\"position\":3,\"name\":\"Nachhaltigkeitserkl\u00e4rung und Scoring\"}]},{\"@type\":\"WebSite\",\"@id\":\"https:\/\/www.polynt.com\/#website\",\"url\":\"https:\/\/www.polynt.com\/\",\"name\":\"Polynt\",\"description\":\"Un nuovo sito targato WordPress\",\"potentialAction\":[{\"@type\":\"SearchAction\",\"target\":{\"@type\":\"EntryPoint\",\"urlTemplate\":\"https:\/\/www.polynt.com\/?s={search_term_string}\"},\"query-input\":{\"@type\":\"PropertyValueSpecification\",\"valueRequired\":true,\"valueName\":\"search_term_string\"}}],\"inLanguage\":\"de\"}]}<\/script>\n<!-- \/ Yoast SEO plugin. -->","yoast_head_json":{"title":"Executive summary | Polynt Group","description":"Executive summary | Polynt Group offers company detail about its executive. The group is specialized in the production of Composites, intermediates and coatings.","robots":{"index":"index","follow":"follow","max-snippet":"max-snippet:-1","max-image-preview":"max-image-preview:large","max-video-preview":"max-video-preview:-1"},"canonical":"https:\/\/www.polynt.com\/de\/sustainability\/sustainability-statement-and-scoring\/","og_locale":"de_DE","og_type":"article","og_title":"Executive summary | Polynt Group","og_description":"Executive summary | Polynt Group offers company detail about its executive. The group is specialized in the production of Composites, intermediates and coatings.","og_url":"https:\/\/www.polynt.com\/de\/sustainability\/sustainability-statement-and-scoring\/","og_site_name":"Polynt","article_modified_time":"2025-12-17T09:23:11+00:00","twitter_card":"summary_large_image","twitter_misc":{"Gesch\u00e4tzte Lesezeit":"1\u00a0Minute"},"schema":{"@context":"https:\/\/schema.org","@graph":[{"@type":"WebPage","@id":"https:\/\/www.polynt.com\/de\/sustainability\/sustainability-statement-and-scoring\/","url":"https:\/\/www.polynt.com\/de\/sustainability\/sustainability-statement-and-scoring\/","name":"Executive summary | Polynt Group","isPartOf":{"@id":"https:\/\/www.polynt.com\/#website"},"datePublished":"2022-01-24T11:44:19+00:00","dateModified":"2025-12-17T09:23:11+00:00","description":"Executive summary | Polynt Group offers company detail about its executive. The group is specialized in the production of Composites, intermediates and coatings.","breadcrumb":{"@id":"https:\/\/www.polynt.com\/de\/sustainability\/sustainability-statement-and-scoring\/#breadcrumb"},"inLanguage":"de","potentialAction":[{"@type":"ReadAction","target":["https:\/\/www.polynt.com\/de\/sustainability\/sustainability-statement-and-scoring\/"]}]},{"@type":"BreadcrumbList","@id":"https:\/\/www.polynt.com\/de\/sustainability\/sustainability-statement-and-scoring\/#breadcrumb","itemListElement":[{"@type":"ListItem","position":1,"name":"Home","item":"https:\/\/www.polynt.com\/de\/"},{"@type":"ListItem","position":2,"name":"Sustainability","item":"https:\/\/www.polynt.com\/de\/sustainability\/"},{"@type":"ListItem","position":3,"name":"Nachhaltigkeitserkl\u00e4rung und Scoring"}]},{"@type":"WebSite","@id":"https:\/\/www.polynt.com\/#website","url":"https:\/\/www.polynt.com\/","name":"Polynt","description":"Un nuovo sito targato WordPress","potentialAction":[{"@type":"SearchAction","target":{"@type":"EntryPoint","urlTemplate":"https:\/\/www.polynt.com\/?s={search_term_string}"},"query-input":{"@type":"PropertyValueSpecification","valueRequired":true,"valueName":"search_term_string"}}],"inLanguage":"de"}]}},"_links":{"self":[{"href":"https:\/\/www.polynt.com\/de\/wp-json\/wp\/v2\/pages\/23355","targetHints":{"allow":["GET"]}}],"collection":[{"href":"https:\/\/www.polynt.com\/de\/wp-json\/wp\/v2\/pages"}],"about":[{"href":"https:\/\/www.polynt.com\/de\/wp-json\/wp\/v2\/types\/page"}],"author":[{"embeddable":true,"href":"https:\/\/www.polynt.com\/de\/wp-json\/wp\/v2\/users\/1"}],"replies":[{"embeddable":true,"href":"https:\/\/www.polynt.com\/de\/wp-json\/wp\/v2\/comments?post=23355"}],"version-history":[{"count":26,"href":"https:\/\/www.polynt.com\/de\/wp-json\/wp\/v2\/pages\/23355\/revisions"}],"predecessor-version":[{"id":32648,"href":"https:\/\/www.polynt.com\/de\/wp-json\/wp\/v2\/pages\/23355\/revisions\/32648"}],"up":[{"embeddable":true,"href":"https:\/\/www.polynt.com\/de\/wp-json\/wp\/v2\/pages\/23315"}],"wp:attachment":[{"href":"https:\/\/www.polynt.com\/de\/wp-json\/wp\/v2\/media?parent=23355"}],"curies":[{"name":"wp","href":"https:\/\/api.w.org\/{rel}","templated":true}]}}