{"id":10674,"date":"2016-12-02T11:45:25","date_gmt":"2016-12-02T10:45:25","guid":{"rendered":"http:\/\/www.polynt.com\/chemical-intermediates-company\/history\/"},"modified":"2022-03-03T14:35:31","modified_gmt":"2022-03-03T13:35:31","slug":"history","status":"publish","type":"page","link":"https:\/\/www.polynt.com\/es\/chemical-intermediates-company\/history\/","title":{"rendered":"Historia"},"content":{"rendered":"<h2>La historia de un \u00e9xito<\/h2>\n<p><strong>Polynt se ha dedicado a la producci\u00f3n, venta, investigaci\u00f3n y desarrollo de anh\u00eddridos org\u00e1nicos y sus derivados durante m\u00e1s de 65 a\u00f1os<\/strong><strong>.<\/strong><\/p>\n<p>Su afiliaci\u00f3n al sector de intermedios qu\u00edmicos m\u00e1s importantes permite a la compa\u00f1\u00eda tener un papel central en el proceso que abarca desde el refinado de petr\u00f3leo hasta la producci\u00f3n, venta y distribuci\u00f3n en el mercado de los productos finales.<\/p>\n","protected":false},"excerpt":{"rendered":"<p>La historia de un \u00e9xito Polynt se ha dedicado a la producci\u00f3n, venta, investigaci\u00f3n y desarrollo de anh\u00eddridos org\u00e1nicos y &hellip;<\/p>\n","protected":false},"author":1,"featured_media":0,"parent":10668,"menu_order":1,"comment_status":"closed","ping_status":"closed","template":"template-storia.php","meta":{"footnotes":""},"class_list":["post-10674","page","type-page","status-publish","hentry","odd"],"yoast_head":"<!-- This site is optimized with the Yoast SEO plugin v24.8.1 - https:\/\/yoast.com\/wordpress\/plugins\/seo\/ -->\n<title>Historia - Polynt<\/title>\n<meta name=\"robots\" content=\"index, follow, max-snippet:-1, max-image-preview:large, max-video-preview:-1\" \/>\n<link rel=\"canonical\" href=\"https:\/\/www.polynt.com\/es\/chemical-intermediates-company\/history\/\" \/>\n<meta property=\"og:locale\" content=\"es_ES\" \/>\n<meta property=\"og:type\" content=\"article\" \/>\n<meta property=\"og:title\" content=\"Historia - Polynt\" \/>\n<meta property=\"og:description\" content=\"La historia de un \u00e9xito Polynt se ha dedicado a la producci\u00f3n, venta, investigaci\u00f3n y desarrollo de anh\u00eddridos org\u00e1nicos y &hellip;\" \/>\n<meta property=\"og:url\" content=\"https:\/\/www.polynt.com\/es\/chemical-intermediates-company\/history\/\" \/>\n<meta property=\"og:site_name\" content=\"Polynt\" \/>\n<meta property=\"article:modified_time\" content=\"2022-03-03T13:35:31+00:00\" \/>\n<meta name=\"twitter:card\" content=\"summary_large_image\" \/>\n<script type=\"application\/ld+json\" class=\"yoast-schema-graph\">{\"@context\":\"https:\/\/schema.org\",\"@graph\":[{\"@type\":\"WebPage\",\"@id\":\"https:\/\/www.polynt.com\/es\/chemical-intermediates-company\/history\/\",\"url\":\"https:\/\/www.polynt.com\/es\/chemical-intermediates-company\/history\/\",\"name\":\"Historia - Polynt\",\"isPartOf\":{\"@id\":\"https:\/\/www.polynt.com\/#website\"},\"datePublished\":\"2016-12-02T10:45:25+00:00\",\"dateModified\":\"2022-03-03T13:35:31+00:00\",\"breadcrumb\":{\"@id\":\"https:\/\/www.polynt.com\/es\/chemical-intermediates-company\/history\/#breadcrumb\"},\"inLanguage\":\"es\",\"potentialAction\":[{\"@type\":\"ReadAction\",\"target\":[\"https:\/\/www.polynt.com\/es\/chemical-intermediates-company\/history\/\"]}]},{\"@type\":\"BreadcrumbList\",\"@id\":\"https:\/\/www.polynt.com\/es\/chemical-intermediates-company\/history\/#breadcrumb\",\"itemListElement\":[{\"@type\":\"ListItem\",\"position\":1,\"name\":\"Home\",\"item\":\"https:\/\/www.polynt.com\/es\/\"},{\"@type\":\"ListItem\",\"position\":2,\"name\":\"Compa\u00f1\u00eda\",\"item\":\"https:\/\/www.polynt.com\/es\/chemical-intermediates-company\/\"},{\"@type\":\"ListItem\",\"position\":3,\"name\":\"Historia\"}]},{\"@type\":\"WebSite\",\"@id\":\"https:\/\/www.polynt.com\/#website\",\"url\":\"https:\/\/www.polynt.com\/\",\"name\":\"Polynt\",\"description\":\"Un nuovo sito targato WordPress\",\"potentialAction\":[{\"@type\":\"SearchAction\",\"target\":{\"@type\":\"EntryPoint\",\"urlTemplate\":\"https:\/\/www.polynt.com\/?s={search_term_string}\"},\"query-input\":{\"@type\":\"PropertyValueSpecification\",\"valueRequired\":true,\"valueName\":\"search_term_string\"}}],\"inLanguage\":\"es\"}]}<\/script>\n<!-- \/ Yoast SEO plugin. -->","yoast_head_json":{"title":"Historia - Polynt","robots":{"index":"index","follow":"follow","max-snippet":"max-snippet:-1","max-image-preview":"max-image-preview:large","max-video-preview":"max-video-preview:-1"},"canonical":"https:\/\/www.polynt.com\/es\/chemical-intermediates-company\/history\/","og_locale":"es_ES","og_type":"article","og_title":"Historia - Polynt","og_description":"La historia de un \u00e9xito Polynt se ha dedicado a la producci\u00f3n, venta, investigaci\u00f3n y desarrollo de anh\u00eddridos org\u00e1nicos y &hellip;","og_url":"https:\/\/www.polynt.com\/es\/chemical-intermediates-company\/history\/","og_site_name":"Polynt","article_modified_time":"2022-03-03T13:35:31+00:00","twitter_card":"summary_large_image","schema":{"@context":"https:\/\/schema.org","@graph":[{"@type":"WebPage","@id":"https:\/\/www.polynt.com\/es\/chemical-intermediates-company\/history\/","url":"https:\/\/www.polynt.com\/es\/chemical-intermediates-company\/history\/","name":"Historia - Polynt","isPartOf":{"@id":"https:\/\/www.polynt.com\/#website"},"datePublished":"2016-12-02T10:45:25+00:00","dateModified":"2022-03-03T13:35:31+00:00","breadcrumb":{"@id":"https:\/\/www.polynt.com\/es\/chemical-intermediates-company\/history\/#breadcrumb"},"inLanguage":"es","potentialAction":[{"@type":"ReadAction","target":["https:\/\/www.polynt.com\/es\/chemical-intermediates-company\/history\/"]}]},{"@type":"BreadcrumbList","@id":"https:\/\/www.polynt.com\/es\/chemical-intermediates-company\/history\/#breadcrumb","itemListElement":[{"@type":"ListItem","position":1,"name":"Home","item":"https:\/\/www.polynt.com\/es\/"},{"@type":"ListItem","position":2,"name":"Compa\u00f1\u00eda","item":"https:\/\/www.polynt.com\/es\/chemical-intermediates-company\/"},{"@type":"ListItem","position":3,"name":"Historia"}]},{"@type":"WebSite","@id":"https:\/\/www.polynt.com\/#website","url":"https:\/\/www.polynt.com\/","name":"Polynt","description":"Un nuovo sito targato WordPress","potentialAction":[{"@type":"SearchAction","target":{"@type":"EntryPoint","urlTemplate":"https:\/\/www.polynt.com\/?s={search_term_string}"},"query-input":{"@type":"PropertyValueSpecification","valueRequired":true,"valueName":"search_term_string"}}],"inLanguage":"es"}]}},"_links":{"self":[{"href":"https:\/\/www.polynt.com\/es\/wp-json\/wp\/v2\/pages\/10674","targetHints":{"allow":["GET"]}}],"collection":[{"href":"https:\/\/www.polynt.com\/es\/wp-json\/wp\/v2\/pages"}],"about":[{"href":"https:\/\/www.polynt.com\/es\/wp-json\/wp\/v2\/types\/page"}],"author":[{"embeddable":true,"href":"https:\/\/www.polynt.com\/es\/wp-json\/wp\/v2\/users\/1"}],"replies":[{"embeddable":true,"href":"https:\/\/www.polynt.com\/es\/wp-json\/wp\/v2\/comments?post=10674"}],"version-history":[{"count":6,"href":"https:\/\/www.polynt.com\/es\/wp-json\/wp\/v2\/pages\/10674\/revisions"}],"predecessor-version":[{"id":24903,"href":"https:\/\/www.polynt.com\/es\/wp-json\/wp\/v2\/pages\/10674\/revisions\/24903"}],"up":[{"embeddable":true,"href":"https:\/\/www.polynt.com\/es\/wp-json\/wp\/v2\/pages\/10668"}],"wp:attachment":[{"href":"https:\/\/www.polynt.com\/es\/wp-json\/wp\/v2\/media?parent=10674"}],"curies":[{"name":"wp","href":"https:\/\/api.w.org\/{rel}","templated":true}]}}