{"id":10698,"date":"2016-12-02T09:45:44","date_gmt":"2016-12-02T08:45:44","guid":{"rendered":"http:\/\/www.polynt.com\/chemical-intermediates-company\/vision-mission\/"},"modified":"2021-04-06T16:23:48","modified_gmt":"2021-04-06T14:23:48","slug":"vision-mission","status":"publish","type":"page","link":"https:\/\/www.polynt.com\/es\/chemical-intermediates-company\/vision-mission\/","title":{"rendered":"Visi\u00f3n\/misi\u00f3n"},"content":{"rendered":"<h2>UNA INDUSTRIA EN CRECIMIENTO: INNOVACI\u00d3N Y CALIDAD<\/h2>\n<p><strong>Polynt invierte en investigaci\u00f3n, innovaci\u00f3n y desarrollo<\/strong>\u00a0para proporcionar soluciones que respeten el equilibrio del ecosistema.<\/p>\n<p>Polynt est\u00e1 presente en cuatro continentes con plantas de producci\u00f3n y comerciales que proporcionan a nuestros clientes\u00a0<strong>soluciones innovadoras, sostenibles y responsables<\/strong>.<\/p>\n<p>Polynt continua proporcionando una amplia gama de productos dise\u00f1ados para todos los\u00a0<strong>sectores clave<\/strong>\u00a0como el sector agro-alimentario, el biom\u00e9dico, el sector de la construcci\u00f3n, el electr\u00f3nico, el log\u00edstico y las industrias mar\u00edtimas.<\/p>\n<p>La producci\u00f3n se basa en tres a\u00e9reas:\u00a0<strong>compuestos, intermedios y recubrimientos<\/strong>\u00a0que contribuyen a la creaci\u00f3n de miles de objetos que mejoran la calidad de vida.<\/p>\n<p>Mediante unas\u00a0<strong>tecnolog\u00edas de producci\u00f3n<\/strong>\u00a0<strong>espec\u00edficas y soluciones dise\u00f1adas<\/strong>\u00a0a medida, Polynt contin\u00faa beneficiando a los clientes leales.<\/p>\n<p>Polynt presta una atenci\u00f3n especial a las actividades de investigaci\u00f3n y desarrollo, implementaci\u00f3n de la tecnolog\u00eda y control de procesos con el fin de satisfacer la creciente demanda de seguridad y calidad requerida en los mercados actuales.<\/p>\n<p>Estas actividades son llevadas a cabo siempre con el fin de crear una industria qu\u00edmica orientada a la gente.<\/p>\n<p style=\"text-align: center; font-size: 18px;\"><strong><br \/>\nNuestra experiencia es la garant\u00eda.\u00a0Nuestro \u00e9xito, la prueba. Nuestro compromiso, el futuro<\/strong><strong>.<\/strong><\/p>\n<p>&nbsp;<\/p>\n<p>&nbsp;<\/p>\n","protected":false},"excerpt":{"rendered":"<p>UNA INDUSTRIA EN CRECIMIENTO: INNOVACI\u00d3N Y CALIDAD Polynt invierte en investigaci\u00f3n, innovaci\u00f3n y desarrollo\u00a0para proporcionar soluciones que respeten el equilibrio &hellip;<\/p>\n","protected":false},"author":1,"featured_media":0,"parent":10668,"menu_order":2,"comment_status":"closed","ping_status":"closed","template":"template-financial-info-single.php","meta":{"footnotes":""},"class_list":["post-10698","page","type-page","status-publish","hentry","odd"],"yoast_head":"<!-- This site is optimized with the Yoast SEO plugin v24.8.1 - https:\/\/yoast.com\/wordpress\/plugins\/seo\/ -->\n<title>Visi\u00f3n\/misi\u00f3n - Polynt<\/title>\n<meta name=\"robots\" content=\"index, follow, max-snippet:-1, max-image-preview:large, max-video-preview:-1\" \/>\n<link rel=\"canonical\" href=\"https:\/\/www.polynt.com\/es\/chemical-intermediates-company\/vision-mission\/\" \/>\n<meta property=\"og:locale\" content=\"es_ES\" \/>\n<meta property=\"og:type\" content=\"article\" \/>\n<meta property=\"og:title\" content=\"Visi\u00f3n\/misi\u00f3n - Polynt\" \/>\n<meta property=\"og:description\" content=\"UNA INDUSTRIA EN CRECIMIENTO: INNOVACI\u00d3N Y CALIDAD Polynt invierte en investigaci\u00f3n, innovaci\u00f3n y desarrollo\u00a0para proporcionar soluciones que respeten el equilibrio &hellip;\" \/>\n<meta property=\"og:url\" content=\"https:\/\/www.polynt.com\/es\/chemical-intermediates-company\/vision-mission\/\" \/>\n<meta property=\"og:site_name\" content=\"Polynt\" \/>\n<meta property=\"article:modified_time\" content=\"2021-04-06T14:23:48+00:00\" \/>\n<meta name=\"twitter:card\" content=\"summary_large_image\" \/>\n<meta name=\"twitter:label1\" content=\"Tiempo de lectura\" \/>\n\t<meta name=\"twitter:data1\" content=\"1 minuto\" \/>\n<script type=\"application\/ld+json\" class=\"yoast-schema-graph\">{\"@context\":\"https:\/\/schema.org\",\"@graph\":[{\"@type\":\"WebPage\",\"@id\":\"https:\/\/www.polynt.com\/es\/chemical-intermediates-company\/vision-mission\/\",\"url\":\"https:\/\/www.polynt.com\/es\/chemical-intermediates-company\/vision-mission\/\",\"name\":\"Visi\u00f3n\/misi\u00f3n - Polynt\",\"isPartOf\":{\"@id\":\"https:\/\/www.polynt.com\/#website\"},\"datePublished\":\"2016-12-02T08:45:44+00:00\",\"dateModified\":\"2021-04-06T14:23:48+00:00\",\"breadcrumb\":{\"@id\":\"https:\/\/www.polynt.com\/es\/chemical-intermediates-company\/vision-mission\/#breadcrumb\"},\"inLanguage\":\"es\",\"potentialAction\":[{\"@type\":\"ReadAction\",\"target\":[\"https:\/\/www.polynt.com\/es\/chemical-intermediates-company\/vision-mission\/\"]}]},{\"@type\":\"BreadcrumbList\",\"@id\":\"https:\/\/www.polynt.com\/es\/chemical-intermediates-company\/vision-mission\/#breadcrumb\",\"itemListElement\":[{\"@type\":\"ListItem\",\"position\":1,\"name\":\"Home\",\"item\":\"https:\/\/www.polynt.com\/es\/\"},{\"@type\":\"ListItem\",\"position\":2,\"name\":\"Compa\u00f1\u00eda\",\"item\":\"https:\/\/www.polynt.com\/es\/chemical-intermediates-company\/\"},{\"@type\":\"ListItem\",\"position\":3,\"name\":\"Visi\u00f3n\/misi\u00f3n\"}]},{\"@type\":\"WebSite\",\"@id\":\"https:\/\/www.polynt.com\/#website\",\"url\":\"https:\/\/www.polynt.com\/\",\"name\":\"Polynt\",\"description\":\"Un nuovo sito targato WordPress\",\"potentialAction\":[{\"@type\":\"SearchAction\",\"target\":{\"@type\":\"EntryPoint\",\"urlTemplate\":\"https:\/\/www.polynt.com\/?s={search_term_string}\"},\"query-input\":{\"@type\":\"PropertyValueSpecification\",\"valueRequired\":true,\"valueName\":\"search_term_string\"}}],\"inLanguage\":\"es\"}]}<\/script>\n<!-- \/ Yoast SEO plugin. -->","yoast_head_json":{"title":"Visi\u00f3n\/misi\u00f3n - Polynt","robots":{"index":"index","follow":"follow","max-snippet":"max-snippet:-1","max-image-preview":"max-image-preview:large","max-video-preview":"max-video-preview:-1"},"canonical":"https:\/\/www.polynt.com\/es\/chemical-intermediates-company\/vision-mission\/","og_locale":"es_ES","og_type":"article","og_title":"Visi\u00f3n\/misi\u00f3n - Polynt","og_description":"UNA INDUSTRIA EN CRECIMIENTO: INNOVACI\u00d3N Y CALIDAD Polynt invierte en investigaci\u00f3n, innovaci\u00f3n y desarrollo\u00a0para proporcionar soluciones que respeten el equilibrio &hellip;","og_url":"https:\/\/www.polynt.com\/es\/chemical-intermediates-company\/vision-mission\/","og_site_name":"Polynt","article_modified_time":"2021-04-06T14:23:48+00:00","twitter_card":"summary_large_image","twitter_misc":{"Tiempo de lectura":"1 minuto"},"schema":{"@context":"https:\/\/schema.org","@graph":[{"@type":"WebPage","@id":"https:\/\/www.polynt.com\/es\/chemical-intermediates-company\/vision-mission\/","url":"https:\/\/www.polynt.com\/es\/chemical-intermediates-company\/vision-mission\/","name":"Visi\u00f3n\/misi\u00f3n - Polynt","isPartOf":{"@id":"https:\/\/www.polynt.com\/#website"},"datePublished":"2016-12-02T08:45:44+00:00","dateModified":"2021-04-06T14:23:48+00:00","breadcrumb":{"@id":"https:\/\/www.polynt.com\/es\/chemical-intermediates-company\/vision-mission\/#breadcrumb"},"inLanguage":"es","potentialAction":[{"@type":"ReadAction","target":["https:\/\/www.polynt.com\/es\/chemical-intermediates-company\/vision-mission\/"]}]},{"@type":"BreadcrumbList","@id":"https:\/\/www.polynt.com\/es\/chemical-intermediates-company\/vision-mission\/#breadcrumb","itemListElement":[{"@type":"ListItem","position":1,"name":"Home","item":"https:\/\/www.polynt.com\/es\/"},{"@type":"ListItem","position":2,"name":"Compa\u00f1\u00eda","item":"https:\/\/www.polynt.com\/es\/chemical-intermediates-company\/"},{"@type":"ListItem","position":3,"name":"Visi\u00f3n\/misi\u00f3n"}]},{"@type":"WebSite","@id":"https:\/\/www.polynt.com\/#website","url":"https:\/\/www.polynt.com\/","name":"Polynt","description":"Un nuovo sito targato WordPress","potentialAction":[{"@type":"SearchAction","target":{"@type":"EntryPoint","urlTemplate":"https:\/\/www.polynt.com\/?s={search_term_string}"},"query-input":{"@type":"PropertyValueSpecification","valueRequired":true,"valueName":"search_term_string"}}],"inLanguage":"es"}]}},"_links":{"self":[{"href":"https:\/\/www.polynt.com\/es\/wp-json\/wp\/v2\/pages\/10698","targetHints":{"allow":["GET"]}}],"collection":[{"href":"https:\/\/www.polynt.com\/es\/wp-json\/wp\/v2\/pages"}],"about":[{"href":"https:\/\/www.polynt.com\/es\/wp-json\/wp\/v2\/types\/page"}],"author":[{"embeddable":true,"href":"https:\/\/www.polynt.com\/es\/wp-json\/wp\/v2\/users\/1"}],"replies":[{"embeddable":true,"href":"https:\/\/www.polynt.com\/es\/wp-json\/wp\/v2\/comments?post=10698"}],"version-history":[{"count":3,"href":"https:\/\/www.polynt.com\/es\/wp-json\/wp\/v2\/pages\/10698\/revisions"}],"predecessor-version":[{"id":21876,"href":"https:\/\/www.polynt.com\/es\/wp-json\/wp\/v2\/pages\/10698\/revisions\/21876"}],"up":[{"embeddable":true,"href":"https:\/\/www.polynt.com\/es\/wp-json\/wp\/v2\/pages\/10668"}],"wp:attachment":[{"href":"https:\/\/www.polynt.com\/es\/wp-json\/wp\/v2\/media?parent=10698"}],"curies":[{"name":"wp","href":"https:\/\/api.w.org\/{rel}","templated":true}]}}