{"id":10705,"date":"2016-11-08T15:34:57","date_gmt":"2016-11-08T14:34:57","guid":{"rendered":"http:\/\/www.polynt.com\/ambiente-salute-e-sicurezza\/safety\/"},"modified":"2021-04-06T10:03:04","modified_gmt":"2021-04-06T08:03:04","slug":"safety","status":"publish","type":"page","link":"https:\/\/www.polynt.com\/es\/sustainability\/hse-quality-certification\/safety\/","title":{"rendered":"Seguridad"},"content":{"rendered":"<h1 style=\"text-align: left;\">Nuestro sistema de gesti\u00f3n de seguridad en el trabajo<\/h1>\n<p><strong>SGSL<\/strong> (por sus siglas en italiano) es el acr\u00f3nimo para \u201c<strong>Sistema de prevenci\u00f3n de riesgos laborales<\/strong>\u201d, un sistema de organizaci\u00f3n dise\u00f1ado para garantizar la consecuci\u00f3n de unos objetivos de salud y seguridad, maximizando los beneficios y minimizando los costes mediante la organizaci\u00f3n y la gesti\u00f3n.<\/p>\n<h1><\/h1>\n","protected":false},"excerpt":{"rendered":"<p>Nuestro sistema de gesti\u00f3n de seguridad en el trabajo SGSL (por sus siglas en italiano) es el acr\u00f3nimo para \u201cSistema &hellip;<\/p>\n","protected":false},"author":1,"featured_media":0,"parent":10702,"menu_order":1,"comment_status":"closed","ping_status":"closed","template":"template-sicurezza-inner.php","meta":{"footnotes":""},"class_list":["post-10705","page","type-page","status-publish","hentry","odd"],"yoast_head":"<!-- This site is optimized with the Yoast SEO plugin v24.8.1 - https:\/\/yoast.com\/wordpress\/plugins\/seo\/ -->\n<title>Seguridad - Polynt<\/title>\n<meta name=\"robots\" content=\"index, follow, max-snippet:-1, max-image-preview:large, max-video-preview:-1\" \/>\n<link rel=\"canonical\" href=\"https:\/\/www.polynt.com\/es\/sustainability\/hse-quality-certification\/safety\/\" \/>\n<meta property=\"og:locale\" content=\"es_ES\" \/>\n<meta property=\"og:type\" content=\"article\" \/>\n<meta property=\"og:title\" content=\"Seguridad - Polynt\" \/>\n<meta property=\"og:description\" content=\"Nuestro sistema de gesti\u00f3n de seguridad en el trabajo SGSL (por sus siglas en italiano) es el acr\u00f3nimo para \u201cSistema &hellip;\" \/>\n<meta property=\"og:url\" content=\"https:\/\/www.polynt.com\/es\/sustainability\/hse-quality-certification\/safety\/\" \/>\n<meta property=\"og:site_name\" content=\"Polynt\" \/>\n<meta property=\"article:modified_time\" content=\"2021-04-06T08:03:04+00:00\" \/>\n<meta name=\"twitter:card\" content=\"summary_large_image\" \/>\n<script type=\"application\/ld+json\" class=\"yoast-schema-graph\">{\"@context\":\"https:\/\/schema.org\",\"@graph\":[{\"@type\":\"WebPage\",\"@id\":\"https:\/\/www.polynt.com\/es\/sustainability\/hse-quality-certification\/safety\/\",\"url\":\"https:\/\/www.polynt.com\/es\/sustainability\/hse-quality-certification\/safety\/\",\"name\":\"Seguridad - Polynt\",\"isPartOf\":{\"@id\":\"https:\/\/www.polynt.com\/#website\"},\"datePublished\":\"2016-11-08T14:34:57+00:00\",\"dateModified\":\"2021-04-06T08:03:04+00:00\",\"breadcrumb\":{\"@id\":\"https:\/\/www.polynt.com\/es\/sustainability\/hse-quality-certification\/safety\/#breadcrumb\"},\"inLanguage\":\"es\",\"potentialAction\":[{\"@type\":\"ReadAction\",\"target\":[\"https:\/\/www.polynt.com\/es\/sustainability\/hse-quality-certification\/safety\/\"]}]},{\"@type\":\"BreadcrumbList\",\"@id\":\"https:\/\/www.polynt.com\/es\/sustainability\/hse-quality-certification\/safety\/#breadcrumb\",\"itemListElement\":[{\"@type\":\"ListItem\",\"position\":1,\"name\":\"Home\",\"item\":\"https:\/\/www.polynt.com\/es\/\"},{\"@type\":\"ListItem\",\"position\":2,\"name\":\"Sustainability\",\"item\":\"https:\/\/www.polynt.com\/es\/sustainability\/\"},{\"@type\":\"ListItem\",\"position\":3,\"name\":\"HSE, Quality &#038; Certification\",\"item\":\"https:\/\/www.polynt.com\/es\/sustainability\/hse-quality-certification\/\"},{\"@type\":\"ListItem\",\"position\":4,\"name\":\"Seguridad\"}]},{\"@type\":\"WebSite\",\"@id\":\"https:\/\/www.polynt.com\/#website\",\"url\":\"https:\/\/www.polynt.com\/\",\"name\":\"Polynt\",\"description\":\"Un nuovo sito targato WordPress\",\"potentialAction\":[{\"@type\":\"SearchAction\",\"target\":{\"@type\":\"EntryPoint\",\"urlTemplate\":\"https:\/\/www.polynt.com\/?s={search_term_string}\"},\"query-input\":{\"@type\":\"PropertyValueSpecification\",\"valueRequired\":true,\"valueName\":\"search_term_string\"}}],\"inLanguage\":\"es\"}]}<\/script>\n<!-- \/ Yoast SEO plugin. -->","yoast_head_json":{"title":"Seguridad - Polynt","robots":{"index":"index","follow":"follow","max-snippet":"max-snippet:-1","max-image-preview":"max-image-preview:large","max-video-preview":"max-video-preview:-1"},"canonical":"https:\/\/www.polynt.com\/es\/sustainability\/hse-quality-certification\/safety\/","og_locale":"es_ES","og_type":"article","og_title":"Seguridad - Polynt","og_description":"Nuestro sistema de gesti\u00f3n de seguridad en el trabajo SGSL (por sus siglas en italiano) es el acr\u00f3nimo para \u201cSistema &hellip;","og_url":"https:\/\/www.polynt.com\/es\/sustainability\/hse-quality-certification\/safety\/","og_site_name":"Polynt","article_modified_time":"2021-04-06T08:03:04+00:00","twitter_card":"summary_large_image","schema":{"@context":"https:\/\/schema.org","@graph":[{"@type":"WebPage","@id":"https:\/\/www.polynt.com\/es\/sustainability\/hse-quality-certification\/safety\/","url":"https:\/\/www.polynt.com\/es\/sustainability\/hse-quality-certification\/safety\/","name":"Seguridad - Polynt","isPartOf":{"@id":"https:\/\/www.polynt.com\/#website"},"datePublished":"2016-11-08T14:34:57+00:00","dateModified":"2021-04-06T08:03:04+00:00","breadcrumb":{"@id":"https:\/\/www.polynt.com\/es\/sustainability\/hse-quality-certification\/safety\/#breadcrumb"},"inLanguage":"es","potentialAction":[{"@type":"ReadAction","target":["https:\/\/www.polynt.com\/es\/sustainability\/hse-quality-certification\/safety\/"]}]},{"@type":"BreadcrumbList","@id":"https:\/\/www.polynt.com\/es\/sustainability\/hse-quality-certification\/safety\/#breadcrumb","itemListElement":[{"@type":"ListItem","position":1,"name":"Home","item":"https:\/\/www.polynt.com\/es\/"},{"@type":"ListItem","position":2,"name":"Sustainability","item":"https:\/\/www.polynt.com\/es\/sustainability\/"},{"@type":"ListItem","position":3,"name":"HSE, Quality &#038; Certification","item":"https:\/\/www.polynt.com\/es\/sustainability\/hse-quality-certification\/"},{"@type":"ListItem","position":4,"name":"Seguridad"}]},{"@type":"WebSite","@id":"https:\/\/www.polynt.com\/#website","url":"https:\/\/www.polynt.com\/","name":"Polynt","description":"Un nuovo sito targato WordPress","potentialAction":[{"@type":"SearchAction","target":{"@type":"EntryPoint","urlTemplate":"https:\/\/www.polynt.com\/?s={search_term_string}"},"query-input":{"@type":"PropertyValueSpecification","valueRequired":true,"valueName":"search_term_string"}}],"inLanguage":"es"}]}},"_links":{"self":[{"href":"https:\/\/www.polynt.com\/es\/wp-json\/wp\/v2\/pages\/10705","targetHints":{"allow":["GET"]}}],"collection":[{"href":"https:\/\/www.polynt.com\/es\/wp-json\/wp\/v2\/pages"}],"about":[{"href":"https:\/\/www.polynt.com\/es\/wp-json\/wp\/v2\/types\/page"}],"author":[{"embeddable":true,"href":"https:\/\/www.polynt.com\/es\/wp-json\/wp\/v2\/users\/1"}],"replies":[{"embeddable":true,"href":"https:\/\/www.polynt.com\/es\/wp-json\/wp\/v2\/comments?post=10705"}],"version-history":[{"count":5,"href":"https:\/\/www.polynt.com\/es\/wp-json\/wp\/v2\/pages\/10705\/revisions"}],"predecessor-version":[{"id":21836,"href":"https:\/\/www.polynt.com\/es\/wp-json\/wp\/v2\/pages\/10705\/revisions\/21836"}],"up":[{"embeddable":true,"href":"https:\/\/www.polynt.com\/es\/wp-json\/wp\/v2\/pages\/10702"}],"wp:attachment":[{"href":"https:\/\/www.polynt.com\/es\/wp-json\/wp\/v2\/media?parent=10705"}],"curies":[{"name":"wp","href":"https:\/\/api.w.org\/{rel}","templated":true}]}}