{"id":10713,"date":"2016-11-08T15:35:38","date_gmt":"2016-11-08T14:35:38","guid":{"rendered":"http:\/\/www.polynt.com\/ambiente-salute-e-sicurezza\/health\/"},"modified":"2021-04-06T10:22:00","modified_gmt":"2021-04-06T08:22:00","slug":"health","status":"publish","type":"page","link":"https:\/\/www.polynt.com\/es\/sustainability\/hse-quality-certification\/health\/","title":{"rendered":"Salud"},"content":{"rendered":"<h1>Trabajamos para mejorar la calidad de vida<\/h1>\n<p>Polynt aplica todos los conocimientos y los m\u00e9todos puestos a disposici\u00f3n por la ciencia m\u00e9dica, para el <strong>bienestar de sus empleados y el de la comunidad local<\/strong>. Todos los empleados tienen conciencia de la importancia de la protecci\u00f3n de la salud humana como parte de sus actividades.<\/p>\n","protected":false},"excerpt":{"rendered":"<p>Trabajamos para mejorar la calidad de vida Polynt aplica todos los conocimientos y los m\u00e9todos puestos a disposici\u00f3n por la &hellip;<\/p>\n","protected":false},"author":1,"featured_media":0,"parent":10702,"menu_order":2,"comment_status":"closed","ping_status":"closed","template":"template-sicurezza-inner.php","meta":{"footnotes":""},"class_list":["post-10713","page","type-page","status-publish","hentry","odd"],"yoast_head":"<!-- This site is optimized with the Yoast SEO plugin v24.8.1 - https:\/\/yoast.com\/wordpress\/plugins\/seo\/ -->\n<title>Salud - Polynt<\/title>\n<meta name=\"robots\" content=\"index, follow, max-snippet:-1, max-image-preview:large, max-video-preview:-1\" \/>\n<link rel=\"canonical\" href=\"https:\/\/www.polynt.com\/es\/sustainability\/hse-quality-certification\/health\/\" \/>\n<meta property=\"og:locale\" content=\"es_ES\" \/>\n<meta property=\"og:type\" content=\"article\" \/>\n<meta property=\"og:title\" content=\"Salud - Polynt\" \/>\n<meta property=\"og:description\" content=\"Trabajamos para mejorar la calidad de vida Polynt aplica todos los conocimientos y los m\u00e9todos puestos a disposici\u00f3n por la &hellip;\" \/>\n<meta property=\"og:url\" content=\"https:\/\/www.polynt.com\/es\/sustainability\/hse-quality-certification\/health\/\" \/>\n<meta property=\"og:site_name\" content=\"Polynt\" \/>\n<meta property=\"article:modified_time\" content=\"2021-04-06T08:22:00+00:00\" \/>\n<meta name=\"twitter:card\" content=\"summary_large_image\" \/>\n<script type=\"application\/ld+json\" class=\"yoast-schema-graph\">{\"@context\":\"https:\/\/schema.org\",\"@graph\":[{\"@type\":\"WebPage\",\"@id\":\"https:\/\/www.polynt.com\/es\/sustainability\/hse-quality-certification\/health\/\",\"url\":\"https:\/\/www.polynt.com\/es\/sustainability\/hse-quality-certification\/health\/\",\"name\":\"Salud - Polynt\",\"isPartOf\":{\"@id\":\"https:\/\/www.polynt.com\/#website\"},\"datePublished\":\"2016-11-08T14:35:38+00:00\",\"dateModified\":\"2021-04-06T08:22:00+00:00\",\"breadcrumb\":{\"@id\":\"https:\/\/www.polynt.com\/es\/sustainability\/hse-quality-certification\/health\/#breadcrumb\"},\"inLanguage\":\"es\",\"potentialAction\":[{\"@type\":\"ReadAction\",\"target\":[\"https:\/\/www.polynt.com\/es\/sustainability\/hse-quality-certification\/health\/\"]}]},{\"@type\":\"BreadcrumbList\",\"@id\":\"https:\/\/www.polynt.com\/es\/sustainability\/hse-quality-certification\/health\/#breadcrumb\",\"itemListElement\":[{\"@type\":\"ListItem\",\"position\":1,\"name\":\"Home\",\"item\":\"https:\/\/www.polynt.com\/es\/\"},{\"@type\":\"ListItem\",\"position\":2,\"name\":\"Sustainability\",\"item\":\"https:\/\/www.polynt.com\/es\/sustainability\/\"},{\"@type\":\"ListItem\",\"position\":3,\"name\":\"HSE, Quality &#038; Certification\",\"item\":\"https:\/\/www.polynt.com\/es\/sustainability\/hse-quality-certification\/\"},{\"@type\":\"ListItem\",\"position\":4,\"name\":\"Salud\"}]},{\"@type\":\"WebSite\",\"@id\":\"https:\/\/www.polynt.com\/#website\",\"url\":\"https:\/\/www.polynt.com\/\",\"name\":\"Polynt\",\"description\":\"Un nuovo sito targato WordPress\",\"potentialAction\":[{\"@type\":\"SearchAction\",\"target\":{\"@type\":\"EntryPoint\",\"urlTemplate\":\"https:\/\/www.polynt.com\/?s={search_term_string}\"},\"query-input\":{\"@type\":\"PropertyValueSpecification\",\"valueRequired\":true,\"valueName\":\"search_term_string\"}}],\"inLanguage\":\"es\"}]}<\/script>\n<!-- \/ Yoast SEO plugin. -->","yoast_head_json":{"title":"Salud - Polynt","robots":{"index":"index","follow":"follow","max-snippet":"max-snippet:-1","max-image-preview":"max-image-preview:large","max-video-preview":"max-video-preview:-1"},"canonical":"https:\/\/www.polynt.com\/es\/sustainability\/hse-quality-certification\/health\/","og_locale":"es_ES","og_type":"article","og_title":"Salud - Polynt","og_description":"Trabajamos para mejorar la calidad de vida Polynt aplica todos los conocimientos y los m\u00e9todos puestos a disposici\u00f3n por la &hellip;","og_url":"https:\/\/www.polynt.com\/es\/sustainability\/hse-quality-certification\/health\/","og_site_name":"Polynt","article_modified_time":"2021-04-06T08:22:00+00:00","twitter_card":"summary_large_image","schema":{"@context":"https:\/\/schema.org","@graph":[{"@type":"WebPage","@id":"https:\/\/www.polynt.com\/es\/sustainability\/hse-quality-certification\/health\/","url":"https:\/\/www.polynt.com\/es\/sustainability\/hse-quality-certification\/health\/","name":"Salud - Polynt","isPartOf":{"@id":"https:\/\/www.polynt.com\/#website"},"datePublished":"2016-11-08T14:35:38+00:00","dateModified":"2021-04-06T08:22:00+00:00","breadcrumb":{"@id":"https:\/\/www.polynt.com\/es\/sustainability\/hse-quality-certification\/health\/#breadcrumb"},"inLanguage":"es","potentialAction":[{"@type":"ReadAction","target":["https:\/\/www.polynt.com\/es\/sustainability\/hse-quality-certification\/health\/"]}]},{"@type":"BreadcrumbList","@id":"https:\/\/www.polynt.com\/es\/sustainability\/hse-quality-certification\/health\/#breadcrumb","itemListElement":[{"@type":"ListItem","position":1,"name":"Home","item":"https:\/\/www.polynt.com\/es\/"},{"@type":"ListItem","position":2,"name":"Sustainability","item":"https:\/\/www.polynt.com\/es\/sustainability\/"},{"@type":"ListItem","position":3,"name":"HSE, Quality &#038; Certification","item":"https:\/\/www.polynt.com\/es\/sustainability\/hse-quality-certification\/"},{"@type":"ListItem","position":4,"name":"Salud"}]},{"@type":"WebSite","@id":"https:\/\/www.polynt.com\/#website","url":"https:\/\/www.polynt.com\/","name":"Polynt","description":"Un nuovo sito targato WordPress","potentialAction":[{"@type":"SearchAction","target":{"@type":"EntryPoint","urlTemplate":"https:\/\/www.polynt.com\/?s={search_term_string}"},"query-input":{"@type":"PropertyValueSpecification","valueRequired":true,"valueName":"search_term_string"}}],"inLanguage":"es"}]}},"_links":{"self":[{"href":"https:\/\/www.polynt.com\/es\/wp-json\/wp\/v2\/pages\/10713","targetHints":{"allow":["GET"]}}],"collection":[{"href":"https:\/\/www.polynt.com\/es\/wp-json\/wp\/v2\/pages"}],"about":[{"href":"https:\/\/www.polynt.com\/es\/wp-json\/wp\/v2\/types\/page"}],"author":[{"embeddable":true,"href":"https:\/\/www.polynt.com\/es\/wp-json\/wp\/v2\/users\/1"}],"replies":[{"embeddable":true,"href":"https:\/\/www.polynt.com\/es\/wp-json\/wp\/v2\/comments?post=10713"}],"version-history":[{"count":4,"href":"https:\/\/www.polynt.com\/es\/wp-json\/wp\/v2\/pages\/10713\/revisions"}],"predecessor-version":[{"id":21843,"href":"https:\/\/www.polynt.com\/es\/wp-json\/wp\/v2\/pages\/10713\/revisions\/21843"}],"up":[{"embeddable":true,"href":"https:\/\/www.polynt.com\/es\/wp-json\/wp\/v2\/pages\/10702"}],"wp:attachment":[{"href":"https:\/\/www.polynt.com\/es\/wp-json\/wp\/v2\/media?parent=10713"}],"curies":[{"name":"wp","href":"https:\/\/api.w.org\/{rel}","templated":true}]}}