{"id":10716,"date":"2016-11-08T15:35:49","date_gmt":"2016-11-08T14:35:49","guid":{"rendered":"http:\/\/www.polynt.com\/ambiente-salute-e-sicurezza\/environment\/"},"modified":"2023-05-23T11:14:13","modified_gmt":"2023-05-23T09:14:13","slug":"environment","status":"publish","type":"page","link":"https:\/\/www.polynt.com\/es\/sustainability\/hse-quality-certification\/environment\/","title":{"rendered":"Medioambiente"},"content":{"rendered":"<h1>Un cuidado estricto del planeta<\/h1>\n<p><strong>El Sistema de Gesti\u00f3n Ambiental (\u00abSGA\u00bb)<\/strong> es el instrumento utilizado por la compa\u00f1\u00eda para identificar, evaluar y abordar los temas medioambientales importantes y mejorar su desempe\u00f1o. La norma <strong>ISO 1400<\/strong>1 es una norma internacional voluntaria que indica c\u00f3mo desarrollar un SGA efectivo, lo que requiere que la compa\u00f1\u00eda presente al p\u00fablico, por escrito, <strong>sus objetivos y metas medioambientales<\/strong>.<\/p>\n","protected":false},"excerpt":{"rendered":"<p>Un cuidado estricto del planeta El Sistema de Gesti\u00f3n Ambiental (\u00abSGA\u00bb) es el instrumento utilizado por la compa\u00f1\u00eda para identificar, &hellip;<\/p>\n","protected":false},"author":1,"featured_media":0,"parent":10702,"menu_order":4,"comment_status":"closed","ping_status":"closed","template":"template-sicurezza-inner.php","meta":{"footnotes":""},"class_list":["post-10716","page","type-page","status-publish","hentry","odd"],"yoast_head":"<!-- This site is optimized with the Yoast SEO plugin v24.8.1 - https:\/\/yoast.com\/wordpress\/plugins\/seo\/ -->\n<title>Medioambiente - Polynt<\/title>\n<meta name=\"robots\" content=\"index, follow, max-snippet:-1, max-image-preview:large, max-video-preview:-1\" \/>\n<link rel=\"canonical\" href=\"https:\/\/www.polynt.com\/es\/sustainability\/hse-quality-certification\/environment\/\" \/>\n<meta property=\"og:locale\" content=\"es_ES\" \/>\n<meta property=\"og:type\" content=\"article\" \/>\n<meta property=\"og:title\" content=\"Medioambiente - Polynt\" \/>\n<meta property=\"og:description\" content=\"Un cuidado estricto del planeta El Sistema de Gesti\u00f3n Ambiental (\u00abSGA\u00bb) es el instrumento utilizado por la compa\u00f1\u00eda para identificar, &hellip;\" \/>\n<meta property=\"og:url\" content=\"https:\/\/www.polynt.com\/es\/sustainability\/hse-quality-certification\/environment\/\" \/>\n<meta property=\"og:site_name\" content=\"Polynt\" \/>\n<meta property=\"article:modified_time\" content=\"2023-05-23T09:14:13+00:00\" \/>\n<meta name=\"twitter:card\" content=\"summary_large_image\" \/>\n<script type=\"application\/ld+json\" class=\"yoast-schema-graph\">{\"@context\":\"https:\/\/schema.org\",\"@graph\":[{\"@type\":\"WebPage\",\"@id\":\"https:\/\/www.polynt.com\/es\/sustainability\/hse-quality-certification\/environment\/\",\"url\":\"https:\/\/www.polynt.com\/es\/sustainability\/hse-quality-certification\/environment\/\",\"name\":\"Medioambiente - Polynt\",\"isPartOf\":{\"@id\":\"https:\/\/www.polynt.com\/#website\"},\"datePublished\":\"2016-11-08T14:35:49+00:00\",\"dateModified\":\"2023-05-23T09:14:13+00:00\",\"breadcrumb\":{\"@id\":\"https:\/\/www.polynt.com\/es\/sustainability\/hse-quality-certification\/environment\/#breadcrumb\"},\"inLanguage\":\"es\",\"potentialAction\":[{\"@type\":\"ReadAction\",\"target\":[\"https:\/\/www.polynt.com\/es\/sustainability\/hse-quality-certification\/environment\/\"]}]},{\"@type\":\"BreadcrumbList\",\"@id\":\"https:\/\/www.polynt.com\/es\/sustainability\/hse-quality-certification\/environment\/#breadcrumb\",\"itemListElement\":[{\"@type\":\"ListItem\",\"position\":1,\"name\":\"Home\",\"item\":\"https:\/\/www.polynt.com\/es\/\"},{\"@type\":\"ListItem\",\"position\":2,\"name\":\"Sustainability\",\"item\":\"https:\/\/www.polynt.com\/es\/sustainability\/\"},{\"@type\":\"ListItem\",\"position\":3,\"name\":\"HSE, Quality &#038; Certification\",\"item\":\"https:\/\/www.polynt.com\/es\/sustainability\/hse-quality-certification\/\"},{\"@type\":\"ListItem\",\"position\":4,\"name\":\"Medioambiente\"}]},{\"@type\":\"WebSite\",\"@id\":\"https:\/\/www.polynt.com\/#website\",\"url\":\"https:\/\/www.polynt.com\/\",\"name\":\"Polynt\",\"description\":\"Un nuovo sito targato WordPress\",\"potentialAction\":[{\"@type\":\"SearchAction\",\"target\":{\"@type\":\"EntryPoint\",\"urlTemplate\":\"https:\/\/www.polynt.com\/?s={search_term_string}\"},\"query-input\":{\"@type\":\"PropertyValueSpecification\",\"valueRequired\":true,\"valueName\":\"search_term_string\"}}],\"inLanguage\":\"es\"}]}<\/script>\n<!-- \/ Yoast SEO plugin. -->","yoast_head_json":{"title":"Medioambiente - Polynt","robots":{"index":"index","follow":"follow","max-snippet":"max-snippet:-1","max-image-preview":"max-image-preview:large","max-video-preview":"max-video-preview:-1"},"canonical":"https:\/\/www.polynt.com\/es\/sustainability\/hse-quality-certification\/environment\/","og_locale":"es_ES","og_type":"article","og_title":"Medioambiente - Polynt","og_description":"Un cuidado estricto del planeta El Sistema de Gesti\u00f3n Ambiental (\u00abSGA\u00bb) es el instrumento utilizado por la compa\u00f1\u00eda para identificar, &hellip;","og_url":"https:\/\/www.polynt.com\/es\/sustainability\/hse-quality-certification\/environment\/","og_site_name":"Polynt","article_modified_time":"2023-05-23T09:14:13+00:00","twitter_card":"summary_large_image","schema":{"@context":"https:\/\/schema.org","@graph":[{"@type":"WebPage","@id":"https:\/\/www.polynt.com\/es\/sustainability\/hse-quality-certification\/environment\/","url":"https:\/\/www.polynt.com\/es\/sustainability\/hse-quality-certification\/environment\/","name":"Medioambiente - Polynt","isPartOf":{"@id":"https:\/\/www.polynt.com\/#website"},"datePublished":"2016-11-08T14:35:49+00:00","dateModified":"2023-05-23T09:14:13+00:00","breadcrumb":{"@id":"https:\/\/www.polynt.com\/es\/sustainability\/hse-quality-certification\/environment\/#breadcrumb"},"inLanguage":"es","potentialAction":[{"@type":"ReadAction","target":["https:\/\/www.polynt.com\/es\/sustainability\/hse-quality-certification\/environment\/"]}]},{"@type":"BreadcrumbList","@id":"https:\/\/www.polynt.com\/es\/sustainability\/hse-quality-certification\/environment\/#breadcrumb","itemListElement":[{"@type":"ListItem","position":1,"name":"Home","item":"https:\/\/www.polynt.com\/es\/"},{"@type":"ListItem","position":2,"name":"Sustainability","item":"https:\/\/www.polynt.com\/es\/sustainability\/"},{"@type":"ListItem","position":3,"name":"HSE, Quality &#038; Certification","item":"https:\/\/www.polynt.com\/es\/sustainability\/hse-quality-certification\/"},{"@type":"ListItem","position":4,"name":"Medioambiente"}]},{"@type":"WebSite","@id":"https:\/\/www.polynt.com\/#website","url":"https:\/\/www.polynt.com\/","name":"Polynt","description":"Un nuovo sito targato WordPress","potentialAction":[{"@type":"SearchAction","target":{"@type":"EntryPoint","urlTemplate":"https:\/\/www.polynt.com\/?s={search_term_string}"},"query-input":{"@type":"PropertyValueSpecification","valueRequired":true,"valueName":"search_term_string"}}],"inLanguage":"es"}]}},"_links":{"self":[{"href":"https:\/\/www.polynt.com\/es\/wp-json\/wp\/v2\/pages\/10716","targetHints":{"allow":["GET"]}}],"collection":[{"href":"https:\/\/www.polynt.com\/es\/wp-json\/wp\/v2\/pages"}],"about":[{"href":"https:\/\/www.polynt.com\/es\/wp-json\/wp\/v2\/types\/page"}],"author":[{"embeddable":true,"href":"https:\/\/www.polynt.com\/es\/wp-json\/wp\/v2\/users\/1"}],"replies":[{"embeddable":true,"href":"https:\/\/www.polynt.com\/es\/wp-json\/wp\/v2\/comments?post=10716"}],"version-history":[{"count":17,"href":"https:\/\/www.polynt.com\/es\/wp-json\/wp\/v2\/pages\/10716\/revisions"}],"predecessor-version":[{"id":28096,"href":"https:\/\/www.polynt.com\/es\/wp-json\/wp\/v2\/pages\/10716\/revisions\/28096"}],"up":[{"embeddable":true,"href":"https:\/\/www.polynt.com\/es\/wp-json\/wp\/v2\/pages\/10702"}],"wp:attachment":[{"href":"https:\/\/www.polynt.com\/es\/wp-json\/wp\/v2\/media?parent=10716"}],"curies":[{"name":"wp","href":"https:\/\/api.w.org\/{rel}","templated":true}]}}