{"id":11024,"date":"2017-10-18T16:32:19","date_gmt":"2017-10-18T14:32:19","guid":{"rendered":"http:\/\/www.polynt.com\/info-financiere\/"},"modified":"2021-11-09T12:18:47","modified_gmt":"2021-11-09T11:18:47","slug":"info-financiere","status":"publish","type":"page","link":"https:\/\/www.polynt.com\/es\/info-financiere\/","title":{"rendered":"Informaci\u00f3n corporativa"},"content":{"rendered":"<h1>Nuestro negocio de \u00e9xito<\/h1>\n<p>Una larga historia de m\u00e1s de medio siglo: fue fundada en 1955 en el complejo industrial de Scanzorosciate, B\u00e9rgamo, y hoy en d\u00eda se halla presente en cuatro continentes gracias a la adquisisi\u00f3n de compa\u00f1\u00edas l\u00edderes en el sector qu\u00edmico. Polynt Group, compa\u00f1\u00eda l\u00edder en el mercado de intermedios para pol\u00edmeros, centra sus actividades en el crecimiento dentro de sus propios mercados, incluidos los paises en desarrollo.<\/p>\n","protected":false},"excerpt":{"rendered":"<p>Nuestro negocio de \u00e9xito Una larga historia de m\u00e1s de medio siglo: fue fundada en 1955 en el complejo industrial &hellip;<\/p>\n","protected":false},"author":2,"featured_media":0,"parent":0,"menu_order":0,"comment_status":"closed","ping_status":"closed","template":"template-financial-info-main.php","meta":{"footnotes":""},"class_list":["post-11024","page","type-page","status-publish","hentry","odd"],"yoast_head":"<!-- This site is optimized with the Yoast SEO plugin v24.8.1 - https:\/\/yoast.com\/wordpress\/plugins\/seo\/ -->\n<title>Informaci\u00f3n corporativa - Polynt<\/title>\n<meta name=\"robots\" content=\"index, follow, max-snippet:-1, max-image-preview:large, max-video-preview:-1\" \/>\n<link rel=\"canonical\" href=\"https:\/\/www.polynt.com\/es\/info-financiere\/\" \/>\n<meta property=\"og:locale\" content=\"es_ES\" \/>\n<meta property=\"og:type\" content=\"article\" \/>\n<meta property=\"og:title\" content=\"Informaci\u00f3n corporativa - Polynt\" \/>\n<meta property=\"og:description\" content=\"Nuestro negocio de \u00e9xito Una larga historia de m\u00e1s de medio siglo: fue fundada en 1955 en el complejo industrial &hellip;\" \/>\n<meta property=\"og:url\" content=\"https:\/\/www.polynt.com\/es\/info-financiere\/\" \/>\n<meta property=\"og:site_name\" content=\"Polynt\" \/>\n<meta property=\"article:modified_time\" content=\"2021-11-09T11:18:47+00:00\" \/>\n<meta name=\"twitter:card\" content=\"summary_large_image\" \/>\n<script type=\"application\/ld+json\" class=\"yoast-schema-graph\">{\"@context\":\"https:\/\/schema.org\",\"@graph\":[{\"@type\":\"WebPage\",\"@id\":\"https:\/\/www.polynt.com\/es\/info-financiere\/\",\"url\":\"https:\/\/www.polynt.com\/es\/info-financiere\/\",\"name\":\"Informaci\u00f3n corporativa - Polynt\",\"isPartOf\":{\"@id\":\"https:\/\/www.polynt.com\/#website\"},\"datePublished\":\"2017-10-18T14:32:19+00:00\",\"dateModified\":\"2021-11-09T11:18:47+00:00\",\"breadcrumb\":{\"@id\":\"https:\/\/www.polynt.com\/es\/info-financiere\/#breadcrumb\"},\"inLanguage\":\"es\",\"potentialAction\":[{\"@type\":\"ReadAction\",\"target\":[\"https:\/\/www.polynt.com\/es\/info-financiere\/\"]}]},{\"@type\":\"BreadcrumbList\",\"@id\":\"https:\/\/www.polynt.com\/es\/info-financiere\/#breadcrumb\",\"itemListElement\":[{\"@type\":\"ListItem\",\"position\":1,\"name\":\"Home\",\"item\":\"https:\/\/www.polynt.com\/es\/\"},{\"@type\":\"ListItem\",\"position\":2,\"name\":\"Informaci\u00f3n corporativa\"}]},{\"@type\":\"WebSite\",\"@id\":\"https:\/\/www.polynt.com\/#website\",\"url\":\"https:\/\/www.polynt.com\/\",\"name\":\"Polynt\",\"description\":\"Un nuovo sito targato WordPress\",\"potentialAction\":[{\"@type\":\"SearchAction\",\"target\":{\"@type\":\"EntryPoint\",\"urlTemplate\":\"https:\/\/www.polynt.com\/?s={search_term_string}\"},\"query-input\":{\"@type\":\"PropertyValueSpecification\",\"valueRequired\":true,\"valueName\":\"search_term_string\"}}],\"inLanguage\":\"es\"}]}<\/script>\n<!-- \/ Yoast SEO plugin. -->","yoast_head_json":{"title":"Informaci\u00f3n corporativa - Polynt","robots":{"index":"index","follow":"follow","max-snippet":"max-snippet:-1","max-image-preview":"max-image-preview:large","max-video-preview":"max-video-preview:-1"},"canonical":"https:\/\/www.polynt.com\/es\/info-financiere\/","og_locale":"es_ES","og_type":"article","og_title":"Informaci\u00f3n corporativa - Polynt","og_description":"Nuestro negocio de \u00e9xito Una larga historia de m\u00e1s de medio siglo: fue fundada en 1955 en el complejo industrial &hellip;","og_url":"https:\/\/www.polynt.com\/es\/info-financiere\/","og_site_name":"Polynt","article_modified_time":"2021-11-09T11:18:47+00:00","twitter_card":"summary_large_image","schema":{"@context":"https:\/\/schema.org","@graph":[{"@type":"WebPage","@id":"https:\/\/www.polynt.com\/es\/info-financiere\/","url":"https:\/\/www.polynt.com\/es\/info-financiere\/","name":"Informaci\u00f3n corporativa - Polynt","isPartOf":{"@id":"https:\/\/www.polynt.com\/#website"},"datePublished":"2017-10-18T14:32:19+00:00","dateModified":"2021-11-09T11:18:47+00:00","breadcrumb":{"@id":"https:\/\/www.polynt.com\/es\/info-financiere\/#breadcrumb"},"inLanguage":"es","potentialAction":[{"@type":"ReadAction","target":["https:\/\/www.polynt.com\/es\/info-financiere\/"]}]},{"@type":"BreadcrumbList","@id":"https:\/\/www.polynt.com\/es\/info-financiere\/#breadcrumb","itemListElement":[{"@type":"ListItem","position":1,"name":"Home","item":"https:\/\/www.polynt.com\/es\/"},{"@type":"ListItem","position":2,"name":"Informaci\u00f3n corporativa"}]},{"@type":"WebSite","@id":"https:\/\/www.polynt.com\/#website","url":"https:\/\/www.polynt.com\/","name":"Polynt","description":"Un nuovo sito targato WordPress","potentialAction":[{"@type":"SearchAction","target":{"@type":"EntryPoint","urlTemplate":"https:\/\/www.polynt.com\/?s={search_term_string}"},"query-input":{"@type":"PropertyValueSpecification","valueRequired":true,"valueName":"search_term_string"}}],"inLanguage":"es"}]}},"_links":{"self":[{"href":"https:\/\/www.polynt.com\/es\/wp-json\/wp\/v2\/pages\/11024","targetHints":{"allow":["GET"]}}],"collection":[{"href":"https:\/\/www.polynt.com\/es\/wp-json\/wp\/v2\/pages"}],"about":[{"href":"https:\/\/www.polynt.com\/es\/wp-json\/wp\/v2\/types\/page"}],"author":[{"embeddable":true,"href":"https:\/\/www.polynt.com\/es\/wp-json\/wp\/v2\/users\/2"}],"replies":[{"embeddable":true,"href":"https:\/\/www.polynt.com\/es\/wp-json\/wp\/v2\/comments?post=11024"}],"version-history":[{"count":3,"href":"https:\/\/www.polynt.com\/es\/wp-json\/wp\/v2\/pages\/11024\/revisions"}],"predecessor-version":[{"id":22883,"href":"https:\/\/www.polynt.com\/es\/wp-json\/wp\/v2\/pages\/11024\/revisions\/22883"}],"wp:attachment":[{"href":"https:\/\/www.polynt.com\/es\/wp-json\/wp\/v2\/media?parent=11024"}],"curies":[{"name":"wp","href":"https:\/\/api.w.org\/{rel}","templated":true}]}}