{"id":11028,"date":"2016-12-07T16:22:06","date_gmt":"2016-12-07T15:22:06","guid":{"rendered":"http:\/\/www.polynt.com\/info-financiere\/executive-summary\/"},"modified":"2023-11-08T14:24:49","modified_gmt":"2023-11-08T13:24:49","slug":"executive-summary","status":"publish","type":"page","link":"https:\/\/www.polynt.com\/es\/info-financiere\/executive-summary\/","title":{"rendered":"Resumen ejecutivo"},"content":{"rendered":"<h2>Los principales hitos de nuestra historia<\/h2>\n<p><strong>Polynt<\/strong> fue creado en 1955 en la zona industrial de Scanzorosciate (B\u00e9rgamo), donde se localizan actualmente las oficinas centrales del grupo. Polynt es uno de los productores l\u00edderes de<strong> intermediaros qu\u00edmicos de pol\u00edmeros espec\u00edficos<\/strong>, tales como <strong>anh\u00eddridos<\/strong> (maleico, ft\u00e1lico y trimel\u00edtico) y sus <strong>derivados<\/strong> (p.ej.: plastificantes), <strong>\u00e1cidos dib\u00e1sicos<\/strong> (fum\u00e1rico y m\u00e1lico), <strong>resinas de poli\u00e9ster insaturadas<\/strong>, <strong>compuestos<\/strong> y <strong>esteres especiales<\/strong>. Estos productos pertenecen a la amplia categor\u00eda de <strong>intermedios qu\u00edmicos<\/strong>, es decir, se sit\u00faan en el medio de la cadena que comienza con el refinado de petr\u00f3leo, seguido por la producci\u00f3n y hasta la venta y distribuci\u00f3n en el mercado de los productos acabados. Los productos se utilizan en la <strong>producci\u00f3n de pl\u00e1sticos, pinturas, tintas y adhesivos, materiales y componentes el\u00e9ctricos y electr\u00f3nicos, papel y lubricantes<\/strong>. Los compuestos se utilizan en el transporte, la construcci\u00f3n y las industrias el\u00e9ctricas. M\u00e1s mercados son los sectores <strong>alimentario, alimenticio y de perfumer\u00eda<\/strong>.<\/p>\n<p>Las actividades de la compa\u00f1\u00eda incluyen la <strong>investigaci\u00f3n y desarrollo<\/strong>, producci\u00f3n, <strong>comercializaci\u00f3n y ventas<\/strong>. Polynt desarrolla tecnolog\u00edas que se utilizan internamente para la producci\u00f3n, al igual que licenciadas a terceros.<\/p>\n<p>Adem\u00e1s de las <strong>seis zonas industriales italianas<\/strong> (Brembate, Cavagli\u00e0, Parma, Ravenna, Scanzorosciate y San Giovanni Valdarno), Polynt se halla presente en los mercados internacionales a trav\u00e9s de su red de <strong>filiales operativas y comerciales en Europa<\/strong> (Noruega, Reino Unido, Espa\u00f1a, Francia, Alemania, Polonia), <strong>Asia<\/strong> (China, Corea, India, Malasia) y <strong>Am\u00e9rica<\/strong> (Canad\u00e1, Estados Unidos, M\u00e9xico y Brasil).<\/p>\n<p>Esta expansi\u00f3n geogr\u00e1fica se ha conseguido tanto por la adquisici\u00f3n de negocios ya existentes como por la creaci\u00f3n de nuevas instalaciones operativas.<\/p>\n<p>En 2001, Polynt adquiri\u00f3 <strong>Lonza Compounds Verwaltungs y Lonza GmbH<\/strong>, dos compa\u00f1\u00edas con sede en Miehlen (Alemania).<\/p>\n<p>En 2006, se cre\u00f3 una compa\u00f1\u00eda en <strong>Polonia<\/strong> y comenz\u00f3 la construcci\u00f3n de una zona industrial operativa\u00a0 cerca de Cracovia para la <strong>producci\u00f3n de resinas y compuestos\u00a0 de poli\u00e9ster<\/strong>.<\/p>\n<p>En 2006, Lonza S.p.A. cambi\u00f3 su nombre a <strong>Polynt S.p.A.<\/strong> El 30 de octubre del mismo a\u00f1o, las acciones de la compa\u00f1\u00eda cotizaron en el segmento STAR de la Bolsa italiana.<\/p>\n<p>En marzo de 2007, se cre\u00f3 <strong>Polynt Chemical (Changzhou) Co. Ltd.<\/strong> en la provincia china de Jiangsu. En junio del mismo a\u00f1o, esta compa\u00f1\u00eda adquiri\u00f3 una compa\u00f1\u00eda activa en la producci\u00f3n y venta de <strong>anh\u00eddrido trimel\u00edtico<\/strong>n y en febrero de 2021 la f\u00e1brica fue cerrada.<\/p>\n<p>En el mismo a\u00f1o, se adquiri\u00f3 una empresa de plastificantes especiales, dirigida por una filial comercial en <strong>Hong Kong<\/strong>.<\/p>\n<p>Durante los siguientes a\u00f1os, Polynt construy\u00f3 dos nuevas plantas de producci\u00f3n en China dedicadas a la producci\u00f3n de <strong>plastificantes especiales y anh\u00eddridos especiales<\/strong>.<\/p>\n<p>En 2008, tras la oferta p\u00fablica de adquisici\u00f3n, Polynt fue absorbida por <strong>Polimeri Speciali S.p.A.<\/strong>, controlada indirectamente por <strong>InvestIndustrial<\/strong>, empresa l\u00edder de fondos de inversi\u00f3n privados.<\/p>\n<p>En el mismo a\u00f1o, la compa\u00f1\u00eda dejo de cotizar en la Bolsa de Mil\u00e1n despu\u00e9s de que sus acciones subieran un 104%, comparado al precio inicial de salida.<\/p>\n<p>En agosto de 2008, Polynt adquiri\u00f3 el 100% de <strong>Chemial Group<\/strong>, l\u00edder en el campo de productos qu\u00edmicos especiales para los sectores alimentarios, alimenticios y el sector de perfumer\u00eda y, funcionando a trav\u00e9s de sus dos compa\u00f1\u00edas en Inglaterra e Italia.<\/p>\n<p>En septiembre de 2008, se hizo efectiva la fusi\u00f3n de <strong>Polynt S.p.A. con Polimeri Speciali SpA<\/strong>.<\/p>\n<p>Polimeri Speciali cambi\u00f3 su nombre a Polynt S.p.A.<\/p>\n<p>En 2011, el accionista mayoritario de Polynt, ahora llamada <strong>Polynt Group Sarl<\/strong>, adquiri\u00f3 las actividades de <strong>Momentive Specialty Chemicals Inc.<\/strong>, en Estados Unidos, que operaba en el campo de los compuestos y resinas para pinturas y contaba con cuatro zonas industriales de fabricaci\u00f3n en EEUU.<\/p>\n<p>Polynt S.p.A. se benefici\u00f3 de la colaboraci\u00f3n con esta compa\u00f1\u00eda de la que, m\u00e1s adelante, adquiri\u00f3 una participaci\u00f3n minoritaria.<\/p>\n<p>En 2012, se pone en marcha Polynt France Sarl. La compa\u00f1\u00eda, con sede en Lyon, comercializa y vende los productos del grupo en el Mercado franc\u00e9s.<\/p>\n<p>En 2013, se pone en marcha <strong>Polynt Iberica SL<\/strong> para dirigir, a trav\u00e9s de su oficina en Barcelona, la comercializaci\u00f3n y venta de los productos del grupo en Espa\u00f1a y Portugal. En junio de 2018 la empresa fue cerrada.<\/p>\n<p>En diciembre de 2014, el grupo finaliza la adquisici\u00f3n a Total S.A. de las compa\u00f1\u00edas pertenecientes a CCP Composites Division funcionando en la industria de resina de poli\u00e9ster insaturada, gelcoats y vinilos, con 26 ubicaciones en Europa, Am\u00e9rica, Asia y Australia y, aproximadamente, 800 empleados.<\/p>\n<p>En Mayo de 2017 se concluy\u00f3 la fusi\u00f3n <strong>Polynt-Reichhold<\/strong>. Este nuevo Grupo constituido es una <strong>empresa global<\/strong> que opera en los negocios de Intermedios, Resinas para Composites y Recubrimientos, Composites Termoestables, Gel-Coats y Especialidades.<\/p>\n<p>A partir de hoy, nuestro Grupo est\u00e1 controlado por fondos de capital privado gestionados por <strong>Black Diamond Capital Management<\/strong>, una firma l\u00edder en gesti\u00f3n de activos de Estados Unidos.<\/p>\n<p>Polynt es ahora l\u00edder en nichos de mercado especiales y ocupa una posici\u00f3n ideal para beneficiarse del crecimiento esperado en los mercados objeto.<\/p>\n","protected":false},"excerpt":{"rendered":"<p>Los principales hitos de nuestra historia Polynt fue creado en 1955 en la zona industrial de Scanzorosciate (B\u00e9rgamo), donde se &hellip;<\/p>\n","protected":false},"author":1,"featured_media":0,"parent":11024,"menu_order":0,"comment_status":"closed","ping_status":"closed","template":"template-financial-info-single.php","meta":{"footnotes":""},"class_list":["post-11028","page","type-page","status-publish","hentry","odd"],"yoast_head":"<!-- This site is optimized with the Yoast SEO plugin v24.8.1 - https:\/\/yoast.com\/wordpress\/plugins\/seo\/ -->\n<title>Resumen ejecutivo - Polynt<\/title>\n<meta name=\"robots\" content=\"index, follow, max-snippet:-1, max-image-preview:large, max-video-preview:-1\" \/>\n<link rel=\"canonical\" href=\"https:\/\/www.polynt.com\/es\/info-financiere\/executive-summary\/\" \/>\n<meta property=\"og:locale\" content=\"es_ES\" \/>\n<meta property=\"og:type\" content=\"article\" \/>\n<meta property=\"og:title\" content=\"Resumen ejecutivo - Polynt\" \/>\n<meta property=\"og:description\" content=\"Los principales hitos de nuestra historia Polynt fue creado en 1955 en la zona industrial de Scanzorosciate (B\u00e9rgamo), donde se &hellip;\" \/>\n<meta property=\"og:url\" content=\"https:\/\/www.polynt.com\/es\/info-financiere\/executive-summary\/\" \/>\n<meta property=\"og:site_name\" content=\"Polynt\" \/>\n<meta property=\"article:modified_time\" content=\"2023-11-08T13:24:49+00:00\" \/>\n<meta name=\"twitter:card\" content=\"summary_large_image\" \/>\n<meta name=\"twitter:label1\" content=\"Tiempo de lectura\" \/>\n\t<meta name=\"twitter:data1\" content=\"4 minutos\" \/>\n<script type=\"application\/ld+json\" class=\"yoast-schema-graph\">{\"@context\":\"https:\/\/schema.org\",\"@graph\":[{\"@type\":\"WebPage\",\"@id\":\"https:\/\/www.polynt.com\/es\/info-financiere\/executive-summary\/\",\"url\":\"https:\/\/www.polynt.com\/es\/info-financiere\/executive-summary\/\",\"name\":\"Resumen ejecutivo - Polynt\",\"isPartOf\":{\"@id\":\"https:\/\/www.polynt.com\/#website\"},\"datePublished\":\"2016-12-07T15:22:06+00:00\",\"dateModified\":\"2023-11-08T13:24:49+00:00\",\"breadcrumb\":{\"@id\":\"https:\/\/www.polynt.com\/es\/info-financiere\/executive-summary\/#breadcrumb\"},\"inLanguage\":\"es\",\"potentialAction\":[{\"@type\":\"ReadAction\",\"target\":[\"https:\/\/www.polynt.com\/es\/info-financiere\/executive-summary\/\"]}]},{\"@type\":\"BreadcrumbList\",\"@id\":\"https:\/\/www.polynt.com\/es\/info-financiere\/executive-summary\/#breadcrumb\",\"itemListElement\":[{\"@type\":\"ListItem\",\"position\":1,\"name\":\"Home\",\"item\":\"https:\/\/www.polynt.com\/es\/\"},{\"@type\":\"ListItem\",\"position\":2,\"name\":\"Informaci\u00f3n corporativa\",\"item\":\"https:\/\/www.polynt.com\/es\/info-financiere\/\"},{\"@type\":\"ListItem\",\"position\":3,\"name\":\"Resumen ejecutivo\"}]},{\"@type\":\"WebSite\",\"@id\":\"https:\/\/www.polynt.com\/#website\",\"url\":\"https:\/\/www.polynt.com\/\",\"name\":\"Polynt\",\"description\":\"Un nuovo sito targato WordPress\",\"potentialAction\":[{\"@type\":\"SearchAction\",\"target\":{\"@type\":\"EntryPoint\",\"urlTemplate\":\"https:\/\/www.polynt.com\/?s={search_term_string}\"},\"query-input\":{\"@type\":\"PropertyValueSpecification\",\"valueRequired\":true,\"valueName\":\"search_term_string\"}}],\"inLanguage\":\"es\"}]}<\/script>\n<!-- \/ Yoast SEO plugin. -->","yoast_head_json":{"title":"Resumen ejecutivo - Polynt","robots":{"index":"index","follow":"follow","max-snippet":"max-snippet:-1","max-image-preview":"max-image-preview:large","max-video-preview":"max-video-preview:-1"},"canonical":"https:\/\/www.polynt.com\/es\/info-financiere\/executive-summary\/","og_locale":"es_ES","og_type":"article","og_title":"Resumen ejecutivo - Polynt","og_description":"Los principales hitos de nuestra historia Polynt fue creado en 1955 en la zona industrial de Scanzorosciate (B\u00e9rgamo), donde se &hellip;","og_url":"https:\/\/www.polynt.com\/es\/info-financiere\/executive-summary\/","og_site_name":"Polynt","article_modified_time":"2023-11-08T13:24:49+00:00","twitter_card":"summary_large_image","twitter_misc":{"Tiempo de lectura":"4 minutos"},"schema":{"@context":"https:\/\/schema.org","@graph":[{"@type":"WebPage","@id":"https:\/\/www.polynt.com\/es\/info-financiere\/executive-summary\/","url":"https:\/\/www.polynt.com\/es\/info-financiere\/executive-summary\/","name":"Resumen ejecutivo - Polynt","isPartOf":{"@id":"https:\/\/www.polynt.com\/#website"},"datePublished":"2016-12-07T15:22:06+00:00","dateModified":"2023-11-08T13:24:49+00:00","breadcrumb":{"@id":"https:\/\/www.polynt.com\/es\/info-financiere\/executive-summary\/#breadcrumb"},"inLanguage":"es","potentialAction":[{"@type":"ReadAction","target":["https:\/\/www.polynt.com\/es\/info-financiere\/executive-summary\/"]}]},{"@type":"BreadcrumbList","@id":"https:\/\/www.polynt.com\/es\/info-financiere\/executive-summary\/#breadcrumb","itemListElement":[{"@type":"ListItem","position":1,"name":"Home","item":"https:\/\/www.polynt.com\/es\/"},{"@type":"ListItem","position":2,"name":"Informaci\u00f3n corporativa","item":"https:\/\/www.polynt.com\/es\/info-financiere\/"},{"@type":"ListItem","position":3,"name":"Resumen ejecutivo"}]},{"@type":"WebSite","@id":"https:\/\/www.polynt.com\/#website","url":"https:\/\/www.polynt.com\/","name":"Polynt","description":"Un nuovo sito targato WordPress","potentialAction":[{"@type":"SearchAction","target":{"@type":"EntryPoint","urlTemplate":"https:\/\/www.polynt.com\/?s={search_term_string}"},"query-input":{"@type":"PropertyValueSpecification","valueRequired":true,"valueName":"search_term_string"}}],"inLanguage":"es"}]}},"_links":{"self":[{"href":"https:\/\/www.polynt.com\/es\/wp-json\/wp\/v2\/pages\/11028","targetHints":{"allow":["GET"]}}],"collection":[{"href":"https:\/\/www.polynt.com\/es\/wp-json\/wp\/v2\/pages"}],"about":[{"href":"https:\/\/www.polynt.com\/es\/wp-json\/wp\/v2\/types\/page"}],"author":[{"embeddable":true,"href":"https:\/\/www.polynt.com\/es\/wp-json\/wp\/v2\/users\/1"}],"replies":[{"embeddable":true,"href":"https:\/\/www.polynt.com\/es\/wp-json\/wp\/v2\/comments?post=11028"}],"version-history":[{"count":14,"href":"https:\/\/www.polynt.com\/es\/wp-json\/wp\/v2\/pages\/11028\/revisions"}],"predecessor-version":[{"id":29042,"href":"https:\/\/www.polynt.com\/es\/wp-json\/wp\/v2\/pages\/11028\/revisions\/29042"}],"up":[{"embeddable":true,"href":"https:\/\/www.polynt.com\/es\/wp-json\/wp\/v2\/pages\/11024"}],"wp:attachment":[{"href":"https:\/\/www.polynt.com\/es\/wp-json\/wp\/v2\/media?parent=11028"}],"curies":[{"name":"wp","href":"https:\/\/api.w.org\/{rel}","templated":true}]}}