{"id":11038,"date":"2016-12-07T17:11:32","date_gmt":"2016-12-07T16:11:32","guid":{"rendered":"http:\/\/www.polynt.com\/info-financiere\/azionisti\/"},"modified":"2025-09-25T13:07:00","modified_gmt":"2025-09-25T11:07:00","slug":"azionisti","status":"publish","type":"page","link":"https:\/\/www.polynt.com\/es\/info-financiere\/azionisti\/","title":{"rendered":"Accionistas"},"content":{"rendered":"<p>Black Diamond Capital Management es una empresa privada l\u00edder en gesti\u00f3n de activos alternativos con m\u00e1s de $ 9 mil millones en activos bajo su direcci\u00f3n. Con control complementario de capital privado\/en dificultades, fondo de cobertura, fondo intermedio, CLO y otros veh\u00edculos estructurados, Black Diamond se especializa en cr\u00e9dito de alto rendimiento, cr\u00e9dito estresado y en dificultades, reestructuraciones y cambios de negocio, seguir centr\u00e1ndose en invertir en valores de renta fija que ofrezcan protecci\u00f3n estructural y tengan activos subyacentes sustanciales. El control de Black Diamond se centra m\u00e1s espec\u00edficamente en empresas de mercado medio con posiciones de liderazgo en el mercado dentro de sus sectores. La Firma emplea un proceso de inversi\u00f3n disciplinado que sintetiza el an\u00e1lisis de cr\u00e9dito ascendente con un conocimiento profundo del sistema de cr\u00e9dito. Fundada en 1995, Black Diamond emplea a 40 profesionales de la inversi\u00f3n y tiene oficinas en Stamford CT, St Thomas USVI y Londres, Inglaterra. Para m\u00e1s informaci\u00f3n, visite <a href=\"http:\/\/www.bdcm.com.\">www.bdcm.com.<\/a><\/p>\n<p><a href=\"https:\/\/www.polynt.com\/wp-content\/uploads\/2025\/09\/new-GROUP-STRUCTURE-effective-22-September-2025.pdf\">Polynt Company Structure<\/a><\/p>\n","protected":false},"excerpt":{"rendered":"<p>Black Diamond Capital Management es una empresa privada l\u00edder en gesti\u00f3n de activos alternativos con m\u00e1s de $ 9 mil &hellip;<\/p>\n","protected":false},"author":1,"featured_media":0,"parent":11024,"menu_order":4,"comment_status":"closed","ping_status":"closed","template":"template-financial-info-single.php","meta":{"footnotes":""},"class_list":["post-11038","page","type-page","status-publish","hentry","odd"],"yoast_head":"<!-- This site is optimized with the Yoast SEO plugin v24.8.1 - https:\/\/yoast.com\/wordpress\/plugins\/seo\/ -->\n<title>Accionistas - Polynt<\/title>\n<meta name=\"robots\" content=\"index, follow, max-snippet:-1, max-image-preview:large, max-video-preview:-1\" \/>\n<link rel=\"canonical\" href=\"https:\/\/www.polynt.com\/es\/info-financiere\/azionisti\/\" \/>\n<meta property=\"og:locale\" content=\"es_ES\" \/>\n<meta property=\"og:type\" content=\"article\" \/>\n<meta property=\"og:title\" content=\"Accionistas - Polynt\" \/>\n<meta property=\"og:description\" content=\"Black Diamond Capital Management es una empresa privada l\u00edder en gesti\u00f3n de activos alternativos con m\u00e1s de $ 9 mil &hellip;\" \/>\n<meta property=\"og:url\" content=\"https:\/\/www.polynt.com\/es\/info-financiere\/azionisti\/\" \/>\n<meta property=\"og:site_name\" content=\"Polynt\" \/>\n<meta property=\"article:modified_time\" content=\"2025-09-25T11:07:00+00:00\" \/>\n<meta name=\"twitter:card\" content=\"summary_large_image\" \/>\n<meta name=\"twitter:label1\" content=\"Tiempo de lectura\" \/>\n\t<meta name=\"twitter:data1\" content=\"1 minuto\" \/>\n<script type=\"application\/ld+json\" class=\"yoast-schema-graph\">{\"@context\":\"https:\/\/schema.org\",\"@graph\":[{\"@type\":\"WebPage\",\"@id\":\"https:\/\/www.polynt.com\/es\/info-financiere\/azionisti\/\",\"url\":\"https:\/\/www.polynt.com\/es\/info-financiere\/azionisti\/\",\"name\":\"Accionistas - Polynt\",\"isPartOf\":{\"@id\":\"https:\/\/www.polynt.com\/#website\"},\"datePublished\":\"2016-12-07T16:11:32+00:00\",\"dateModified\":\"2025-09-25T11:07:00+00:00\",\"breadcrumb\":{\"@id\":\"https:\/\/www.polynt.com\/es\/info-financiere\/azionisti\/#breadcrumb\"},\"inLanguage\":\"es\",\"potentialAction\":[{\"@type\":\"ReadAction\",\"target\":[\"https:\/\/www.polynt.com\/es\/info-financiere\/azionisti\/\"]}]},{\"@type\":\"BreadcrumbList\",\"@id\":\"https:\/\/www.polynt.com\/es\/info-financiere\/azionisti\/#breadcrumb\",\"itemListElement\":[{\"@type\":\"ListItem\",\"position\":1,\"name\":\"Home\",\"item\":\"https:\/\/www.polynt.com\/es\/\"},{\"@type\":\"ListItem\",\"position\":2,\"name\":\"Informaci\u00f3n corporativa\",\"item\":\"https:\/\/www.polynt.com\/es\/info-financiere\/\"},{\"@type\":\"ListItem\",\"position\":3,\"name\":\"Accionistas\"}]},{\"@type\":\"WebSite\",\"@id\":\"https:\/\/www.polynt.com\/#website\",\"url\":\"https:\/\/www.polynt.com\/\",\"name\":\"Polynt\",\"description\":\"Un nuovo sito targato WordPress\",\"potentialAction\":[{\"@type\":\"SearchAction\",\"target\":{\"@type\":\"EntryPoint\",\"urlTemplate\":\"https:\/\/www.polynt.com\/?s={search_term_string}\"},\"query-input\":{\"@type\":\"PropertyValueSpecification\",\"valueRequired\":true,\"valueName\":\"search_term_string\"}}],\"inLanguage\":\"es\"}]}<\/script>\n<!-- \/ Yoast SEO plugin. -->","yoast_head_json":{"title":"Accionistas - Polynt","robots":{"index":"index","follow":"follow","max-snippet":"max-snippet:-1","max-image-preview":"max-image-preview:large","max-video-preview":"max-video-preview:-1"},"canonical":"https:\/\/www.polynt.com\/es\/info-financiere\/azionisti\/","og_locale":"es_ES","og_type":"article","og_title":"Accionistas - Polynt","og_description":"Black Diamond Capital Management es una empresa privada l\u00edder en gesti\u00f3n de activos alternativos con m\u00e1s de $ 9 mil &hellip;","og_url":"https:\/\/www.polynt.com\/es\/info-financiere\/azionisti\/","og_site_name":"Polynt","article_modified_time":"2025-09-25T11:07:00+00:00","twitter_card":"summary_large_image","twitter_misc":{"Tiempo de lectura":"1 minuto"},"schema":{"@context":"https:\/\/schema.org","@graph":[{"@type":"WebPage","@id":"https:\/\/www.polynt.com\/es\/info-financiere\/azionisti\/","url":"https:\/\/www.polynt.com\/es\/info-financiere\/azionisti\/","name":"Accionistas - Polynt","isPartOf":{"@id":"https:\/\/www.polynt.com\/#website"},"datePublished":"2016-12-07T16:11:32+00:00","dateModified":"2025-09-25T11:07:00+00:00","breadcrumb":{"@id":"https:\/\/www.polynt.com\/es\/info-financiere\/azionisti\/#breadcrumb"},"inLanguage":"es","potentialAction":[{"@type":"ReadAction","target":["https:\/\/www.polynt.com\/es\/info-financiere\/azionisti\/"]}]},{"@type":"BreadcrumbList","@id":"https:\/\/www.polynt.com\/es\/info-financiere\/azionisti\/#breadcrumb","itemListElement":[{"@type":"ListItem","position":1,"name":"Home","item":"https:\/\/www.polynt.com\/es\/"},{"@type":"ListItem","position":2,"name":"Informaci\u00f3n corporativa","item":"https:\/\/www.polynt.com\/es\/info-financiere\/"},{"@type":"ListItem","position":3,"name":"Accionistas"}]},{"@type":"WebSite","@id":"https:\/\/www.polynt.com\/#website","url":"https:\/\/www.polynt.com\/","name":"Polynt","description":"Un nuovo sito targato WordPress","potentialAction":[{"@type":"SearchAction","target":{"@type":"EntryPoint","urlTemplate":"https:\/\/www.polynt.com\/?s={search_term_string}"},"query-input":{"@type":"PropertyValueSpecification","valueRequired":true,"valueName":"search_term_string"}}],"inLanguage":"es"}]}},"_links":{"self":[{"href":"https:\/\/www.polynt.com\/es\/wp-json\/wp\/v2\/pages\/11038","targetHints":{"allow":["GET"]}}],"collection":[{"href":"https:\/\/www.polynt.com\/es\/wp-json\/wp\/v2\/pages"}],"about":[{"href":"https:\/\/www.polynt.com\/es\/wp-json\/wp\/v2\/types\/page"}],"author":[{"embeddable":true,"href":"https:\/\/www.polynt.com\/es\/wp-json\/wp\/v2\/users\/1"}],"replies":[{"embeddable":true,"href":"https:\/\/www.polynt.com\/es\/wp-json\/wp\/v2\/comments?post=11038"}],"version-history":[{"count":50,"href":"https:\/\/www.polynt.com\/es\/wp-json\/wp\/v2\/pages\/11038\/revisions"}],"predecessor-version":[{"id":32440,"href":"https:\/\/www.polynt.com\/es\/wp-json\/wp\/v2\/pages\/11038\/revisions\/32440"}],"up":[{"embeddable":true,"href":"https:\/\/www.polynt.com\/es\/wp-json\/wp\/v2\/pages\/11024"}],"wp:attachment":[{"href":"https:\/\/www.polynt.com\/es\/wp-json\/wp\/v2\/media?parent=11038"}],"curies":[{"name":"wp","href":"https:\/\/api.w.org\/{rel}","templated":true}]}}