{"id":21949,"date":"2021-04-30T10:11:09","date_gmt":"2021-04-30T08:11:09","guid":{"rendered":"https:\/\/www.polynt.com\/informativa-privacy-cv\/"},"modified":"2021-04-30T10:16:27","modified_gmt":"2021-04-30T08:16:27","slug":"cv-policy","status":"publish","type":"page","link":"https:\/\/www.polynt.com\/es\/cv-policy\/","title":{"rendered":"CV Policy"},"content":{"rendered":"<h3><span style=\"color: #000080;\"><strong>INFORMATIVA PRIVACY CV<\/strong><\/span><\/h3>\n<p><strong>(ai sensi della normativa nazionale applicabile pro tempore in materia di trattamento dei dati personali nonch\u00e9 ai sensi del Regolamento Europeo 679\/2016 ( di seguito, \u201cGDPR\u201d e collettivamente \u201c Normativa Applicabile\u201d)<\/strong><\/p>\n<p>&nbsp;<\/p>\n<p><strong>Polynt S.p.A., <\/strong>con sede in Scanzorosciate (BG), via Enrico Fermi n. 51, Codice Fiscale 04902660960, P.IVA IT04902660960, in qualit\u00e0 di titolare del trattamento di dati personali (di seguito \u201cTitolare\u201d), le comunica con la suddetta informativa quanto segue.<\/p>\n<p>&nbsp;<\/p>\n<p><strong>1. Per quali finalit\u00e0 sono trattati i miei dati personali?<\/strong><\/p>\n<p>I Suoi dati personali saranno trattati dal Titolare, nell\u2019ambito della propria attivit\u00e0 di selezione del personale, unicamente al fine di valutare l\u2019adeguatezza della Sua candidatura rispetto alla posizione specifica o generica per la quale Lei si \u00e8 candidato ed eventualmente al fine di proporLe un contratto di lavoro.<\/p>\n<p><strong>\u00a0<\/strong><\/p>\n<p><strong>2. Quali sono i miei dati personali oggetto di trattamento?<\/strong><\/p>\n<p>I Suoi dati personali che saranno oggetto di trattamento sono quelli contenuti nel Suo Curriculum Vitae.<\/p>\n<p>In particolare, saranno oggetto di trattamento da parte del Titolare, i dati personali nei limiti strettamente pertinenti agli obblighi, ai compiti ed alle finalit\u00e0 di cui al punto 1.<\/p>\n<p>&nbsp;<\/p>\n<p><strong>3. Quale \u00e8 la base giuridica del trattamento?<\/strong><\/p>\n<p>La base giuridica del trattamento \u00e8 l&#8217;esecuzione di misure precontrattuali adottate su richiesta dell\u2019interessato (Art.6, comma 1, lett. c del GDPR). La informiamo pertanto che, ai fini della liceit\u00e0 del trattamento, non \u00e8 necessario il Suo consenso.<\/p>\n<p>&nbsp;<\/p>\n<p><strong>4. Sono obbligato a fornire i miei dati personali? Cosa succede se non fornisco i miei dati personali?<\/strong><\/p>\n<p>Lei non \u00e8 obbligato a fornire al Titolare i Suoi dati personali.<\/p>\n<p>Nel caso in cui Lei decida di non trasmettere i Suoi dati personali, il Titolare non potr\u00e0 procedere con l\u2019attivit\u00e0 di selezione nei Suoi confronti e la Sua candidatura non verr\u00e0 presa in considerazione ai fini della possibile conclusione di un contratto di lavoro.<\/p>\n<p>&nbsp;<\/p>\n<p><strong>5. Chi sono i destinatari dei miei dati?<\/strong><\/p>\n<p>Il Titolare potr\u00e0 trasmettere i Suoi dati personali ai seguenti destinatari:<\/p>\n<ul>\n<li>Societ\u00e0 terze specializzate nella selezione del personale<\/li>\n<\/ul>\n<p><strong>\u00a0<\/strong><\/p>\n<p><strong>6. Il Titolare, da quali fonti raccoglie i miei dati personali?<\/strong><\/p>\n<p>Il Titolare \u00a0potrebbe\u00a0 raccogliere dati personali che La riguardano direttamente presso fonti pubblicamente accessibili, quali:<\/p>\n<ul>\n<li>Linkedin<\/li>\n<\/ul>\n<p>Il Titolare potrebbe inoltre raccogliere dati personali che la riguardano presso:<\/p>\n<ul>\n<li>Societ\u00e0 terze specializzate nella selezione del personale<\/li>\n<\/ul>\n<p><strong>\u00a0<\/strong><\/p>\n<p><strong>7. I miei dati personali sono oggetto di un procedimento decisionale automatizzato?<\/strong><\/p>\n<p>No, i suoi dati personali riportati nel Suo\u00a0Curriculum Vitae\u00a0non sono oggetto di un procedimento decisionale automatizzato.<\/p>\n<p>&nbsp;<\/p>\n<p><strong>8. Per quanto tempo sono conservati i miei dati?<\/strong><\/p>\n<p>I Suoi dati personali saranno conservati per un periodo massimo di 24 mesi a decorrere dalla data di ricevimento del Suo\u00a0Curriculum Vitae, ovvero da quella dell\u2019ultimo aggiornamento dello stesso da Lei comunicatoci.<\/p>\n<p>&nbsp;<\/p>\n<p><strong>9.\u00a0\u00a0\u00a0\u00a0\u00a0\u00a0\u00a0 Quali sono i miei diritti?<\/strong><\/p>\n<p>Alle condizioni previste \u00a0dalla Normativa Applicabile, Lei ha i seguenti diritti:<\/p>\n<p>(1)\u00a0\u00a0\u00a0\u00a0\u00a0\u00a0\u00a0 il diritto di accedere, in qualunque momento, ai Suoi dati personali;<\/p>\n<p>(2)\u00a0\u00a0\u00a0\u00a0\u00a0\u00a0\u00a0 il diritto alla rettifica e\/o integrazione dei Suoi dati personali;<\/p>\n<p>(3)\u00a0\u00a0\u00a0\u00a0\u00a0\u00a0\u00a0 il diritto alla cancellazione dei Suoi dati;<\/p>\n<p>(4)\u00a0\u00a0\u00a0\u00a0\u00a0\u00a0\u00a0 il diritto alla limitazione del trattamento;<\/p>\n<p>(5)\u00a0\u00a0\u00a0\u00a0\u00a0\u00a0\u00a0 il diritto di opposizione al procedimento decisionale automatizzato, nonch\u00e9 il diritto di richiedere un intervento umano;<\/p>\n<p>(6)\u00a0\u00a0\u00a0\u00a0\u00a0\u00a0\u00a0 il diritto alla portabilit\u00e0 dei dati nonch\u00e9 ad ottenere in un formato strutturato, di uso comune e leggibile da dispositivo automatico i dati che La riguardano.<\/p>\n<p>Per l\u2019esercizio dei Suoi diritti, La preghiamo di inviare una richiesta scritta indirizzata al Titolare del trattamento all\u2019indirizzo postale o tramite il seguente indirizzo email: <a href=\"mailto:privacy@polynt.com\">privacy@polynt.com<\/a>.<\/p>\n<p>Ai sensi della Normativa Applicabile, Lei ha inoltre il diritto di proporre reclamo all\u2019autorit\u00e0 di controllo competente (Garante per la Protezione dei Dati Personali) qualora ritenesse che il trattamento dei propri Dati Personali sia contrario alla normativa vigente.<\/p>\n<p>&nbsp;<\/p>\n<p><strong>10. Come posso contattare il Titolare del trattamento?<\/strong><\/p>\n<p>Per qualunque informazione relativa al trattamento dei Suoi dati personali, La preghiamo di contattarci all\u2019indirizzo e-mail: <a href=\"mailto:privacy@polynt.com\">privacy@polynt.com<\/a><\/p>\n<p>&nbsp;<\/p>\n<p><strong>11. Cosa \u00e8 consigliabile inserire e non inserire nel Curriculum Vitae?<\/strong><\/p>\n<p>Le consigliamo di inserire nel\u00a0suo Curriculum Vitae\u00a0solo i dati necessari a valutare il suo profilo e di astenersi dall\u2019indicare categorie particolari di dati quali, ad esempio, quelli relativi allo stato di salute, alle convinzioni religiose o alle opinioni politiche (considerati dati particolari). Nel caso in cui, tuttavia, la selezione imponga anche il trattamento di alcune categorie particolari di dati personali, questo avverr\u00e0 nei limiti di quanto strettamente necessario alla valutazione del suo profilo e la base giuridica del trattamento dovr\u00e0 individuarsi nella necessit\u00e0 per Polynt S.p.A. di assolvere gli obblighi in materia di diritto del lavoro e della sicurezza sociale, sulla base di quanto previsto dalla Normativa Applicabile.<\/p>\n<p>&nbsp;<\/p>\n<p>&nbsp;<\/p>\n","protected":false},"excerpt":{"rendered":"<p>INFORMATIVA PRIVACY CV (ai sensi della normativa nazionale applicabile pro tempore in materia di trattamento dei dati personali nonch\u00e9 ai &hellip;<\/p>\n","protected":false},"author":1,"featured_media":0,"parent":0,"menu_order":0,"comment_status":"closed","ping_status":"closed","template":"","meta":{"footnotes":""},"class_list":["post-21949","page","type-page","status-publish","hentry","odd"],"yoast_head":"<!-- This site is optimized with the Yoast SEO plugin v24.8.1 - https:\/\/yoast.com\/wordpress\/plugins\/seo\/ -->\n<title>CV Policy - Polynt<\/title>\n<meta name=\"robots\" content=\"index, follow, max-snippet:-1, max-image-preview:large, max-video-preview:-1\" \/>\n<link rel=\"canonical\" href=\"https:\/\/www.polynt.com\/es\/cv-policy\/\" \/>\n<meta property=\"og:locale\" content=\"es_ES\" \/>\n<meta property=\"og:type\" content=\"article\" \/>\n<meta property=\"og:title\" content=\"CV Policy - Polynt\" \/>\n<meta property=\"og:description\" content=\"INFORMATIVA PRIVACY CV (ai sensi della normativa nazionale applicabile pro tempore in materia di trattamento dei dati personali nonch\u00e9 ai &hellip;\" \/>\n<meta property=\"og:url\" content=\"https:\/\/www.polynt.com\/es\/cv-policy\/\" \/>\n<meta property=\"og:site_name\" content=\"Polynt\" \/>\n<meta property=\"article:modified_time\" content=\"2021-04-30T08:16:27+00:00\" \/>\n<meta name=\"twitter:card\" content=\"summary_large_image\" \/>\n<meta name=\"twitter:label1\" content=\"Tiempo de lectura\" \/>\n\t<meta name=\"twitter:data1\" content=\"4 minutos\" \/>\n<script type=\"application\/ld+json\" class=\"yoast-schema-graph\">{\"@context\":\"https:\/\/schema.org\",\"@graph\":[{\"@type\":\"WebPage\",\"@id\":\"https:\/\/www.polynt.com\/es\/cv-policy\/\",\"url\":\"https:\/\/www.polynt.com\/es\/cv-policy\/\",\"name\":\"CV Policy - Polynt\",\"isPartOf\":{\"@id\":\"https:\/\/www.polynt.com\/#website\"},\"datePublished\":\"2021-04-30T08:11:09+00:00\",\"dateModified\":\"2021-04-30T08:16:27+00:00\",\"breadcrumb\":{\"@id\":\"https:\/\/www.polynt.com\/es\/cv-policy\/#breadcrumb\"},\"inLanguage\":\"es\",\"potentialAction\":[{\"@type\":\"ReadAction\",\"target\":[\"https:\/\/www.polynt.com\/es\/cv-policy\/\"]}]},{\"@type\":\"BreadcrumbList\",\"@id\":\"https:\/\/www.polynt.com\/es\/cv-policy\/#breadcrumb\",\"itemListElement\":[{\"@type\":\"ListItem\",\"position\":1,\"name\":\"Home\",\"item\":\"https:\/\/www.polynt.com\/es\/\"},{\"@type\":\"ListItem\",\"position\":2,\"name\":\"CV Policy\"}]},{\"@type\":\"WebSite\",\"@id\":\"https:\/\/www.polynt.com\/#website\",\"url\":\"https:\/\/www.polynt.com\/\",\"name\":\"Polynt\",\"description\":\"Un nuovo sito targato WordPress\",\"potentialAction\":[{\"@type\":\"SearchAction\",\"target\":{\"@type\":\"EntryPoint\",\"urlTemplate\":\"https:\/\/www.polynt.com\/?s={search_term_string}\"},\"query-input\":{\"@type\":\"PropertyValueSpecification\",\"valueRequired\":true,\"valueName\":\"search_term_string\"}}],\"inLanguage\":\"es\"}]}<\/script>\n<!-- \/ Yoast SEO plugin. -->","yoast_head_json":{"title":"CV Policy - Polynt","robots":{"index":"index","follow":"follow","max-snippet":"max-snippet:-1","max-image-preview":"max-image-preview:large","max-video-preview":"max-video-preview:-1"},"canonical":"https:\/\/www.polynt.com\/es\/cv-policy\/","og_locale":"es_ES","og_type":"article","og_title":"CV Policy - Polynt","og_description":"INFORMATIVA PRIVACY CV (ai sensi della normativa nazionale applicabile pro tempore in materia di trattamento dei dati personali nonch\u00e9 ai &hellip;","og_url":"https:\/\/www.polynt.com\/es\/cv-policy\/","og_site_name":"Polynt","article_modified_time":"2021-04-30T08:16:27+00:00","twitter_card":"summary_large_image","twitter_misc":{"Tiempo de lectura":"4 minutos"},"schema":{"@context":"https:\/\/schema.org","@graph":[{"@type":"WebPage","@id":"https:\/\/www.polynt.com\/es\/cv-policy\/","url":"https:\/\/www.polynt.com\/es\/cv-policy\/","name":"CV Policy - Polynt","isPartOf":{"@id":"https:\/\/www.polynt.com\/#website"},"datePublished":"2021-04-30T08:11:09+00:00","dateModified":"2021-04-30T08:16:27+00:00","breadcrumb":{"@id":"https:\/\/www.polynt.com\/es\/cv-policy\/#breadcrumb"},"inLanguage":"es","potentialAction":[{"@type":"ReadAction","target":["https:\/\/www.polynt.com\/es\/cv-policy\/"]}]},{"@type":"BreadcrumbList","@id":"https:\/\/www.polynt.com\/es\/cv-policy\/#breadcrumb","itemListElement":[{"@type":"ListItem","position":1,"name":"Home","item":"https:\/\/www.polynt.com\/es\/"},{"@type":"ListItem","position":2,"name":"CV Policy"}]},{"@type":"WebSite","@id":"https:\/\/www.polynt.com\/#website","url":"https:\/\/www.polynt.com\/","name":"Polynt","description":"Un nuovo sito targato WordPress","potentialAction":[{"@type":"SearchAction","target":{"@type":"EntryPoint","urlTemplate":"https:\/\/www.polynt.com\/?s={search_term_string}"},"query-input":{"@type":"PropertyValueSpecification","valueRequired":true,"valueName":"search_term_string"}}],"inLanguage":"es"}]}},"_links":{"self":[{"href":"https:\/\/www.polynt.com\/es\/wp-json\/wp\/v2\/pages\/21949","targetHints":{"allow":["GET"]}}],"collection":[{"href":"https:\/\/www.polynt.com\/es\/wp-json\/wp\/v2\/pages"}],"about":[{"href":"https:\/\/www.polynt.com\/es\/wp-json\/wp\/v2\/types\/page"}],"author":[{"embeddable":true,"href":"https:\/\/www.polynt.com\/es\/wp-json\/wp\/v2\/users\/1"}],"replies":[{"embeddable":true,"href":"https:\/\/www.polynt.com\/es\/wp-json\/wp\/v2\/comments?post=21949"}],"version-history":[{"count":1,"href":"https:\/\/www.polynt.com\/es\/wp-json\/wp\/v2\/pages\/21949\/revisions"}],"predecessor-version":[{"id":21955,"href":"https:\/\/www.polynt.com\/es\/wp-json\/wp\/v2\/pages\/21949\/revisions\/21955"}],"wp:attachment":[{"href":"https:\/\/www.polynt.com\/es\/wp-json\/wp\/v2\/media?parent=21949"}],"curies":[{"name":"wp","href":"https:\/\/api.w.org\/{rel}","templated":true}]}}