{"id":23329,"date":"2022-01-24T12:30:13","date_gmt":"2022-01-24T11:30:13","guid":{"rendered":"https:\/\/www.polynt.com\/sustainability\/polynt-group-approach\/"},"modified":"2022-07-05T11:44:04","modified_gmt":"2022-07-05T09:44:04","slug":"aproximacion-al-grupo-polynt","status":"publish","type":"page","link":"https:\/\/www.polynt.com\/es\/sustainability\/aproximacion-al-grupo-polynt\/","title":{"rendered":"Aproximaci\u00f3n al Grupo Polynt"},"content":{"rendered":"<h2>Aproximaci\u00f3n al Grupo Polynt<\/h2>\n<p>En el Grupo Polynt, somos conscientes de que para lograr un \u00e9xito duradero, el crecimiento econ\u00f3mico debe respetar las reglas \u00e9ticas: rendimiento financiero con responsabilidad social corporativa y desarrollo industrial con protecci\u00f3n del medio ambiente.<\/p>\n<p>Como l\u00edder en la producci\u00f3n de composites e intermedios, concedemos gran importancia a la sostenibilidad, que es una parte integral de nuestras pr\u00e1cticas comerciales. Guiados por un fuerte liderazgo y un sentido de responsabilidad, estamos comprometidos a construir un futuro mejor y desempe\u00f1ar un papel de liderazgo en la nueva era de la qu\u00edmica sostenible.<\/p>\n<p>Para lograr nuestros objetivos, involucramos a nuestros grupos de inter\u00e9s en una comunicaci\u00f3n abierta y constante, con el objetivo de crear valor y compartir con todos nuestros empleados, clientes, socios, proveedores, inversores y comunidades locales.<\/p>\n<p>El modelo de gobierno de nuestro Grupo refleja nuestro compromiso con una cultura de \u00e9tica, integridad y responsabilidad en todas las \u00e1reas de nuestro negocio y a lo largo de toda la cadena de valor.<br \/>\nRespaldados por nuestra experiencia en el sector, apostamos por el dise\u00f1o sostenible basado en soluciones con alto rendimiento medioambiental y de seguridad, y ofreciendo a nuestros clientes productos que superen sus expectativas.<\/p>\n<p>Consideramos los Objetivos de Desarrollo Sostenible que gu\u00edan la Agenda 2030 de las Naciones Unidas (Objetivos de Desarrollo Sostenible), como el marco sobre el que basar nuestras acciones en la transici\u00f3n hacia un futuro m\u00e1s sostenible desde el punto de vista qu\u00edmico.<\/p>\n","protected":false},"excerpt":{"rendered":"<p>Aproximaci\u00f3n al Grupo Polynt En el Grupo Polynt, somos conscientes de que para lograr un \u00e9xito duradero, el crecimiento econ\u00f3mico &hellip;<\/p>\n","protected":false},"author":1,"featured_media":0,"parent":23318,"menu_order":0,"comment_status":"closed","ping_status":"closed","template":"template-financial-info-single.php","meta":{"footnotes":""},"class_list":["post-23329","page","type-page","status-publish","hentry","odd"],"yoast_head":"<!-- This site is optimized with the Yoast SEO plugin v24.8.1 - https:\/\/yoast.com\/wordpress\/plugins\/seo\/ -->\n<title>Executive summary | Polynt Group<\/title>\n<meta name=\"description\" content=\"Executive summary | Polynt Group offers company detail about its executive. The group is specialized in the production of Composites, intermediates and coatings.\" \/>\n<meta name=\"robots\" content=\"index, follow, max-snippet:-1, max-image-preview:large, max-video-preview:-1\" \/>\n<link rel=\"canonical\" href=\"https:\/\/www.polynt.com\/es\/sustainability\/aproximacion-al-grupo-polynt\/\" \/>\n<meta property=\"og:locale\" content=\"es_ES\" \/>\n<meta property=\"og:type\" content=\"article\" \/>\n<meta property=\"og:title\" content=\"Executive summary | Polynt Group\" \/>\n<meta property=\"og:description\" content=\"Executive summary | Polynt Group offers company detail about its executive. The group is specialized in the production of Composites, intermediates and coatings.\" \/>\n<meta property=\"og:url\" content=\"https:\/\/www.polynt.com\/es\/sustainability\/aproximacion-al-grupo-polynt\/\" \/>\n<meta property=\"og:site_name\" content=\"Polynt\" \/>\n<meta property=\"article:modified_time\" content=\"2022-07-05T09:44:04+00:00\" \/>\n<meta name=\"twitter:card\" content=\"summary_large_image\" \/>\n<meta name=\"twitter:label1\" content=\"Tiempo de lectura\" \/>\n\t<meta name=\"twitter:data1\" content=\"1 minuto\" \/>\n<script type=\"application\/ld+json\" class=\"yoast-schema-graph\">{\"@context\":\"https:\/\/schema.org\",\"@graph\":[{\"@type\":\"WebPage\",\"@id\":\"https:\/\/www.polynt.com\/es\/sustainability\/aproximacion-al-grupo-polynt\/\",\"url\":\"https:\/\/www.polynt.com\/es\/sustainability\/aproximacion-al-grupo-polynt\/\",\"name\":\"Executive summary | Polynt Group\",\"isPartOf\":{\"@id\":\"https:\/\/www.polynt.com\/#website\"},\"datePublished\":\"2022-01-24T11:30:13+00:00\",\"dateModified\":\"2022-07-05T09:44:04+00:00\",\"description\":\"Executive summary | Polynt Group offers company detail about its executive. The group is specialized in the production of Composites, intermediates and coatings.\",\"breadcrumb\":{\"@id\":\"https:\/\/www.polynt.com\/es\/sustainability\/aproximacion-al-grupo-polynt\/#breadcrumb\"},\"inLanguage\":\"es\",\"potentialAction\":[{\"@type\":\"ReadAction\",\"target\":[\"https:\/\/www.polynt.com\/es\/sustainability\/aproximacion-al-grupo-polynt\/\"]}]},{\"@type\":\"BreadcrumbList\",\"@id\":\"https:\/\/www.polynt.com\/es\/sustainability\/aproximacion-al-grupo-polynt\/#breadcrumb\",\"itemListElement\":[{\"@type\":\"ListItem\",\"position\":1,\"name\":\"Home\",\"item\":\"https:\/\/www.polynt.com\/es\/\"},{\"@type\":\"ListItem\",\"position\":2,\"name\":\"Sustainability\",\"item\":\"https:\/\/www.polynt.com\/es\/sustainability\/\"},{\"@type\":\"ListItem\",\"position\":3,\"name\":\"Aproximaci\u00f3n al Grupo Polynt\"}]},{\"@type\":\"WebSite\",\"@id\":\"https:\/\/www.polynt.com\/#website\",\"url\":\"https:\/\/www.polynt.com\/\",\"name\":\"Polynt\",\"description\":\"Un nuovo sito targato WordPress\",\"potentialAction\":[{\"@type\":\"SearchAction\",\"target\":{\"@type\":\"EntryPoint\",\"urlTemplate\":\"https:\/\/www.polynt.com\/?s={search_term_string}\"},\"query-input\":{\"@type\":\"PropertyValueSpecification\",\"valueRequired\":true,\"valueName\":\"search_term_string\"}}],\"inLanguage\":\"es\"}]}<\/script>\n<!-- \/ Yoast SEO plugin. -->","yoast_head_json":{"title":"Executive summary | Polynt Group","description":"Executive summary | Polynt Group offers company detail about its executive. The group is specialized in the production of Composites, intermediates and coatings.","robots":{"index":"index","follow":"follow","max-snippet":"max-snippet:-1","max-image-preview":"max-image-preview:large","max-video-preview":"max-video-preview:-1"},"canonical":"https:\/\/www.polynt.com\/es\/sustainability\/aproximacion-al-grupo-polynt\/","og_locale":"es_ES","og_type":"article","og_title":"Executive summary | Polynt Group","og_description":"Executive summary | Polynt Group offers company detail about its executive. The group is specialized in the production of Composites, intermediates and coatings.","og_url":"https:\/\/www.polynt.com\/es\/sustainability\/aproximacion-al-grupo-polynt\/","og_site_name":"Polynt","article_modified_time":"2022-07-05T09:44:04+00:00","twitter_card":"summary_large_image","twitter_misc":{"Tiempo de lectura":"1 minuto"},"schema":{"@context":"https:\/\/schema.org","@graph":[{"@type":"WebPage","@id":"https:\/\/www.polynt.com\/es\/sustainability\/aproximacion-al-grupo-polynt\/","url":"https:\/\/www.polynt.com\/es\/sustainability\/aproximacion-al-grupo-polynt\/","name":"Executive summary | Polynt Group","isPartOf":{"@id":"https:\/\/www.polynt.com\/#website"},"datePublished":"2022-01-24T11:30:13+00:00","dateModified":"2022-07-05T09:44:04+00:00","description":"Executive summary | Polynt Group offers company detail about its executive. The group is specialized in the production of Composites, intermediates and coatings.","breadcrumb":{"@id":"https:\/\/www.polynt.com\/es\/sustainability\/aproximacion-al-grupo-polynt\/#breadcrumb"},"inLanguage":"es","potentialAction":[{"@type":"ReadAction","target":["https:\/\/www.polynt.com\/es\/sustainability\/aproximacion-al-grupo-polynt\/"]}]},{"@type":"BreadcrumbList","@id":"https:\/\/www.polynt.com\/es\/sustainability\/aproximacion-al-grupo-polynt\/#breadcrumb","itemListElement":[{"@type":"ListItem","position":1,"name":"Home","item":"https:\/\/www.polynt.com\/es\/"},{"@type":"ListItem","position":2,"name":"Sustainability","item":"https:\/\/www.polynt.com\/es\/sustainability\/"},{"@type":"ListItem","position":3,"name":"Aproximaci\u00f3n al Grupo Polynt"}]},{"@type":"WebSite","@id":"https:\/\/www.polynt.com\/#website","url":"https:\/\/www.polynt.com\/","name":"Polynt","description":"Un nuovo sito targato WordPress","potentialAction":[{"@type":"SearchAction","target":{"@type":"EntryPoint","urlTemplate":"https:\/\/www.polynt.com\/?s={search_term_string}"},"query-input":{"@type":"PropertyValueSpecification","valueRequired":true,"valueName":"search_term_string"}}],"inLanguage":"es"}]}},"_links":{"self":[{"href":"https:\/\/www.polynt.com\/es\/wp-json\/wp\/v2\/pages\/23329","targetHints":{"allow":["GET"]}}],"collection":[{"href":"https:\/\/www.polynt.com\/es\/wp-json\/wp\/v2\/pages"}],"about":[{"href":"https:\/\/www.polynt.com\/es\/wp-json\/wp\/v2\/types\/page"}],"author":[{"embeddable":true,"href":"https:\/\/www.polynt.com\/es\/wp-json\/wp\/v2\/users\/1"}],"replies":[{"embeddable":true,"href":"https:\/\/www.polynt.com\/es\/wp-json\/wp\/v2\/comments?post=23329"}],"version-history":[{"count":7,"href":"https:\/\/www.polynt.com\/es\/wp-json\/wp\/v2\/pages\/23329\/revisions"}],"predecessor-version":[{"id":25826,"href":"https:\/\/www.polynt.com\/es\/wp-json\/wp\/v2\/pages\/23329\/revisions\/25826"}],"up":[{"embeddable":true,"href":"https:\/\/www.polynt.com\/es\/wp-json\/wp\/v2\/pages\/23318"}],"wp:attachment":[{"href":"https:\/\/www.polynt.com\/es\/wp-json\/wp\/v2\/media?parent=23329"}],"curies":[{"name":"wp","href":"https:\/\/api.w.org\/{rel}","templated":true}]}}