{"id":23343,"date":"2022-01-24T12:39:13","date_gmt":"2022-01-24T11:39:13","guid":{"rendered":"https:\/\/www.polynt.com\/?page_id=23343"},"modified":"2022-07-05T11:40:39","modified_gmt":"2022-07-05T09:40:39","slug":"dialogue-with-stakeholders","status":"publish","type":"page","link":"https:\/\/www.polynt.com\/es\/sustainability\/dialogue-with-stakeholders\/","title":{"rendered":"Di\u00e1logo con las Partes Interesadas"},"content":{"rendered":"<h2>Di\u00e1logo con las Partes Interesadas<\/h2>\n<p>La responsabilidad del Grupo Polynt es crear valor sostenible y compartido para nuestros clientes, empleados, inversores, proveedores y comunidades que esperan que hagamos una contribuci\u00f3n positiva a la econom\u00eda, el medio ambiente y la sociedad.<\/p>\n<p>El Grupo promueve la innovaci\u00f3n ambiental y social mediante el di\u00e1logo proactivo con los actores que contribuyen a mejorar nuestras pr\u00e1cticas que nos permiten alcanzar nuestros objetivos. <\/p>\n<p>La responsabilidad del Grupo hacia la sostenibilidad se inspira en la comunicaci\u00f3n continua con nuestros grupos de inter\u00e9s y esto contribuye al logro de nuestros objetivos.<\/p>\n<p>El Grupo involucra a los mejores recursos humanos y habilidades en la gesti\u00f3n de problemas con un enfoque global para tomar decisiones responsables tanto a nivel global como local.<\/p>\n","protected":false},"excerpt":{"rendered":"<p>Di\u00e1logo con las Partes Interesadas La responsabilidad del Grupo Polynt es crear valor sostenible y compartido para nuestros clientes, empleados, &hellip;<\/p>\n","protected":false},"author":1,"featured_media":0,"parent":23318,"menu_order":0,"comment_status":"closed","ping_status":"closed","template":"template-financial-info-single.php","meta":{"footnotes":""},"class_list":["post-23343","page","type-page","status-publish","hentry","odd"],"yoast_head":"<!-- This site is optimized with the Yoast SEO plugin v24.8.1 - https:\/\/yoast.com\/wordpress\/plugins\/seo\/ -->\n<title>Executive summary | Polynt Group<\/title>\n<meta name=\"description\" content=\"Executive summary | Polynt Group offers company detail about its executive. The group is specialized in the production of Composites, intermediates and coatings.\" \/>\n<meta name=\"robots\" content=\"index, follow, max-snippet:-1, max-image-preview:large, max-video-preview:-1\" \/>\n<link rel=\"canonical\" href=\"https:\/\/www.polynt.com\/es\/sustainability\/dialogue-with-stakeholders\/\" \/>\n<meta property=\"og:locale\" content=\"es_ES\" \/>\n<meta property=\"og:type\" content=\"article\" \/>\n<meta property=\"og:title\" content=\"Executive summary | Polynt Group\" \/>\n<meta property=\"og:description\" content=\"Executive summary | Polynt Group offers company detail about its executive. The group is specialized in the production of Composites, intermediates and coatings.\" \/>\n<meta property=\"og:url\" content=\"https:\/\/www.polynt.com\/es\/sustainability\/dialogue-with-stakeholders\/\" \/>\n<meta property=\"og:site_name\" content=\"Polynt\" \/>\n<meta property=\"article:modified_time\" content=\"2022-07-05T09:40:39+00:00\" \/>\n<meta name=\"twitter:card\" content=\"summary_large_image\" \/>\n<meta name=\"twitter:label1\" content=\"Tiempo de lectura\" \/>\n\t<meta name=\"twitter:data1\" content=\"1 minuto\" \/>\n<script type=\"application\/ld+json\" class=\"yoast-schema-graph\">{\"@context\":\"https:\/\/schema.org\",\"@graph\":[{\"@type\":\"WebPage\",\"@id\":\"https:\/\/www.polynt.com\/es\/sustainability\/dialogue-with-stakeholders\/\",\"url\":\"https:\/\/www.polynt.com\/es\/sustainability\/dialogue-with-stakeholders\/\",\"name\":\"Executive summary | Polynt Group\",\"isPartOf\":{\"@id\":\"https:\/\/www.polynt.com\/#website\"},\"datePublished\":\"2022-01-24T11:39:13+00:00\",\"dateModified\":\"2022-07-05T09:40:39+00:00\",\"description\":\"Executive summary | Polynt Group offers company detail about its executive. The group is specialized in the production of Composites, intermediates and coatings.\",\"breadcrumb\":{\"@id\":\"https:\/\/www.polynt.com\/es\/sustainability\/dialogue-with-stakeholders\/#breadcrumb\"},\"inLanguage\":\"es\",\"potentialAction\":[{\"@type\":\"ReadAction\",\"target\":[\"https:\/\/www.polynt.com\/es\/sustainability\/dialogue-with-stakeholders\/\"]}]},{\"@type\":\"BreadcrumbList\",\"@id\":\"https:\/\/www.polynt.com\/es\/sustainability\/dialogue-with-stakeholders\/#breadcrumb\",\"itemListElement\":[{\"@type\":\"ListItem\",\"position\":1,\"name\":\"Home\",\"item\":\"https:\/\/www.polynt.com\/es\/\"},{\"@type\":\"ListItem\",\"position\":2,\"name\":\"Sustainability\",\"item\":\"https:\/\/www.polynt.com\/es\/sustainability\/\"},{\"@type\":\"ListItem\",\"position\":3,\"name\":\"Di\u00e1logo con las Partes Interesadas\"}]},{\"@type\":\"WebSite\",\"@id\":\"https:\/\/www.polynt.com\/#website\",\"url\":\"https:\/\/www.polynt.com\/\",\"name\":\"Polynt\",\"description\":\"Un nuovo sito targato WordPress\",\"potentialAction\":[{\"@type\":\"SearchAction\",\"target\":{\"@type\":\"EntryPoint\",\"urlTemplate\":\"https:\/\/www.polynt.com\/?s={search_term_string}\"},\"query-input\":{\"@type\":\"PropertyValueSpecification\",\"valueRequired\":true,\"valueName\":\"search_term_string\"}}],\"inLanguage\":\"es\"}]}<\/script>\n<!-- \/ Yoast SEO plugin. -->","yoast_head_json":{"title":"Executive summary | Polynt Group","description":"Executive summary | Polynt Group offers company detail about its executive. The group is specialized in the production of Composites, intermediates and coatings.","robots":{"index":"index","follow":"follow","max-snippet":"max-snippet:-1","max-image-preview":"max-image-preview:large","max-video-preview":"max-video-preview:-1"},"canonical":"https:\/\/www.polynt.com\/es\/sustainability\/dialogue-with-stakeholders\/","og_locale":"es_ES","og_type":"article","og_title":"Executive summary | Polynt Group","og_description":"Executive summary | Polynt Group offers company detail about its executive. The group is specialized in the production of Composites, intermediates and coatings.","og_url":"https:\/\/www.polynt.com\/es\/sustainability\/dialogue-with-stakeholders\/","og_site_name":"Polynt","article_modified_time":"2022-07-05T09:40:39+00:00","twitter_card":"summary_large_image","twitter_misc":{"Tiempo de lectura":"1 minuto"},"schema":{"@context":"https:\/\/schema.org","@graph":[{"@type":"WebPage","@id":"https:\/\/www.polynt.com\/es\/sustainability\/dialogue-with-stakeholders\/","url":"https:\/\/www.polynt.com\/es\/sustainability\/dialogue-with-stakeholders\/","name":"Executive summary | Polynt Group","isPartOf":{"@id":"https:\/\/www.polynt.com\/#website"},"datePublished":"2022-01-24T11:39:13+00:00","dateModified":"2022-07-05T09:40:39+00:00","description":"Executive summary | Polynt Group offers company detail about its executive. The group is specialized in the production of Composites, intermediates and coatings.","breadcrumb":{"@id":"https:\/\/www.polynt.com\/es\/sustainability\/dialogue-with-stakeholders\/#breadcrumb"},"inLanguage":"es","potentialAction":[{"@type":"ReadAction","target":["https:\/\/www.polynt.com\/es\/sustainability\/dialogue-with-stakeholders\/"]}]},{"@type":"BreadcrumbList","@id":"https:\/\/www.polynt.com\/es\/sustainability\/dialogue-with-stakeholders\/#breadcrumb","itemListElement":[{"@type":"ListItem","position":1,"name":"Home","item":"https:\/\/www.polynt.com\/es\/"},{"@type":"ListItem","position":2,"name":"Sustainability","item":"https:\/\/www.polynt.com\/es\/sustainability\/"},{"@type":"ListItem","position":3,"name":"Di\u00e1logo con las Partes Interesadas"}]},{"@type":"WebSite","@id":"https:\/\/www.polynt.com\/#website","url":"https:\/\/www.polynt.com\/","name":"Polynt","description":"Un nuovo sito targato WordPress","potentialAction":[{"@type":"SearchAction","target":{"@type":"EntryPoint","urlTemplate":"https:\/\/www.polynt.com\/?s={search_term_string}"},"query-input":{"@type":"PropertyValueSpecification","valueRequired":true,"valueName":"search_term_string"}}],"inLanguage":"es"}]}},"_links":{"self":[{"href":"https:\/\/www.polynt.com\/es\/wp-json\/wp\/v2\/pages\/23343","targetHints":{"allow":["GET"]}}],"collection":[{"href":"https:\/\/www.polynt.com\/es\/wp-json\/wp\/v2\/pages"}],"about":[{"href":"https:\/\/www.polynt.com\/es\/wp-json\/wp\/v2\/types\/page"}],"author":[{"embeddable":true,"href":"https:\/\/www.polynt.com\/es\/wp-json\/wp\/v2\/users\/1"}],"replies":[{"embeddable":true,"href":"https:\/\/www.polynt.com\/es\/wp-json\/wp\/v2\/comments?post=23343"}],"version-history":[{"count":8,"href":"https:\/\/www.polynt.com\/es\/wp-json\/wp\/v2\/pages\/23343\/revisions"}],"predecessor-version":[{"id":25825,"href":"https:\/\/www.polynt.com\/es\/wp-json\/wp\/v2\/pages\/23343\/revisions\/25825"}],"up":[{"embeddable":true,"href":"https:\/\/www.polynt.com\/es\/wp-json\/wp\/v2\/pages\/23318"}],"wp:attachment":[{"href":"https:\/\/www.polynt.com\/es\/wp-json\/wp\/v2\/media?parent=23343"}],"curies":[{"name":"wp","href":"https:\/\/api.w.org\/{rel}","templated":true}]}}