{"id":23358,"date":"2022-01-24T12:44:19","date_gmt":"2022-01-24T11:44:19","guid":{"rendered":"https:\/\/www.polynt.com\/sustainability\/sustainability-statement-and-scoring\/"},"modified":"2025-12-17T10:23:25","modified_gmt":"2025-12-17T09:23:25","slug":"sustainability-statement-and-scoring","status":"publish","type":"page","link":"https:\/\/www.polynt.com\/es\/sustainability\/sustainability-statement-and-scoring\/","title":{"rendered":"Declaraci\u00f3n de Sostenibilidad y Puntuaci\u00f3n"},"content":{"rendered":"<h2>Declaraci\u00f3nES<\/h2>\n<h5><a href=\"https:\/\/www.polynt.com\/wp-content\/uploads\/2023\/07\/Sustainability-Report-2022.pdf\">Group Sustainability Report 2022<\/a><\/h5>\n<h5><a href=\"https:\/\/www.polynt.com\/wp-content\/uploads\/2024\/05\/Sustainability-Report-2023.pdf\">Group Sustainability Report 2023<\/a><\/h5>\n<h5><a href=\"https:\/\/www.polynt.com\/wp-content\/uploads\/2025\/05\/Sustainability-Report-2024_final.pdf\">Group Sustainability Report 2024<\/a><\/h5>\n<h5><a href=\"https:\/\/www.polynt.com\/wp-content\/uploads\/2023\/08\/Transparency-Act-Report-2023.pdf\">Transparency Act Report Norway &#8211; 2023<\/a><\/h5>\n<h5><a href=\"https:\/\/www.polynt.com\/wp-content\/uploads\/2024\/06\/Transparency-Act-Report-2024.pdf\">Transparency Act Report Norway &#8211; 2024<\/a><\/h5>\n<h5><a href=\"https:\/\/www.polynt.com\/wp-content\/uploads\/2025\/06\/2025.05.22-Transparency-Act-2025_rev01_web.pdf\">Transparency Act Report Norway &#8211; 2025<\/a><\/h5>\n<h5><a href=\"https:\/\/www.polynt.com\/wp-content\/uploads\/2025\/12\/TCFD-2024-Polynt_website-version.pdf\">TCFD 2024<\/a><\/h5>\n<h2>Puntuaci\u00f3n<\/h2>\n<p>Desde 2022, Polynt Group ha lanzado un proyecto destinado a la presentaci\u00f3n transparente de informaci\u00f3n y datos relacionados con la sostenibilidad, que destacar\u00e1 el rendimiento y los resultados logrados en beneficio de las partes interesadas en 2023. Los detalles proporcionados en el informe de sostenibilidad ilustrar\u00e1n los resultados alcanzados en relaci\u00f3n con los principales desaf\u00edos en t\u00e9rminos de ESG (Ambiental, Social y Gobernanza) de acuerdo con los est\u00e1ndares GRI que representan las mejores pr\u00e1cticas a nivel mundial para la presentaci\u00f3n de informes de sostenibilidad.<br \/>\nEl Grupo Polynt participa anualmente en una evaluaci\u00f3n independiente para la siguiente calificaci\u00f3n de puntuaci\u00f3n:<\/p>\n<ul style=\"font-size: 16px;\">\n<li><strong>Ecovadis<\/strong>, es una forma colaborativa para que los socios comerciales compartan informaci\u00f3n sobre el desempe\u00f1o de la sostenibilidad. Esta actuaci\u00f3n se basa en cuatro tem\u00e1ticas que son Medio Ambiente, Trabajo y Derechos Humanos, \u00c9tica y Compras Sostenibles.<\/li>\n<li><strong>Sedex<\/strong>, es una plataforma colaborativa que nos permite capturar, analizar, gestionar y presentar informaci\u00f3n de riesgos en nuestra cadena de suministro. Aumentar nuestra sostenibilidad social, ambiental y \u00e9tica, para mejorar y proteger nuestra reputaci\u00f3n corporativa, a nivel mundial.<\/li>\n<\/ul>\n<p>&nbsp;<\/p>\n<h2>Policies and codes<\/h2>\n<p><a href=\"https:\/\/www.polynt.com\/wp-content\/uploads\/2024\/04\/Whistleblowing.pdf\">Whistleblowing<\/a><br \/>\n<a href=\"https:\/\/www.polynt.com\/wp-content\/uploads\/2023\/02\/Anticorruption-and-Bribery.pdf\">Anticorruption and Bribery<\/a><br \/>\n<a href=\"https:\/\/www.polynt.com\/wp-content\/uploads\/2023\/02\/ESG.pdf\">ESG<\/a><br \/>\n<a href=\"https:\/\/www.polynt.com\/wp-content\/uploads\/2023\/02\/HSE.pdf\">HSE<\/a><br \/>\n<a href=\"https:\/\/www.polynt.com\/wp-content\/uploads\/2023\/02\/Labor-and-Human-Rights.pdf\">Labor and Human Rights<\/a><br \/>\n<a href=\"https:\/\/www.polynt.com\/wp-content\/uploads\/2023\/02\/Supplier-Code-of-Conduct_for-website.pdf\">Supplier Code of Conduct<\/a><br \/>\n<a href=\"https:\/\/www.polynt.com\/es\/info-financiere\/principles-and-codes\/\">Ethical code<\/a><br \/>\n<a href=\"https:\/\/www.polynt.com\/wp-content\/uploads\/2024\/06\/Sustainable-Purchasing-Policy.pdf\">Sustainable Purchasing Policy<\/a><\/p>\n","protected":false},"excerpt":{"rendered":"<p>Declaraci\u00f3nES Group Sustainability Report 2022 Group Sustainability Report 2023 Group Sustainability Report 2024 Transparency Act Report Norway &#8211; 2023 Transparency &hellip;<\/p>\n","protected":false},"author":1,"featured_media":0,"parent":23318,"menu_order":0,"comment_status":"closed","ping_status":"closed","template":"template-financial-info-single.php","meta":{"footnotes":""},"class_list":["post-23358","page","type-page","status-publish","hentry","odd"],"yoast_head":"<!-- This site is optimized with the Yoast SEO plugin v24.8.1 - https:\/\/yoast.com\/wordpress\/plugins\/seo\/ -->\n<title>Executive summary | Polynt Group<\/title>\n<meta name=\"description\" content=\"Executive summary | Polynt Group offers company detail about its executive. The group is specialized in the production of Composites, intermediates and coatings.\" \/>\n<meta name=\"robots\" content=\"index, follow, max-snippet:-1, max-image-preview:large, max-video-preview:-1\" \/>\n<link rel=\"canonical\" href=\"https:\/\/www.polynt.com\/es\/sustainability\/sustainability-statement-and-scoring\/\" \/>\n<meta property=\"og:locale\" content=\"es_ES\" \/>\n<meta property=\"og:type\" content=\"article\" \/>\n<meta property=\"og:title\" content=\"Executive summary | Polynt Group\" \/>\n<meta property=\"og:description\" content=\"Executive summary | Polynt Group offers company detail about its executive. The group is specialized in the production of Composites, intermediates and coatings.\" \/>\n<meta property=\"og:url\" content=\"https:\/\/www.polynt.com\/es\/sustainability\/sustainability-statement-and-scoring\/\" \/>\n<meta property=\"og:site_name\" content=\"Polynt\" \/>\n<meta property=\"article:modified_time\" content=\"2025-12-17T09:23:25+00:00\" \/>\n<meta name=\"twitter:card\" content=\"summary_large_image\" \/>\n<meta name=\"twitter:label1\" content=\"Tiempo de lectura\" \/>\n\t<meta name=\"twitter:data1\" content=\"1 minuto\" \/>\n<script type=\"application\/ld+json\" class=\"yoast-schema-graph\">{\"@context\":\"https:\/\/schema.org\",\"@graph\":[{\"@type\":\"WebPage\",\"@id\":\"https:\/\/www.polynt.com\/es\/sustainability\/sustainability-statement-and-scoring\/\",\"url\":\"https:\/\/www.polynt.com\/es\/sustainability\/sustainability-statement-and-scoring\/\",\"name\":\"Executive summary | Polynt Group\",\"isPartOf\":{\"@id\":\"https:\/\/www.polynt.com\/#website\"},\"datePublished\":\"2022-01-24T11:44:19+00:00\",\"dateModified\":\"2025-12-17T09:23:25+00:00\",\"description\":\"Executive summary | Polynt Group offers company detail about its executive. The group is specialized in the production of Composites, intermediates and coatings.\",\"breadcrumb\":{\"@id\":\"https:\/\/www.polynt.com\/es\/sustainability\/sustainability-statement-and-scoring\/#breadcrumb\"},\"inLanguage\":\"es\",\"potentialAction\":[{\"@type\":\"ReadAction\",\"target\":[\"https:\/\/www.polynt.com\/es\/sustainability\/sustainability-statement-and-scoring\/\"]}]},{\"@type\":\"BreadcrumbList\",\"@id\":\"https:\/\/www.polynt.com\/es\/sustainability\/sustainability-statement-and-scoring\/#breadcrumb\",\"itemListElement\":[{\"@type\":\"ListItem\",\"position\":1,\"name\":\"Home\",\"item\":\"https:\/\/www.polynt.com\/es\/\"},{\"@type\":\"ListItem\",\"position\":2,\"name\":\"Sustainability\",\"item\":\"https:\/\/www.polynt.com\/es\/sustainability\/\"},{\"@type\":\"ListItem\",\"position\":3,\"name\":\"Declaraci\u00f3n de Sostenibilidad y Puntuaci\u00f3n\"}]},{\"@type\":\"WebSite\",\"@id\":\"https:\/\/www.polynt.com\/#website\",\"url\":\"https:\/\/www.polynt.com\/\",\"name\":\"Polynt\",\"description\":\"Un nuovo sito targato WordPress\",\"potentialAction\":[{\"@type\":\"SearchAction\",\"target\":{\"@type\":\"EntryPoint\",\"urlTemplate\":\"https:\/\/www.polynt.com\/?s={search_term_string}\"},\"query-input\":{\"@type\":\"PropertyValueSpecification\",\"valueRequired\":true,\"valueName\":\"search_term_string\"}}],\"inLanguage\":\"es\"}]}<\/script>\n<!-- \/ Yoast SEO plugin. -->","yoast_head_json":{"title":"Executive summary | Polynt Group","description":"Executive summary | Polynt Group offers company detail about its executive. The group is specialized in the production of Composites, intermediates and coatings.","robots":{"index":"index","follow":"follow","max-snippet":"max-snippet:-1","max-image-preview":"max-image-preview:large","max-video-preview":"max-video-preview:-1"},"canonical":"https:\/\/www.polynt.com\/es\/sustainability\/sustainability-statement-and-scoring\/","og_locale":"es_ES","og_type":"article","og_title":"Executive summary | Polynt Group","og_description":"Executive summary | Polynt Group offers company detail about its executive. The group is specialized in the production of Composites, intermediates and coatings.","og_url":"https:\/\/www.polynt.com\/es\/sustainability\/sustainability-statement-and-scoring\/","og_site_name":"Polynt","article_modified_time":"2025-12-17T09:23:25+00:00","twitter_card":"summary_large_image","twitter_misc":{"Tiempo de lectura":"1 minuto"},"schema":{"@context":"https:\/\/schema.org","@graph":[{"@type":"WebPage","@id":"https:\/\/www.polynt.com\/es\/sustainability\/sustainability-statement-and-scoring\/","url":"https:\/\/www.polynt.com\/es\/sustainability\/sustainability-statement-and-scoring\/","name":"Executive summary | Polynt Group","isPartOf":{"@id":"https:\/\/www.polynt.com\/#website"},"datePublished":"2022-01-24T11:44:19+00:00","dateModified":"2025-12-17T09:23:25+00:00","description":"Executive summary | Polynt Group offers company detail about its executive. The group is specialized in the production of Composites, intermediates and coatings.","breadcrumb":{"@id":"https:\/\/www.polynt.com\/es\/sustainability\/sustainability-statement-and-scoring\/#breadcrumb"},"inLanguage":"es","potentialAction":[{"@type":"ReadAction","target":["https:\/\/www.polynt.com\/es\/sustainability\/sustainability-statement-and-scoring\/"]}]},{"@type":"BreadcrumbList","@id":"https:\/\/www.polynt.com\/es\/sustainability\/sustainability-statement-and-scoring\/#breadcrumb","itemListElement":[{"@type":"ListItem","position":1,"name":"Home","item":"https:\/\/www.polynt.com\/es\/"},{"@type":"ListItem","position":2,"name":"Sustainability","item":"https:\/\/www.polynt.com\/es\/sustainability\/"},{"@type":"ListItem","position":3,"name":"Declaraci\u00f3n de Sostenibilidad y Puntuaci\u00f3n"}]},{"@type":"WebSite","@id":"https:\/\/www.polynt.com\/#website","url":"https:\/\/www.polynt.com\/","name":"Polynt","description":"Un nuovo sito targato WordPress","potentialAction":[{"@type":"SearchAction","target":{"@type":"EntryPoint","urlTemplate":"https:\/\/www.polynt.com\/?s={search_term_string}"},"query-input":{"@type":"PropertyValueSpecification","valueRequired":true,"valueName":"search_term_string"}}],"inLanguage":"es"}]}},"_links":{"self":[{"href":"https:\/\/www.polynt.com\/es\/wp-json\/wp\/v2\/pages\/23358","targetHints":{"allow":["GET"]}}],"collection":[{"href":"https:\/\/www.polynt.com\/es\/wp-json\/wp\/v2\/pages"}],"about":[{"href":"https:\/\/www.polynt.com\/es\/wp-json\/wp\/v2\/types\/page"}],"author":[{"embeddable":true,"href":"https:\/\/www.polynt.com\/es\/wp-json\/wp\/v2\/users\/1"}],"replies":[{"embeddable":true,"href":"https:\/\/www.polynt.com\/es\/wp-json\/wp\/v2\/comments?post=23358"}],"version-history":[{"count":28,"href":"https:\/\/www.polynt.com\/es\/wp-json\/wp\/v2\/pages\/23358\/revisions"}],"predecessor-version":[{"id":28900,"href":"https:\/\/www.polynt.com\/es\/wp-json\/wp\/v2\/pages\/23358\/revisions\/28900"}],"up":[{"embeddable":true,"href":"https:\/\/www.polynt.com\/es\/wp-json\/wp\/v2\/pages\/23318"}],"wp:attachment":[{"href":"https:\/\/www.polynt.com\/es\/wp-json\/wp\/v2\/media?parent=23358"}],"curies":[{"name":"wp","href":"https:\/\/api.w.org\/{rel}","templated":true}]}}