{"id":10325,"date":"2017-10-18T16:32:19","date_gmt":"2017-10-18T14:32:19","guid":{"rendered":"http:\/\/www.polynt.com\/?page_id=10325\/"},"modified":"2021-11-09T12:25:15","modified_gmt":"2021-11-09T11:25:15","slug":"info-financieres","status":"publish","type":"page","link":"https:\/\/www.polynt.com\/fr\/info-financieres\/","title":{"rendered":"Information Corporative"},"content":{"rendered":"<h1>Notre entreprise prosp\u00e8re<\/h1>\n<p>Une longue histoire de plus d&rsquo;un demi-si\u00e8cle: il a \u00e9t\u00e9 fond\u00e9 en 1955 avec le complexe industriel de Scanzorosciate( Bergame) et maintenant il est pr\u00e9sent dans quatre continents gr\u00e2ce \u00e0 l&rsquo;acquisition des principales entreprises dans le secteur chimique. Le groupe Polynt, acteur majeur produits interm\u00e9diaires pour les polym\u00e8res, met l&rsquo;accent sur la croissance de ses principaux march\u00e9s, y compris dans les pays en voie de d\u00e9veloppement.<\/p>\n","protected":false},"excerpt":{"rendered":"<p>Notre entreprise prosp\u00e8re Une longue histoire de plus d&rsquo;un demi-si\u00e8cle: il a \u00e9t\u00e9 fond\u00e9 en 1955 avec le complexe industriel &hellip;<\/p>\n","protected":false},"author":2,"featured_media":0,"parent":0,"menu_order":0,"comment_status":"closed","ping_status":"closed","template":"template-financial-info-main.php","meta":{"footnotes":""},"class_list":["post-10325","page","type-page","status-publish","hentry","odd"],"yoast_head":"<!-- This site is optimized with the Yoast SEO plugin v24.8.1 - https:\/\/yoast.com\/wordpress\/plugins\/seo\/ -->\n<title>Information Corporative - Polynt<\/title>\n<meta name=\"robots\" content=\"index, follow, max-snippet:-1, max-image-preview:large, max-video-preview:-1\" \/>\n<link rel=\"canonical\" href=\"https:\/\/www.polynt.com\/fr\/info-financieres\/\" \/>\n<meta property=\"og:locale\" content=\"fr_FR\" \/>\n<meta property=\"og:type\" content=\"article\" \/>\n<meta property=\"og:title\" content=\"Information Corporative - Polynt\" \/>\n<meta property=\"og:description\" content=\"Notre entreprise prosp\u00e8re Une longue histoire de plus d&rsquo;un demi-si\u00e8cle: il a \u00e9t\u00e9 fond\u00e9 en 1955 avec le complexe industriel &hellip;\" \/>\n<meta property=\"og:url\" content=\"https:\/\/www.polynt.com\/fr\/info-financieres\/\" \/>\n<meta property=\"og:site_name\" content=\"Polynt\" \/>\n<meta property=\"article:modified_time\" content=\"2021-11-09T11:25:15+00:00\" \/>\n<meta name=\"twitter:card\" content=\"summary_large_image\" \/>\n<script type=\"application\/ld+json\" class=\"yoast-schema-graph\">{\"@context\":\"https:\/\/schema.org\",\"@graph\":[{\"@type\":\"WebPage\",\"@id\":\"https:\/\/www.polynt.com\/fr\/info-financieres\/\",\"url\":\"https:\/\/www.polynt.com\/fr\/info-financieres\/\",\"name\":\"Information Corporative - Polynt\",\"isPartOf\":{\"@id\":\"https:\/\/www.polynt.com\/#website\"},\"datePublished\":\"2017-10-18T14:32:19+00:00\",\"dateModified\":\"2021-11-09T11:25:15+00:00\",\"breadcrumb\":{\"@id\":\"https:\/\/www.polynt.com\/fr\/info-financieres\/#breadcrumb\"},\"inLanguage\":\"fr-FR\",\"potentialAction\":[{\"@type\":\"ReadAction\",\"target\":[\"https:\/\/www.polynt.com\/fr\/info-financieres\/\"]}]},{\"@type\":\"BreadcrumbList\",\"@id\":\"https:\/\/www.polynt.com\/fr\/info-financieres\/#breadcrumb\",\"itemListElement\":[{\"@type\":\"ListItem\",\"position\":1,\"name\":\"Home\",\"item\":\"https:\/\/www.polynt.com\/fr\/\"},{\"@type\":\"ListItem\",\"position\":2,\"name\":\"Information Corporative\"}]},{\"@type\":\"WebSite\",\"@id\":\"https:\/\/www.polynt.com\/#website\",\"url\":\"https:\/\/www.polynt.com\/\",\"name\":\"Polynt\",\"description\":\"Un nuovo sito targato WordPress\",\"potentialAction\":[{\"@type\":\"SearchAction\",\"target\":{\"@type\":\"EntryPoint\",\"urlTemplate\":\"https:\/\/www.polynt.com\/?s={search_term_string}\"},\"query-input\":{\"@type\":\"PropertyValueSpecification\",\"valueRequired\":true,\"valueName\":\"search_term_string\"}}],\"inLanguage\":\"fr-FR\"}]}<\/script>\n<!-- \/ Yoast SEO plugin. -->","yoast_head_json":{"title":"Information Corporative - Polynt","robots":{"index":"index","follow":"follow","max-snippet":"max-snippet:-1","max-image-preview":"max-image-preview:large","max-video-preview":"max-video-preview:-1"},"canonical":"https:\/\/www.polynt.com\/fr\/info-financieres\/","og_locale":"fr_FR","og_type":"article","og_title":"Information Corporative - Polynt","og_description":"Notre entreprise prosp\u00e8re Une longue histoire de plus d&rsquo;un demi-si\u00e8cle: il a \u00e9t\u00e9 fond\u00e9 en 1955 avec le complexe industriel &hellip;","og_url":"https:\/\/www.polynt.com\/fr\/info-financieres\/","og_site_name":"Polynt","article_modified_time":"2021-11-09T11:25:15+00:00","twitter_card":"summary_large_image","schema":{"@context":"https:\/\/schema.org","@graph":[{"@type":"WebPage","@id":"https:\/\/www.polynt.com\/fr\/info-financieres\/","url":"https:\/\/www.polynt.com\/fr\/info-financieres\/","name":"Information Corporative - Polynt","isPartOf":{"@id":"https:\/\/www.polynt.com\/#website"},"datePublished":"2017-10-18T14:32:19+00:00","dateModified":"2021-11-09T11:25:15+00:00","breadcrumb":{"@id":"https:\/\/www.polynt.com\/fr\/info-financieres\/#breadcrumb"},"inLanguage":"fr-FR","potentialAction":[{"@type":"ReadAction","target":["https:\/\/www.polynt.com\/fr\/info-financieres\/"]}]},{"@type":"BreadcrumbList","@id":"https:\/\/www.polynt.com\/fr\/info-financieres\/#breadcrumb","itemListElement":[{"@type":"ListItem","position":1,"name":"Home","item":"https:\/\/www.polynt.com\/fr\/"},{"@type":"ListItem","position":2,"name":"Information Corporative"}]},{"@type":"WebSite","@id":"https:\/\/www.polynt.com\/#website","url":"https:\/\/www.polynt.com\/","name":"Polynt","description":"Un nuovo sito targato WordPress","potentialAction":[{"@type":"SearchAction","target":{"@type":"EntryPoint","urlTemplate":"https:\/\/www.polynt.com\/?s={search_term_string}"},"query-input":{"@type":"PropertyValueSpecification","valueRequired":true,"valueName":"search_term_string"}}],"inLanguage":"fr-FR"}]}},"_links":{"self":[{"href":"https:\/\/www.polynt.com\/fr\/wp-json\/wp\/v2\/pages\/10325","targetHints":{"allow":["GET"]}}],"collection":[{"href":"https:\/\/www.polynt.com\/fr\/wp-json\/wp\/v2\/pages"}],"about":[{"href":"https:\/\/www.polynt.com\/fr\/wp-json\/wp\/v2\/types\/page"}],"author":[{"embeddable":true,"href":"https:\/\/www.polynt.com\/fr\/wp-json\/wp\/v2\/users\/2"}],"replies":[{"embeddable":true,"href":"https:\/\/www.polynt.com\/fr\/wp-json\/wp\/v2\/comments?post=10325"}],"version-history":[{"count":6,"href":"https:\/\/www.polynt.com\/fr\/wp-json\/wp\/v2\/pages\/10325\/revisions"}],"predecessor-version":[{"id":22885,"href":"https:\/\/www.polynt.com\/fr\/wp-json\/wp\/v2\/pages\/10325\/revisions\/22885"}],"wp:attachment":[{"href":"https:\/\/www.polynt.com\/fr\/wp-json\/wp\/v2\/media?parent=10325"}],"curies":[{"name":"wp","href":"https:\/\/api.w.org\/{rel}","templated":true}]}}