{"id":10358,"date":"2016-11-08T12:41:31","date_gmt":"2016-11-08T11:41:31","guid":{"rendered":"http:\/\/www.polynt.com\/ambiente-salute-e-sicurezza\/"},"modified":"2022-01-26T12:07:45","modified_gmt":"2022-01-26T11:07:45","slug":"hse-quality-certification","status":"publish","type":"page","link":"https:\/\/www.polynt.com\/fr\/sustainability\/hse-quality-certification\/","title":{"rendered":"HSE, Quality &#038; Certification"},"content":{"rendered":"<h1 style=\"text-align: left;\">D\u00e9veloppement durable et gestion responsable<\/h1>\n<p>Polynt s&rsquo;engage \u00e0 ex\u00e9cuter et \u00e0 g\u00e9rer ses op\u00e9rations afin <strong>d&rsquo;\u00e9viter les blessures aux personnes<\/strong> et <strong>d&rsquo;\u00e9viter d&rsquo;endommager l&rsquo;environnement et les biens<\/strong>. Ses activit\u00e9s sont men\u00e9es en accord avec les\u00a0 principes du <strong>d\u00e9veloppement durable<\/strong> et des programmes du <strong>Responsible Care<\/strong> promus par l&rsquo;<strong>industrie chimique<\/strong>.<\/p>\n","protected":false},"excerpt":{"rendered":"<p>D\u00e9veloppement durable et gestion responsable Polynt s&rsquo;engage \u00e0 ex\u00e9cuter et \u00e0 g\u00e9rer ses op\u00e9rations afin d&rsquo;\u00e9viter les blessures aux personnes &hellip;<\/p>\n","protected":false},"author":1,"featured_media":0,"parent":23314,"menu_order":0,"comment_status":"closed","ping_status":"closed","template":"template-sicurezza-main.php","meta":{"footnotes":""},"class_list":["post-10358","page","type-page","status-publish","hentry","odd"],"yoast_head":"<!-- This site is optimized with the Yoast SEO plugin v24.8.1 - https:\/\/yoast.com\/wordpress\/plugins\/seo\/ -->\n<title>HSE, Quality &amp; Certification - Polynt<\/title>\n<meta name=\"robots\" content=\"index, follow, max-snippet:-1, max-image-preview:large, max-video-preview:-1\" \/>\n<link rel=\"canonical\" href=\"https:\/\/www.polynt.com\/fr\/sustainability\/hse-quality-certification\/\" \/>\n<meta property=\"og:locale\" content=\"fr_FR\" \/>\n<meta property=\"og:type\" content=\"article\" \/>\n<meta property=\"og:title\" content=\"HSE, Quality &amp; Certification - Polynt\" \/>\n<meta property=\"og:description\" content=\"D\u00e9veloppement durable et gestion responsable Polynt s&rsquo;engage \u00e0 ex\u00e9cuter et \u00e0 g\u00e9rer ses op\u00e9rations afin d&rsquo;\u00e9viter les blessures aux personnes &hellip;\" \/>\n<meta property=\"og:url\" content=\"https:\/\/www.polynt.com\/fr\/sustainability\/hse-quality-certification\/\" \/>\n<meta property=\"og:site_name\" content=\"Polynt\" \/>\n<meta property=\"article:modified_time\" content=\"2022-01-26T11:07:45+00:00\" \/>\n<meta name=\"twitter:card\" content=\"summary_large_image\" \/>\n<script type=\"application\/ld+json\" class=\"yoast-schema-graph\">{\"@context\":\"https:\/\/schema.org\",\"@graph\":[{\"@type\":\"WebPage\",\"@id\":\"https:\/\/www.polynt.com\/fr\/sustainability\/hse-quality-certification\/\",\"url\":\"https:\/\/www.polynt.com\/fr\/sustainability\/hse-quality-certification\/\",\"name\":\"HSE, Quality & Certification - Polynt\",\"isPartOf\":{\"@id\":\"https:\/\/www.polynt.com\/#website\"},\"datePublished\":\"2016-11-08T11:41:31+00:00\",\"dateModified\":\"2022-01-26T11:07:45+00:00\",\"breadcrumb\":{\"@id\":\"https:\/\/www.polynt.com\/fr\/sustainability\/hse-quality-certification\/#breadcrumb\"},\"inLanguage\":\"fr-FR\",\"potentialAction\":[{\"@type\":\"ReadAction\",\"target\":[\"https:\/\/www.polynt.com\/fr\/sustainability\/hse-quality-certification\/\"]}]},{\"@type\":\"BreadcrumbList\",\"@id\":\"https:\/\/www.polynt.com\/fr\/sustainability\/hse-quality-certification\/#breadcrumb\",\"itemListElement\":[{\"@type\":\"ListItem\",\"position\":1,\"name\":\"Home\",\"item\":\"https:\/\/www.polynt.com\/fr\/\"},{\"@type\":\"ListItem\",\"position\":2,\"name\":\"Sustainability\",\"item\":\"https:\/\/www.polynt.com\/fr\/sustainability\/\"},{\"@type\":\"ListItem\",\"position\":3,\"name\":\"HSE, Quality &#038; Certification\"}]},{\"@type\":\"WebSite\",\"@id\":\"https:\/\/www.polynt.com\/#website\",\"url\":\"https:\/\/www.polynt.com\/\",\"name\":\"Polynt\",\"description\":\"Un nuovo sito targato WordPress\",\"potentialAction\":[{\"@type\":\"SearchAction\",\"target\":{\"@type\":\"EntryPoint\",\"urlTemplate\":\"https:\/\/www.polynt.com\/?s={search_term_string}\"},\"query-input\":{\"@type\":\"PropertyValueSpecification\",\"valueRequired\":true,\"valueName\":\"search_term_string\"}}],\"inLanguage\":\"fr-FR\"}]}<\/script>\n<!-- \/ Yoast SEO plugin. -->","yoast_head_json":{"title":"HSE, Quality & Certification - Polynt","robots":{"index":"index","follow":"follow","max-snippet":"max-snippet:-1","max-image-preview":"max-image-preview:large","max-video-preview":"max-video-preview:-1"},"canonical":"https:\/\/www.polynt.com\/fr\/sustainability\/hse-quality-certification\/","og_locale":"fr_FR","og_type":"article","og_title":"HSE, Quality & Certification - Polynt","og_description":"D\u00e9veloppement durable et gestion responsable Polynt s&rsquo;engage \u00e0 ex\u00e9cuter et \u00e0 g\u00e9rer ses op\u00e9rations afin d&rsquo;\u00e9viter les blessures aux personnes &hellip;","og_url":"https:\/\/www.polynt.com\/fr\/sustainability\/hse-quality-certification\/","og_site_name":"Polynt","article_modified_time":"2022-01-26T11:07:45+00:00","twitter_card":"summary_large_image","schema":{"@context":"https:\/\/schema.org","@graph":[{"@type":"WebPage","@id":"https:\/\/www.polynt.com\/fr\/sustainability\/hse-quality-certification\/","url":"https:\/\/www.polynt.com\/fr\/sustainability\/hse-quality-certification\/","name":"HSE, Quality & Certification - Polynt","isPartOf":{"@id":"https:\/\/www.polynt.com\/#website"},"datePublished":"2016-11-08T11:41:31+00:00","dateModified":"2022-01-26T11:07:45+00:00","breadcrumb":{"@id":"https:\/\/www.polynt.com\/fr\/sustainability\/hse-quality-certification\/#breadcrumb"},"inLanguage":"fr-FR","potentialAction":[{"@type":"ReadAction","target":["https:\/\/www.polynt.com\/fr\/sustainability\/hse-quality-certification\/"]}]},{"@type":"BreadcrumbList","@id":"https:\/\/www.polynt.com\/fr\/sustainability\/hse-quality-certification\/#breadcrumb","itemListElement":[{"@type":"ListItem","position":1,"name":"Home","item":"https:\/\/www.polynt.com\/fr\/"},{"@type":"ListItem","position":2,"name":"Sustainability","item":"https:\/\/www.polynt.com\/fr\/sustainability\/"},{"@type":"ListItem","position":3,"name":"HSE, Quality &#038; Certification"}]},{"@type":"WebSite","@id":"https:\/\/www.polynt.com\/#website","url":"https:\/\/www.polynt.com\/","name":"Polynt","description":"Un nuovo sito targato WordPress","potentialAction":[{"@type":"SearchAction","target":{"@type":"EntryPoint","urlTemplate":"https:\/\/www.polynt.com\/?s={search_term_string}"},"query-input":{"@type":"PropertyValueSpecification","valueRequired":true,"valueName":"search_term_string"}}],"inLanguage":"fr-FR"}]}},"_links":{"self":[{"href":"https:\/\/www.polynt.com\/fr\/wp-json\/wp\/v2\/pages\/10358","targetHints":{"allow":["GET"]}}],"collection":[{"href":"https:\/\/www.polynt.com\/fr\/wp-json\/wp\/v2\/pages"}],"about":[{"href":"https:\/\/www.polynt.com\/fr\/wp-json\/wp\/v2\/types\/page"}],"author":[{"embeddable":true,"href":"https:\/\/www.polynt.com\/fr\/wp-json\/wp\/v2\/users\/1"}],"replies":[{"embeddable":true,"href":"https:\/\/www.polynt.com\/fr\/wp-json\/wp\/v2\/comments?post=10358"}],"version-history":[{"count":8,"href":"https:\/\/www.polynt.com\/fr\/wp-json\/wp\/v2\/pages\/10358\/revisions"}],"predecessor-version":[{"id":23510,"href":"https:\/\/www.polynt.com\/fr\/wp-json\/wp\/v2\/pages\/10358\/revisions\/23510"}],"up":[{"embeddable":true,"href":"https:\/\/www.polynt.com\/fr\/wp-json\/wp\/v2\/pages\/23314"}],"wp:attachment":[{"href":"https:\/\/www.polynt.com\/fr\/wp-json\/wp\/v2\/media?parent=10358"}],"curies":[{"name":"wp","href":"https:\/\/api.w.org\/{rel}","templated":true}]}}