{"id":10363,"date":"2016-11-08T15:34:57","date_gmt":"2016-11-08T14:34:57","guid":{"rendered":"http:\/\/www.polynt.com\/ambiente-salute-e-sicurezza\/safety\/"},"modified":"2021-04-06T10:02:33","modified_gmt":"2021-04-06T08:02:33","slug":"safety","status":"publish","type":"page","link":"https:\/\/www.polynt.com\/fr\/sustainability\/hse-quality-certification\/safety\/","title":{"rendered":"S\u00e9curit\u00e9"},"content":{"rendered":"<h1 style=\"text-align: left;\">Notre syst\u00e8me de gestion de la s\u00e9curit\u00e9 au travail<\/h1>\n<p><strong>SGST<\/strong>\u00a0est un acronyme pour \u00ab\u00a0S<strong>yst\u00e8me de Gestion de la S\u00e9curit\u00e9 au Travail<\/strong>\u00ab\u00a0, un syst\u00e8me organisationnel con\u00e7u pour assurer la <strong>r\u00e9alisation des objectifs de sant\u00e9 et de s\u00e9curit\u00e9<\/strong> en <strong>maximisant les avantages<\/strong> et en minimisant les co\u00fbts gr\u00e2ce \u00e0 l&rsquo;organisation et la gestion.<\/p>\n<h1><\/h1>\n","protected":false},"excerpt":{"rendered":"<p>Notre syst\u00e8me de gestion de la s\u00e9curit\u00e9 au travail SGST\u00a0est un acronyme pour \u00ab\u00a0Syst\u00e8me de Gestion de la S\u00e9curit\u00e9 au &hellip;<\/p>\n","protected":false},"author":1,"featured_media":0,"parent":10358,"menu_order":1,"comment_status":"closed","ping_status":"closed","template":"template-sicurezza-inner.php","meta":{"footnotes":""},"class_list":["post-10363","page","type-page","status-publish","hentry","odd"],"yoast_head":"<!-- This site is optimized with the Yoast SEO plugin v24.8.1 - https:\/\/yoast.com\/wordpress\/plugins\/seo\/ -->\n<title>S\u00e9curit\u00e9 - Polynt<\/title>\n<meta name=\"robots\" content=\"index, follow, max-snippet:-1, max-image-preview:large, max-video-preview:-1\" \/>\n<link rel=\"canonical\" href=\"https:\/\/www.polynt.com\/fr\/sustainability\/hse-quality-certification\/safety\/\" \/>\n<meta property=\"og:locale\" content=\"fr_FR\" \/>\n<meta property=\"og:type\" content=\"article\" \/>\n<meta property=\"og:title\" content=\"S\u00e9curit\u00e9 - Polynt\" \/>\n<meta property=\"og:description\" content=\"Notre syst\u00e8me de gestion de la s\u00e9curit\u00e9 au travail SGST\u00a0est un acronyme pour \u00ab\u00a0Syst\u00e8me de Gestion de la S\u00e9curit\u00e9 au &hellip;\" \/>\n<meta property=\"og:url\" content=\"https:\/\/www.polynt.com\/fr\/sustainability\/hse-quality-certification\/safety\/\" \/>\n<meta property=\"og:site_name\" content=\"Polynt\" \/>\n<meta property=\"article:modified_time\" content=\"2021-04-06T08:02:33+00:00\" \/>\n<meta name=\"twitter:card\" content=\"summary_large_image\" \/>\n<script type=\"application\/ld+json\" class=\"yoast-schema-graph\">{\"@context\":\"https:\/\/schema.org\",\"@graph\":[{\"@type\":\"WebPage\",\"@id\":\"https:\/\/www.polynt.com\/fr\/sustainability\/hse-quality-certification\/safety\/\",\"url\":\"https:\/\/www.polynt.com\/fr\/sustainability\/hse-quality-certification\/safety\/\",\"name\":\"S\u00e9curit\u00e9 - Polynt\",\"isPartOf\":{\"@id\":\"https:\/\/www.polynt.com\/#website\"},\"datePublished\":\"2016-11-08T14:34:57+00:00\",\"dateModified\":\"2021-04-06T08:02:33+00:00\",\"breadcrumb\":{\"@id\":\"https:\/\/www.polynt.com\/fr\/sustainability\/hse-quality-certification\/safety\/#breadcrumb\"},\"inLanguage\":\"fr-FR\",\"potentialAction\":[{\"@type\":\"ReadAction\",\"target\":[\"https:\/\/www.polynt.com\/fr\/sustainability\/hse-quality-certification\/safety\/\"]}]},{\"@type\":\"BreadcrumbList\",\"@id\":\"https:\/\/www.polynt.com\/fr\/sustainability\/hse-quality-certification\/safety\/#breadcrumb\",\"itemListElement\":[{\"@type\":\"ListItem\",\"position\":1,\"name\":\"Home\",\"item\":\"https:\/\/www.polynt.com\/fr\/\"},{\"@type\":\"ListItem\",\"position\":2,\"name\":\"Sustainability\",\"item\":\"https:\/\/www.polynt.com\/fr\/sustainability\/\"},{\"@type\":\"ListItem\",\"position\":3,\"name\":\"HSE, Quality &#038; Certification\",\"item\":\"https:\/\/www.polynt.com\/fr\/sustainability\/hse-quality-certification\/\"},{\"@type\":\"ListItem\",\"position\":4,\"name\":\"S\u00e9curit\u00e9\"}]},{\"@type\":\"WebSite\",\"@id\":\"https:\/\/www.polynt.com\/#website\",\"url\":\"https:\/\/www.polynt.com\/\",\"name\":\"Polynt\",\"description\":\"Un nuovo sito targato WordPress\",\"potentialAction\":[{\"@type\":\"SearchAction\",\"target\":{\"@type\":\"EntryPoint\",\"urlTemplate\":\"https:\/\/www.polynt.com\/?s={search_term_string}\"},\"query-input\":{\"@type\":\"PropertyValueSpecification\",\"valueRequired\":true,\"valueName\":\"search_term_string\"}}],\"inLanguage\":\"fr-FR\"}]}<\/script>\n<!-- \/ Yoast SEO plugin. -->","yoast_head_json":{"title":"S\u00e9curit\u00e9 - Polynt","robots":{"index":"index","follow":"follow","max-snippet":"max-snippet:-1","max-image-preview":"max-image-preview:large","max-video-preview":"max-video-preview:-1"},"canonical":"https:\/\/www.polynt.com\/fr\/sustainability\/hse-quality-certification\/safety\/","og_locale":"fr_FR","og_type":"article","og_title":"S\u00e9curit\u00e9 - Polynt","og_description":"Notre syst\u00e8me de gestion de la s\u00e9curit\u00e9 au travail SGST\u00a0est un acronyme pour \u00ab\u00a0Syst\u00e8me de Gestion de la S\u00e9curit\u00e9 au &hellip;","og_url":"https:\/\/www.polynt.com\/fr\/sustainability\/hse-quality-certification\/safety\/","og_site_name":"Polynt","article_modified_time":"2021-04-06T08:02:33+00:00","twitter_card":"summary_large_image","schema":{"@context":"https:\/\/schema.org","@graph":[{"@type":"WebPage","@id":"https:\/\/www.polynt.com\/fr\/sustainability\/hse-quality-certification\/safety\/","url":"https:\/\/www.polynt.com\/fr\/sustainability\/hse-quality-certification\/safety\/","name":"S\u00e9curit\u00e9 - Polynt","isPartOf":{"@id":"https:\/\/www.polynt.com\/#website"},"datePublished":"2016-11-08T14:34:57+00:00","dateModified":"2021-04-06T08:02:33+00:00","breadcrumb":{"@id":"https:\/\/www.polynt.com\/fr\/sustainability\/hse-quality-certification\/safety\/#breadcrumb"},"inLanguage":"fr-FR","potentialAction":[{"@type":"ReadAction","target":["https:\/\/www.polynt.com\/fr\/sustainability\/hse-quality-certification\/safety\/"]}]},{"@type":"BreadcrumbList","@id":"https:\/\/www.polynt.com\/fr\/sustainability\/hse-quality-certification\/safety\/#breadcrumb","itemListElement":[{"@type":"ListItem","position":1,"name":"Home","item":"https:\/\/www.polynt.com\/fr\/"},{"@type":"ListItem","position":2,"name":"Sustainability","item":"https:\/\/www.polynt.com\/fr\/sustainability\/"},{"@type":"ListItem","position":3,"name":"HSE, Quality &#038; Certification","item":"https:\/\/www.polynt.com\/fr\/sustainability\/hse-quality-certification\/"},{"@type":"ListItem","position":4,"name":"S\u00e9curit\u00e9"}]},{"@type":"WebSite","@id":"https:\/\/www.polynt.com\/#website","url":"https:\/\/www.polynt.com\/","name":"Polynt","description":"Un nuovo sito targato WordPress","potentialAction":[{"@type":"SearchAction","target":{"@type":"EntryPoint","urlTemplate":"https:\/\/www.polynt.com\/?s={search_term_string}"},"query-input":{"@type":"PropertyValueSpecification","valueRequired":true,"valueName":"search_term_string"}}],"inLanguage":"fr-FR"}]}},"_links":{"self":[{"href":"https:\/\/www.polynt.com\/fr\/wp-json\/wp\/v2\/pages\/10363","targetHints":{"allow":["GET"]}}],"collection":[{"href":"https:\/\/www.polynt.com\/fr\/wp-json\/wp\/v2\/pages"}],"about":[{"href":"https:\/\/www.polynt.com\/fr\/wp-json\/wp\/v2\/types\/page"}],"author":[{"embeddable":true,"href":"https:\/\/www.polynt.com\/fr\/wp-json\/wp\/v2\/users\/1"}],"replies":[{"embeddable":true,"href":"https:\/\/www.polynt.com\/fr\/wp-json\/wp\/v2\/comments?post=10363"}],"version-history":[{"count":9,"href":"https:\/\/www.polynt.com\/fr\/wp-json\/wp\/v2\/pages\/10363\/revisions"}],"predecessor-version":[{"id":21833,"href":"https:\/\/www.polynt.com\/fr\/wp-json\/wp\/v2\/pages\/10363\/revisions\/21833"}],"up":[{"embeddable":true,"href":"https:\/\/www.polynt.com\/fr\/wp-json\/wp\/v2\/pages\/10358"}],"wp:attachment":[{"href":"https:\/\/www.polynt.com\/fr\/wp-json\/wp\/v2\/media?parent=10363"}],"curies":[{"name":"wp","href":"https:\/\/api.w.org\/{rel}","templated":true}]}}