{"id":10368,"date":"2016-11-08T15:35:26","date_gmt":"2016-11-08T14:35:26","guid":{"rendered":"http:\/\/www.polynt.com\/ambiente-salute-e-sicurezza\/qualita\/"},"modified":"2018-02-21T12:30:20","modified_gmt":"2018-02-21T11:30:20","slug":"qualita","status":"publish","type":"page","link":"https:\/\/www.polynt.com\/fr\/sustainability\/hse-quality-certification\/qualita\/","title":{"rendered":"Qualit\u00e9"},"content":{"rendered":"<h1>SOLUTIONS INNOVANTES ET DURABLES<\/h1>\n<p>Polynt s&rsquo;engage \u00e0 s&rsquo;\u00e9tablir en tant que <strong>fournisseur d&rsquo;excellence<\/strong> dans le march\u00e9 des interm\u00e9diaires de polym\u00e8re, en s&rsquo;appuyant sur une solide <strong>plate-forme chimique et technologique<\/strong>.<\/p>\n","protected":false},"excerpt":{"rendered":"<p>SOLUTIONS INNOVANTES ET DURABLES Polynt s&rsquo;engage \u00e0 s&rsquo;\u00e9tablir en tant que fournisseur d&rsquo;excellence dans le march\u00e9 des interm\u00e9diaires de polym\u00e8re, &hellip;<\/p>\n","protected":false},"author":1,"featured_media":0,"parent":10358,"menu_order":2,"comment_status":"closed","ping_status":"closed","template":"template-sicurezza-inner.php","meta":{"footnotes":""},"class_list":["post-10368","page","type-page","status-publish","hentry","odd"],"yoast_head":"<!-- This site is optimized with the Yoast SEO plugin v24.8.1 - https:\/\/yoast.com\/wordpress\/plugins\/seo\/ -->\n<title>Qualit\u00e9 - Polynt<\/title>\n<meta name=\"robots\" content=\"index, follow, max-snippet:-1, max-image-preview:large, max-video-preview:-1\" \/>\n<link rel=\"canonical\" href=\"https:\/\/www.polynt.com\/fr\/sustainability\/hse-quality-certification\/qualita\/\" \/>\n<meta property=\"og:locale\" content=\"fr_FR\" \/>\n<meta property=\"og:type\" content=\"article\" \/>\n<meta property=\"og:title\" content=\"Qualit\u00e9 - Polynt\" \/>\n<meta property=\"og:description\" content=\"SOLUTIONS INNOVANTES ET DURABLES Polynt s&rsquo;engage \u00e0 s&rsquo;\u00e9tablir en tant que fournisseur d&rsquo;excellence dans le march\u00e9 des interm\u00e9diaires de polym\u00e8re, &hellip;\" \/>\n<meta property=\"og:url\" content=\"https:\/\/www.polynt.com\/fr\/sustainability\/hse-quality-certification\/qualita\/\" \/>\n<meta property=\"og:site_name\" content=\"Polynt\" \/>\n<meta property=\"article:modified_time\" content=\"2018-02-21T11:30:20+00:00\" \/>\n<meta name=\"twitter:card\" content=\"summary_large_image\" \/>\n<script type=\"application\/ld+json\" class=\"yoast-schema-graph\">{\"@context\":\"https:\/\/schema.org\",\"@graph\":[{\"@type\":\"WebPage\",\"@id\":\"https:\/\/www.polynt.com\/fr\/sustainability\/hse-quality-certification\/qualita\/\",\"url\":\"https:\/\/www.polynt.com\/fr\/sustainability\/hse-quality-certification\/qualita\/\",\"name\":\"Qualit\u00e9 - Polynt\",\"isPartOf\":{\"@id\":\"https:\/\/www.polynt.com\/#website\"},\"datePublished\":\"2016-11-08T14:35:26+00:00\",\"dateModified\":\"2018-02-21T11:30:20+00:00\",\"breadcrumb\":{\"@id\":\"https:\/\/www.polynt.com\/fr\/sustainability\/hse-quality-certification\/qualita\/#breadcrumb\"},\"inLanguage\":\"fr-FR\",\"potentialAction\":[{\"@type\":\"ReadAction\",\"target\":[\"https:\/\/www.polynt.com\/fr\/sustainability\/hse-quality-certification\/qualita\/\"]}]},{\"@type\":\"BreadcrumbList\",\"@id\":\"https:\/\/www.polynt.com\/fr\/sustainability\/hse-quality-certification\/qualita\/#breadcrumb\",\"itemListElement\":[{\"@type\":\"ListItem\",\"position\":1,\"name\":\"Home\",\"item\":\"https:\/\/www.polynt.com\/fr\/\"},{\"@type\":\"ListItem\",\"position\":2,\"name\":\"Sustainability\",\"item\":\"https:\/\/www.polynt.com\/fr\/sustainability\/\"},{\"@type\":\"ListItem\",\"position\":3,\"name\":\"HSE, Quality &#038; Certification\",\"item\":\"https:\/\/www.polynt.com\/fr\/sustainability\/hse-quality-certification\/\"},{\"@type\":\"ListItem\",\"position\":4,\"name\":\"Qualit\u00e9\"}]},{\"@type\":\"WebSite\",\"@id\":\"https:\/\/www.polynt.com\/#website\",\"url\":\"https:\/\/www.polynt.com\/\",\"name\":\"Polynt\",\"description\":\"Un nuovo sito targato WordPress\",\"potentialAction\":[{\"@type\":\"SearchAction\",\"target\":{\"@type\":\"EntryPoint\",\"urlTemplate\":\"https:\/\/www.polynt.com\/?s={search_term_string}\"},\"query-input\":{\"@type\":\"PropertyValueSpecification\",\"valueRequired\":true,\"valueName\":\"search_term_string\"}}],\"inLanguage\":\"fr-FR\"}]}<\/script>\n<!-- \/ Yoast SEO plugin. -->","yoast_head_json":{"title":"Qualit\u00e9 - Polynt","robots":{"index":"index","follow":"follow","max-snippet":"max-snippet:-1","max-image-preview":"max-image-preview:large","max-video-preview":"max-video-preview:-1"},"canonical":"https:\/\/www.polynt.com\/fr\/sustainability\/hse-quality-certification\/qualita\/","og_locale":"fr_FR","og_type":"article","og_title":"Qualit\u00e9 - Polynt","og_description":"SOLUTIONS INNOVANTES ET DURABLES Polynt s&rsquo;engage \u00e0 s&rsquo;\u00e9tablir en tant que fournisseur d&rsquo;excellence dans le march\u00e9 des interm\u00e9diaires de polym\u00e8re, &hellip;","og_url":"https:\/\/www.polynt.com\/fr\/sustainability\/hse-quality-certification\/qualita\/","og_site_name":"Polynt","article_modified_time":"2018-02-21T11:30:20+00:00","twitter_card":"summary_large_image","schema":{"@context":"https:\/\/schema.org","@graph":[{"@type":"WebPage","@id":"https:\/\/www.polynt.com\/fr\/sustainability\/hse-quality-certification\/qualita\/","url":"https:\/\/www.polynt.com\/fr\/sustainability\/hse-quality-certification\/qualita\/","name":"Qualit\u00e9 - Polynt","isPartOf":{"@id":"https:\/\/www.polynt.com\/#website"},"datePublished":"2016-11-08T14:35:26+00:00","dateModified":"2018-02-21T11:30:20+00:00","breadcrumb":{"@id":"https:\/\/www.polynt.com\/fr\/sustainability\/hse-quality-certification\/qualita\/#breadcrumb"},"inLanguage":"fr-FR","potentialAction":[{"@type":"ReadAction","target":["https:\/\/www.polynt.com\/fr\/sustainability\/hse-quality-certification\/qualita\/"]}]},{"@type":"BreadcrumbList","@id":"https:\/\/www.polynt.com\/fr\/sustainability\/hse-quality-certification\/qualita\/#breadcrumb","itemListElement":[{"@type":"ListItem","position":1,"name":"Home","item":"https:\/\/www.polynt.com\/fr\/"},{"@type":"ListItem","position":2,"name":"Sustainability","item":"https:\/\/www.polynt.com\/fr\/sustainability\/"},{"@type":"ListItem","position":3,"name":"HSE, Quality &#038; Certification","item":"https:\/\/www.polynt.com\/fr\/sustainability\/hse-quality-certification\/"},{"@type":"ListItem","position":4,"name":"Qualit\u00e9"}]},{"@type":"WebSite","@id":"https:\/\/www.polynt.com\/#website","url":"https:\/\/www.polynt.com\/","name":"Polynt","description":"Un nuovo sito targato WordPress","potentialAction":[{"@type":"SearchAction","target":{"@type":"EntryPoint","urlTemplate":"https:\/\/www.polynt.com\/?s={search_term_string}"},"query-input":{"@type":"PropertyValueSpecification","valueRequired":true,"valueName":"search_term_string"}}],"inLanguage":"fr-FR"}]}},"_links":{"self":[{"href":"https:\/\/www.polynt.com\/fr\/wp-json\/wp\/v2\/pages\/10368","targetHints":{"allow":["GET"]}}],"collection":[{"href":"https:\/\/www.polynt.com\/fr\/wp-json\/wp\/v2\/pages"}],"about":[{"href":"https:\/\/www.polynt.com\/fr\/wp-json\/wp\/v2\/types\/page"}],"author":[{"embeddable":true,"href":"https:\/\/www.polynt.com\/fr\/wp-json\/wp\/v2\/users\/1"}],"replies":[{"embeddable":true,"href":"https:\/\/www.polynt.com\/fr\/wp-json\/wp\/v2\/comments?post=10368"}],"version-history":[{"count":6,"href":"https:\/\/www.polynt.com\/fr\/wp-json\/wp\/v2\/pages\/10368\/revisions"}],"predecessor-version":[{"id":15797,"href":"https:\/\/www.polynt.com\/fr\/wp-json\/wp\/v2\/pages\/10368\/revisions\/15797"}],"up":[{"embeddable":true,"href":"https:\/\/www.polynt.com\/fr\/wp-json\/wp\/v2\/pages\/10358"}],"wp:attachment":[{"href":"https:\/\/www.polynt.com\/fr\/wp-json\/wp\/v2\/media?parent=10368"}],"curies":[{"name":"wp","href":"https:\/\/api.w.org\/{rel}","templated":true}]}}