{"id":10374,"date":"2016-11-08T15:35:49","date_gmt":"2016-11-08T14:35:49","guid":{"rendered":"http:\/\/www.polynt.com\/ambiente-salute-e-sicurezza\/ambiente\/"},"modified":"2023-05-23T15:12:48","modified_gmt":"2023-05-23T13:12:48","slug":"ambiente","status":"publish","type":"page","link":"https:\/\/www.polynt.com\/fr\/sustainability\/hse-quality-certification\/ambiente\/","title":{"rendered":"Environnement"},"content":{"rendered":"<h1>Une protection stricte de la plan\u00e8te<\/h1>\n<p><strong>Le syst\u00e8me de gestion de l&rsquo;environnement (\u00abSGE\u00bb)<\/strong> est l&rsquo;instrument utilis\u00e9 par la soci\u00e9t\u00e9 pour identifier, \u00e9valuer et traiter les principaux probl\u00e8mes environnementaux et am\u00e9liorer ses performances. <strong>L&rsquo;ISO 14001<\/strong> est une norme internationale volontaire qui indique comment d\u00e9velopper un SGE efficace, obligeant la compagnie \u00e0 faire une repr\u00e9sentation \u00e9crite au public \u00e9non\u00e7ant ses <strong>objectifs et cibles environnementaux<\/strong>.<\/p>\n","protected":false},"excerpt":{"rendered":"<p>Une protection stricte de la plan\u00e8te Le syst\u00e8me de gestion de l&rsquo;environnement (\u00abSGE\u00bb) est l&rsquo;instrument utilis\u00e9 par la soci\u00e9t\u00e9 pour &hellip;<\/p>\n","protected":false},"author":1,"featured_media":0,"parent":10358,"menu_order":4,"comment_status":"closed","ping_status":"closed","template":"template-sicurezza-inner.php","meta":{"footnotes":""},"class_list":["post-10374","page","type-page","status-publish","hentry","odd"],"yoast_head":"<!-- This site is optimized with the Yoast SEO plugin v24.8.1 - https:\/\/yoast.com\/wordpress\/plugins\/seo\/ -->\n<title>Environnement - Polynt<\/title>\n<meta name=\"robots\" content=\"index, follow, max-snippet:-1, max-image-preview:large, max-video-preview:-1\" \/>\n<link rel=\"canonical\" href=\"https:\/\/www.polynt.com\/fr\/sustainability\/hse-quality-certification\/ambiente\/\" \/>\n<meta property=\"og:locale\" content=\"fr_FR\" \/>\n<meta property=\"og:type\" content=\"article\" \/>\n<meta property=\"og:title\" content=\"Environnement - Polynt\" \/>\n<meta property=\"og:description\" content=\"Une protection stricte de la plan\u00e8te Le syst\u00e8me de gestion de l&rsquo;environnement (\u00abSGE\u00bb) est l&rsquo;instrument utilis\u00e9 par la soci\u00e9t\u00e9 pour &hellip;\" \/>\n<meta property=\"og:url\" content=\"https:\/\/www.polynt.com\/fr\/sustainability\/hse-quality-certification\/ambiente\/\" \/>\n<meta property=\"og:site_name\" content=\"Polynt\" \/>\n<meta property=\"article:modified_time\" content=\"2023-05-23T13:12:48+00:00\" \/>\n<meta name=\"twitter:card\" content=\"summary_large_image\" \/>\n<script type=\"application\/ld+json\" class=\"yoast-schema-graph\">{\"@context\":\"https:\/\/schema.org\",\"@graph\":[{\"@type\":\"WebPage\",\"@id\":\"https:\/\/www.polynt.com\/fr\/sustainability\/hse-quality-certification\/ambiente\/\",\"url\":\"https:\/\/www.polynt.com\/fr\/sustainability\/hse-quality-certification\/ambiente\/\",\"name\":\"Environnement - Polynt\",\"isPartOf\":{\"@id\":\"https:\/\/www.polynt.com\/#website\"},\"datePublished\":\"2016-11-08T14:35:49+00:00\",\"dateModified\":\"2023-05-23T13:12:48+00:00\",\"breadcrumb\":{\"@id\":\"https:\/\/www.polynt.com\/fr\/sustainability\/hse-quality-certification\/ambiente\/#breadcrumb\"},\"inLanguage\":\"fr-FR\",\"potentialAction\":[{\"@type\":\"ReadAction\",\"target\":[\"https:\/\/www.polynt.com\/fr\/sustainability\/hse-quality-certification\/ambiente\/\"]}]},{\"@type\":\"BreadcrumbList\",\"@id\":\"https:\/\/www.polynt.com\/fr\/sustainability\/hse-quality-certification\/ambiente\/#breadcrumb\",\"itemListElement\":[{\"@type\":\"ListItem\",\"position\":1,\"name\":\"Home\",\"item\":\"https:\/\/www.polynt.com\/fr\/\"},{\"@type\":\"ListItem\",\"position\":2,\"name\":\"Sustainability\",\"item\":\"https:\/\/www.polynt.com\/fr\/sustainability\/\"},{\"@type\":\"ListItem\",\"position\":3,\"name\":\"HSE, Quality &#038; Certification\",\"item\":\"https:\/\/www.polynt.com\/fr\/sustainability\/hse-quality-certification\/\"},{\"@type\":\"ListItem\",\"position\":4,\"name\":\"Environnement\"}]},{\"@type\":\"WebSite\",\"@id\":\"https:\/\/www.polynt.com\/#website\",\"url\":\"https:\/\/www.polynt.com\/\",\"name\":\"Polynt\",\"description\":\"Un nuovo sito targato WordPress\",\"potentialAction\":[{\"@type\":\"SearchAction\",\"target\":{\"@type\":\"EntryPoint\",\"urlTemplate\":\"https:\/\/www.polynt.com\/?s={search_term_string}\"},\"query-input\":{\"@type\":\"PropertyValueSpecification\",\"valueRequired\":true,\"valueName\":\"search_term_string\"}}],\"inLanguage\":\"fr-FR\"}]}<\/script>\n<!-- \/ Yoast SEO plugin. -->","yoast_head_json":{"title":"Environnement - Polynt","robots":{"index":"index","follow":"follow","max-snippet":"max-snippet:-1","max-image-preview":"max-image-preview:large","max-video-preview":"max-video-preview:-1"},"canonical":"https:\/\/www.polynt.com\/fr\/sustainability\/hse-quality-certification\/ambiente\/","og_locale":"fr_FR","og_type":"article","og_title":"Environnement - Polynt","og_description":"Une protection stricte de la plan\u00e8te Le syst\u00e8me de gestion de l&rsquo;environnement (\u00abSGE\u00bb) est l&rsquo;instrument utilis\u00e9 par la soci\u00e9t\u00e9 pour &hellip;","og_url":"https:\/\/www.polynt.com\/fr\/sustainability\/hse-quality-certification\/ambiente\/","og_site_name":"Polynt","article_modified_time":"2023-05-23T13:12:48+00:00","twitter_card":"summary_large_image","schema":{"@context":"https:\/\/schema.org","@graph":[{"@type":"WebPage","@id":"https:\/\/www.polynt.com\/fr\/sustainability\/hse-quality-certification\/ambiente\/","url":"https:\/\/www.polynt.com\/fr\/sustainability\/hse-quality-certification\/ambiente\/","name":"Environnement - Polynt","isPartOf":{"@id":"https:\/\/www.polynt.com\/#website"},"datePublished":"2016-11-08T14:35:49+00:00","dateModified":"2023-05-23T13:12:48+00:00","breadcrumb":{"@id":"https:\/\/www.polynt.com\/fr\/sustainability\/hse-quality-certification\/ambiente\/#breadcrumb"},"inLanguage":"fr-FR","potentialAction":[{"@type":"ReadAction","target":["https:\/\/www.polynt.com\/fr\/sustainability\/hse-quality-certification\/ambiente\/"]}]},{"@type":"BreadcrumbList","@id":"https:\/\/www.polynt.com\/fr\/sustainability\/hse-quality-certification\/ambiente\/#breadcrumb","itemListElement":[{"@type":"ListItem","position":1,"name":"Home","item":"https:\/\/www.polynt.com\/fr\/"},{"@type":"ListItem","position":2,"name":"Sustainability","item":"https:\/\/www.polynt.com\/fr\/sustainability\/"},{"@type":"ListItem","position":3,"name":"HSE, Quality &#038; Certification","item":"https:\/\/www.polynt.com\/fr\/sustainability\/hse-quality-certification\/"},{"@type":"ListItem","position":4,"name":"Environnement"}]},{"@type":"WebSite","@id":"https:\/\/www.polynt.com\/#website","url":"https:\/\/www.polynt.com\/","name":"Polynt","description":"Un nuovo sito targato WordPress","potentialAction":[{"@type":"SearchAction","target":{"@type":"EntryPoint","urlTemplate":"https:\/\/www.polynt.com\/?s={search_term_string}"},"query-input":{"@type":"PropertyValueSpecification","valueRequired":true,"valueName":"search_term_string"}}],"inLanguage":"fr-FR"}]}},"_links":{"self":[{"href":"https:\/\/www.polynt.com\/fr\/wp-json\/wp\/v2\/pages\/10374","targetHints":{"allow":["GET"]}}],"collection":[{"href":"https:\/\/www.polynt.com\/fr\/wp-json\/wp\/v2\/pages"}],"about":[{"href":"https:\/\/www.polynt.com\/fr\/wp-json\/wp\/v2\/types\/page"}],"author":[{"embeddable":true,"href":"https:\/\/www.polynt.com\/fr\/wp-json\/wp\/v2\/users\/1"}],"replies":[{"embeddable":true,"href":"https:\/\/www.polynt.com\/fr\/wp-json\/wp\/v2\/comments?post=10374"}],"version-history":[{"count":21,"href":"https:\/\/www.polynt.com\/fr\/wp-json\/wp\/v2\/pages\/10374\/revisions"}],"predecessor-version":[{"id":28099,"href":"https:\/\/www.polynt.com\/fr\/wp-json\/wp\/v2\/pages\/10374\/revisions\/28099"}],"up":[{"embeddable":true,"href":"https:\/\/www.polynt.com\/fr\/wp-json\/wp\/v2\/pages\/10358"}],"wp:attachment":[{"href":"https:\/\/www.polynt.com\/fr\/wp-json\/wp\/v2\/media?parent=10374"}],"curies":[{"name":"wp","href":"https:\/\/api.w.org\/{rel}","templated":true}]}}