{"id":10389,"date":"2016-12-07T16:22:06","date_gmt":"2016-12-07T15:22:06","guid":{"rendered":"http:\/\/www.polynt.com\/info-financiere\/executive-summary\/"},"modified":"2023-11-08T14:23:18","modified_gmt":"2023-11-08T13:23:18","slug":"executive-summary","status":"publish","type":"page","link":"https:\/\/www.polynt.com\/fr\/info-financieres\/executive-summary\/","title":{"rendered":"R\u00e9sum\u00e9"},"content":{"rendered":"<h2>TOUS LES JALONS DE NOTRE HISTOIRE<\/h2>\n<p><strong>Polynt<\/strong>\u00a0a \u00e9t\u00e9 cr\u00e9\u00e9 en 1955 sur le site industriel de \u00a0Scanzorosciate (Bergame), o\u00f9 est maintenant situ\u00e9 le si\u00e8ge du groupe. Polynt est l&rsquo;un des principaux\u00a0<strong>producteurs d&rsquo;interm\u00e9diaires chimiques sp\u00e9cifiques<\/strong>\u00a0de polym\u00e8re, tels que les<strong>\u00a0anhydrides (mal\u00e9ique, phtalique et trimellitique)<\/strong>\u00a0<strong>et leurs d\u00e9riv\u00e9s<\/strong>\u00a0(p. ex., plastifiants),<strong>\u00a0les acides dibasiques (fumarique et malique), les r\u00e9sines de polyester insatur\u00e9, les compounds et composites et les esters sp\u00e9ciaux<\/strong>. Ces produits appartiennent \u00e0 la grande cat\u00e9gorie des\u00a0<strong>interm\u00e9diaires chimiques<\/strong>, c&rsquo;est-\u00e0-dire que ces produits sont au milieu de la cha\u00eene qui commence avec le raffinage du p\u00e9trole et se poursuit par la production puis la vente et la distribution sur le march\u00e9 des produits finis. Les produits sont utilis\u00e9s pour la\u00a0<strong>production de plastiques, de peintures, d&rsquo;encres et d&rsquo;adh\u00e9sifs, de mat\u00e9riaux et composants \u00e9lectriques et \u00e9lectroniques, de papier et de lubrifiants<\/strong>. Les compos\u00e9s sont utilis\u00e9s dans les industries du transport, de la construction et de l&rsquo;\u00e9lectricit\u00e9. D&rsquo;autres march\u00e9s sont les secteurs de la\u00a0<strong>nourriture<\/strong>, de\u00a0<strong>l\u2019alimentation<\/strong>\u00a0et des\u00a0<strong>parfums<\/strong>.<\/p>\n<p>L&rsquo;activit\u00e9 de l&rsquo;entreprise comprend\u00a0<strong>la recherche et le d\u00e9veloppement<\/strong>, la\u00a0<strong>production<\/strong>, le marketing et les\u00a0<strong>ventes<\/strong>. Polynt d\u00e9veloppe des technologies qui sont utilis\u00e9es en &lsquo;interne pour la production ainsi que sous licence pour des tiers.<\/p>\n<p>En plus des\u00a0<strong>six sites\u00a0italiens<\/strong> (Brembate, Cavagli\u00e0, Parme, Ravenne, Scanzorosciate et San Giovanni Valdarno), Polynt est pr\u00e9sent sur les march\u00e9s internationaux avec des <strong>filiales op\u00e9rationnelles et commerciales en Europe<\/strong> (Norv\u00e8ge, Royaume-Uni, Espagne, France, Allemagne, Pologne), <strong>Asie<\/strong> (Chine, Cor\u00e9e, Inde, Malaisie) et <strong>Am\u00e9rique<\/strong> (Canada, \u00c9tats-Unis, Mexique et Br\u00e9sil).<\/p>\n<p>Cette expansion g\u00e9ographique a \u00e9t\u00e9 r\u00e9alis\u00e9e \u00e0 la fois gr\u00e2ce \u00e0 l&rsquo;acquisition d&rsquo;entreprises existantes et \u00e0 la cr\u00e9ation d&rsquo;installations d&rsquo;exploitation nouvellement construites.<\/p>\n<p>En 2001, Polynt a fait l\u2019acquisition de\u00a0<strong>\u00a0Lonza compounds Verwaltungs et Lonza GmbH<\/strong>, deux soci\u00e9t\u00e9s bas\u00e9es \u00e0 Miehlen (Allemagne).<\/p>\n<p>En 2006, une entreprise polonaise a \u00e9t\u00e9 cr\u00e9\u00e9e \u00a0et la construction d\u2019un site d&rsquo;exploitation pr\u00e8s de\u00a0<strong>Cracovie<\/strong>\u00a0pour la<strong>\u00a0production de r\u00e9sines et de compounds a d\u00e9marr\u00e9<\/strong>.<\/p>\n<p>En 2006, Lonza S.p.A. a chang\u00e9 son nom pour\u00a0<strong>Polynt S.p.A<\/strong>. Le 30 octobre de la m\u00eame ann\u00e9e, les actions de la soci\u00e9t\u00e9 ont \u00e9t\u00e9 cot\u00e9es sur le segment STAR de la bourse italienne.<\/p>\n<p>En mars 2007,\u00a0<strong>Polynt Chemical (Changzhou) Co. Ltd<\/strong>. a \u00e9t\u00e9 cr\u00e9\u00e9 dans la province chinoise de Jiangsu. En juin de la m\u00eame ann\u00e9e, cette soci\u00e9t\u00e9 a acquis une soci\u00e9t\u00e9 op\u00e9rant dans la production et la vente d\u2019<strong>anhydride trimellitique<\/strong> et en f\u00e9vrier 2021, l\u2019usine a \u00e9t\u00e9 ferm\u00e9e.<\/p>\n<p>La m\u00eame ann\u00e9e, une entreprise de plastifiants sp\u00e9ciaux g\u00e9r\u00e9e par une succursale commerciale \u00e0\u00a0<strong>Hong Kong<\/strong>\u00a0a \u00e9t\u00e9 acquise.<\/p>\n<p>Au cours des ann\u00e9es suivantes, Polynt a construit deux nouvelles usines de production en Chine d\u00e9di\u00e9es \u00e0 la production de\u00a0<strong>plastifiants et d&rsquo;anhydrides sp\u00e9ciaux.<\/strong><\/p>\n<p>En 2008, \u00e0 la suite d&rsquo;une OPA, Polynt a \u00e9t\u00e9 reprise par <strong>Polimeri Speciali S.p.A.<\/strong>, indirectement contr\u00f4l\u00e9 par InvestIndustrial, un des principaux fonds europ\u00e9ens de Private Equity.<\/p>\n<p>La m\u00eame ann\u00e9e, la soci\u00e9t\u00e9 a \u00e9t\u00e9 d\u00e9cot\u00e9e de la bourse de Milan apr\u00e8s que ses actions ont augment\u00e9 de 104%, par rapport \u00e0 la cotation initiale des prix.<\/p>\n<p>En ao\u00fbt 2008, Polynt acquiert \u00a0100% de\u00a0<strong>Chemial Group<\/strong>, un chef de file dans le domaine des produits chimiques de sp\u00e9cialit\u00e9 pour les secteurs de la nourriture, de l\u2019alimentation et des parfums et op\u00e9rant \u00e0 travers ses deux soci\u00e9t\u00e9s en Angleterre et en Italie.<\/p>\n<p>En septembre 2008, la fusion de<strong>\u00a0Polynt S.p.A.<\/strong>\u00a0dans\u00a0<strong>Polimeri Speciali SpA<\/strong>\u00a0devient effective.<\/p>\n<p>Polimeri Speciali a chang\u00e9 son nom pour Polynt S. p. A .<\/p>\n<p>En 2011, l&rsquo;actionnaire majoritaire de Polynt, maintenant appel\u00e9\u00a0<strong>Polynt Group Sarl<\/strong>, fait l\u2019acquisition d\u2019une entreprise aux \u00c9tats-Unis de\u00a0<strong>Momentive Specialty Chemicals Inc.<\/strong>\u00a0op\u00e9rant dans le domaine des composites et des r\u00e9sines pour peintures avec quatre sites de fabrication aux \u00c9tats-Unis.<\/p>\n<p>Polynt S.p.A. b\u00e9n\u00e9ficie de la collaboration avec cette soci\u00e9t\u00e9, dans laquelle elle a par la suite acquis une participation minoritaire.<\/p>\n<p>En 2012, Polynt France Sarl est cr\u00e9\u00e9e. La soci\u00e9t\u00e9, bas\u00e9e \u00e0 Lyon, commercialise et vend les produits du groupe sur le march\u00e9 fran\u00e7ais.<\/p>\n<p>En 2013,\u00a0<strong>Polynt Iberica S.L.<\/strong>\u00a0est mis en place pour g\u00e9rer, par son bureau \u00e0 Barcelone, la commercialisation et la vente des produits du groupe sur les march\u00e9s espagnols et portugais. En juin 2018, la soci\u00e9t\u00e9 a \u00e9t\u00e9 ferm\u00e9e.<\/p>\n<p>En d\u00e9cembre 2014, le groupe ach\u00e8ve l&rsquo;acquisition de la\u00a0 soci\u00e9t\u00e9 CCP \u00a0appartenant \u00e0 la Division Composites de Total SA et \u00a0op\u00e9rant dans l&rsquo;industrie de r\u00e9sine de polyester insatur\u00e9, gelcoats et vinylesters, avec 26 emplacements en Europe, Am\u00e9rique, Asie et Australie avec environ 800 employ\u00e9s.<\/p>\n<p>En mai 2017 a \u00e9t\u00e9 annonc\u00e9e la cl\u00f4ture de la fusion entre\u00a0<strong>Polynt et Reichhold<\/strong>. Le nouveau groupe est une\u00a0<strong>soci\u00e9t\u00e9 mondiale<\/strong>\u00a0op\u00e9rant dans les interm\u00e9diaires, les r\u00e9sines de rev\u00eatement et pour composites, les compounds thermodurcissables, les gel coats et les niches de sp\u00e9cialit\u00e9s.<\/p>\n<p>\u00c0 ce jour, notre groupe est contr\u00f4l\u00e9 par des fonds de capital-investissement g\u00e9r\u00e9s par <strong>Black Diamond Capital Management<\/strong>, une soci\u00e9t\u00e9 de gestion d\u2019actifs de premier plan aux \u00c9tats-Unis.<\/p>\n<p>Polynt est maintenant un leader dans les cr\u00e9neaux de march\u00e9 de sp\u00e9cialit\u00e9 et est id\u00e9alement positionn\u00e9 pour b\u00e9n\u00e9ficier de la croissance pr\u00e9vue dans les march\u00e9s cibl\u00e9s.<\/p>\n","protected":false},"excerpt":{"rendered":"<p>TOUS LES JALONS DE NOTRE HISTOIRE Polynt\u00a0a \u00e9t\u00e9 cr\u00e9\u00e9 en 1955 sur le site industriel de \u00a0Scanzorosciate (Bergame), o\u00f9 est &hellip;<\/p>\n","protected":false},"author":1,"featured_media":0,"parent":10325,"menu_order":0,"comment_status":"closed","ping_status":"closed","template":"template-financial-info-single.php","meta":{"footnotes":""},"class_list":["post-10389","page","type-page","status-publish","hentry","odd"],"yoast_head":"<!-- This site is optimized with the Yoast SEO plugin v24.8.1 - https:\/\/yoast.com\/wordpress\/plugins\/seo\/ -->\n<title>R\u00e9sum\u00e9 - Polynt<\/title>\n<meta name=\"robots\" content=\"index, follow, max-snippet:-1, max-image-preview:large, max-video-preview:-1\" \/>\n<link rel=\"canonical\" href=\"https:\/\/www.polynt.com\/fr\/info-financieres\/executive-summary\/\" \/>\n<meta property=\"og:locale\" content=\"fr_FR\" \/>\n<meta property=\"og:type\" content=\"article\" \/>\n<meta property=\"og:title\" content=\"R\u00e9sum\u00e9 - Polynt\" \/>\n<meta property=\"og:description\" content=\"TOUS LES JALONS DE NOTRE HISTOIRE Polynt\u00a0a \u00e9t\u00e9 cr\u00e9\u00e9 en 1955 sur le site industriel de \u00a0Scanzorosciate (Bergame), o\u00f9 est &hellip;\" \/>\n<meta property=\"og:url\" content=\"https:\/\/www.polynt.com\/fr\/info-financieres\/executive-summary\/\" \/>\n<meta property=\"og:site_name\" content=\"Polynt\" \/>\n<meta property=\"article:modified_time\" content=\"2023-11-08T13:23:18+00:00\" \/>\n<meta name=\"twitter:card\" content=\"summary_large_image\" \/>\n<meta name=\"twitter:label1\" content=\"Dur\u00e9e de lecture estim\u00e9e\" \/>\n\t<meta name=\"twitter:data1\" content=\"4 minutes\" \/>\n<script type=\"application\/ld+json\" class=\"yoast-schema-graph\">{\"@context\":\"https:\/\/schema.org\",\"@graph\":[{\"@type\":\"WebPage\",\"@id\":\"https:\/\/www.polynt.com\/fr\/info-financieres\/executive-summary\/\",\"url\":\"https:\/\/www.polynt.com\/fr\/info-financieres\/executive-summary\/\",\"name\":\"R\u00e9sum\u00e9 - Polynt\",\"isPartOf\":{\"@id\":\"https:\/\/www.polynt.com\/#website\"},\"datePublished\":\"2016-12-07T15:22:06+00:00\",\"dateModified\":\"2023-11-08T13:23:18+00:00\",\"breadcrumb\":{\"@id\":\"https:\/\/www.polynt.com\/fr\/info-financieres\/executive-summary\/#breadcrumb\"},\"inLanguage\":\"fr-FR\",\"potentialAction\":[{\"@type\":\"ReadAction\",\"target\":[\"https:\/\/www.polynt.com\/fr\/info-financieres\/executive-summary\/\"]}]},{\"@type\":\"BreadcrumbList\",\"@id\":\"https:\/\/www.polynt.com\/fr\/info-financieres\/executive-summary\/#breadcrumb\",\"itemListElement\":[{\"@type\":\"ListItem\",\"position\":1,\"name\":\"Home\",\"item\":\"https:\/\/www.polynt.com\/fr\/\"},{\"@type\":\"ListItem\",\"position\":2,\"name\":\"Information Corporative\",\"item\":\"https:\/\/www.polynt.com\/fr\/info-financieres\/\"},{\"@type\":\"ListItem\",\"position\":3,\"name\":\"R\u00e9sum\u00e9\"}]},{\"@type\":\"WebSite\",\"@id\":\"https:\/\/www.polynt.com\/#website\",\"url\":\"https:\/\/www.polynt.com\/\",\"name\":\"Polynt\",\"description\":\"Un nuovo sito targato WordPress\",\"potentialAction\":[{\"@type\":\"SearchAction\",\"target\":{\"@type\":\"EntryPoint\",\"urlTemplate\":\"https:\/\/www.polynt.com\/?s={search_term_string}\"},\"query-input\":{\"@type\":\"PropertyValueSpecification\",\"valueRequired\":true,\"valueName\":\"search_term_string\"}}],\"inLanguage\":\"fr-FR\"}]}<\/script>\n<!-- \/ Yoast SEO plugin. -->","yoast_head_json":{"title":"R\u00e9sum\u00e9 - Polynt","robots":{"index":"index","follow":"follow","max-snippet":"max-snippet:-1","max-image-preview":"max-image-preview:large","max-video-preview":"max-video-preview:-1"},"canonical":"https:\/\/www.polynt.com\/fr\/info-financieres\/executive-summary\/","og_locale":"fr_FR","og_type":"article","og_title":"R\u00e9sum\u00e9 - Polynt","og_description":"TOUS LES JALONS DE NOTRE HISTOIRE Polynt\u00a0a \u00e9t\u00e9 cr\u00e9\u00e9 en 1955 sur le site industriel de \u00a0Scanzorosciate (Bergame), o\u00f9 est &hellip;","og_url":"https:\/\/www.polynt.com\/fr\/info-financieres\/executive-summary\/","og_site_name":"Polynt","article_modified_time":"2023-11-08T13:23:18+00:00","twitter_card":"summary_large_image","twitter_misc":{"Dur\u00e9e de lecture estim\u00e9e":"4 minutes"},"schema":{"@context":"https:\/\/schema.org","@graph":[{"@type":"WebPage","@id":"https:\/\/www.polynt.com\/fr\/info-financieres\/executive-summary\/","url":"https:\/\/www.polynt.com\/fr\/info-financieres\/executive-summary\/","name":"R\u00e9sum\u00e9 - Polynt","isPartOf":{"@id":"https:\/\/www.polynt.com\/#website"},"datePublished":"2016-12-07T15:22:06+00:00","dateModified":"2023-11-08T13:23:18+00:00","breadcrumb":{"@id":"https:\/\/www.polynt.com\/fr\/info-financieres\/executive-summary\/#breadcrumb"},"inLanguage":"fr-FR","potentialAction":[{"@type":"ReadAction","target":["https:\/\/www.polynt.com\/fr\/info-financieres\/executive-summary\/"]}]},{"@type":"BreadcrumbList","@id":"https:\/\/www.polynt.com\/fr\/info-financieres\/executive-summary\/#breadcrumb","itemListElement":[{"@type":"ListItem","position":1,"name":"Home","item":"https:\/\/www.polynt.com\/fr\/"},{"@type":"ListItem","position":2,"name":"Information Corporative","item":"https:\/\/www.polynt.com\/fr\/info-financieres\/"},{"@type":"ListItem","position":3,"name":"R\u00e9sum\u00e9"}]},{"@type":"WebSite","@id":"https:\/\/www.polynt.com\/#website","url":"https:\/\/www.polynt.com\/","name":"Polynt","description":"Un nuovo sito targato WordPress","potentialAction":[{"@type":"SearchAction","target":{"@type":"EntryPoint","urlTemplate":"https:\/\/www.polynt.com\/?s={search_term_string}"},"query-input":{"@type":"PropertyValueSpecification","valueRequired":true,"valueName":"search_term_string"}}],"inLanguage":"fr-FR"}]}},"_links":{"self":[{"href":"https:\/\/www.polynt.com\/fr\/wp-json\/wp\/v2\/pages\/10389","targetHints":{"allow":["GET"]}}],"collection":[{"href":"https:\/\/www.polynt.com\/fr\/wp-json\/wp\/v2\/pages"}],"about":[{"href":"https:\/\/www.polynt.com\/fr\/wp-json\/wp\/v2\/types\/page"}],"author":[{"embeddable":true,"href":"https:\/\/www.polynt.com\/fr\/wp-json\/wp\/v2\/users\/1"}],"replies":[{"embeddable":true,"href":"https:\/\/www.polynt.com\/fr\/wp-json\/wp\/v2\/comments?post=10389"}],"version-history":[{"count":12,"href":"https:\/\/www.polynt.com\/fr\/wp-json\/wp\/v2\/pages\/10389\/revisions"}],"predecessor-version":[{"id":29039,"href":"https:\/\/www.polynt.com\/fr\/wp-json\/wp\/v2\/pages\/10389\/revisions\/29039"}],"up":[{"embeddable":true,"href":"https:\/\/www.polynt.com\/fr\/wp-json\/wp\/v2\/pages\/10325"}],"wp:attachment":[{"href":"https:\/\/www.polynt.com\/fr\/wp-json\/wp\/v2\/media?parent=10389"}],"curies":[{"name":"wp","href":"https:\/\/api.w.org\/{rel}","templated":true}]}}