{"id":10399,"date":"2016-12-07T17:11:32","date_gmt":"2016-12-07T16:11:32","guid":{"rendered":"http:\/\/www.polynt.com\/info-financiere\/azionisti\/"},"modified":"2025-09-25T13:06:16","modified_gmt":"2025-09-25T11:06:16","slug":"azionisti","status":"publish","type":"page","link":"https:\/\/www.polynt.com\/fr\/info-financieres\/azionisti\/","title":{"rendered":"Actionnaires"},"content":{"rendered":"<p>Black Diamond Capital Management est une soci\u00e9t\u00e9 priv\u00e9e de gestion d\u2019actifs alternatifs de premier plan, avec plus de 9 milliards de dollars d\u2019actifs en gestion. Gr\u00e2ce \u00e0 des fonds compl\u00e9mentaires (fonds de placement investissant, avec prise de contr\u00f4le, dans des titres en difficult\u00e9\/priv\u00e9s (control distressed\/private equity funds), fonds de couverture (hedge funds), mezzanine (mezzanine funds), obligations de pr\u00eats garantis (CLO) et autres v\u00e9hicules d\u2019investissement structur\u00e9 (structured vehicles), Black Diamond se sp\u00e9cialise dans le cr\u00e9dit \u00e0 haut rendement, les titres hautement sp\u00e9culatifs et sinistr\u00e9s (stressed &amp; distressed credit), les restructurations et les redressements d\u2019entreprises, en se concentrant sur l\u2019investissement dans des titres de cr\u00e9ance qui offrent une protection structurelle et ont des actifs sous-jacents substantiels. Les fonds de placement investissant, avec prise de contr\u00f4le, dans des titres en difficult\u00e9\/priv\u00e9s de Black Diamond se concentrent plus sp\u00e9cifiquement sur les entreprises du march\u00e9 interm\u00e9diaire occupant une position de leader dans leur secteur. La soci\u00e9t\u00e9 utilise un processus de placement disciplin\u00e9 qui synth\u00e9tise l\u2019analyse ascendante de cr\u00e9dit avec une connaissance approfondie du syst\u00e8me de cr\u00e9dit. Fond\u00e9e en 1995, Black Diamond emploie 40 professionnels de l\u2019investissement et poss\u00e8de des bureaux \u00e0 Stamford dans le Connecticut, \u00e0 St Thomas (\u00eeles Vierges des \u00c9tats-Unis) et \u00e0 Londres, en Angleterre. Pour plus d\u2019informations, consultez le site <a href=\"http:\/\/www.bdcm.com\">www.bdcm.com<\/a>.<\/p>\n<p><a href=\"https:\/\/www.polynt.com\/wp-content\/uploads\/2025\/09\/new-GROUP-STRUCTURE-effective-22-September-2025.pdf\">Polynt Company Structure<\/a><\/p>\n<p><img loading=\"lazy\" decoding=\"async\" id=\"azionisti-immagine-mobile\" class=\"alignnone wp-image-9653\" src=\"http:\/\/www.polynt.com\/wp-content\/uploads\/2017\/05\/schema_azionisti_mobile.jpg\" alt=\"\" width=\"215\" height=\"300\" \/><\/p>\n","protected":false},"excerpt":{"rendered":"<p>Black Diamond Capital Management est une soci\u00e9t\u00e9 priv\u00e9e de gestion d\u2019actifs alternatifs de premier plan, avec plus de 9 milliards &hellip;<\/p>\n","protected":false},"author":1,"featured_media":0,"parent":10325,"menu_order":4,"comment_status":"closed","ping_status":"closed","template":"template-financial-info-single.php","meta":{"footnotes":""},"class_list":["post-10399","page","type-page","status-publish","hentry","odd"],"yoast_head":"<!-- This site is optimized with the Yoast SEO plugin v24.8.1 - https:\/\/yoast.com\/wordpress\/plugins\/seo\/ -->\n<title>Actionnaires - Polynt<\/title>\n<meta name=\"robots\" content=\"index, follow, max-snippet:-1, max-image-preview:large, max-video-preview:-1\" \/>\n<link rel=\"canonical\" href=\"https:\/\/www.polynt.com\/fr\/info-financieres\/azionisti\/\" \/>\n<meta property=\"og:locale\" content=\"fr_FR\" \/>\n<meta property=\"og:type\" content=\"article\" \/>\n<meta property=\"og:title\" content=\"Actionnaires - Polynt\" \/>\n<meta property=\"og:description\" content=\"Black Diamond Capital Management est une soci\u00e9t\u00e9 priv\u00e9e de gestion d\u2019actifs alternatifs de premier plan, avec plus de 9 milliards &hellip;\" \/>\n<meta property=\"og:url\" content=\"https:\/\/www.polynt.com\/fr\/info-financieres\/azionisti\/\" \/>\n<meta property=\"og:site_name\" content=\"Polynt\" \/>\n<meta property=\"article:modified_time\" content=\"2025-09-25T11:06:16+00:00\" \/>\n<meta name=\"twitter:card\" content=\"summary_large_image\" \/>\n<meta name=\"twitter:label1\" content=\"Dur\u00e9e de lecture estim\u00e9e\" \/>\n\t<meta name=\"twitter:data1\" content=\"2 minutes\" \/>\n<script type=\"application\/ld+json\" class=\"yoast-schema-graph\">{\"@context\":\"https:\/\/schema.org\",\"@graph\":[{\"@type\":\"WebPage\",\"@id\":\"https:\/\/www.polynt.com\/fr\/info-financieres\/azionisti\/\",\"url\":\"https:\/\/www.polynt.com\/fr\/info-financieres\/azionisti\/\",\"name\":\"Actionnaires - Polynt\",\"isPartOf\":{\"@id\":\"https:\/\/www.polynt.com\/#website\"},\"primaryImageOfPage\":{\"@id\":\"https:\/\/www.polynt.com\/fr\/info-financieres\/azionisti\/#primaryimage\"},\"image\":{\"@id\":\"https:\/\/www.polynt.com\/fr\/info-financieres\/azionisti\/#primaryimage\"},\"thumbnailUrl\":\"http:\/\/www.polynt.com\/wp-content\/uploads\/2017\/05\/schema_azionisti_mobile.jpg\",\"datePublished\":\"2016-12-07T16:11:32+00:00\",\"dateModified\":\"2025-09-25T11:06:16+00:00\",\"breadcrumb\":{\"@id\":\"https:\/\/www.polynt.com\/fr\/info-financieres\/azionisti\/#breadcrumb\"},\"inLanguage\":\"fr-FR\",\"potentialAction\":[{\"@type\":\"ReadAction\",\"target\":[\"https:\/\/www.polynt.com\/fr\/info-financieres\/azionisti\/\"]}]},{\"@type\":\"ImageObject\",\"inLanguage\":\"fr-FR\",\"@id\":\"https:\/\/www.polynt.com\/fr\/info-financieres\/azionisti\/#primaryimage\",\"url\":\"http:\/\/www.polynt.com\/wp-content\/uploads\/2017\/05\/schema_azionisti_mobile.jpg\",\"contentUrl\":\"http:\/\/www.polynt.com\/wp-content\/uploads\/2017\/05\/schema_azionisti_mobile.jpg\"},{\"@type\":\"BreadcrumbList\",\"@id\":\"https:\/\/www.polynt.com\/fr\/info-financieres\/azionisti\/#breadcrumb\",\"itemListElement\":[{\"@type\":\"ListItem\",\"position\":1,\"name\":\"Home\",\"item\":\"https:\/\/www.polynt.com\/fr\/\"},{\"@type\":\"ListItem\",\"position\":2,\"name\":\"Information Corporative\",\"item\":\"https:\/\/www.polynt.com\/fr\/info-financieres\/\"},{\"@type\":\"ListItem\",\"position\":3,\"name\":\"Actionnaires\"}]},{\"@type\":\"WebSite\",\"@id\":\"https:\/\/www.polynt.com\/#website\",\"url\":\"https:\/\/www.polynt.com\/\",\"name\":\"Polynt\",\"description\":\"Un nuovo sito targato WordPress\",\"potentialAction\":[{\"@type\":\"SearchAction\",\"target\":{\"@type\":\"EntryPoint\",\"urlTemplate\":\"https:\/\/www.polynt.com\/?s={search_term_string}\"},\"query-input\":{\"@type\":\"PropertyValueSpecification\",\"valueRequired\":true,\"valueName\":\"search_term_string\"}}],\"inLanguage\":\"fr-FR\"}]}<\/script>\n<!-- \/ Yoast SEO plugin. -->","yoast_head_json":{"title":"Actionnaires - Polynt","robots":{"index":"index","follow":"follow","max-snippet":"max-snippet:-1","max-image-preview":"max-image-preview:large","max-video-preview":"max-video-preview:-1"},"canonical":"https:\/\/www.polynt.com\/fr\/info-financieres\/azionisti\/","og_locale":"fr_FR","og_type":"article","og_title":"Actionnaires - Polynt","og_description":"Black Diamond Capital Management est une soci\u00e9t\u00e9 priv\u00e9e de gestion d\u2019actifs alternatifs de premier plan, avec plus de 9 milliards &hellip;","og_url":"https:\/\/www.polynt.com\/fr\/info-financieres\/azionisti\/","og_site_name":"Polynt","article_modified_time":"2025-09-25T11:06:16+00:00","twitter_card":"summary_large_image","twitter_misc":{"Dur\u00e9e de lecture estim\u00e9e":"2 minutes"},"schema":{"@context":"https:\/\/schema.org","@graph":[{"@type":"WebPage","@id":"https:\/\/www.polynt.com\/fr\/info-financieres\/azionisti\/","url":"https:\/\/www.polynt.com\/fr\/info-financieres\/azionisti\/","name":"Actionnaires - Polynt","isPartOf":{"@id":"https:\/\/www.polynt.com\/#website"},"primaryImageOfPage":{"@id":"https:\/\/www.polynt.com\/fr\/info-financieres\/azionisti\/#primaryimage"},"image":{"@id":"https:\/\/www.polynt.com\/fr\/info-financieres\/azionisti\/#primaryimage"},"thumbnailUrl":"http:\/\/www.polynt.com\/wp-content\/uploads\/2017\/05\/schema_azionisti_mobile.jpg","datePublished":"2016-12-07T16:11:32+00:00","dateModified":"2025-09-25T11:06:16+00:00","breadcrumb":{"@id":"https:\/\/www.polynt.com\/fr\/info-financieres\/azionisti\/#breadcrumb"},"inLanguage":"fr-FR","potentialAction":[{"@type":"ReadAction","target":["https:\/\/www.polynt.com\/fr\/info-financieres\/azionisti\/"]}]},{"@type":"ImageObject","inLanguage":"fr-FR","@id":"https:\/\/www.polynt.com\/fr\/info-financieres\/azionisti\/#primaryimage","url":"http:\/\/www.polynt.com\/wp-content\/uploads\/2017\/05\/schema_azionisti_mobile.jpg","contentUrl":"http:\/\/www.polynt.com\/wp-content\/uploads\/2017\/05\/schema_azionisti_mobile.jpg"},{"@type":"BreadcrumbList","@id":"https:\/\/www.polynt.com\/fr\/info-financieres\/azionisti\/#breadcrumb","itemListElement":[{"@type":"ListItem","position":1,"name":"Home","item":"https:\/\/www.polynt.com\/fr\/"},{"@type":"ListItem","position":2,"name":"Information Corporative","item":"https:\/\/www.polynt.com\/fr\/info-financieres\/"},{"@type":"ListItem","position":3,"name":"Actionnaires"}]},{"@type":"WebSite","@id":"https:\/\/www.polynt.com\/#website","url":"https:\/\/www.polynt.com\/","name":"Polynt","description":"Un nuovo sito targato WordPress","potentialAction":[{"@type":"SearchAction","target":{"@type":"EntryPoint","urlTemplate":"https:\/\/www.polynt.com\/?s={search_term_string}"},"query-input":{"@type":"PropertyValueSpecification","valueRequired":true,"valueName":"search_term_string"}}],"inLanguage":"fr-FR"}]}},"_links":{"self":[{"href":"https:\/\/www.polynt.com\/fr\/wp-json\/wp\/v2\/pages\/10399","targetHints":{"allow":["GET"]}}],"collection":[{"href":"https:\/\/www.polynt.com\/fr\/wp-json\/wp\/v2\/pages"}],"about":[{"href":"https:\/\/www.polynt.com\/fr\/wp-json\/wp\/v2\/types\/page"}],"author":[{"embeddable":true,"href":"https:\/\/www.polynt.com\/fr\/wp-json\/wp\/v2\/users\/1"}],"replies":[{"embeddable":true,"href":"https:\/\/www.polynt.com\/fr\/wp-json\/wp\/v2\/comments?post=10399"}],"version-history":[{"count":42,"href":"https:\/\/www.polynt.com\/fr\/wp-json\/wp\/v2\/pages\/10399\/revisions"}],"predecessor-version":[{"id":32438,"href":"https:\/\/www.polynt.com\/fr\/wp-json\/wp\/v2\/pages\/10399\/revisions\/32438"}],"up":[{"embeddable":true,"href":"https:\/\/www.polynt.com\/fr\/wp-json\/wp\/v2\/pages\/10325"}],"wp:attachment":[{"href":"https:\/\/www.polynt.com\/fr\/wp-json\/wp\/v2\/media?parent=10399"}],"curies":[{"name":"wp","href":"https:\/\/api.w.org\/{rel}","templated":true}]}}