{"id":10403,"date":"2016-12-07T09:20:07","date_gmt":"2016-12-07T08:20:07","guid":{"rendered":"http:\/\/www.polynt.com\/chemical-intermediates-company\/"},"modified":"2022-06-27T12:26:53","modified_gmt":"2022-06-27T10:26:53","slug":"chemical-intermediates-company","status":"publish","type":"page","link":"https:\/\/www.polynt.com\/fr\/chemical-intermediates-company\/","title":{"rendered":"Compagnie"},"content":{"rendered":"<h2>Une histoire couronn\u00e9e de succ\u00e9s<\/h2>\n<p><strong>Polynt a \u00e9t\u00e9 actif dans la production, la vente, la recherche &amp; d\u00e9veloppement d\u2019anhydrides organiques et de leurs d\u00e9riv\u00e9s depuis plus de 65 ans.<\/strong><\/p>\n<p>Notre leadership dans le domaine des interm\u00e9diaires chimiques, une pr\u00e9sence sur quatre continents et la gestion interne de la cha\u00eene de production-distribution font de nous le partenaire id\u00e9al pour un grand nombre de clients impliqu\u00e9s dans diff\u00e9rents secteurs d\u2019activit\u00e9.<\/p>\n","protected":false},"excerpt":{"rendered":"<p>Une histoire couronn\u00e9e de succ\u00e9s Polynt a \u00e9t\u00e9 actif dans la production, la vente, la recherche &amp; d\u00e9veloppement d\u2019anhydrides organiques &hellip;<\/p>\n","protected":false},"author":1,"featured_media":0,"parent":0,"menu_order":0,"comment_status":"closed","ping_status":"closed","template":"template-company.php","meta":{"footnotes":""},"class_list":["post-10403","page","type-page","status-publish","hentry","odd"],"yoast_head":"<!-- This site is optimized with the Yoast SEO plugin v24.8.1 - https:\/\/yoast.com\/wordpress\/plugins\/seo\/ -->\n<title>Compagnie - Polynt<\/title>\n<meta name=\"robots\" content=\"index, follow, max-snippet:-1, max-image-preview:large, max-video-preview:-1\" \/>\n<link rel=\"canonical\" href=\"https:\/\/www.polynt.com\/fr\/chemical-intermediates-company\/\" \/>\n<meta property=\"og:locale\" content=\"fr_FR\" \/>\n<meta property=\"og:type\" content=\"article\" \/>\n<meta property=\"og:title\" content=\"Production of chemical intermediates | Polynt Group\" \/>\n<meta property=\"og:description\" content=\"Production of chemical intermediates | Polynt Group offers first-class production and sale of organic anhydrides and their derivatives all over the world.\" \/>\n<meta property=\"og:url\" content=\"https:\/\/www.polynt.com\/fr\/chemical-intermediates-company\/\" \/>\n<meta property=\"og:site_name\" content=\"Polynt\" \/>\n<meta property=\"article:modified_time\" content=\"2022-06-27T10:26:53+00:00\" \/>\n<meta name=\"twitter:card\" content=\"summary_large_image\" \/>\n<meta name=\"twitter:title\" content=\"Production of chemical intermediates | Polynt Group\" \/>\n<meta name=\"twitter:description\" content=\"Production of chemical intermediates | Polynt Group offers first-class production and sale of organic anhydrides and their derivatives all over the world.\" \/>\n<script type=\"application\/ld+json\" class=\"yoast-schema-graph\">{\"@context\":\"https:\/\/schema.org\",\"@graph\":[{\"@type\":\"WebPage\",\"@id\":\"https:\/\/www.polynt.com\/fr\/chemical-intermediates-company\/\",\"url\":\"https:\/\/www.polynt.com\/fr\/chemical-intermediates-company\/\",\"name\":\"Compagnie - Polynt\",\"isPartOf\":{\"@id\":\"https:\/\/www.polynt.com\/#website\"},\"datePublished\":\"2016-12-07T08:20:07+00:00\",\"dateModified\":\"2022-06-27T10:26:53+00:00\",\"breadcrumb\":{\"@id\":\"https:\/\/www.polynt.com\/fr\/chemical-intermediates-company\/#breadcrumb\"},\"inLanguage\":\"fr-FR\",\"potentialAction\":[{\"@type\":\"ReadAction\",\"target\":[\"https:\/\/www.polynt.com\/fr\/chemical-intermediates-company\/\"]}]},{\"@type\":\"BreadcrumbList\",\"@id\":\"https:\/\/www.polynt.com\/fr\/chemical-intermediates-company\/#breadcrumb\",\"itemListElement\":[{\"@type\":\"ListItem\",\"position\":1,\"name\":\"Home\",\"item\":\"https:\/\/www.polynt.com\/fr\/\"},{\"@type\":\"ListItem\",\"position\":2,\"name\":\"Compagnie\"}]},{\"@type\":\"WebSite\",\"@id\":\"https:\/\/www.polynt.com\/#website\",\"url\":\"https:\/\/www.polynt.com\/\",\"name\":\"Polynt\",\"description\":\"Un nuovo sito targato WordPress\",\"potentialAction\":[{\"@type\":\"SearchAction\",\"target\":{\"@type\":\"EntryPoint\",\"urlTemplate\":\"https:\/\/www.polynt.com\/?s={search_term_string}\"},\"query-input\":{\"@type\":\"PropertyValueSpecification\",\"valueRequired\":true,\"valueName\":\"search_term_string\"}}],\"inLanguage\":\"fr-FR\"}]}<\/script>\n<!-- \/ Yoast SEO plugin. -->","yoast_head_json":{"title":"Compagnie - Polynt","robots":{"index":"index","follow":"follow","max-snippet":"max-snippet:-1","max-image-preview":"max-image-preview:large","max-video-preview":"max-video-preview:-1"},"canonical":"https:\/\/www.polynt.com\/fr\/chemical-intermediates-company\/","og_locale":"fr_FR","og_type":"article","og_title":"Production of chemical intermediates | Polynt Group","og_description":"Production of chemical intermediates | Polynt Group offers first-class production and sale of organic anhydrides and their derivatives all over the world.","og_url":"https:\/\/www.polynt.com\/fr\/chemical-intermediates-company\/","og_site_name":"Polynt","article_modified_time":"2022-06-27T10:26:53+00:00","twitter_card":"summary_large_image","twitter_title":"Production of chemical intermediates | Polynt Group","twitter_description":"Production of chemical intermediates | Polynt Group offers first-class production and sale of organic anhydrides and their derivatives all over the world.","schema":{"@context":"https:\/\/schema.org","@graph":[{"@type":"WebPage","@id":"https:\/\/www.polynt.com\/fr\/chemical-intermediates-company\/","url":"https:\/\/www.polynt.com\/fr\/chemical-intermediates-company\/","name":"Compagnie - Polynt","isPartOf":{"@id":"https:\/\/www.polynt.com\/#website"},"datePublished":"2016-12-07T08:20:07+00:00","dateModified":"2022-06-27T10:26:53+00:00","breadcrumb":{"@id":"https:\/\/www.polynt.com\/fr\/chemical-intermediates-company\/#breadcrumb"},"inLanguage":"fr-FR","potentialAction":[{"@type":"ReadAction","target":["https:\/\/www.polynt.com\/fr\/chemical-intermediates-company\/"]}]},{"@type":"BreadcrumbList","@id":"https:\/\/www.polynt.com\/fr\/chemical-intermediates-company\/#breadcrumb","itemListElement":[{"@type":"ListItem","position":1,"name":"Home","item":"https:\/\/www.polynt.com\/fr\/"},{"@type":"ListItem","position":2,"name":"Compagnie"}]},{"@type":"WebSite","@id":"https:\/\/www.polynt.com\/#website","url":"https:\/\/www.polynt.com\/","name":"Polynt","description":"Un nuovo sito targato WordPress","potentialAction":[{"@type":"SearchAction","target":{"@type":"EntryPoint","urlTemplate":"https:\/\/www.polynt.com\/?s={search_term_string}"},"query-input":{"@type":"PropertyValueSpecification","valueRequired":true,"valueName":"search_term_string"}}],"inLanguage":"fr-FR"}]}},"_links":{"self":[{"href":"https:\/\/www.polynt.com\/fr\/wp-json\/wp\/v2\/pages\/10403","targetHints":{"allow":["GET"]}}],"collection":[{"href":"https:\/\/www.polynt.com\/fr\/wp-json\/wp\/v2\/pages"}],"about":[{"href":"https:\/\/www.polynt.com\/fr\/wp-json\/wp\/v2\/types\/page"}],"author":[{"embeddable":true,"href":"https:\/\/www.polynt.com\/fr\/wp-json\/wp\/v2\/users\/1"}],"replies":[{"embeddable":true,"href":"https:\/\/www.polynt.com\/fr\/wp-json\/wp\/v2\/comments?post=10403"}],"version-history":[{"count":7,"href":"https:\/\/www.polynt.com\/fr\/wp-json\/wp\/v2\/pages\/10403\/revisions"}],"predecessor-version":[{"id":25700,"href":"https:\/\/www.polynt.com\/fr\/wp-json\/wp\/v2\/pages\/10403\/revisions\/25700"}],"wp:attachment":[{"href":"https:\/\/www.polynt.com\/fr\/wp-json\/wp\/v2\/media?parent=10403"}],"curies":[{"name":"wp","href":"https:\/\/api.w.org\/{rel}","templated":true}]}}