{"id":10409,"date":"2016-12-02T11:45:25","date_gmt":"2016-12-02T10:45:25","guid":{"rendered":"http:\/\/www.polynt.com\/chemical-intermediates-company\/history\/"},"modified":"2022-03-03T14:31:59","modified_gmt":"2022-03-03T13:31:59","slug":"history","status":"publish","type":"page","link":"https:\/\/www.polynt.com\/fr\/chemical-intermediates-company\/history\/","title":{"rendered":"Histoire"},"content":{"rendered":"<h2>Une histoire couronn\u00e9e de succ\u00e9s<\/h2>\n<p><strong>Polynt a \u00e9t\u00e9 actif dans la production, la vente, la recherche et le d\u00e9veloppement d&rsquo;anhydrides organiques et de leurs d\u00e9riv\u00e9s pendant plus de 65 ans.<\/strong><br \/>\nSon adh\u00e9sion au secteur des produits interm\u00e9diaires chimiques majeurs permet \u00e0 l&rsquo;entreprise d&rsquo;avoir un r\u00f4le central dans le processus qui va du raffinage du p\u00e9trole \u00e0 la production, \u00e0 la vente et \u00e0 la distribution du produit final sur le march\u00e9.<\/p>\n","protected":false},"excerpt":{"rendered":"<p>Une histoire couronn\u00e9e de succ\u00e9s Polynt a \u00e9t\u00e9 actif dans la production, la vente, la recherche et le d\u00e9veloppement d&rsquo;anhydrides &hellip;<\/p>\n","protected":false},"author":1,"featured_media":0,"parent":10403,"menu_order":1,"comment_status":"closed","ping_status":"closed","template":"template-storia.php","meta":{"footnotes":""},"class_list":["post-10409","page","type-page","status-publish","hentry","odd"],"yoast_head":"<!-- This site is optimized with the Yoast SEO plugin v24.8.1 - https:\/\/yoast.com\/wordpress\/plugins\/seo\/ -->\n<title>Histoire - Polynt<\/title>\n<meta name=\"robots\" content=\"index, follow, max-snippet:-1, max-image-preview:large, max-video-preview:-1\" \/>\n<link rel=\"canonical\" href=\"https:\/\/www.polynt.com\/fr\/chemical-intermediates-company\/history\/\" \/>\n<meta property=\"og:locale\" content=\"fr_FR\" \/>\n<meta property=\"og:type\" content=\"article\" \/>\n<meta property=\"og:title\" content=\"Histoire - Polynt\" \/>\n<meta property=\"og:description\" content=\"Une histoire couronn\u00e9e de succ\u00e9s Polynt a \u00e9t\u00e9 actif dans la production, la vente, la recherche et le d\u00e9veloppement d&rsquo;anhydrides &hellip;\" \/>\n<meta property=\"og:url\" content=\"https:\/\/www.polynt.com\/fr\/chemical-intermediates-company\/history\/\" \/>\n<meta property=\"og:site_name\" content=\"Polynt\" \/>\n<meta property=\"article:modified_time\" content=\"2022-03-03T13:31:59+00:00\" \/>\n<meta name=\"twitter:card\" content=\"summary_large_image\" \/>\n<script type=\"application\/ld+json\" class=\"yoast-schema-graph\">{\"@context\":\"https:\/\/schema.org\",\"@graph\":[{\"@type\":\"WebPage\",\"@id\":\"https:\/\/www.polynt.com\/fr\/chemical-intermediates-company\/history\/\",\"url\":\"https:\/\/www.polynt.com\/fr\/chemical-intermediates-company\/history\/\",\"name\":\"Histoire - Polynt\",\"isPartOf\":{\"@id\":\"https:\/\/www.polynt.com\/#website\"},\"datePublished\":\"2016-12-02T10:45:25+00:00\",\"dateModified\":\"2022-03-03T13:31:59+00:00\",\"breadcrumb\":{\"@id\":\"https:\/\/www.polynt.com\/fr\/chemical-intermediates-company\/history\/#breadcrumb\"},\"inLanguage\":\"fr-FR\",\"potentialAction\":[{\"@type\":\"ReadAction\",\"target\":[\"https:\/\/www.polynt.com\/fr\/chemical-intermediates-company\/history\/\"]}]},{\"@type\":\"BreadcrumbList\",\"@id\":\"https:\/\/www.polynt.com\/fr\/chemical-intermediates-company\/history\/#breadcrumb\",\"itemListElement\":[{\"@type\":\"ListItem\",\"position\":1,\"name\":\"Home\",\"item\":\"https:\/\/www.polynt.com\/fr\/\"},{\"@type\":\"ListItem\",\"position\":2,\"name\":\"Compagnie\",\"item\":\"https:\/\/www.polynt.com\/fr\/chemical-intermediates-company\/\"},{\"@type\":\"ListItem\",\"position\":3,\"name\":\"Histoire\"}]},{\"@type\":\"WebSite\",\"@id\":\"https:\/\/www.polynt.com\/#website\",\"url\":\"https:\/\/www.polynt.com\/\",\"name\":\"Polynt\",\"description\":\"Un nuovo sito targato WordPress\",\"potentialAction\":[{\"@type\":\"SearchAction\",\"target\":{\"@type\":\"EntryPoint\",\"urlTemplate\":\"https:\/\/www.polynt.com\/?s={search_term_string}\"},\"query-input\":{\"@type\":\"PropertyValueSpecification\",\"valueRequired\":true,\"valueName\":\"search_term_string\"}}],\"inLanguage\":\"fr-FR\"}]}<\/script>\n<!-- \/ Yoast SEO plugin. -->","yoast_head_json":{"title":"Histoire - Polynt","robots":{"index":"index","follow":"follow","max-snippet":"max-snippet:-1","max-image-preview":"max-image-preview:large","max-video-preview":"max-video-preview:-1"},"canonical":"https:\/\/www.polynt.com\/fr\/chemical-intermediates-company\/history\/","og_locale":"fr_FR","og_type":"article","og_title":"Histoire - Polynt","og_description":"Une histoire couronn\u00e9e de succ\u00e9s Polynt a \u00e9t\u00e9 actif dans la production, la vente, la recherche et le d\u00e9veloppement d&rsquo;anhydrides &hellip;","og_url":"https:\/\/www.polynt.com\/fr\/chemical-intermediates-company\/history\/","og_site_name":"Polynt","article_modified_time":"2022-03-03T13:31:59+00:00","twitter_card":"summary_large_image","schema":{"@context":"https:\/\/schema.org","@graph":[{"@type":"WebPage","@id":"https:\/\/www.polynt.com\/fr\/chemical-intermediates-company\/history\/","url":"https:\/\/www.polynt.com\/fr\/chemical-intermediates-company\/history\/","name":"Histoire - Polynt","isPartOf":{"@id":"https:\/\/www.polynt.com\/#website"},"datePublished":"2016-12-02T10:45:25+00:00","dateModified":"2022-03-03T13:31:59+00:00","breadcrumb":{"@id":"https:\/\/www.polynt.com\/fr\/chemical-intermediates-company\/history\/#breadcrumb"},"inLanguage":"fr-FR","potentialAction":[{"@type":"ReadAction","target":["https:\/\/www.polynt.com\/fr\/chemical-intermediates-company\/history\/"]}]},{"@type":"BreadcrumbList","@id":"https:\/\/www.polynt.com\/fr\/chemical-intermediates-company\/history\/#breadcrumb","itemListElement":[{"@type":"ListItem","position":1,"name":"Home","item":"https:\/\/www.polynt.com\/fr\/"},{"@type":"ListItem","position":2,"name":"Compagnie","item":"https:\/\/www.polynt.com\/fr\/chemical-intermediates-company\/"},{"@type":"ListItem","position":3,"name":"Histoire"}]},{"@type":"WebSite","@id":"https:\/\/www.polynt.com\/#website","url":"https:\/\/www.polynt.com\/","name":"Polynt","description":"Un nuovo sito targato WordPress","potentialAction":[{"@type":"SearchAction","target":{"@type":"EntryPoint","urlTemplate":"https:\/\/www.polynt.com\/?s={search_term_string}"},"query-input":{"@type":"PropertyValueSpecification","valueRequired":true,"valueName":"search_term_string"}}],"inLanguage":"fr-FR"}]}},"_links":{"self":[{"href":"https:\/\/www.polynt.com\/fr\/wp-json\/wp\/v2\/pages\/10409","targetHints":{"allow":["GET"]}}],"collection":[{"href":"https:\/\/www.polynt.com\/fr\/wp-json\/wp\/v2\/pages"}],"about":[{"href":"https:\/\/www.polynt.com\/fr\/wp-json\/wp\/v2\/types\/page"}],"author":[{"embeddable":true,"href":"https:\/\/www.polynt.com\/fr\/wp-json\/wp\/v2\/users\/1"}],"replies":[{"embeddable":true,"href":"https:\/\/www.polynt.com\/fr\/wp-json\/wp\/v2\/comments?post=10409"}],"version-history":[{"count":9,"href":"https:\/\/www.polynt.com\/fr\/wp-json\/wp\/v2\/pages\/10409\/revisions"}],"predecessor-version":[{"id":24899,"href":"https:\/\/www.polynt.com\/fr\/wp-json\/wp\/v2\/pages\/10409\/revisions\/24899"}],"up":[{"embeddable":true,"href":"https:\/\/www.polynt.com\/fr\/wp-json\/wp\/v2\/pages\/10403"}],"wp:attachment":[{"href":"https:\/\/www.polynt.com\/fr\/wp-json\/wp\/v2\/media?parent=10409"}],"curies":[{"name":"wp","href":"https:\/\/api.w.org\/{rel}","templated":true}]}}