{"id":10433,"date":"2016-12-02T09:45:44","date_gmt":"2016-12-02T08:45:44","guid":{"rendered":"http:\/\/www.polynt.com\/chemical-intermediates-company\/vision-mission\/"},"modified":"2018-03-20T17:52:29","modified_gmt":"2018-03-20T16:52:29","slug":"vision-mission","status":"publish","type":"page","link":"https:\/\/www.polynt.com\/fr\/chemical-intermediates-company\/vision-mission\/","title":{"rendered":"Vision Mission"},"content":{"rendered":"<h2>Une industrie en pleine croissance: innovation et qualit\u00e9<\/h2>\n<p><strong>Polynt investit dans la recherche, l&rsquo;innovation et le d\u00e9veloppement<\/strong>\u00a0pour fournir des solutions qui respectent l&rsquo;\u00e9quilibre de l&rsquo;\u00e9cosyst\u00e8me.<\/p>\n<p>Polynt est pr\u00e9sent dans quatre continents avec des usines de production et bureaux commerciaux qui fournissent \u00e0 nos clients des solutions\u00a0<strong>innovantes, durables et responsables<\/strong>.<\/p>\n<p>Polynt continue de fournir un large \u00e9ventail de produits con\u00e7us pour tous les<strong>\u00a0secteurs cl\u00e9s<\/strong>\u00a0tels que l&rsquo;Agroalimentaire, la biom\u00e9dicale, la construction, l&rsquo;\u00e9lectronique, la logistique et les industries maritimes.<\/p>\n<p>La production est bas\u00e9e sur trois domaines: les\u00a0<strong>composites<\/strong>, les\u00a0<strong>interm\u00e9diaires<\/strong>\u00a0et les\u00a0<strong>rev\u00eatements<\/strong>, contribuant \u00e0 la cr\u00e9ation de milliers d&rsquo;articles qui am\u00e9liorent la qualit\u00e9 de vie.<\/p>\n<p>Gr\u00e2ce \u00e0 des\u00a0<strong>technologies de production\u00a0<\/strong>sp\u00e9cifiques\u00a0et des\u00a0<strong>solutions de conception personnalis\u00e9es<\/strong>, Polynt continue \u00e0 b\u00e9n\u00e9ficier de clients fid\u00e8les.<\/p>\n<p>Polynt accorde une attention particuli\u00e8re aux activit\u00e9s de recherche et de d\u00e9veloppement, \u00e0 la mise en \u0153uvre de la technologie et au contr\u00f4le des processus afin de r\u00e9pondre \u00e0 la demande croissante de s\u00e9curit\u00e9 et de qualit\u00e9 exig\u00e9e par les march\u00e9s actuels.<\/p>\n<p>Ces activit\u00e9s sont toujours men\u00e9es dans le but de cr\u00e9er une industrie chimique ax\u00e9e sur les personnes.<\/p>\n<p style=\"text-align: center; font-size: 18px;\"><strong><br \/>\nNotre exp\u00e9rience est la garantie. Notre succ\u00e8s est une preuve. Notre engagement est l&rsquo;avenir.<br \/>\n<\/strong><\/p>\n<p>&nbsp;<\/p>\n","protected":false},"excerpt":{"rendered":"<p>Une industrie en pleine croissance: innovation et qualit\u00e9 Polynt investit dans la recherche, l&rsquo;innovation et le d\u00e9veloppement\u00a0pour fournir des solutions &hellip;<\/p>\n","protected":false},"author":1,"featured_media":0,"parent":10403,"menu_order":2,"comment_status":"closed","ping_status":"closed","template":"template-financial-info-single.php","meta":{"footnotes":""},"class_list":["post-10433","page","type-page","status-publish","hentry","odd"],"yoast_head":"<!-- This site is optimized with the Yoast SEO plugin v24.8.1 - https:\/\/yoast.com\/wordpress\/plugins\/seo\/ -->\n<title>Vision and Mission | Polynt Group<\/title>\n<meta name=\"description\" content=\"Vision and Mission | Polynt Group offers chemical products to different industries: automotive, textile, cosmetics, food, pharmaceutical, agribusiness.\" \/>\n<meta name=\"robots\" content=\"index, follow, max-snippet:-1, max-image-preview:large, max-video-preview:-1\" \/>\n<link rel=\"canonical\" href=\"https:\/\/www.polynt.com\/fr\/chemical-intermediates-company\/vision-mission\/\" \/>\n<meta property=\"og:locale\" content=\"fr_FR\" \/>\n<meta property=\"og:type\" content=\"article\" \/>\n<meta property=\"og:title\" content=\"Vision and Mission | Polynt Group\" \/>\n<meta property=\"og:description\" content=\"Vision and Mission | Polynt Group offers chemical products to different industries: automotive, textile, cosmetics, food, pharmaceutical, agribusiness.\" \/>\n<meta property=\"og:url\" content=\"https:\/\/www.polynt.com\/fr\/chemical-intermediates-company\/vision-mission\/\" \/>\n<meta property=\"og:site_name\" content=\"Polynt\" \/>\n<meta property=\"article:modified_time\" content=\"2018-03-20T16:52:29+00:00\" \/>\n<meta name=\"twitter:card\" content=\"summary_large_image\" \/>\n<meta name=\"twitter:label1\" content=\"Dur\u00e9e de lecture estim\u00e9e\" \/>\n\t<meta name=\"twitter:data1\" content=\"1 minute\" \/>\n<script type=\"application\/ld+json\" class=\"yoast-schema-graph\">{\"@context\":\"https:\/\/schema.org\",\"@graph\":[{\"@type\":\"WebPage\",\"@id\":\"https:\/\/www.polynt.com\/fr\/chemical-intermediates-company\/vision-mission\/\",\"url\":\"https:\/\/www.polynt.com\/fr\/chemical-intermediates-company\/vision-mission\/\",\"name\":\"Vision and Mission | Polynt Group\",\"isPartOf\":{\"@id\":\"https:\/\/www.polynt.com\/#website\"},\"datePublished\":\"2016-12-02T08:45:44+00:00\",\"dateModified\":\"2018-03-20T16:52:29+00:00\",\"description\":\"Vision and Mission | Polynt Group offers chemical products to different industries: automotive, textile, cosmetics, food, pharmaceutical, agribusiness.\",\"breadcrumb\":{\"@id\":\"https:\/\/www.polynt.com\/fr\/chemical-intermediates-company\/vision-mission\/#breadcrumb\"},\"inLanguage\":\"fr-FR\",\"potentialAction\":[{\"@type\":\"ReadAction\",\"target\":[\"https:\/\/www.polynt.com\/fr\/chemical-intermediates-company\/vision-mission\/\"]}]},{\"@type\":\"BreadcrumbList\",\"@id\":\"https:\/\/www.polynt.com\/fr\/chemical-intermediates-company\/vision-mission\/#breadcrumb\",\"itemListElement\":[{\"@type\":\"ListItem\",\"position\":1,\"name\":\"Home\",\"item\":\"https:\/\/www.polynt.com\/fr\/\"},{\"@type\":\"ListItem\",\"position\":2,\"name\":\"Compagnie\",\"item\":\"https:\/\/www.polynt.com\/fr\/chemical-intermediates-company\/\"},{\"@type\":\"ListItem\",\"position\":3,\"name\":\"Vision Mission\"}]},{\"@type\":\"WebSite\",\"@id\":\"https:\/\/www.polynt.com\/#website\",\"url\":\"https:\/\/www.polynt.com\/\",\"name\":\"Polynt\",\"description\":\"Un nuovo sito targato WordPress\",\"potentialAction\":[{\"@type\":\"SearchAction\",\"target\":{\"@type\":\"EntryPoint\",\"urlTemplate\":\"https:\/\/www.polynt.com\/?s={search_term_string}\"},\"query-input\":{\"@type\":\"PropertyValueSpecification\",\"valueRequired\":true,\"valueName\":\"search_term_string\"}}],\"inLanguage\":\"fr-FR\"}]}<\/script>\n<!-- \/ Yoast SEO plugin. -->","yoast_head_json":{"title":"Vision and Mission | Polynt Group","description":"Vision and Mission | Polynt Group offers chemical products to different industries: automotive, textile, cosmetics, food, pharmaceutical, agribusiness.","robots":{"index":"index","follow":"follow","max-snippet":"max-snippet:-1","max-image-preview":"max-image-preview:large","max-video-preview":"max-video-preview:-1"},"canonical":"https:\/\/www.polynt.com\/fr\/chemical-intermediates-company\/vision-mission\/","og_locale":"fr_FR","og_type":"article","og_title":"Vision and Mission | Polynt Group","og_description":"Vision and Mission | Polynt Group offers chemical products to different industries: automotive, textile, cosmetics, food, pharmaceutical, agribusiness.","og_url":"https:\/\/www.polynt.com\/fr\/chemical-intermediates-company\/vision-mission\/","og_site_name":"Polynt","article_modified_time":"2018-03-20T16:52:29+00:00","twitter_card":"summary_large_image","twitter_misc":{"Dur\u00e9e de lecture estim\u00e9e":"1 minute"},"schema":{"@context":"https:\/\/schema.org","@graph":[{"@type":"WebPage","@id":"https:\/\/www.polynt.com\/fr\/chemical-intermediates-company\/vision-mission\/","url":"https:\/\/www.polynt.com\/fr\/chemical-intermediates-company\/vision-mission\/","name":"Vision and Mission | Polynt Group","isPartOf":{"@id":"https:\/\/www.polynt.com\/#website"},"datePublished":"2016-12-02T08:45:44+00:00","dateModified":"2018-03-20T16:52:29+00:00","description":"Vision and Mission | Polynt Group offers chemical products to different industries: automotive, textile, cosmetics, food, pharmaceutical, agribusiness.","breadcrumb":{"@id":"https:\/\/www.polynt.com\/fr\/chemical-intermediates-company\/vision-mission\/#breadcrumb"},"inLanguage":"fr-FR","potentialAction":[{"@type":"ReadAction","target":["https:\/\/www.polynt.com\/fr\/chemical-intermediates-company\/vision-mission\/"]}]},{"@type":"BreadcrumbList","@id":"https:\/\/www.polynt.com\/fr\/chemical-intermediates-company\/vision-mission\/#breadcrumb","itemListElement":[{"@type":"ListItem","position":1,"name":"Home","item":"https:\/\/www.polynt.com\/fr\/"},{"@type":"ListItem","position":2,"name":"Compagnie","item":"https:\/\/www.polynt.com\/fr\/chemical-intermediates-company\/"},{"@type":"ListItem","position":3,"name":"Vision Mission"}]},{"@type":"WebSite","@id":"https:\/\/www.polynt.com\/#website","url":"https:\/\/www.polynt.com\/","name":"Polynt","description":"Un nuovo sito targato WordPress","potentialAction":[{"@type":"SearchAction","target":{"@type":"EntryPoint","urlTemplate":"https:\/\/www.polynt.com\/?s={search_term_string}"},"query-input":{"@type":"PropertyValueSpecification","valueRequired":true,"valueName":"search_term_string"}}],"inLanguage":"fr-FR"}]}},"_links":{"self":[{"href":"https:\/\/www.polynt.com\/fr\/wp-json\/wp\/v2\/pages\/10433","targetHints":{"allow":["GET"]}}],"collection":[{"href":"https:\/\/www.polynt.com\/fr\/wp-json\/wp\/v2\/pages"}],"about":[{"href":"https:\/\/www.polynt.com\/fr\/wp-json\/wp\/v2\/types\/page"}],"author":[{"embeddable":true,"href":"https:\/\/www.polynt.com\/fr\/wp-json\/wp\/v2\/users\/1"}],"replies":[{"embeddable":true,"href":"https:\/\/www.polynt.com\/fr\/wp-json\/wp\/v2\/comments?post=10433"}],"version-history":[{"count":4,"href":"https:\/\/www.polynt.com\/fr\/wp-json\/wp\/v2\/pages\/10433\/revisions"}],"predecessor-version":[{"id":16286,"href":"https:\/\/www.polynt.com\/fr\/wp-json\/wp\/v2\/pages\/10433\/revisions\/16286"}],"up":[{"embeddable":true,"href":"https:\/\/www.polynt.com\/fr\/wp-json\/wp\/v2\/pages\/10403"}],"wp:attachment":[{"href":"https:\/\/www.polynt.com\/fr\/wp-json\/wp\/v2\/media?parent=10433"}],"curies":[{"name":"wp","href":"https:\/\/api.w.org\/{rel}","templated":true}]}}