{"id":23314,"date":"2022-01-24T12:24:59","date_gmt":"2022-01-24T11:24:59","guid":{"rendered":"https:\/\/www.polynt.com\/sustainability\/"},"modified":"2023-07-06T15:51:40","modified_gmt":"2023-07-06T13:51:40","slug":"sustainability","status":"publish","type":"page","link":"https:\/\/www.polynt.com\/fr\/sustainability\/","title":{"rendered":"Sustainability"},"content":{"rendered":"<p>Le groupe Polynt veut contribuer \u00e0 un avenir durable.<br \/>\nLa Soci\u00e9t\u00e9 mesure l&rsquo;impact de ses activit\u00e9s commerciales sur le d\u00e9veloppement durable, elle cr\u00e9e de la valeur pour ses clients et travaille avec ses fournisseurs pour \u00e9valuer et am\u00e9liorer la durabilit\u00e9 de la cha\u00eene d&rsquo;approvisionnement.<\/p>\n","protected":false},"excerpt":{"rendered":"<p>Le groupe Polynt veut contribuer \u00e0 un avenir durable. La Soci\u00e9t\u00e9 mesure l&rsquo;impact de ses activit\u00e9s commerciales sur le d\u00e9veloppement &hellip;<\/p>\n","protected":false},"author":1,"featured_media":0,"parent":0,"menu_order":0,"comment_status":"closed","ping_status":"closed","template":"template-financial-info-main.php","meta":{"footnotes":""},"class_list":["post-23314","page","type-page","status-publish","hentry","odd"],"yoast_head":"<!-- This site is optimized with the Yoast SEO plugin v24.8.1 - https:\/\/yoast.com\/wordpress\/plugins\/seo\/ -->\n<title>Financial information | Polynt Group<\/title>\n<meta name=\"description\" content=\"Financial information | Polynt Group offers the financial information about the company, specialized in the distribution of Composites, intermediates and coatings.\" \/>\n<meta name=\"robots\" content=\"index, follow, max-snippet:-1, max-image-preview:large, max-video-preview:-1\" \/>\n<link rel=\"canonical\" href=\"https:\/\/www.polynt.com\/fr\/sustainability\/\" \/>\n<meta property=\"og:locale\" content=\"fr_FR\" \/>\n<meta property=\"og:type\" content=\"article\" \/>\n<meta property=\"og:title\" content=\"Financial information | Polynt Group\" \/>\n<meta property=\"og:description\" content=\"Financial information | Polynt Group offers the financial information about the company, specialized in the distribution of Composites, intermediates and coatings.\" \/>\n<meta property=\"og:url\" content=\"https:\/\/www.polynt.com\/fr\/sustainability\/\" \/>\n<meta property=\"og:site_name\" content=\"Polynt\" \/>\n<meta property=\"article:modified_time\" content=\"2023-07-06T13:51:40+00:00\" \/>\n<meta name=\"twitter:card\" content=\"summary_large_image\" \/>\n<meta name=\"twitter:label1\" content=\"Dur\u00e9e de lecture estim\u00e9e\" \/>\n\t<meta name=\"twitter:data1\" content=\"1 minute\" \/>\n<script type=\"application\/ld+json\" class=\"yoast-schema-graph\">{\"@context\":\"https:\/\/schema.org\",\"@graph\":[{\"@type\":\"WebPage\",\"@id\":\"https:\/\/www.polynt.com\/fr\/sustainability\/\",\"url\":\"https:\/\/www.polynt.com\/fr\/sustainability\/\",\"name\":\"Financial information | Polynt Group\",\"isPartOf\":{\"@id\":\"https:\/\/www.polynt.com\/#website\"},\"datePublished\":\"2022-01-24T11:24:59+00:00\",\"dateModified\":\"2023-07-06T13:51:40+00:00\",\"description\":\"Financial information | Polynt Group offers the financial information about the company, specialized in the distribution of Composites, intermediates and coatings.\",\"breadcrumb\":{\"@id\":\"https:\/\/www.polynt.com\/fr\/sustainability\/#breadcrumb\"},\"inLanguage\":\"fr-FR\",\"potentialAction\":[{\"@type\":\"ReadAction\",\"target\":[\"https:\/\/www.polynt.com\/fr\/sustainability\/\"]}]},{\"@type\":\"BreadcrumbList\",\"@id\":\"https:\/\/www.polynt.com\/fr\/sustainability\/#breadcrumb\",\"itemListElement\":[{\"@type\":\"ListItem\",\"position\":1,\"name\":\"Home\",\"item\":\"https:\/\/www.polynt.com\/fr\/\"},{\"@type\":\"ListItem\",\"position\":2,\"name\":\"Sustainability\"}]},{\"@type\":\"WebSite\",\"@id\":\"https:\/\/www.polynt.com\/#website\",\"url\":\"https:\/\/www.polynt.com\/\",\"name\":\"Polynt\",\"description\":\"Un nuovo sito targato WordPress\",\"potentialAction\":[{\"@type\":\"SearchAction\",\"target\":{\"@type\":\"EntryPoint\",\"urlTemplate\":\"https:\/\/www.polynt.com\/?s={search_term_string}\"},\"query-input\":{\"@type\":\"PropertyValueSpecification\",\"valueRequired\":true,\"valueName\":\"search_term_string\"}}],\"inLanguage\":\"fr-FR\"}]}<\/script>\n<!-- \/ Yoast SEO plugin. -->","yoast_head_json":{"title":"Financial information | Polynt Group","description":"Financial information | Polynt Group offers the financial information about the company, specialized in the distribution of Composites, intermediates and coatings.","robots":{"index":"index","follow":"follow","max-snippet":"max-snippet:-1","max-image-preview":"max-image-preview:large","max-video-preview":"max-video-preview:-1"},"canonical":"https:\/\/www.polynt.com\/fr\/sustainability\/","og_locale":"fr_FR","og_type":"article","og_title":"Financial information | Polynt Group","og_description":"Financial information | Polynt Group offers the financial information about the company, specialized in the distribution of Composites, intermediates and coatings.","og_url":"https:\/\/www.polynt.com\/fr\/sustainability\/","og_site_name":"Polynt","article_modified_time":"2023-07-06T13:51:40+00:00","twitter_card":"summary_large_image","twitter_misc":{"Dur\u00e9e de lecture estim\u00e9e":"1 minute"},"schema":{"@context":"https:\/\/schema.org","@graph":[{"@type":"WebPage","@id":"https:\/\/www.polynt.com\/fr\/sustainability\/","url":"https:\/\/www.polynt.com\/fr\/sustainability\/","name":"Financial information | Polynt Group","isPartOf":{"@id":"https:\/\/www.polynt.com\/#website"},"datePublished":"2022-01-24T11:24:59+00:00","dateModified":"2023-07-06T13:51:40+00:00","description":"Financial information | Polynt Group offers the financial information about the company, specialized in the distribution of Composites, intermediates and coatings.","breadcrumb":{"@id":"https:\/\/www.polynt.com\/fr\/sustainability\/#breadcrumb"},"inLanguage":"fr-FR","potentialAction":[{"@type":"ReadAction","target":["https:\/\/www.polynt.com\/fr\/sustainability\/"]}]},{"@type":"BreadcrumbList","@id":"https:\/\/www.polynt.com\/fr\/sustainability\/#breadcrumb","itemListElement":[{"@type":"ListItem","position":1,"name":"Home","item":"https:\/\/www.polynt.com\/fr\/"},{"@type":"ListItem","position":2,"name":"Sustainability"}]},{"@type":"WebSite","@id":"https:\/\/www.polynt.com\/#website","url":"https:\/\/www.polynt.com\/","name":"Polynt","description":"Un nuovo sito targato WordPress","potentialAction":[{"@type":"SearchAction","target":{"@type":"EntryPoint","urlTemplate":"https:\/\/www.polynt.com\/?s={search_term_string}"},"query-input":{"@type":"PropertyValueSpecification","valueRequired":true,"valueName":"search_term_string"}}],"inLanguage":"fr-FR"}]}},"_links":{"self":[{"href":"https:\/\/www.polynt.com\/fr\/wp-json\/wp\/v2\/pages\/23314","targetHints":{"allow":["GET"]}}],"collection":[{"href":"https:\/\/www.polynt.com\/fr\/wp-json\/wp\/v2\/pages"}],"about":[{"href":"https:\/\/www.polynt.com\/fr\/wp-json\/wp\/v2\/types\/page"}],"author":[{"embeddable":true,"href":"https:\/\/www.polynt.com\/fr\/wp-json\/wp\/v2\/users\/1"}],"replies":[{"embeddable":true,"href":"https:\/\/www.polynt.com\/fr\/wp-json\/wp\/v2\/comments?post=23314"}],"version-history":[{"count":8,"href":"https:\/\/www.polynt.com\/fr\/wp-json\/wp\/v2\/pages\/23314\/revisions"}],"predecessor-version":[{"id":28400,"href":"https:\/\/www.polynt.com\/fr\/wp-json\/wp\/v2\/pages\/23314\/revisions\/28400"}],"wp:attachment":[{"href":"https:\/\/www.polynt.com\/fr\/wp-json\/wp\/v2\/media?parent=23314"}],"curies":[{"name":"wp","href":"https:\/\/api.w.org\/{rel}","templated":true}]}}