{"id":23325,"date":"2022-01-24T12:30:13","date_gmt":"2022-01-24T11:30:13","guid":{"rendered":"https:\/\/www.polynt.com\/sustainability\/polynt-group-approach\/"},"modified":"2022-03-02T15:51:36","modified_gmt":"2022-03-02T14:51:36","slug":"polynt-group-approach","status":"publish","type":"page","link":"https:\/\/www.polynt.com\/fr\/sustainability\/polynt-group-approach\/","title":{"rendered":"Approche du Groupe Polynt"},"content":{"rendered":"<h2>Approche du Groupe Polynt<\/h2>\n<p>Au sein du Groupe Polynt, nous sommes conscients que pour r\u00e9ussir durablement, la croissance \u00e9conomique doit respecter des r\u00e8gles \u00e9thiques : une performance financi\u00e8re avec une responsabilit\u00e9 sociale des entreprises et un d\u00e9veloppement industriel avec une protection de l&rsquo;environnement.<\/p>\n<p>En tant que leader dans la production de composites et d&rsquo;interm\u00e9diaires, nous attachons une grande importance \u00e0 la durabilit\u00e9, qui fait partie int\u00e9grante de nos pratiques commerciales. Guid\u00e9s par un leadership fort et un sens des responsabilit\u00e9s, nous nous engageons \u00e0 b\u00e2tir un avenir meilleur et \u00e0 jouer un r\u00f4le de premier plan dans la nouvelle \u00e8re de la chimie durable.<\/p>\n<p>Pour atteindre nos objectifs, nous impliquons nos Parties Prenantes dans une communication ouverte et constante, dans le but de cr\u00e9er de la valeur et de partager avec tous nos collaborateurs, clients, partenaires, fournisseurs, investisseurs et communaut\u00e9s locales.<\/p>\n<p>Le mod\u00e8le de gouvernance de notre Groupe refl\u00e8te notre engagement envers une culture d&rsquo;\u00e9thique, d&rsquo;int\u00e9grit\u00e9 et de responsabilit\u00e9 dans tous les domaines de notre activit\u00e9 et tout au long de la cha\u00eene de valeur.<br \/>\nForts de notre exp\u00e9rience dans ce secteur, nous nous engageons pour une conception durable bas\u00e9e sur des solutions \u00e0 hautes performances environnementales et de s\u00e9curit\u00e9 et offrant \u00e0 nos clients des produits qui d\u00e9passent leurs attentes.<\/p>\n<p>Nous consid\u00e9rons les objectifs de d\u00e9veloppement durable qui guident l&rsquo;Agenda 2030 des Nations Unies (objectifs de d\u00e9veloppement durable), comme le cadre sur lequel baser nos actions dans la transition vers un avenir chimique plus durable.<\/p>\n","protected":false},"excerpt":{"rendered":"<p>Approche du Groupe Polynt Au sein du Groupe Polynt, nous sommes conscients que pour r\u00e9ussir durablement, la croissance \u00e9conomique doit &hellip;<\/p>\n","protected":false},"author":1,"featured_media":0,"parent":23314,"menu_order":0,"comment_status":"closed","ping_status":"closed","template":"template-financial-info-single.php","meta":{"footnotes":""},"class_list":["post-23325","page","type-page","status-publish","hentry","odd"],"yoast_head":"<!-- This site is optimized with the Yoast SEO plugin v24.8.1 - https:\/\/yoast.com\/wordpress\/plugins\/seo\/ -->\n<title>Executive summary | Polynt Group<\/title>\n<meta name=\"description\" content=\"Executive summary | Polynt Group offers company detail about its executive. The group is specialized in the production of Composites, intermediates and coatings.\" \/>\n<meta name=\"robots\" content=\"index, follow, max-snippet:-1, max-image-preview:large, max-video-preview:-1\" \/>\n<link rel=\"canonical\" href=\"https:\/\/www.polynt.com\/fr\/sustainability\/polynt-group-approach\/\" \/>\n<meta property=\"og:locale\" content=\"fr_FR\" \/>\n<meta property=\"og:type\" content=\"article\" \/>\n<meta property=\"og:title\" content=\"Executive summary | Polynt Group\" \/>\n<meta property=\"og:description\" content=\"Executive summary | Polynt Group offers company detail about its executive. The group is specialized in the production of Composites, intermediates and coatings.\" \/>\n<meta property=\"og:url\" content=\"https:\/\/www.polynt.com\/fr\/sustainability\/polynt-group-approach\/\" \/>\n<meta property=\"og:site_name\" content=\"Polynt\" \/>\n<meta property=\"article:modified_time\" content=\"2022-03-02T14:51:36+00:00\" \/>\n<meta name=\"twitter:card\" content=\"summary_large_image\" \/>\n<meta name=\"twitter:label1\" content=\"Dur\u00e9e de lecture estim\u00e9e\" \/>\n\t<meta name=\"twitter:data1\" content=\"1 minute\" \/>\n<script type=\"application\/ld+json\" class=\"yoast-schema-graph\">{\"@context\":\"https:\/\/schema.org\",\"@graph\":[{\"@type\":\"WebPage\",\"@id\":\"https:\/\/www.polynt.com\/fr\/sustainability\/polynt-group-approach\/\",\"url\":\"https:\/\/www.polynt.com\/fr\/sustainability\/polynt-group-approach\/\",\"name\":\"Executive summary | Polynt Group\",\"isPartOf\":{\"@id\":\"https:\/\/www.polynt.com\/#website\"},\"datePublished\":\"2022-01-24T11:30:13+00:00\",\"dateModified\":\"2022-03-02T14:51:36+00:00\",\"description\":\"Executive summary | Polynt Group offers company detail about its executive. The group is specialized in the production of Composites, intermediates and coatings.\",\"breadcrumb\":{\"@id\":\"https:\/\/www.polynt.com\/fr\/sustainability\/polynt-group-approach\/#breadcrumb\"},\"inLanguage\":\"fr-FR\",\"potentialAction\":[{\"@type\":\"ReadAction\",\"target\":[\"https:\/\/www.polynt.com\/fr\/sustainability\/polynt-group-approach\/\"]}]},{\"@type\":\"BreadcrumbList\",\"@id\":\"https:\/\/www.polynt.com\/fr\/sustainability\/polynt-group-approach\/#breadcrumb\",\"itemListElement\":[{\"@type\":\"ListItem\",\"position\":1,\"name\":\"Home\",\"item\":\"https:\/\/www.polynt.com\/fr\/\"},{\"@type\":\"ListItem\",\"position\":2,\"name\":\"Sustainability\",\"item\":\"https:\/\/www.polynt.com\/fr\/sustainability\/\"},{\"@type\":\"ListItem\",\"position\":3,\"name\":\"Approche du Groupe Polynt\"}]},{\"@type\":\"WebSite\",\"@id\":\"https:\/\/www.polynt.com\/#website\",\"url\":\"https:\/\/www.polynt.com\/\",\"name\":\"Polynt\",\"description\":\"Un nuovo sito targato WordPress\",\"potentialAction\":[{\"@type\":\"SearchAction\",\"target\":{\"@type\":\"EntryPoint\",\"urlTemplate\":\"https:\/\/www.polynt.com\/?s={search_term_string}\"},\"query-input\":{\"@type\":\"PropertyValueSpecification\",\"valueRequired\":true,\"valueName\":\"search_term_string\"}}],\"inLanguage\":\"fr-FR\"}]}<\/script>\n<!-- \/ Yoast SEO plugin. -->","yoast_head_json":{"title":"Executive summary | Polynt Group","description":"Executive summary | Polynt Group offers company detail about its executive. The group is specialized in the production of Composites, intermediates and coatings.","robots":{"index":"index","follow":"follow","max-snippet":"max-snippet:-1","max-image-preview":"max-image-preview:large","max-video-preview":"max-video-preview:-1"},"canonical":"https:\/\/www.polynt.com\/fr\/sustainability\/polynt-group-approach\/","og_locale":"fr_FR","og_type":"article","og_title":"Executive summary | Polynt Group","og_description":"Executive summary | Polynt Group offers company detail about its executive. The group is specialized in the production of Composites, intermediates and coatings.","og_url":"https:\/\/www.polynt.com\/fr\/sustainability\/polynt-group-approach\/","og_site_name":"Polynt","article_modified_time":"2022-03-02T14:51:36+00:00","twitter_card":"summary_large_image","twitter_misc":{"Dur\u00e9e de lecture estim\u00e9e":"1 minute"},"schema":{"@context":"https:\/\/schema.org","@graph":[{"@type":"WebPage","@id":"https:\/\/www.polynt.com\/fr\/sustainability\/polynt-group-approach\/","url":"https:\/\/www.polynt.com\/fr\/sustainability\/polynt-group-approach\/","name":"Executive summary | Polynt Group","isPartOf":{"@id":"https:\/\/www.polynt.com\/#website"},"datePublished":"2022-01-24T11:30:13+00:00","dateModified":"2022-03-02T14:51:36+00:00","description":"Executive summary | Polynt Group offers company detail about its executive. The group is specialized in the production of Composites, intermediates and coatings.","breadcrumb":{"@id":"https:\/\/www.polynt.com\/fr\/sustainability\/polynt-group-approach\/#breadcrumb"},"inLanguage":"fr-FR","potentialAction":[{"@type":"ReadAction","target":["https:\/\/www.polynt.com\/fr\/sustainability\/polynt-group-approach\/"]}]},{"@type":"BreadcrumbList","@id":"https:\/\/www.polynt.com\/fr\/sustainability\/polynt-group-approach\/#breadcrumb","itemListElement":[{"@type":"ListItem","position":1,"name":"Home","item":"https:\/\/www.polynt.com\/fr\/"},{"@type":"ListItem","position":2,"name":"Sustainability","item":"https:\/\/www.polynt.com\/fr\/sustainability\/"},{"@type":"ListItem","position":3,"name":"Approche du Groupe Polynt"}]},{"@type":"WebSite","@id":"https:\/\/www.polynt.com\/#website","url":"https:\/\/www.polynt.com\/","name":"Polynt","description":"Un nuovo sito targato WordPress","potentialAction":[{"@type":"SearchAction","target":{"@type":"EntryPoint","urlTemplate":"https:\/\/www.polynt.com\/?s={search_term_string}"},"query-input":{"@type":"PropertyValueSpecification","valueRequired":true,"valueName":"search_term_string"}}],"inLanguage":"fr-FR"}]}},"_links":{"self":[{"href":"https:\/\/www.polynt.com\/fr\/wp-json\/wp\/v2\/pages\/23325","targetHints":{"allow":["GET"]}}],"collection":[{"href":"https:\/\/www.polynt.com\/fr\/wp-json\/wp\/v2\/pages"}],"about":[{"href":"https:\/\/www.polynt.com\/fr\/wp-json\/wp\/v2\/types\/page"}],"author":[{"embeddable":true,"href":"https:\/\/www.polynt.com\/fr\/wp-json\/wp\/v2\/users\/1"}],"replies":[{"embeddable":true,"href":"https:\/\/www.polynt.com\/fr\/wp-json\/wp\/v2\/comments?post=23325"}],"version-history":[{"count":5,"href":"https:\/\/www.polynt.com\/fr\/wp-json\/wp\/v2\/pages\/23325\/revisions"}],"predecessor-version":[{"id":24805,"href":"https:\/\/www.polynt.com\/fr\/wp-json\/wp\/v2\/pages\/23325\/revisions\/24805"}],"up":[{"embeddable":true,"href":"https:\/\/www.polynt.com\/fr\/wp-json\/wp\/v2\/pages\/23314"}],"wp:attachment":[{"href":"https:\/\/www.polynt.com\/fr\/wp-json\/wp\/v2\/media?parent=23325"}],"curies":[{"name":"wp","href":"https:\/\/api.w.org\/{rel}","templated":true}]}}