{"id":23339,"date":"2022-01-24T12:39:13","date_gmt":"2022-01-24T11:39:13","guid":{"rendered":"https:\/\/www.polynt.com\/?page_id=23339"},"modified":"2022-03-02T15:53:02","modified_gmt":"2022-03-02T14:53:02","slug":"dialogue-with-stakeholders","status":"publish","type":"page","link":"https:\/\/www.polynt.com\/fr\/sustainability\/dialogue-with-stakeholders\/","title":{"rendered":"Dialogue avec les Parties Prenantes"},"content":{"rendered":"<h2>Dialogue avec les Parties Prenantes<\/h2>\n<p>La responsabilit\u00e9 du groupe Polynt est de cr\u00e9er une valeur durable et partag\u00e9e pour nos clients, employ\u00e9s, investisseurs, fournisseurs et communaut\u00e9s qui attendent de nous que nous apportions une contribution positive \u00e0 l&rsquo;\u00e9conomie, \u00e0 l&rsquo;environnement et \u00e0 la soci\u00e9t\u00e9.<\/p>\n<p>Le Groupe promeut l&rsquo;innovation environnementale et sociale en engageant de mani\u00e8re proactive un dialogue avec les acteurs qui contribuent \u00e0 l&rsquo;am\u00e9lioration de nos pratiques pour nous permettre d&rsquo;atteindre nos objectifs.<\/p>\n<p>La responsabilit\u00e9 du Groupe envers le d\u00e9veloppement durable s&rsquo;inspire d&rsquo;une communication continue avec nos parties prenantes et cela contribue \u00e0 la r\u00e9alisation de nos objectifs.<\/p>\n<p>Le Groupe implique les meilleures ressources humaines et comp\u00e9tences dans la gestion des probl\u00e8mes avec une approche globale et prendre des d\u00e9cisions responsables \u00e0 la fois globalement et localement.<\/p>\n","protected":false},"excerpt":{"rendered":"<p>Dialogue avec les Parties Prenantes La responsabilit\u00e9 du groupe Polynt est de cr\u00e9er une valeur durable et partag\u00e9e pour nos &hellip;<\/p>\n","protected":false},"author":1,"featured_media":0,"parent":23314,"menu_order":0,"comment_status":"closed","ping_status":"closed","template":"template-financial-info-single.php","meta":{"footnotes":""},"class_list":["post-23339","page","type-page","status-publish","hentry","odd"],"yoast_head":"<!-- This site is optimized with the Yoast SEO plugin v24.8.1 - https:\/\/yoast.com\/wordpress\/plugins\/seo\/ -->\n<title>Executive summary | Polynt Group<\/title>\n<meta name=\"description\" content=\"Executive summary | Polynt Group offers company detail about its executive. The group is specialized in the production of Composites, intermediates and coatings.\" \/>\n<meta name=\"robots\" content=\"index, follow, max-snippet:-1, max-image-preview:large, max-video-preview:-1\" \/>\n<link rel=\"canonical\" href=\"https:\/\/www.polynt.com\/fr\/sustainability\/dialogue-with-stakeholders\/\" \/>\n<meta property=\"og:locale\" content=\"fr_FR\" \/>\n<meta property=\"og:type\" content=\"article\" \/>\n<meta property=\"og:title\" content=\"Executive summary | Polynt Group\" \/>\n<meta property=\"og:description\" content=\"Executive summary | Polynt Group offers company detail about its executive. The group is specialized in the production of Composites, intermediates and coatings.\" \/>\n<meta property=\"og:url\" content=\"https:\/\/www.polynt.com\/fr\/sustainability\/dialogue-with-stakeholders\/\" \/>\n<meta property=\"og:site_name\" content=\"Polynt\" \/>\n<meta property=\"article:modified_time\" content=\"2022-03-02T14:53:02+00:00\" \/>\n<meta name=\"twitter:card\" content=\"summary_large_image\" \/>\n<meta name=\"twitter:label1\" content=\"Dur\u00e9e de lecture estim\u00e9e\" \/>\n\t<meta name=\"twitter:data1\" content=\"1 minute\" \/>\n<script type=\"application\/ld+json\" class=\"yoast-schema-graph\">{\"@context\":\"https:\/\/schema.org\",\"@graph\":[{\"@type\":\"WebPage\",\"@id\":\"https:\/\/www.polynt.com\/fr\/sustainability\/dialogue-with-stakeholders\/\",\"url\":\"https:\/\/www.polynt.com\/fr\/sustainability\/dialogue-with-stakeholders\/\",\"name\":\"Executive summary | Polynt Group\",\"isPartOf\":{\"@id\":\"https:\/\/www.polynt.com\/#website\"},\"datePublished\":\"2022-01-24T11:39:13+00:00\",\"dateModified\":\"2022-03-02T14:53:02+00:00\",\"description\":\"Executive summary | Polynt Group offers company detail about its executive. The group is specialized in the production of Composites, intermediates and coatings.\",\"breadcrumb\":{\"@id\":\"https:\/\/www.polynt.com\/fr\/sustainability\/dialogue-with-stakeholders\/#breadcrumb\"},\"inLanguage\":\"fr-FR\",\"potentialAction\":[{\"@type\":\"ReadAction\",\"target\":[\"https:\/\/www.polynt.com\/fr\/sustainability\/dialogue-with-stakeholders\/\"]}]},{\"@type\":\"BreadcrumbList\",\"@id\":\"https:\/\/www.polynt.com\/fr\/sustainability\/dialogue-with-stakeholders\/#breadcrumb\",\"itemListElement\":[{\"@type\":\"ListItem\",\"position\":1,\"name\":\"Home\",\"item\":\"https:\/\/www.polynt.com\/fr\/\"},{\"@type\":\"ListItem\",\"position\":2,\"name\":\"Sustainability\",\"item\":\"https:\/\/www.polynt.com\/fr\/sustainability\/\"},{\"@type\":\"ListItem\",\"position\":3,\"name\":\"Dialogue avec les Parties Prenantes\"}]},{\"@type\":\"WebSite\",\"@id\":\"https:\/\/www.polynt.com\/#website\",\"url\":\"https:\/\/www.polynt.com\/\",\"name\":\"Polynt\",\"description\":\"Un nuovo sito targato WordPress\",\"potentialAction\":[{\"@type\":\"SearchAction\",\"target\":{\"@type\":\"EntryPoint\",\"urlTemplate\":\"https:\/\/www.polynt.com\/?s={search_term_string}\"},\"query-input\":{\"@type\":\"PropertyValueSpecification\",\"valueRequired\":true,\"valueName\":\"search_term_string\"}}],\"inLanguage\":\"fr-FR\"}]}<\/script>\n<!-- \/ Yoast SEO plugin. -->","yoast_head_json":{"title":"Executive summary | Polynt Group","description":"Executive summary | Polynt Group offers company detail about its executive. The group is specialized in the production of Composites, intermediates and coatings.","robots":{"index":"index","follow":"follow","max-snippet":"max-snippet:-1","max-image-preview":"max-image-preview:large","max-video-preview":"max-video-preview:-1"},"canonical":"https:\/\/www.polynt.com\/fr\/sustainability\/dialogue-with-stakeholders\/","og_locale":"fr_FR","og_type":"article","og_title":"Executive summary | Polynt Group","og_description":"Executive summary | Polynt Group offers company detail about its executive. The group is specialized in the production of Composites, intermediates and coatings.","og_url":"https:\/\/www.polynt.com\/fr\/sustainability\/dialogue-with-stakeholders\/","og_site_name":"Polynt","article_modified_time":"2022-03-02T14:53:02+00:00","twitter_card":"summary_large_image","twitter_misc":{"Dur\u00e9e de lecture estim\u00e9e":"1 minute"},"schema":{"@context":"https:\/\/schema.org","@graph":[{"@type":"WebPage","@id":"https:\/\/www.polynt.com\/fr\/sustainability\/dialogue-with-stakeholders\/","url":"https:\/\/www.polynt.com\/fr\/sustainability\/dialogue-with-stakeholders\/","name":"Executive summary | Polynt Group","isPartOf":{"@id":"https:\/\/www.polynt.com\/#website"},"datePublished":"2022-01-24T11:39:13+00:00","dateModified":"2022-03-02T14:53:02+00:00","description":"Executive summary | Polynt Group offers company detail about its executive. The group is specialized in the production of Composites, intermediates and coatings.","breadcrumb":{"@id":"https:\/\/www.polynt.com\/fr\/sustainability\/dialogue-with-stakeholders\/#breadcrumb"},"inLanguage":"fr-FR","potentialAction":[{"@type":"ReadAction","target":["https:\/\/www.polynt.com\/fr\/sustainability\/dialogue-with-stakeholders\/"]}]},{"@type":"BreadcrumbList","@id":"https:\/\/www.polynt.com\/fr\/sustainability\/dialogue-with-stakeholders\/#breadcrumb","itemListElement":[{"@type":"ListItem","position":1,"name":"Home","item":"https:\/\/www.polynt.com\/fr\/"},{"@type":"ListItem","position":2,"name":"Sustainability","item":"https:\/\/www.polynt.com\/fr\/sustainability\/"},{"@type":"ListItem","position":3,"name":"Dialogue avec les Parties Prenantes"}]},{"@type":"WebSite","@id":"https:\/\/www.polynt.com\/#website","url":"https:\/\/www.polynt.com\/","name":"Polynt","description":"Un nuovo sito targato WordPress","potentialAction":[{"@type":"SearchAction","target":{"@type":"EntryPoint","urlTemplate":"https:\/\/www.polynt.com\/?s={search_term_string}"},"query-input":{"@type":"PropertyValueSpecification","valueRequired":true,"valueName":"search_term_string"}}],"inLanguage":"fr-FR"}]}},"_links":{"self":[{"href":"https:\/\/www.polynt.com\/fr\/wp-json\/wp\/v2\/pages\/23339","targetHints":{"allow":["GET"]}}],"collection":[{"href":"https:\/\/www.polynt.com\/fr\/wp-json\/wp\/v2\/pages"}],"about":[{"href":"https:\/\/www.polynt.com\/fr\/wp-json\/wp\/v2\/types\/page"}],"author":[{"embeddable":true,"href":"https:\/\/www.polynt.com\/fr\/wp-json\/wp\/v2\/users\/1"}],"replies":[{"embeddable":true,"href":"https:\/\/www.polynt.com\/fr\/wp-json\/wp\/v2\/comments?post=23339"}],"version-history":[{"count":7,"href":"https:\/\/www.polynt.com\/fr\/wp-json\/wp\/v2\/pages\/23339\/revisions"}],"predecessor-version":[{"id":24806,"href":"https:\/\/www.polynt.com\/fr\/wp-json\/wp\/v2\/pages\/23339\/revisions\/24806"}],"up":[{"embeddable":true,"href":"https:\/\/www.polynt.com\/fr\/wp-json\/wp\/v2\/pages\/23314"}],"wp:attachment":[{"href":"https:\/\/www.polynt.com\/fr\/wp-json\/wp\/v2\/media?parent=23339"}],"curies":[{"name":"wp","href":"https:\/\/api.w.org\/{rel}","templated":true}]}}