{"id":10177,"date":"2017-07-21T11:23:37","date_gmt":"2017-07-21T09:23:37","guid":{"rendered":"http:\/\/www.polynt.com\/?page_id=10177\/"},"modified":"2017-07-21T11:23:37","modified_gmt":"2017-07-21T09:23:37","slug":"resina-vinilestere","status":"publish","type":"page","link":"https:\/\/www.polynt.com\/it\/resina-vinilestere\/","title":{"rendered":"RESINA VINILESTERE"},"content":{"rendered":"<p><strong>Polynt \u00e8 l\u2019azienda di riferimento per chi desidera della resina vinilestere<\/strong> da utilizzare in molteplici ambiti. La nostra realt\u00e0 si relaziona con imprese di diversi settori, assicurando sempre elevata qualit\u00e0 ed efficienza.<\/p>\n<p>La resina vinilestere, conosciuta anche con il nome di estere vinilico o semplicemente vinilestere, \u00e8 un prepolimero telechelico contenente un doppio legame. La resina in questione deriva da una reazione di esterificazione di un prepolimero epossidico con un acido carbossilico. Quest&#8217;ultimo pu\u00f2 essere rappresentato da una componente insatura, come l&#8217;acido metacrilico o l&#8217;acido acrilico. <strong>Tra le caratteristiche pi\u00f9 rilevanti del vinilestere si possono includere valori elevati di:<\/strong><\/p>\n<ul>\n<li>Resistenza meccanica<\/li>\n<li>Resistenza chimica<\/li>\n<li>Resistenza termica<\/li>\n<\/ul>\n<h2>Resina vinilestere: caratteristiche e punti di forza<\/h2>\n<p>Rispetto alla resina poliestere, la <strong>resina vinilestere presenta un livello di resistenza al calore superiore<\/strong>, resiste meglio anche alla corrosione mediata da agenti chimici e alle deformazioni strutturali. I suoi valori, in questi frangenti, si avvicinano a quelli della resina epossidica.<\/p>\n<p>Polynt si occupa della produzione e della vendita di resina vinilestere ad aziende che hanno la necessit\u00e0 di <strong>ottenere performance di pi\u00f9 alto livello rispetto a un manufatto in vetroresina<\/strong>, utilizzando per\u00f2 una tecnica di lavorazione molto simile alla resina poliestere in tutte le tipoplogie di lavorazione, comprese:<strong> la stratificazione e laminazione manuale, con taglia-spruzzo e l\u2019infusione.<\/strong><\/p>\n<p>Come per le resine poliestere la vinilestere pu\u00f2 essere tissotropizzata, ed utilizzata nella stratificazione di pareti dello stampo verticali, senza che si abbiano colature verso il fondo durante la sua applicazione<\/p>\n<h2>Le possibili applicazioni della resina vinilestere<\/h2>\n<p><strong>Polynt \u00e8 un\u2019azienda specializzata nella produzione e nella vendita di resina vinilestere<\/strong>, rivolgendosi a imprese di molteplici settori. La nostra realt\u00e0 si \u00e8 sempre distinta per la qualit\u00e0 del proprio servizio e per l\u2019efficienza delle proprie proposte.<\/p>\n<p>Oltre che per le fibre di vetro, <strong>la resina vinilestere si dimostra ideale anche per le fibre in aramidica e in carbonio<\/strong>. I settori che pi\u00f9 di tutti ricorrono alle propriet\u00e0 del vinilestere sono quello <strong>nautico e quello dell&#8217;industria chimica e petrolifera.<\/strong> Nel primo caso la resina vinilestere viene utilizzata per la realizzazione di scafi ad alte prestazioni, costruzioni di scocche e carenature resistenti al calore, manufatti per barche da competizione.<\/p>\n<p>In ambito chimico-petrolifero, invece, la resina vinilestere viene utilizzata per il rivestimento in vetroresina di cisterne, vasche e serbatoi contenenti sostanze corrosive.<\/p>\n","protected":false},"excerpt":{"rendered":"<p>Polynt \u00e8 l\u2019azienda di riferimento per chi desidera della resina vinilestere da utilizzare in molteplici ambiti. La nostra realt\u00e0 si &hellip;<\/p>\n","protected":false},"author":542,"featured_media":0,"parent":0,"menu_order":0,"comment_status":"closed","ping_status":"closed","template":"template-approfondimento.php","meta":{"footnotes":""},"class_list":["post-10177","page","type-page","status-publish","hentry","odd"],"yoast_head":"<!-- This site is optimized with the Yoast SEO plugin v24.8.1 - https:\/\/yoast.com\/wordpress\/plugins\/seo\/ -->\n<title>Resina vinilestere | POLYNT<\/title>\n<meta name=\"description\" content=\"Resina vinilestere | POLYNT produzione e vendita di resina vinilestere, utilizzata nel settore nautico e chimico-petrolifero per rivestimenti anti-corrosivi.\" \/>\n<meta name=\"robots\" content=\"index, follow, max-snippet:-1, max-image-preview:large, max-video-preview:-1\" \/>\n<link rel=\"canonical\" href=\"https:\/\/www.polynt.com\/it\/resina-vinilestere\/\" \/>\n<meta property=\"og:locale\" content=\"it_IT\" \/>\n<meta property=\"og:type\" content=\"article\" \/>\n<meta property=\"og:title\" content=\"Resina vinilestere | POLYNT\" \/>\n<meta property=\"og:description\" content=\"Resina vinilestere | POLYNT produzione e vendita di resina vinilestere, utilizzata nel settore nautico e chimico-petrolifero per rivestimenti anti-corrosivi.\" \/>\n<meta property=\"og:url\" content=\"https:\/\/www.polynt.com\/it\/resina-vinilestere\/\" \/>\n<meta property=\"og:site_name\" content=\"Polynt\" \/>\n<meta name=\"twitter:card\" content=\"summary_large_image\" \/>\n<meta name=\"twitter:label1\" content=\"Tempo di lettura stimato\" \/>\n\t<meta name=\"twitter:data1\" content=\"2 minuti\" \/>\n<script type=\"application\/ld+json\" class=\"yoast-schema-graph\">{\"@context\":\"https:\/\/schema.org\",\"@graph\":[{\"@type\":\"WebPage\",\"@id\":\"https:\/\/www.polynt.com\/it\/resina-vinilestere\/\",\"url\":\"https:\/\/www.polynt.com\/it\/resina-vinilestere\/\",\"name\":\"Resina vinilestere | POLYNT\",\"isPartOf\":{\"@id\":\"https:\/\/www.polynt.com\/#website\"},\"datePublished\":\"2017-07-21T09:23:37+00:00\",\"description\":\"Resina vinilestere | POLYNT produzione e vendita di resina vinilestere, utilizzata nel settore nautico e chimico-petrolifero per rivestimenti anti-corrosivi.\",\"breadcrumb\":{\"@id\":\"https:\/\/www.polynt.com\/it\/resina-vinilestere\/#breadcrumb\"},\"inLanguage\":\"it-IT\",\"potentialAction\":[{\"@type\":\"ReadAction\",\"target\":[\"https:\/\/www.polynt.com\/it\/resina-vinilestere\/\"]}]},{\"@type\":\"BreadcrumbList\",\"@id\":\"https:\/\/www.polynt.com\/it\/resina-vinilestere\/#breadcrumb\",\"itemListElement\":[{\"@type\":\"ListItem\",\"position\":1,\"name\":\"Home\",\"item\":\"https:\/\/www.polynt.com\/it\/\"},{\"@type\":\"ListItem\",\"position\":2,\"name\":\"RESINA VINILESTERE\"}]},{\"@type\":\"WebSite\",\"@id\":\"https:\/\/www.polynt.com\/#website\",\"url\":\"https:\/\/www.polynt.com\/\",\"name\":\"Polynt\",\"description\":\"Organic anhydrides and their derivatives | Polynt Group is the world leader in the production, sales and development of organic anhydrides and their derivatives.\",\"potentialAction\":[{\"@type\":\"SearchAction\",\"target\":{\"@type\":\"EntryPoint\",\"urlTemplate\":\"https:\/\/www.polynt.com\/?s={search_term_string}\"},\"query-input\":{\"@type\":\"PropertyValueSpecification\",\"valueRequired\":true,\"valueName\":\"search_term_string\"}}],\"inLanguage\":\"it-IT\"}]}<\/script>\n<!-- \/ Yoast SEO plugin. -->","yoast_head_json":{"title":"Resina vinilestere | POLYNT","description":"Resina vinilestere | POLYNT produzione e vendita di resina vinilestere, utilizzata nel settore nautico e chimico-petrolifero per rivestimenti anti-corrosivi.","robots":{"index":"index","follow":"follow","max-snippet":"max-snippet:-1","max-image-preview":"max-image-preview:large","max-video-preview":"max-video-preview:-1"},"canonical":"https:\/\/www.polynt.com\/it\/resina-vinilestere\/","og_locale":"it_IT","og_type":"article","og_title":"Resina vinilestere | POLYNT","og_description":"Resina vinilestere | POLYNT produzione e vendita di resina vinilestere, utilizzata nel settore nautico e chimico-petrolifero per rivestimenti anti-corrosivi.","og_url":"https:\/\/www.polynt.com\/it\/resina-vinilestere\/","og_site_name":"Polynt","twitter_card":"summary_large_image","twitter_misc":{"Tempo di lettura stimato":"2 minuti"},"schema":{"@context":"https:\/\/schema.org","@graph":[{"@type":"WebPage","@id":"https:\/\/www.polynt.com\/it\/resina-vinilestere\/","url":"https:\/\/www.polynt.com\/it\/resina-vinilestere\/","name":"Resina vinilestere | POLYNT","isPartOf":{"@id":"https:\/\/www.polynt.com\/#website"},"datePublished":"2017-07-21T09:23:37+00:00","description":"Resina vinilestere | POLYNT produzione e vendita di resina vinilestere, utilizzata nel settore nautico e chimico-petrolifero per rivestimenti anti-corrosivi.","breadcrumb":{"@id":"https:\/\/www.polynt.com\/it\/resina-vinilestere\/#breadcrumb"},"inLanguage":"it-IT","potentialAction":[{"@type":"ReadAction","target":["https:\/\/www.polynt.com\/it\/resina-vinilestere\/"]}]},{"@type":"BreadcrumbList","@id":"https:\/\/www.polynt.com\/it\/resina-vinilestere\/#breadcrumb","itemListElement":[{"@type":"ListItem","position":1,"name":"Home","item":"https:\/\/www.polynt.com\/it\/"},{"@type":"ListItem","position":2,"name":"RESINA VINILESTERE"}]},{"@type":"WebSite","@id":"https:\/\/www.polynt.com\/#website","url":"https:\/\/www.polynt.com\/","name":"Polynt","description":"Organic anhydrides and their derivatives | Polynt Group is the world leader in the production, sales and development of organic anhydrides and their derivatives.","potentialAction":[{"@type":"SearchAction","target":{"@type":"EntryPoint","urlTemplate":"https:\/\/www.polynt.com\/?s={search_term_string}"},"query-input":{"@type":"PropertyValueSpecification","valueRequired":true,"valueName":"search_term_string"}}],"inLanguage":"it-IT"}]}},"_links":{"self":[{"href":"https:\/\/www.polynt.com\/it\/wp-json\/wp\/v2\/pages\/10177","targetHints":{"allow":["GET"]}}],"collection":[{"href":"https:\/\/www.polynt.com\/it\/wp-json\/wp\/v2\/pages"}],"about":[{"href":"https:\/\/www.polynt.com\/it\/wp-json\/wp\/v2\/types\/page"}],"author":[{"embeddable":true,"href":"https:\/\/www.polynt.com\/it\/wp-json\/wp\/v2\/users\/542"}],"replies":[{"embeddable":true,"href":"https:\/\/www.polynt.com\/it\/wp-json\/wp\/v2\/comments?post=10177"}],"version-history":[{"count":3,"href":"https:\/\/www.polynt.com\/it\/wp-json\/wp\/v2\/pages\/10177\/revisions"}],"predecessor-version":[{"id":10180,"href":"https:\/\/www.polynt.com\/it\/wp-json\/wp\/v2\/pages\/10177\/revisions\/10180"}],"wp:attachment":[{"href":"https:\/\/www.polynt.com\/it\/wp-json\/wp\/v2\/media?parent=10177"}],"curies":[{"name":"wp","href":"https:\/\/api.w.org\/{rel}","templated":true}]}}