{"id":10181,"date":"2017-07-21T11:26:22","date_gmt":"2017-07-21T09:26:22","guid":{"rendered":"http:\/\/www.polynt.com\/?page_id=10181\/"},"modified":"2017-07-21T11:26:22","modified_gmt":"2017-07-21T09:26:22","slug":"acido-malico","status":"publish","type":"page","link":"https:\/\/www.polynt.com\/it\/acido-malico\/","title":{"rendered":"ACIDO MALICO"},"content":{"rendered":"<p><strong>Stai cercando un\u2019azienda specializzata nella realizzazione, nella vendita e nella fornitura di acido malico<\/strong>? Polynt \u00e8 il punto di riferimento che stavi cercando: professionalit\u00e0, affidabilit\u00e0, esperienza un prodotto di qualit\u00e0 sono a tua disposizione.<\/p>\n<p>L&#8217;acido malico, noto anche con il nome di acido fruttico o acido di mela, \u00e8 <strong>un acido organico dicarbossilico alfa-idrossilato<\/strong> e viene prodotto attraverso una serie di reazioni chimiche per poter essere utilizzato come additivo alimentare. La sigla che lo identifica e che deve essere riportata per legge sulle etichette degli alimenti in cui viene utilizzato \u00e8 E296. <strong>In natura l&#8217;acido malico \u00e8 presente in grande concentrazione a livello della buccia della mela<\/strong> e in una vasta gamma di prodotti orto-frutticoli, tra cui le prugne, i pomodori, le bacche di ribes, le banane.<\/p>\n<h2>L&#8217;impiego di acido malico nell&#8217;industria alimentare: tutti i campi di applicazione<\/h2>\n<p>Oltre che come regolatore di acidit\u00e0,, <strong>l&#8217;acido malico viene aggiunto agli alimenti per dar loro un aroma pi\u00f9 ricco e penetrante<\/strong>. Tra le caratteristiche maggiormente distintive di questa sostanza vi \u00e8 proprio il suo gusto amarognolo ed asprigno. Nonostante sia il frutto di una reazione di sintesi chimica, <strong>la presenza di quest&#8217;acido all&#8217;interno degli alimenti non deve essere considerata tossica o dannosa per la salute<\/strong>. Lo si ritrova in una vasta gamma di cibi e bevande, tra cui vale la pena ricordare:<\/p>\n<ul>\n<li>Prodotti di pasticceria<\/li>\n<li>Conserve di frutta<\/li>\n<li>Sciroppi<\/li>\n<li>Gelatine<\/li>\n<li>Vino<\/li>\n<li>Snack a basso contenuto calorico<\/li>\n<\/ul>\n<h2>I vantaggi dell\u2019utilizzo di acido malico<\/h2>\n<p>Oltre che nel settore alimentare<strong>, l&#8217;acido malico viene utilizzato molto spesso in quello della cosmesi.<\/strong> Numerose sono, infatti, le creme, gli esfolianti, i prodotti specifici per il viso e per il corpo contenenti percentuali pi\u00f9 o meno elevate della sostanza in questione.<\/p>\n<p>Il motivo che si cela dietro l&#8217;utilizzo piuttosto diffuso del cosiddetto acido di mela \u00e8 strettamente collegato alla sua funzione biochimica. <strong>L&#8217;acido prende parte, infatti, alla vita metabolica del ciclo di Krebs ed incrementa i livelli di ossigeno nei muscoli<\/strong>. Dalla sua assunzione tramite gli alimenti ne deriva pertanto una vasta gamma di vantaggi:<\/p>\n<ul>\n<li>Miglioramento della resa energetica del cibo<\/li>\n<li>Incremento della resistenza fisica in chi svolge un&#8217;intensa attivit\u00e0 sportiva<\/li>\n<li>Riduzione della percezione del dolore dovuto a fibromialgia di tipo cronico<\/li>\n<\/ul>\n","protected":false},"excerpt":{"rendered":"<p>Stai cercando un\u2019azienda specializzata nella realizzazione, nella vendita e nella fornitura di acido malico? Polynt \u00e8 il punto di riferimento &hellip;<\/p>\n","protected":false},"author":542,"featured_media":0,"parent":0,"menu_order":0,"comment_status":"closed","ping_status":"closed","template":"template-approfondimento.php","meta":{"footnotes":""},"class_list":["post-10181","page","type-page","status-publish","hentry","odd"],"yoast_head":"<!-- This site is optimized with the Yoast SEO plugin v24.8.1 - https:\/\/yoast.com\/wordpress\/plugins\/seo\/ -->\n<title>Acido malico | POLYNT<\/title>\n<meta name=\"description\" content=\"Acido malico | POLYNT produzione, vendita e fornitura di acido malico per aziende del settore alimentare e cosmetici: funziona biochimica e aroma pi\u00f9 intenso.\" \/>\n<meta name=\"robots\" content=\"index, follow, max-snippet:-1, max-image-preview:large, max-video-preview:-1\" \/>\n<link rel=\"canonical\" href=\"https:\/\/www.polynt.com\/it\/acido-malico\/\" \/>\n<meta property=\"og:locale\" content=\"it_IT\" \/>\n<meta property=\"og:type\" content=\"article\" \/>\n<meta property=\"og:title\" content=\"Acido malico | POLYNT\" \/>\n<meta property=\"og:description\" content=\"Acido malico | POLYNT produzione, vendita e fornitura di acido malico per aziende del settore alimentare e cosmetici: funziona biochimica e aroma pi\u00f9 intenso.\" \/>\n<meta property=\"og:url\" content=\"https:\/\/www.polynt.com\/it\/acido-malico\/\" \/>\n<meta property=\"og:site_name\" content=\"Polynt\" \/>\n<meta name=\"twitter:card\" content=\"summary_large_image\" \/>\n<meta name=\"twitter:label1\" content=\"Tempo di lettura stimato\" \/>\n\t<meta name=\"twitter:data1\" content=\"2 minuti\" \/>\n<script type=\"application\/ld+json\" class=\"yoast-schema-graph\">{\"@context\":\"https:\/\/schema.org\",\"@graph\":[{\"@type\":\"WebPage\",\"@id\":\"https:\/\/www.polynt.com\/it\/acido-malico\/\",\"url\":\"https:\/\/www.polynt.com\/it\/acido-malico\/\",\"name\":\"Acido malico | POLYNT\",\"isPartOf\":{\"@id\":\"https:\/\/www.polynt.com\/#website\"},\"datePublished\":\"2017-07-21T09:26:22+00:00\",\"description\":\"Acido malico | POLYNT produzione, vendita e fornitura di acido malico per aziende del settore alimentare e cosmetici: funziona biochimica e aroma pi\u00f9 intenso.\",\"breadcrumb\":{\"@id\":\"https:\/\/www.polynt.com\/it\/acido-malico\/#breadcrumb\"},\"inLanguage\":\"it-IT\",\"potentialAction\":[{\"@type\":\"ReadAction\",\"target\":[\"https:\/\/www.polynt.com\/it\/acido-malico\/\"]}]},{\"@type\":\"BreadcrumbList\",\"@id\":\"https:\/\/www.polynt.com\/it\/acido-malico\/#breadcrumb\",\"itemListElement\":[{\"@type\":\"ListItem\",\"position\":1,\"name\":\"Home\",\"item\":\"https:\/\/www.polynt.com\/it\/\"},{\"@type\":\"ListItem\",\"position\":2,\"name\":\"ACIDO MALICO\"}]},{\"@type\":\"WebSite\",\"@id\":\"https:\/\/www.polynt.com\/#website\",\"url\":\"https:\/\/www.polynt.com\/\",\"name\":\"Polynt\",\"description\":\"Organic anhydrides and their derivatives | Polynt Group is the world leader in the production, sales and development of organic anhydrides and their derivatives.\",\"potentialAction\":[{\"@type\":\"SearchAction\",\"target\":{\"@type\":\"EntryPoint\",\"urlTemplate\":\"https:\/\/www.polynt.com\/?s={search_term_string}\"},\"query-input\":{\"@type\":\"PropertyValueSpecification\",\"valueRequired\":true,\"valueName\":\"search_term_string\"}}],\"inLanguage\":\"it-IT\"}]}<\/script>\n<!-- \/ Yoast SEO plugin. -->","yoast_head_json":{"title":"Acido malico | POLYNT","description":"Acido malico | POLYNT produzione, vendita e fornitura di acido malico per aziende del settore alimentare e cosmetici: funziona biochimica e aroma pi\u00f9 intenso.","robots":{"index":"index","follow":"follow","max-snippet":"max-snippet:-1","max-image-preview":"max-image-preview:large","max-video-preview":"max-video-preview:-1"},"canonical":"https:\/\/www.polynt.com\/it\/acido-malico\/","og_locale":"it_IT","og_type":"article","og_title":"Acido malico | POLYNT","og_description":"Acido malico | POLYNT produzione, vendita e fornitura di acido malico per aziende del settore alimentare e cosmetici: funziona biochimica e aroma pi\u00f9 intenso.","og_url":"https:\/\/www.polynt.com\/it\/acido-malico\/","og_site_name":"Polynt","twitter_card":"summary_large_image","twitter_misc":{"Tempo di lettura stimato":"2 minuti"},"schema":{"@context":"https:\/\/schema.org","@graph":[{"@type":"WebPage","@id":"https:\/\/www.polynt.com\/it\/acido-malico\/","url":"https:\/\/www.polynt.com\/it\/acido-malico\/","name":"Acido malico | POLYNT","isPartOf":{"@id":"https:\/\/www.polynt.com\/#website"},"datePublished":"2017-07-21T09:26:22+00:00","description":"Acido malico | POLYNT produzione, vendita e fornitura di acido malico per aziende del settore alimentare e cosmetici: funziona biochimica e aroma pi\u00f9 intenso.","breadcrumb":{"@id":"https:\/\/www.polynt.com\/it\/acido-malico\/#breadcrumb"},"inLanguage":"it-IT","potentialAction":[{"@type":"ReadAction","target":["https:\/\/www.polynt.com\/it\/acido-malico\/"]}]},{"@type":"BreadcrumbList","@id":"https:\/\/www.polynt.com\/it\/acido-malico\/#breadcrumb","itemListElement":[{"@type":"ListItem","position":1,"name":"Home","item":"https:\/\/www.polynt.com\/it\/"},{"@type":"ListItem","position":2,"name":"ACIDO MALICO"}]},{"@type":"WebSite","@id":"https:\/\/www.polynt.com\/#website","url":"https:\/\/www.polynt.com\/","name":"Polynt","description":"Organic anhydrides and their derivatives | Polynt Group is the world leader in the production, sales and development of organic anhydrides and their derivatives.","potentialAction":[{"@type":"SearchAction","target":{"@type":"EntryPoint","urlTemplate":"https:\/\/www.polynt.com\/?s={search_term_string}"},"query-input":{"@type":"PropertyValueSpecification","valueRequired":true,"valueName":"search_term_string"}}],"inLanguage":"it-IT"}]}},"_links":{"self":[{"href":"https:\/\/www.polynt.com\/it\/wp-json\/wp\/v2\/pages\/10181","targetHints":{"allow":["GET"]}}],"collection":[{"href":"https:\/\/www.polynt.com\/it\/wp-json\/wp\/v2\/pages"}],"about":[{"href":"https:\/\/www.polynt.com\/it\/wp-json\/wp\/v2\/types\/page"}],"author":[{"embeddable":true,"href":"https:\/\/www.polynt.com\/it\/wp-json\/wp\/v2\/users\/542"}],"replies":[{"embeddable":true,"href":"https:\/\/www.polynt.com\/it\/wp-json\/wp\/v2\/comments?post=10181"}],"version-history":[{"count":2,"href":"https:\/\/www.polynt.com\/it\/wp-json\/wp\/v2\/pages\/10181\/revisions"}],"predecessor-version":[{"id":10183,"href":"https:\/\/www.polynt.com\/it\/wp-json\/wp\/v2\/pages\/10181\/revisions\/10183"}],"wp:attachment":[{"href":"https:\/\/www.polynt.com\/it\/wp-json\/wp\/v2\/media?parent=10181"}],"curies":[{"name":"wp","href":"https:\/\/api.w.org\/{rel}","templated":true}]}}