{"id":1024,"date":"2016-12-09T16:38:15","date_gmt":"2016-12-09T15:38:15","guid":{"rendered":"http:\/\/www.polynt.com\/?page_id=1024"},"modified":"2019-07-17T16:55:49","modified_gmt":"2019-07-17T14:55:49","slug":"privacy-policy-clienti-fornitori","status":"publish","type":"page","link":"https:\/\/www.polynt.com\/it\/privacy-policy-clienti-fornitori\/","title":{"rendered":"Privacy Policy Clienti-Fornitori"},"content":{"rendered":"<h3><strong><span style=\"color: #000080;\">Informativa Clienti e Fornitori<\/span> <span style=\"color: #000080;\">ai sensi del Regolamento EU 679\/2016<\/span><\/strong><\/h3>\n<p>Con la presente Vi informiamo che per la gestione e l\u2019esecuzione dei rapporti con i propri interlocutori, Polynt Spa ha necessit\u00e0 di acquisire, attraverso il sito web, verbalmente, direttamente o tramite terzi, alcuni dati qualificati come \u201cdati personali\u201d ai sensi del d.lgs. n. 196\/2003 e ss.mm.ii. (di seguito \u201cCodice Privacy\u201d) e del Regolamento UE 2016\/679 (di seguito \u201cGDPR\u201d e collettivamente Codice Privacy e GDPR \u201cNormativa Applicabile\u201d) .<br \/>\nA tal fine, ai sensi dell&#8217;articolo 13 del GDPR Vi invitiamo a prendere visione della seguente informativa.<\/p>\n<p><strong><span style=\"color: #000000;\">Identit\u00e0 e dati di contatto del Titolare del trattamento<\/span><\/strong><br \/>\nTitolare del trattamento \u00e8 Polynt S.p.A. corrente in Scanzorosciate (BG), via Enrico Fermi, 51, ( di seguito \u201c Titolare\u201d). I suoi dati di contatto sono i seguenti: <a href=\"mailto:privacy@polynt.com\">privacy@polynt.com<\/a><\/p>\n<p><strong>Finalit\u00e0 del trattamento e Base Giuridica: obbligo e facolt\u00e0 del conferimento<\/strong><br \/>\nI dati personali vengono trattati dalla nostra organizzazione per le seguenti finalit\u00e0:<br \/>\na) Adempimento delle obbligazioni precontrattuali e contrattuali nonch\u00e9 gestione del rapporto contrattuale (es: attivit\u00e0 finalizzate alla conclusione del contratto, fatturazione, gestione dei reclami, assistenza pre\/ post vendita, etc&#8230;);<br \/>\nb) Esecuzione del contratto;<br \/>\nc) Esercizio dei diritti e interessi legittimi del Titolare, a titolo esemplificativo e non esaustivo: la valutazione economico-finanziaria, richiesta di documentazione che attesti il possesso di determinati requisiti, il diritto di difesa in giudizio, operazioni di natura amministrativo-contabile connesse ad esigenze organizzative interne alla tenuta della contabilit\u00e0 interna, ai controlli;<br \/>\nd) adempimento delle obbligazioni previste dalle normative vigenti nei confronti delle Pubbliche Amministrazioni, anche connesse al rapporto contrattuale.<\/p>\n<p>Le basi giuridiche del trattamento sono: l&#8217;esecuzione di misure precontrattuali e del contratto tra le parti, l&#8217;adempimento di obblighi legali nonch\u00e9 il legittimo interesse consistente nella necessit\u00e0 di garantire il corretto funzionamento dell\u2019organizzazione interna. Pertanto il trattamento dei dati personali di cui alle lettere a), b), c), d) \u00e8 lecito e non necessita di preventivo consenso cos\u00ec come previsto dall\u2019 art. 6 GDPR.<br \/>\nIl conferimento dei suoi dati per le finalit\u00e0 a) b) c) d) di cui sopra \u00e8 facoltativo, tuttavia il mancato conferimento comporta l\u2019impossibilit\u00e0 di concludere il contratto o di fornirle i servizi da lei richiesti.<\/p>\n<p><strong>Modalit\u00e0 di trattamento e tempi di conservazione<\/strong><br \/>\nIl trattamento dei dati avverr\u00e0 mediante strumenti idonei a garantire la sicurezza e la riservatezza e sar\u00e0 effettuato sia con l\u2019utilizzo di supporto cartaceo, sia con l\u2019ausilio di strumenti elettronici informatici e telematici atti a memorizzare, gestire e trasmettere i dati stessi.<br \/>\nI dati verranno conservati per il periodo di tempo necessario a raggiungere le finalit\u00e0 per cui sono stati raccolti e successivamente trattati. Dopo la conclusione del rapporto contrattuale il Titolare potr\u00e0 conservare alcuni dati per il periodo necessario all&#8217;adempimento degli obblighi di legge, e comunque non inferiore al periodo di prescrizione ordinaria dei diritti.<\/p>\n<p><strong>Categorie di destinatari. Soggetti che possono venire a conoscenza dei dati <\/strong><\/p>\n<p>I dati personali da Voi forniti o acquisiti nel periodo precontrattuale e in conseguenza del rapporto contrattuale potranno essere comunicati ai seguenti soggetti che svolgono funzioni strettamente connesse o strumentali alla nostra attivit\u00e0:<br \/>\n&#8211; Personale di Polynt S.p.A. in qualit\u00e0 di incaricati al trattamento per la gestione delle pratiche relative al contratto tra le parti; il personale \u00e8 stato debitamente istruito in materia di sicurezza dei dati personali ai sensi della Normativa Applicabile;<br \/>\n&#8211; Soggetti la cui attivit\u00e0 \u00e8 necessaria per l\u2019esecuzione dei contratti di cui Lei \u00e8 parte o per adempiere a verifiche prima della conclusione del contratto (es: Istituti di credito per operazioni di incassi e pagamenti; Istituti Societ\u00e0 che forniscono informazioni commerciali; Societ\u00e0 di recapito della corrispondenza) o studi legali per la tutela dei diritti. Tali soggetti operano in qualit\u00e0 di Titolari autonomi.<br \/>\n&#8211; Soggetti terzi a cui la nostra azienda, per realizzare le finalit\u00e0 sopra indicate, eventualmente esternalizza talune attivit\u00e0 di trattamento dei Vostri dati personali quali ad esempio: Societ\u00e0 o consulenti che possono prestare servizi relativi alla tenuta dei libri contabili e alla corretta esecuzione degli adempimenti fiscali e di legge, servizi amministrativi, di revisione, di gestione del sistema informativo, di cloud computing, di riscossione del credito, di archiviazione di massa. Tali soggetti operano per conto della nostra azienda e per questo motivo sono di volta in volta appositamente nominati Responsabili Esterni ex art. 28 GDPR.<br \/>\n&#8211; Pubbliche Amministrazioni in adempimento ad obblighi di legge, organi di stato preposti a verifiche e controlli circa la regolarit\u00e0 degli adempimenti contabili e fiscali previsti dalla legge, alle autorit\u00e0 di sicurezza e, pi\u00f9 in generale, ai soggetti ai quali la facolt\u00e0 di accedere ai dati sia riconosciuta da specifiche disposizioni di legge o da un provvedimento emesso da una autorit\u00e0 a ci\u00f2 legittimata dalla legge.<\/p>\n<p>I dati personali da Voi forniti potranno inoltre essere comunicati alle Societ\u00e0 facenti parte del Gruppo aziendale (le societ\u00e0 controllanti, controllate o collegate ai sensi dell&#8217;articolo 2359 del codice civile ovvero le societ\u00e0 sottoposte a comune controllo, nonch\u00e9 i soggetti aderenti a consorzi, reti di imprese e raggruppamenti e associazioni temporanei di imprese), che, dato il nostro carattere internazionale, potranno essere ubicate all&#8217;estero, anche al di fuori della Unione Europea.<br \/>\nSi precisa che, per dati personali s\u2019intendono principalmente i dati di contatto (i.e. e-mail aziendale, nome e cognome del legale rappresentante, nonch\u00e9 del firmatario del contratto), e che comunque l&#8217; eventuale comunicazione dei dati personali sar\u00e0 strettamente legata all&#8217;esecuzione del contratto.<br \/>\nI vostri dati non saranno diffusi, vale a dire che non saranno resi conoscibili a soggetti indeterminati.<\/p>\n<p><strong>I Vostri diritti<\/strong><br \/>\nNei limiti della Normativa Applicabile, l\u2019interessato ha il diritto di chiedere ad Polynt Spa, in qualunque momento, l\u2019accesso ai propri Dati Personali, la rettifica o la cancellazione degli stessi o di opporsi al loro trattamento, la limitazione del trattamento la portabilit\u00e0 dei dati nonch\u00e9 di ottenere in un formato strutturato, di uso comune e leggibile da dispositivo automatico i dati che lo riguardano, salvo di quei Dati Personali essenziali per Polynt Spa per adempiere i propri obblighi di legge. Potr\u00e0 ottenere ci\u00f2 inviando una richiesta scritta indirizzata al Titolare del trattamento all\u2019indirizzo postale o tramite e-mail, come indicato nel precedente punto a).<br \/>\nAi sensi della Normativa Applicabile, l\u2019Interessato ha in ogni caso il diritto di proporre reclamo all\u2019autorit\u00e0 di controllo competente (Garante per la Protezione dei Dati Personali) qualora ritenesse che il trattamento dei propri Dati Personali sia contrario alla normativa vigente, o agire in sede giudiziale.<\/p>\n<p>POLYNT SPA<\/p>\n<p>Documento: Edizione n. 3 del 27\/06\/2019<\/p>\n","protected":false},"excerpt":{"rendered":"<p>Informativa Clienti e Fornitori ai sensi del Regolamento EU 679\/2016 Con la presente Vi informiamo che per la gestione e &hellip;<\/p>\n","protected":false},"author":1,"featured_media":0,"parent":0,"menu_order":0,"comment_status":"closed","ping_status":"closed","template":"","meta":{"footnotes":""},"class_list":["post-1024","page","type-page","status-publish","hentry","odd"],"yoast_head":"<!-- This site is optimized with the Yoast SEO plugin v24.8.1 - https:\/\/yoast.com\/wordpress\/plugins\/seo\/ -->\n<title>Privacy Policy Clienti-Fornitori - Polynt<\/title>\n<meta name=\"robots\" content=\"index, follow, max-snippet:-1, max-image-preview:large, max-video-preview:-1\" \/>\n<link rel=\"canonical\" href=\"https:\/\/www.polynt.com\/it\/privacy-policy-clienti-fornitori\/\" \/>\n<meta property=\"og:locale\" content=\"it_IT\" \/>\n<meta property=\"og:type\" content=\"article\" \/>\n<meta property=\"og:title\" content=\"Privacy Policy Clienti-Fornitori - Polynt\" \/>\n<meta property=\"og:description\" content=\"Informativa Clienti e Fornitori ai sensi del Regolamento EU 679\/2016 Con la presente Vi informiamo che per la gestione e &hellip;\" \/>\n<meta property=\"og:url\" content=\"https:\/\/www.polynt.com\/it\/privacy-policy-clienti-fornitori\/\" \/>\n<meta property=\"og:site_name\" content=\"Polynt\" \/>\n<meta property=\"article:modified_time\" content=\"2019-07-17T14:55:49+00:00\" \/>\n<meta name=\"twitter:card\" content=\"summary_large_image\" \/>\n<meta name=\"twitter:label1\" content=\"Tempo di lettura stimato\" \/>\n\t<meta name=\"twitter:data1\" content=\"5 minuti\" \/>\n<script type=\"application\/ld+json\" class=\"yoast-schema-graph\">{\"@context\":\"https:\/\/schema.org\",\"@graph\":[{\"@type\":\"WebPage\",\"@id\":\"https:\/\/www.polynt.com\/it\/privacy-policy-clienti-fornitori\/\",\"url\":\"https:\/\/www.polynt.com\/it\/privacy-policy-clienti-fornitori\/\",\"name\":\"Privacy Policy Clienti-Fornitori - Polynt\",\"isPartOf\":{\"@id\":\"https:\/\/www.polynt.com\/#website\"},\"datePublished\":\"2016-12-09T15:38:15+00:00\",\"dateModified\":\"2019-07-17T14:55:49+00:00\",\"breadcrumb\":{\"@id\":\"https:\/\/www.polynt.com\/it\/privacy-policy-clienti-fornitori\/#breadcrumb\"},\"inLanguage\":\"it-IT\",\"potentialAction\":[{\"@type\":\"ReadAction\",\"target\":[\"https:\/\/www.polynt.com\/it\/privacy-policy-clienti-fornitori\/\"]}]},{\"@type\":\"BreadcrumbList\",\"@id\":\"https:\/\/www.polynt.com\/it\/privacy-policy-clienti-fornitori\/#breadcrumb\",\"itemListElement\":[{\"@type\":\"ListItem\",\"position\":1,\"name\":\"Home\",\"item\":\"https:\/\/www.polynt.com\/it\/\"},{\"@type\":\"ListItem\",\"position\":2,\"name\":\"Privacy Policy Clienti-Fornitori\"}]},{\"@type\":\"WebSite\",\"@id\":\"https:\/\/www.polynt.com\/#website\",\"url\":\"https:\/\/www.polynt.com\/\",\"name\":\"Polynt\",\"description\":\"Organic anhydrides and their derivatives | Polynt Group is the world leader in the production, sales and development of organic anhydrides and their derivatives.\",\"potentialAction\":[{\"@type\":\"SearchAction\",\"target\":{\"@type\":\"EntryPoint\",\"urlTemplate\":\"https:\/\/www.polynt.com\/?s={search_term_string}\"},\"query-input\":{\"@type\":\"PropertyValueSpecification\",\"valueRequired\":true,\"valueName\":\"search_term_string\"}}],\"inLanguage\":\"it-IT\"}]}<\/script>\n<!-- \/ Yoast SEO plugin. -->","yoast_head_json":{"title":"Privacy Policy Clienti-Fornitori - Polynt","robots":{"index":"index","follow":"follow","max-snippet":"max-snippet:-1","max-image-preview":"max-image-preview:large","max-video-preview":"max-video-preview:-1"},"canonical":"https:\/\/www.polynt.com\/it\/privacy-policy-clienti-fornitori\/","og_locale":"it_IT","og_type":"article","og_title":"Privacy Policy Clienti-Fornitori - Polynt","og_description":"Informativa Clienti e Fornitori ai sensi del Regolamento EU 679\/2016 Con la presente Vi informiamo che per la gestione e &hellip;","og_url":"https:\/\/www.polynt.com\/it\/privacy-policy-clienti-fornitori\/","og_site_name":"Polynt","article_modified_time":"2019-07-17T14:55:49+00:00","twitter_card":"summary_large_image","twitter_misc":{"Tempo di lettura stimato":"5 minuti"},"schema":{"@context":"https:\/\/schema.org","@graph":[{"@type":"WebPage","@id":"https:\/\/www.polynt.com\/it\/privacy-policy-clienti-fornitori\/","url":"https:\/\/www.polynt.com\/it\/privacy-policy-clienti-fornitori\/","name":"Privacy Policy Clienti-Fornitori - Polynt","isPartOf":{"@id":"https:\/\/www.polynt.com\/#website"},"datePublished":"2016-12-09T15:38:15+00:00","dateModified":"2019-07-17T14:55:49+00:00","breadcrumb":{"@id":"https:\/\/www.polynt.com\/it\/privacy-policy-clienti-fornitori\/#breadcrumb"},"inLanguage":"it-IT","potentialAction":[{"@type":"ReadAction","target":["https:\/\/www.polynt.com\/it\/privacy-policy-clienti-fornitori\/"]}]},{"@type":"BreadcrumbList","@id":"https:\/\/www.polynt.com\/it\/privacy-policy-clienti-fornitori\/#breadcrumb","itemListElement":[{"@type":"ListItem","position":1,"name":"Home","item":"https:\/\/www.polynt.com\/it\/"},{"@type":"ListItem","position":2,"name":"Privacy Policy Clienti-Fornitori"}]},{"@type":"WebSite","@id":"https:\/\/www.polynt.com\/#website","url":"https:\/\/www.polynt.com\/","name":"Polynt","description":"Organic anhydrides and their derivatives | Polynt Group is the world leader in the production, sales and development of organic anhydrides and their derivatives.","potentialAction":[{"@type":"SearchAction","target":{"@type":"EntryPoint","urlTemplate":"https:\/\/www.polynt.com\/?s={search_term_string}"},"query-input":{"@type":"PropertyValueSpecification","valueRequired":true,"valueName":"search_term_string"}}],"inLanguage":"it-IT"}]}},"_links":{"self":[{"href":"https:\/\/www.polynt.com\/it\/wp-json\/wp\/v2\/pages\/1024","targetHints":{"allow":["GET"]}}],"collection":[{"href":"https:\/\/www.polynt.com\/it\/wp-json\/wp\/v2\/pages"}],"about":[{"href":"https:\/\/www.polynt.com\/it\/wp-json\/wp\/v2\/types\/page"}],"author":[{"embeddable":true,"href":"https:\/\/www.polynt.com\/it\/wp-json\/wp\/v2\/users\/1"}],"replies":[{"embeddable":true,"href":"https:\/\/www.polynt.com\/it\/wp-json\/wp\/v2\/comments?post=1024"}],"version-history":[{"count":8,"href":"https:\/\/www.polynt.com\/it\/wp-json\/wp\/v2\/pages\/1024\/revisions"}],"predecessor-version":[{"id":18946,"href":"https:\/\/www.polynt.com\/it\/wp-json\/wp\/v2\/pages\/1024\/revisions\/18946"}],"wp:attachment":[{"href":"https:\/\/www.polynt.com\/it\/wp-json\/wp\/v2\/media?parent=1024"}],"curies":[{"name":"wp","href":"https:\/\/api.w.org\/{rel}","templated":true}]}}