{"id":10732,"date":"2017-10-25T17:51:04","date_gmt":"2017-10-25T15:51:04","guid":{"rendered":"http:\/\/www.polynt.com\/?page_id=10732\/"},"modified":"2017-10-25T17:58:32","modified_gmt":"2017-10-25T15:58:32","slug":"resine-sintetiche","status":"publish","type":"page","link":"https:\/\/www.polynt.com\/it\/resine-sintetiche\/","title":{"rendered":"Resine sintetiche: cosa sono e a cosa servono"},"content":{"rendered":"<p>In molti settori dell&#8217;industria e dell&#8217;alta tecnologia si sente parlare sempre pi\u00f9 di resine sintetiche, una gamma di polimeri di origine petrolifera dalle propriet\u00e0 eccezionali.<\/p>\n<p>Esse possono essere prodotte a partire da sostanze semplici derivate dal petrolio e trasformate, mediante condensazione e polimerizzazione, in materie plastiche adatte ad un&#8217;infinit\u00e0 di applicazioni.<\/p>\n<h2>Caratteristiche ed applicazioni<\/h2>\n<p>Polynt, grazie alla sua esperienza pluridecennale nella produzione di anidridi organiche e derivati, ha sviluppato una linea completa di resine di sintesi idonee a soddisfare ogni tipo di esigenza. Si tratta infatti di sostanze altamente innovative e con caratteristiche uniche nel loro genere, che possono essere utilizzate in diversi ambiti tra i quali spiccano l&#8217;industria, l&#8217;edilizia e la medicina.<\/p>\n<p>Tra i campi d&#8217;applicazione pi\u00f9 comuni vi sono inoltre il settore nautico, automobilistico ed aeronautico: tre realt\u00e0 che si basano da sempre sull&#8217;innovazione dei materiali.<\/p>\n<p>Ci\u00f2 che accomuna tutti i settori interessati alle resine di sintesi \u00e8 tuttavia la necessit\u00e0 di ottenere materiali plastici sempre pi\u00f9 resistenti, versatili e soprattutto economici.<\/p>\n<p>Per questo motivo, noi di Polynt abbiamo sviluppato una gamma straordinariamente completa di resine di sintesi ad alto tasso tecnologico, in grado garantire elevate performance in ogni applicazione, a costi contenuti.<\/p>\n<h2>Curiosit\u00e0 ed utilizzi particolari delle resine sintetiche<\/h2>\n<p>Dotate di straordinarie propriet\u00e0 meccaniche, chimiche e di resistenza, queste resine possono rappresentare un&#8217;alternativa pi\u00f9 economica e versatile ai materiali plastici o metallici di vecchia concezione.<\/p>\n<p>Tale caratteristica \u00e8 di fondamentale importanza non solo per le aziende hi-tech, ma anche per le piccole realt\u00e0 che operano in settori all&#8217;apparenza meno sensibili alle nuove tecnologie.<\/p>\n<p>Esse, infatti, trovano largo impiego anche nel campo agroalimentare e zootecnico, laddove sono richieste resine dalle spiccate caratteristiche di resistenza superficiale e ai raggi UV.<\/p>\n<p>Le resine di sintesi sono estremamente utili anche nel settore nautico ed automobilistico, nei quali vi \u00e8 un utilizzo sempre pi\u00f9 massiccio di materiali plastici hi-tech.<\/p>\n<h2>La gamma di resine sintetiche Polynt<\/h2>\n<p>Il catalogo di resine di sintesi Polynt si divide essenzialmente in due grandi famiglie: poliestere e vinilestere.<\/p>\n<p>Le prime sono resine termoindurenti dalle propriet\u00e0 meccaniche straordinarie, che costituiscono un componente fondamentale dei materiali compositi, che trovano crescenti applicazioni in vari settori applicativi, tra i quali ricordiamo automobilistico, nautico ed eolico.<\/p>\n<p>Per rispondere ai requisiti richiesti da questi settori la nostra azienda offre prodotti estremamente performanti come quelli a base didiciclopentadiene (DCPD), una resina poliestere insatura particolarmente adatta alla realizzazione di superfici lisce, durevoli e resistenti all&#8217;acqua.<\/p>\n<p>Le resine vinilestere, d&#8217;altro canto, sono polimeri ottenuti attraverso l\u2019allungamento molecolare e la funzionalizzaz\u00econe di una resina epossidica, utilizzati con estremo vantaggio in processi di infusione, laminazione ed avvolgimento che consentono di ottenere manufatti con caratteristiche prestazionali superiori alle poliestere, offrendo migliore resistenza agli stress meccanici e presentando una minore percentuale di ritiro durante la polimerizzazione.<\/p>\n<p>Grazie all&#8217;elevata resistenza alla corrosione ed al calore, queste resine sono ideali per la realizzazione di innumerevoli materiali compositi ad alte prestazioni.<\/p>\n","protected":false},"excerpt":{"rendered":"<p>In molti settori dell&#8217;industria e dell&#8217;alta tecnologia si sente parlare sempre pi\u00f9 di resine sintetiche, una gamma di polimeri di &hellip;<\/p>\n","protected":false},"author":542,"featured_media":0,"parent":0,"menu_order":0,"comment_status":"closed","ping_status":"closed","template":"template-approfondimento.php","meta":{"footnotes":""},"class_list":["post-10732","page","type-page","status-publish","hentry","odd"],"yoast_head":"<!-- This site is optimized with the Yoast SEO plugin v24.8.1 - https:\/\/yoast.com\/wordpress\/plugins\/seo\/ -->\n<title>Resine sintetiche | POLYNT<\/title>\n<meta name=\"description\" content=\"Resine sintetiche | POLYNT produzione e vendita di resine sintetiche, utilizzata in molti settori dell&#039;industria e dell&#039;alta tecnologia.\" \/>\n<meta name=\"robots\" content=\"index, follow, max-snippet:-1, max-image-preview:large, max-video-preview:-1\" \/>\n<link rel=\"canonical\" href=\"https:\/\/www.polynt.com\/it\/resine-sintetiche\/\" \/>\n<meta property=\"og:locale\" content=\"it_IT\" \/>\n<meta property=\"og:type\" content=\"article\" \/>\n<meta property=\"og:title\" content=\"Resine sintetiche | POLYNT\" \/>\n<meta property=\"og:description\" content=\"Resine sintetiche | POLYNT produzione e vendita di resine sintetiche, utilizzata in molti settori dell&#039;industria e dell&#039;alta tecnologia.\" \/>\n<meta property=\"og:url\" content=\"https:\/\/www.polynt.com\/it\/resine-sintetiche\/\" \/>\n<meta property=\"og:site_name\" content=\"Polynt\" \/>\n<meta property=\"article:modified_time\" content=\"2017-10-25T15:58:32+00:00\" \/>\n<meta name=\"twitter:card\" content=\"summary_large_image\" \/>\n<meta name=\"twitter:label1\" content=\"Tempo di lettura stimato\" \/>\n\t<meta name=\"twitter:data1\" content=\"2 minuti\" \/>\n<script type=\"application\/ld+json\" class=\"yoast-schema-graph\">{\"@context\":\"https:\/\/schema.org\",\"@graph\":[{\"@type\":\"WebPage\",\"@id\":\"https:\/\/www.polynt.com\/it\/resine-sintetiche\/\",\"url\":\"https:\/\/www.polynt.com\/it\/resine-sintetiche\/\",\"name\":\"Resine sintetiche | POLYNT\",\"isPartOf\":{\"@id\":\"https:\/\/www.polynt.com\/#website\"},\"datePublished\":\"2017-10-25T15:51:04+00:00\",\"dateModified\":\"2017-10-25T15:58:32+00:00\",\"description\":\"Resine sintetiche | POLYNT produzione e vendita di resine sintetiche, utilizzata in molti settori dell'industria e dell'alta tecnologia.\",\"breadcrumb\":{\"@id\":\"https:\/\/www.polynt.com\/it\/resine-sintetiche\/#breadcrumb\"},\"inLanguage\":\"it-IT\",\"potentialAction\":[{\"@type\":\"ReadAction\",\"target\":[\"https:\/\/www.polynt.com\/it\/resine-sintetiche\/\"]}]},{\"@type\":\"BreadcrumbList\",\"@id\":\"https:\/\/www.polynt.com\/it\/resine-sintetiche\/#breadcrumb\",\"itemListElement\":[{\"@type\":\"ListItem\",\"position\":1,\"name\":\"Home\",\"item\":\"https:\/\/www.polynt.com\/it\/\"},{\"@type\":\"ListItem\",\"position\":2,\"name\":\"Resine sintetiche: cosa sono e a cosa servono\"}]},{\"@type\":\"WebSite\",\"@id\":\"https:\/\/www.polynt.com\/#website\",\"url\":\"https:\/\/www.polynt.com\/\",\"name\":\"Polynt\",\"description\":\"Organic anhydrides and their derivatives | Polynt Group is the world leader in the production, sales and development of organic anhydrides and their derivatives.\",\"potentialAction\":[{\"@type\":\"SearchAction\",\"target\":{\"@type\":\"EntryPoint\",\"urlTemplate\":\"https:\/\/www.polynt.com\/?s={search_term_string}\"},\"query-input\":{\"@type\":\"PropertyValueSpecification\",\"valueRequired\":true,\"valueName\":\"search_term_string\"}}],\"inLanguage\":\"it-IT\"}]}<\/script>\n<!-- \/ Yoast SEO plugin. -->","yoast_head_json":{"title":"Resine sintetiche | POLYNT","description":"Resine sintetiche | POLYNT produzione e vendita di resine sintetiche, utilizzata in molti settori dell'industria e dell'alta tecnologia.","robots":{"index":"index","follow":"follow","max-snippet":"max-snippet:-1","max-image-preview":"max-image-preview:large","max-video-preview":"max-video-preview:-1"},"canonical":"https:\/\/www.polynt.com\/it\/resine-sintetiche\/","og_locale":"it_IT","og_type":"article","og_title":"Resine sintetiche | POLYNT","og_description":"Resine sintetiche | POLYNT produzione e vendita di resine sintetiche, utilizzata in molti settori dell'industria e dell'alta tecnologia.","og_url":"https:\/\/www.polynt.com\/it\/resine-sintetiche\/","og_site_name":"Polynt","article_modified_time":"2017-10-25T15:58:32+00:00","twitter_card":"summary_large_image","twitter_misc":{"Tempo di lettura stimato":"2 minuti"},"schema":{"@context":"https:\/\/schema.org","@graph":[{"@type":"WebPage","@id":"https:\/\/www.polynt.com\/it\/resine-sintetiche\/","url":"https:\/\/www.polynt.com\/it\/resine-sintetiche\/","name":"Resine sintetiche | POLYNT","isPartOf":{"@id":"https:\/\/www.polynt.com\/#website"},"datePublished":"2017-10-25T15:51:04+00:00","dateModified":"2017-10-25T15:58:32+00:00","description":"Resine sintetiche | POLYNT produzione e vendita di resine sintetiche, utilizzata in molti settori dell'industria e dell'alta tecnologia.","breadcrumb":{"@id":"https:\/\/www.polynt.com\/it\/resine-sintetiche\/#breadcrumb"},"inLanguage":"it-IT","potentialAction":[{"@type":"ReadAction","target":["https:\/\/www.polynt.com\/it\/resine-sintetiche\/"]}]},{"@type":"BreadcrumbList","@id":"https:\/\/www.polynt.com\/it\/resine-sintetiche\/#breadcrumb","itemListElement":[{"@type":"ListItem","position":1,"name":"Home","item":"https:\/\/www.polynt.com\/it\/"},{"@type":"ListItem","position":2,"name":"Resine sintetiche: cosa sono e a cosa servono"}]},{"@type":"WebSite","@id":"https:\/\/www.polynt.com\/#website","url":"https:\/\/www.polynt.com\/","name":"Polynt","description":"Organic anhydrides and their derivatives | Polynt Group is the world leader in the production, sales and development of organic anhydrides and their derivatives.","potentialAction":[{"@type":"SearchAction","target":{"@type":"EntryPoint","urlTemplate":"https:\/\/www.polynt.com\/?s={search_term_string}"},"query-input":{"@type":"PropertyValueSpecification","valueRequired":true,"valueName":"search_term_string"}}],"inLanguage":"it-IT"}]}},"_links":{"self":[{"href":"https:\/\/www.polynt.com\/it\/wp-json\/wp\/v2\/pages\/10732","targetHints":{"allow":["GET"]}}],"collection":[{"href":"https:\/\/www.polynt.com\/it\/wp-json\/wp\/v2\/pages"}],"about":[{"href":"https:\/\/www.polynt.com\/it\/wp-json\/wp\/v2\/types\/page"}],"author":[{"embeddable":true,"href":"https:\/\/www.polynt.com\/it\/wp-json\/wp\/v2\/users\/542"}],"replies":[{"embeddable":true,"href":"https:\/\/www.polynt.com\/it\/wp-json\/wp\/v2\/comments?post=10732"}],"version-history":[{"count":4,"href":"https:\/\/www.polynt.com\/it\/wp-json\/wp\/v2\/pages\/10732\/revisions"}],"predecessor-version":[{"id":10740,"href":"https:\/\/www.polynt.com\/it\/wp-json\/wp\/v2\/pages\/10732\/revisions\/10740"}],"wp:attachment":[{"href":"https:\/\/www.polynt.com\/it\/wp-json\/wp\/v2\/media?parent=10732"}],"curies":[{"name":"wp","href":"https:\/\/api.w.org\/{rel}","templated":true}]}}