{"id":1174,"date":"2016-12-12T11:29:12","date_gmt":"2016-12-12T10:29:12","guid":{"rendered":"http:\/\/www.polynt.com\/?page_id=1174"},"modified":"2017-01-09T17:10:57","modified_gmt":"2017-01-09T16:10:57","slug":"resina-poliestere-insatura","status":"publish","type":"page","link":"https:\/\/www.polynt.com\/it\/resina-poliestere-insatura\/","title":{"rendered":"Resina Poliestere Insatura"},"content":{"rendered":"<p>Si pu\u00f2 definire la <strong>resina poliestere<\/strong> come un polimero ottenuto dalla reazione di <strong>policondensazione<\/strong> tra poliacidi e polialcoli. Lo sviluppo di acqua \u00e8 il sottoprodotto di questo procedimento di <strong>policondensazione<\/strong>.<\/p>\n<p>Nello specifico, la <strong>resina poliestere insatura<\/strong>, conosciuta anche con la sigla Inglese <strong>UPR<\/strong>, \u00e8 un polimero liquido facilmente stampabile che una volta indurito (reticolato con stirene, mediante l\u2019uso di particolari sostanze, perossidi organici, dette induritori) si mantiene solido conservando la forma assunta nello stampo, I manufatti cos\u00ec realizzati, hanno caratteristiche di eccezionale resistenza e durata. Le <strong>resine poliestere insature<\/strong> sono principalmente utilizzate in combinazione con materiali di rinforzo quali ad esempio le <strong>fibre di vetro<\/strong>, che danno vita alla FRP (sempre una sigla che deriva dall\u2019inglese), ossia poliestere rinforzato con fibre di vetro, pi\u00f9 noto al grande pubblico con il nome di <strong>vetroresina<\/strong>. \u00a0La <strong>resina poliestere<\/strong> in questo caso ha funzione di matrice, convogliando le forze applicate al materiale verso le fibre che hanno lo scopo di sopportare queste forze, aumentando la resistenza ed evitando le rotture del pezzo.<\/p>\n<p>Assieme o separatamente dalle fibre di vetro, la <strong>resina poliestere insatura<\/strong> liquida pu\u00f2 essere caricata con polveri o granuli di varie dimensioni, che conferiscono caratteristiche particolari di rigidit\u00e0 e resistenza, oppure qualit\u00e0 estetiche per l\u2019imitazione di marmi e pietre naturali, a volte con risultati migliori.<\/p>\n<p>La <strong>resina poliestere insatura<\/strong> \u00e8 utilizzata con grande successo in molteplici settori industriali, come in quello sportivo-acquatico per la creazione di windsurf e imbarcazioni, soprattutto da diporto. Di fatto, questo <strong>polimero <\/strong>\u00e8 stato al centro di una vera e propria rivoluzione nel settore della costruzione di barche, perch\u00e9 il grado di fornire eccezionali performance e, al contempo, un\u2019elevatissima flessibilit\u00e0 di impiego.<\/p>\n<p>Le <strong>resine poliestere insature<\/strong> sono comunemente usate anche nell\u2019automotive (nel settore auto), per la loro grande versatilit\u00e0 progettuale, leggerezza, costi di sistema ridotti e resistenza meccanica. Anche nell\u2019edilizia questo materiale trova una sua destinazione, soprattutto nella fabbricazione di piani cottura per le cucine, tegole per i tetti, accessori di stanze da bagno, ma anche tubazioni, condotti e serbatoi.<\/p>\n<h2>Resine poliestere insature: caratteristiche<\/h2>\n<p>Da liquide, nel loro impiego:<\/p>\n<ul>\n<li>Scarso ritiro lineare<\/li>\n<li>Eccellente bagnabilit\u00e0 delle fibre e delle cariche<\/li>\n<li>Reticolazione a caldo o a freddo tramite aggiunta di indurente<\/li>\n<li>Minimizzazione della tendenza alle colature nella stratificazione in verticale (propriet\u00e0 tissotropica)<\/li>\n<\/ul>\n<p>Da solide, dopo la reticolazione:<\/p>\n<ul>\n<li>Eccezionale leggerezza<\/li>\n<li>Rigidit\u00e0<\/li>\n<li>Buon isolamento elettrico<\/li>\n<li>Stabilit\u00e0 dimensionale a fronte di sbalzi di temperatura<\/li>\n<li>Un rapporto resistenza\/peso pi\u00f9 elevato di quello dell\u2019acciaio<\/li>\n<li>Resistenza agli agenti chimici<\/li>\n<li>Eccellente finitura superficiale<\/li>\n<li>Idrorepellenza<\/li>\n<li>Resistenza all\u2019usura e alle alte temperature<\/li>\n<li>Buona resistenza meccanica<\/li>\n<\/ul>\n<h2>Resina poliestere insatura: applicazioni<\/h2>\n<p>Le <strong>applicazioni della resina poliestere insatura<\/strong> sono molteplici e assai disparate. Le <strong>resine poliestere<\/strong> rappresentano infatti uno dei composti in assoluto pi\u00f9 utilizzati in un ampio range di industrie.<\/p>\n<p>I principali che senza dubbio vale la pena menzionare, oltre a quelli precedentemente illustrati, sono:<\/p>\n<ul>\n<li>Materiali compositi<\/li>\n<li>Vernici per legno<\/li>\n<li>Pannelli laminati piani, ondulati, grecati<\/li>\n<li>Gel coat per nautica, automotive e sanitari<\/li>\n<li>Paste coloranti, stucchi, mastici e ancoraggi chimici<\/li>\n<li>Materiali compositi autoestinguenti<\/li>\n<li>Quarzi, marmi e cemento artificiale<\/li>\n<\/ul>\n","protected":false},"excerpt":{"rendered":"<p>Si pu\u00f2 definire la resina poliestere come un polimero ottenuto dalla reazione di policondensazione tra poliacidi e polialcoli. Lo sviluppo &hellip;<\/p>\n","protected":false},"author":1,"featured_media":1178,"parent":0,"menu_order":0,"comment_status":"closed","ping_status":"closed","template":"template-approfondimento.php","meta":{"footnotes":""},"class_list":["post-1174","page","type-page","status-publish","has-post-thumbnail","hentry","odd"],"yoast_head":"<!-- This site is optimized with the Yoast SEO plugin v24.8.1 - https:\/\/yoast.com\/wordpress\/plugins\/seo\/ -->\n<title>Resina Poliestere Insatura - Polynt<\/title>\n<meta name=\"description\" content=\"Resina Poliestere Insatura | Polynt illustra in dettaglio le principali caratteristiche e applicazioni delle resine poliestere insature, termoindurenti. Liquide e solide.\" \/>\n<meta name=\"robots\" content=\"index, follow, max-snippet:-1, max-image-preview:large, max-video-preview:-1\" \/>\n<link rel=\"canonical\" href=\"https:\/\/www.polynt.com\/it\/resina-poliestere-insatura\/\" \/>\n<meta property=\"og:locale\" content=\"it_IT\" \/>\n<meta property=\"og:type\" content=\"article\" \/>\n<meta property=\"og:title\" content=\"Resina Poliestere Insatura - Polynt\" \/>\n<meta property=\"og:description\" content=\"Resina Poliestere Insatura | Polynt illustra in dettaglio le principali caratteristiche e applicazioni delle resine poliestere insature, termoindurenti. Liquide e solide.\" \/>\n<meta property=\"og:url\" content=\"https:\/\/www.polynt.com\/it\/resina-poliestere-insatura\/\" \/>\n<meta property=\"og:site_name\" content=\"Polynt\" \/>\n<meta property=\"article:modified_time\" content=\"2017-01-09T16:10:57+00:00\" \/>\n<meta property=\"og:image\" content=\"https:\/\/www.polynt.com\/wp-content\/uploads\/2016\/12\/Approfondimento.jpg\" \/>\n\t<meta property=\"og:image:width\" content=\"498\" \/>\n\t<meta property=\"og:image:height\" content=\"288\" \/>\n\t<meta property=\"og:image:type\" content=\"image\/jpeg\" \/>\n<meta name=\"twitter:card\" content=\"summary_large_image\" \/>\n<meta name=\"twitter:label1\" content=\"Tempo di lettura stimato\" \/>\n\t<meta name=\"twitter:data1\" content=\"3 minuti\" \/>\n<script type=\"application\/ld+json\" class=\"yoast-schema-graph\">{\"@context\":\"https:\/\/schema.org\",\"@graph\":[{\"@type\":\"WebPage\",\"@id\":\"https:\/\/www.polynt.com\/it\/resina-poliestere-insatura\/\",\"url\":\"https:\/\/www.polynt.com\/it\/resina-poliestere-insatura\/\",\"name\":\"Resina Poliestere Insatura - Polynt\",\"isPartOf\":{\"@id\":\"https:\/\/www.polynt.com\/#website\"},\"primaryImageOfPage\":{\"@id\":\"https:\/\/www.polynt.com\/it\/resina-poliestere-insatura\/#primaryimage\"},\"image\":{\"@id\":\"https:\/\/www.polynt.com\/it\/resina-poliestere-insatura\/#primaryimage\"},\"thumbnailUrl\":\"https:\/\/www.polynt.com\/wp-content\/uploads\/2016\/12\/Approfondimento.jpg\",\"datePublished\":\"2016-12-12T10:29:12+00:00\",\"dateModified\":\"2017-01-09T16:10:57+00:00\",\"description\":\"Resina Poliestere Insatura | Polynt illustra in dettaglio le principali caratteristiche e applicazioni delle resine poliestere insature, termoindurenti. Liquide e solide.\",\"breadcrumb\":{\"@id\":\"https:\/\/www.polynt.com\/it\/resina-poliestere-insatura\/#breadcrumb\"},\"inLanguage\":\"it-IT\",\"potentialAction\":[{\"@type\":\"ReadAction\",\"target\":[\"https:\/\/www.polynt.com\/it\/resina-poliestere-insatura\/\"]}]},{\"@type\":\"ImageObject\",\"inLanguage\":\"it-IT\",\"@id\":\"https:\/\/www.polynt.com\/it\/resina-poliestere-insatura\/#primaryimage\",\"url\":\"https:\/\/www.polynt.com\/wp-content\/uploads\/2016\/12\/Approfondimento.jpg\",\"contentUrl\":\"https:\/\/www.polynt.com\/wp-content\/uploads\/2016\/12\/Approfondimento.jpg\",\"width\":498,\"height\":288},{\"@type\":\"BreadcrumbList\",\"@id\":\"https:\/\/www.polynt.com\/it\/resina-poliestere-insatura\/#breadcrumb\",\"itemListElement\":[{\"@type\":\"ListItem\",\"position\":1,\"name\":\"Home\",\"item\":\"https:\/\/www.polynt.com\/it\/\"},{\"@type\":\"ListItem\",\"position\":2,\"name\":\"Resina Poliestere Insatura\"}]},{\"@type\":\"WebSite\",\"@id\":\"https:\/\/www.polynt.com\/#website\",\"url\":\"https:\/\/www.polynt.com\/\",\"name\":\"Polynt\",\"description\":\"Organic anhydrides and their derivatives | Polynt Group is the world leader in the production, sales and development of organic anhydrides and their derivatives.\",\"potentialAction\":[{\"@type\":\"SearchAction\",\"target\":{\"@type\":\"EntryPoint\",\"urlTemplate\":\"https:\/\/www.polynt.com\/?s={search_term_string}\"},\"query-input\":{\"@type\":\"PropertyValueSpecification\",\"valueRequired\":true,\"valueName\":\"search_term_string\"}}],\"inLanguage\":\"it-IT\"}]}<\/script>\n<!-- \/ Yoast SEO plugin. -->","yoast_head_json":{"title":"Resina Poliestere Insatura - Polynt","description":"Resina Poliestere Insatura | Polynt illustra in dettaglio le principali caratteristiche e applicazioni delle resine poliestere insature, termoindurenti. Liquide e solide.","robots":{"index":"index","follow":"follow","max-snippet":"max-snippet:-1","max-image-preview":"max-image-preview:large","max-video-preview":"max-video-preview:-1"},"canonical":"https:\/\/www.polynt.com\/it\/resina-poliestere-insatura\/","og_locale":"it_IT","og_type":"article","og_title":"Resina Poliestere Insatura - Polynt","og_description":"Resina Poliestere Insatura | Polynt illustra in dettaglio le principali caratteristiche e applicazioni delle resine poliestere insature, termoindurenti. Liquide e solide.","og_url":"https:\/\/www.polynt.com\/it\/resina-poliestere-insatura\/","og_site_name":"Polynt","article_modified_time":"2017-01-09T16:10:57+00:00","og_image":[{"width":498,"height":288,"url":"https:\/\/www.polynt.com\/wp-content\/uploads\/2016\/12\/Approfondimento.jpg","type":"image\/jpeg"}],"twitter_card":"summary_large_image","twitter_misc":{"Tempo di lettura stimato":"3 minuti"},"schema":{"@context":"https:\/\/schema.org","@graph":[{"@type":"WebPage","@id":"https:\/\/www.polynt.com\/it\/resina-poliestere-insatura\/","url":"https:\/\/www.polynt.com\/it\/resina-poliestere-insatura\/","name":"Resina Poliestere Insatura - Polynt","isPartOf":{"@id":"https:\/\/www.polynt.com\/#website"},"primaryImageOfPage":{"@id":"https:\/\/www.polynt.com\/it\/resina-poliestere-insatura\/#primaryimage"},"image":{"@id":"https:\/\/www.polynt.com\/it\/resina-poliestere-insatura\/#primaryimage"},"thumbnailUrl":"https:\/\/www.polynt.com\/wp-content\/uploads\/2016\/12\/Approfondimento.jpg","datePublished":"2016-12-12T10:29:12+00:00","dateModified":"2017-01-09T16:10:57+00:00","description":"Resina Poliestere Insatura | Polynt illustra in dettaglio le principali caratteristiche e applicazioni delle resine poliestere insature, termoindurenti. Liquide e solide.","breadcrumb":{"@id":"https:\/\/www.polynt.com\/it\/resina-poliestere-insatura\/#breadcrumb"},"inLanguage":"it-IT","potentialAction":[{"@type":"ReadAction","target":["https:\/\/www.polynt.com\/it\/resina-poliestere-insatura\/"]}]},{"@type":"ImageObject","inLanguage":"it-IT","@id":"https:\/\/www.polynt.com\/it\/resina-poliestere-insatura\/#primaryimage","url":"https:\/\/www.polynt.com\/wp-content\/uploads\/2016\/12\/Approfondimento.jpg","contentUrl":"https:\/\/www.polynt.com\/wp-content\/uploads\/2016\/12\/Approfondimento.jpg","width":498,"height":288},{"@type":"BreadcrumbList","@id":"https:\/\/www.polynt.com\/it\/resina-poliestere-insatura\/#breadcrumb","itemListElement":[{"@type":"ListItem","position":1,"name":"Home","item":"https:\/\/www.polynt.com\/it\/"},{"@type":"ListItem","position":2,"name":"Resina Poliestere Insatura"}]},{"@type":"WebSite","@id":"https:\/\/www.polynt.com\/#website","url":"https:\/\/www.polynt.com\/","name":"Polynt","description":"Organic anhydrides and their derivatives | Polynt Group is the world leader in the production, sales and development of organic anhydrides and their derivatives.","potentialAction":[{"@type":"SearchAction","target":{"@type":"EntryPoint","urlTemplate":"https:\/\/www.polynt.com\/?s={search_term_string}"},"query-input":{"@type":"PropertyValueSpecification","valueRequired":true,"valueName":"search_term_string"}}],"inLanguage":"it-IT"}]}},"_links":{"self":[{"href":"https:\/\/www.polynt.com\/it\/wp-json\/wp\/v2\/pages\/1174","targetHints":{"allow":["GET"]}}],"collection":[{"href":"https:\/\/www.polynt.com\/it\/wp-json\/wp\/v2\/pages"}],"about":[{"href":"https:\/\/www.polynt.com\/it\/wp-json\/wp\/v2\/types\/page"}],"author":[{"embeddable":true,"href":"https:\/\/www.polynt.com\/it\/wp-json\/wp\/v2\/users\/1"}],"replies":[{"embeddable":true,"href":"https:\/\/www.polynt.com\/it\/wp-json\/wp\/v2\/comments?post=1174"}],"version-history":[{"count":7,"href":"https:\/\/www.polynt.com\/it\/wp-json\/wp\/v2\/pages\/1174\/revisions"}],"predecessor-version":[{"id":8166,"href":"https:\/\/www.polynt.com\/it\/wp-json\/wp\/v2\/pages\/1174\/revisions\/8166"}],"wp:featuredmedia":[{"embeddable":true,"href":"https:\/\/www.polynt.com\/it\/wp-json\/wp\/v2\/media\/1178"}],"wp:attachment":[{"href":"https:\/\/www.polynt.com\/it\/wp-json\/wp\/v2\/media?parent=1174"}],"curies":[{"name":"wp","href":"https:\/\/api.w.org\/{rel}","templated":true}]}}