{"id":23327,"date":"2022-01-24T12:30:13","date_gmt":"2022-01-24T11:30:13","guid":{"rendered":"https:\/\/www.polynt.com\/sustainability\/polynt-group-approach\/"},"modified":"2022-01-26T12:02:35","modified_gmt":"2022-01-26T11:02:35","slug":"approccio-del-gruppo-polynt","status":"publish","type":"page","link":"https:\/\/www.polynt.com\/it\/sustainability\/approccio-del-gruppo-polynt\/","title":{"rendered":"Approccio del Gruppo Polynt"},"content":{"rendered":"<h2>Approccio del Gruppo Polynt<\/h2>\n<p>Nel Gruppo Polynt siamo consapevoli che per ottenere un successo che duri nel tempo la crescita economica deve rispettare le regole etiche: la performance finanziaria con la responsabilit\u00e0 sociale d\u2019impresa e lo sviluppo industriale con la salvaguardia dell\u2019ambiente.<\/p>\n<p>Come societ\u00e0 leader nel settore dei compositi e degli intermedi, attribuiamo grande importanza alla sostenibilit\u00e0, che \u00e8 parte integrante delle nostre pratiche aziendali. Guidati da una forte leadership e senso di responsabilit\u00e0, ci impegniamo per costruire un futuro migliore ed avere un ruolo primario nella nuova era della chimica sostenibile.<\/p>\n<p>Per raggiungere i nostri obiettivi coinvolgiamo i nostri Stakeholders in un dialogo aperto e costante con l\u2019obiettivo di creare valore e condividerlo con tutti loro &#8211; dipendenti, clienti, partner, fornitori, investitori e le comunit\u00e0 territoriali.<\/p>\n<p>Il modello di governance del nostro Gruppo riflette il nostro impegno a favore di una cultura dell\u2019etica, dell\u2019integrit\u00e0, della responsabilit\u00e0 in tutti i settori della nostra attivit\u00e0 e lungo l\u2019intera catena del valore.<\/p>\n<p>Forti dell\u2019esperienza nel settore, lavoriamo per progettare una chimica sostenibile fondata su soluzioni con elevate prestazioni a livello ambientale e di sicurezza, offrendo ai nostri clienti dei prodotti che superino le loro aspettative.<\/p>\n<p>Consideriamo gli Obiettivi di sviluppo sostenibile che guidano l\u2019Agenda 2030 delle Nazioni Unite, la struttura su cui fondare le nostre azioni nella transizione verso un futuro per una chimica pi\u00f9 sostenibile.<\/p>\n","protected":false},"excerpt":{"rendered":"<p>Approccio del Gruppo Polynt Nel Gruppo Polynt siamo consapevoli che per ottenere un successo che duri nel tempo la crescita &hellip;<\/p>\n","protected":false},"author":1,"featured_media":0,"parent":23316,"menu_order":0,"comment_status":"closed","ping_status":"closed","template":"template-financial-info-single.php","meta":{"footnotes":""},"class_list":["post-23327","page","type-page","status-publish","hentry","odd"],"yoast_head":"<!-- This site is optimized with the Yoast SEO plugin v24.8.1 - https:\/\/yoast.com\/wordpress\/plugins\/seo\/ -->\n<title>Executive summary | Polynt Group<\/title>\n<meta name=\"description\" content=\"Executive summary | Polynt Group offers company detail about its executive. The group is specialized in the production of Composites, intermediates and coatings.\" \/>\n<meta name=\"robots\" content=\"index, follow, max-snippet:-1, max-image-preview:large, max-video-preview:-1\" \/>\n<link rel=\"canonical\" href=\"https:\/\/www.polynt.com\/it\/sustainability\/approccio-del-gruppo-polynt\/\" \/>\n<meta property=\"og:locale\" content=\"it_IT\" \/>\n<meta property=\"og:type\" content=\"article\" \/>\n<meta property=\"og:title\" content=\"Executive summary | Polynt Group\" \/>\n<meta property=\"og:description\" content=\"Executive summary | Polynt Group offers company detail about its executive. The group is specialized in the production of Composites, intermediates and coatings.\" \/>\n<meta property=\"og:url\" content=\"https:\/\/www.polynt.com\/it\/sustainability\/approccio-del-gruppo-polynt\/\" \/>\n<meta property=\"og:site_name\" content=\"Polynt\" \/>\n<meta property=\"article:modified_time\" content=\"2022-01-26T11:02:35+00:00\" \/>\n<meta name=\"twitter:card\" content=\"summary_large_image\" \/>\n<meta name=\"twitter:label1\" content=\"Tempo di lettura stimato\" \/>\n\t<meta name=\"twitter:data1\" content=\"1 minuto\" \/>\n<script type=\"application\/ld+json\" class=\"yoast-schema-graph\">{\"@context\":\"https:\/\/schema.org\",\"@graph\":[{\"@type\":\"WebPage\",\"@id\":\"https:\/\/www.polynt.com\/it\/sustainability\/approccio-del-gruppo-polynt\/\",\"url\":\"https:\/\/www.polynt.com\/it\/sustainability\/approccio-del-gruppo-polynt\/\",\"name\":\"Executive summary | Polynt Group\",\"isPartOf\":{\"@id\":\"https:\/\/www.polynt.com\/#website\"},\"datePublished\":\"2022-01-24T11:30:13+00:00\",\"dateModified\":\"2022-01-26T11:02:35+00:00\",\"description\":\"Executive summary | Polynt Group offers company detail about its executive. The group is specialized in the production of Composites, intermediates and coatings.\",\"breadcrumb\":{\"@id\":\"https:\/\/www.polynt.com\/it\/sustainability\/approccio-del-gruppo-polynt\/#breadcrumb\"},\"inLanguage\":\"it-IT\",\"potentialAction\":[{\"@type\":\"ReadAction\",\"target\":[\"https:\/\/www.polynt.com\/it\/sustainability\/approccio-del-gruppo-polynt\/\"]}]},{\"@type\":\"BreadcrumbList\",\"@id\":\"https:\/\/www.polynt.com\/it\/sustainability\/approccio-del-gruppo-polynt\/#breadcrumb\",\"itemListElement\":[{\"@type\":\"ListItem\",\"position\":1,\"name\":\"Home\",\"item\":\"https:\/\/www.polynt.com\/it\/\"},{\"@type\":\"ListItem\",\"position\":2,\"name\":\"Sustainability\",\"item\":\"https:\/\/www.polynt.com\/it\/sustainability\/\"},{\"@type\":\"ListItem\",\"position\":3,\"name\":\"Approccio del Gruppo Polynt\"}]},{\"@type\":\"WebSite\",\"@id\":\"https:\/\/www.polynt.com\/#website\",\"url\":\"https:\/\/www.polynt.com\/\",\"name\":\"Polynt\",\"description\":\"Organic anhydrides and their derivatives | Polynt Group is the world leader in the production, sales and development of organic anhydrides and their derivatives.\",\"potentialAction\":[{\"@type\":\"SearchAction\",\"target\":{\"@type\":\"EntryPoint\",\"urlTemplate\":\"https:\/\/www.polynt.com\/?s={search_term_string}\"},\"query-input\":{\"@type\":\"PropertyValueSpecification\",\"valueRequired\":true,\"valueName\":\"search_term_string\"}}],\"inLanguage\":\"it-IT\"}]}<\/script>\n<!-- \/ Yoast SEO plugin. -->","yoast_head_json":{"title":"Executive summary | Polynt Group","description":"Executive summary | Polynt Group offers company detail about its executive. The group is specialized in the production of Composites, intermediates and coatings.","robots":{"index":"index","follow":"follow","max-snippet":"max-snippet:-1","max-image-preview":"max-image-preview:large","max-video-preview":"max-video-preview:-1"},"canonical":"https:\/\/www.polynt.com\/it\/sustainability\/approccio-del-gruppo-polynt\/","og_locale":"it_IT","og_type":"article","og_title":"Executive summary | Polynt Group","og_description":"Executive summary | Polynt Group offers company detail about its executive. The group is specialized in the production of Composites, intermediates and coatings.","og_url":"https:\/\/www.polynt.com\/it\/sustainability\/approccio-del-gruppo-polynt\/","og_site_name":"Polynt","article_modified_time":"2022-01-26T11:02:35+00:00","twitter_card":"summary_large_image","twitter_misc":{"Tempo di lettura stimato":"1 minuto"},"schema":{"@context":"https:\/\/schema.org","@graph":[{"@type":"WebPage","@id":"https:\/\/www.polynt.com\/it\/sustainability\/approccio-del-gruppo-polynt\/","url":"https:\/\/www.polynt.com\/it\/sustainability\/approccio-del-gruppo-polynt\/","name":"Executive summary | Polynt Group","isPartOf":{"@id":"https:\/\/www.polynt.com\/#website"},"datePublished":"2022-01-24T11:30:13+00:00","dateModified":"2022-01-26T11:02:35+00:00","description":"Executive summary | Polynt Group offers company detail about its executive. The group is specialized in the production of Composites, intermediates and coatings.","breadcrumb":{"@id":"https:\/\/www.polynt.com\/it\/sustainability\/approccio-del-gruppo-polynt\/#breadcrumb"},"inLanguage":"it-IT","potentialAction":[{"@type":"ReadAction","target":["https:\/\/www.polynt.com\/it\/sustainability\/approccio-del-gruppo-polynt\/"]}]},{"@type":"BreadcrumbList","@id":"https:\/\/www.polynt.com\/it\/sustainability\/approccio-del-gruppo-polynt\/#breadcrumb","itemListElement":[{"@type":"ListItem","position":1,"name":"Home","item":"https:\/\/www.polynt.com\/it\/"},{"@type":"ListItem","position":2,"name":"Sustainability","item":"https:\/\/www.polynt.com\/it\/sustainability\/"},{"@type":"ListItem","position":3,"name":"Approccio del Gruppo Polynt"}]},{"@type":"WebSite","@id":"https:\/\/www.polynt.com\/#website","url":"https:\/\/www.polynt.com\/","name":"Polynt","description":"Organic anhydrides and their derivatives | Polynt Group is the world leader in the production, sales and development of organic anhydrides and their derivatives.","potentialAction":[{"@type":"SearchAction","target":{"@type":"EntryPoint","urlTemplate":"https:\/\/www.polynt.com\/?s={search_term_string}"},"query-input":{"@type":"PropertyValueSpecification","valueRequired":true,"valueName":"search_term_string"}}],"inLanguage":"it-IT"}]}},"_links":{"self":[{"href":"https:\/\/www.polynt.com\/it\/wp-json\/wp\/v2\/pages\/23327","targetHints":{"allow":["GET"]}}],"collection":[{"href":"https:\/\/www.polynt.com\/it\/wp-json\/wp\/v2\/pages"}],"about":[{"href":"https:\/\/www.polynt.com\/it\/wp-json\/wp\/v2\/types\/page"}],"author":[{"embeddable":true,"href":"https:\/\/www.polynt.com\/it\/wp-json\/wp\/v2\/users\/1"}],"replies":[{"embeddable":true,"href":"https:\/\/www.polynt.com\/it\/wp-json\/wp\/v2\/comments?post=23327"}],"version-history":[{"count":5,"href":"https:\/\/www.polynt.com\/it\/wp-json\/wp\/v2\/pages\/23327\/revisions"}],"predecessor-version":[{"id":23478,"href":"https:\/\/www.polynt.com\/it\/wp-json\/wp\/v2\/pages\/23327\/revisions\/23478"}],"up":[{"embeddable":true,"href":"https:\/\/www.polynt.com\/it\/wp-json\/wp\/v2\/pages\/23316"}],"wp:attachment":[{"href":"https:\/\/www.polynt.com\/it\/wp-json\/wp\/v2\/media?parent=23327"}],"curies":[{"name":"wp","href":"https:\/\/api.w.org\/{rel}","templated":true}]}}