{"id":23341,"date":"2022-01-24T12:39:20","date_gmt":"2022-01-24T11:39:20","guid":{"rendered":"https:\/\/www.polynt.com\/?page_id=23341"},"modified":"2022-01-26T12:00:07","modified_gmt":"2022-01-26T11:00:07","slug":"dialogo-con-gli-stakeholders","status":"publish","type":"page","link":"https:\/\/www.polynt.com\/it\/sustainability\/dialogo-con-gli-stakeholders\/","title":{"rendered":"Dialogo con gli Stakeholders"},"content":{"rendered":"<h2>Dialogo con gli Stakeholders<\/h2>\n<p>La responsabilit\u00e0 del Gruppo Polynt \u00e8 quella di creare valore sostenibile e condiviso per i nostri clienti, dipendenti, investitori, fornitori e comunit\u00e0 che si aspettano da noi un contributo positivo all&#8217;economia, all&#8217;ambiente ed alla societ\u00e0.<\/p>\n<p>Il Gruppo promuove l\u2019innovazione ambientale e sociale impegnandosi proattivamente nel dialogo con gli attori che contribuiscono a far migliorare le nostre pratiche cos\u00ec da permetterci il raggiungimento degli obiettivi.<\/p>\n<p>La responsabilit\u00e0 del Gruppo verso la sostenibilit\u00e0 \u00e8 ispirata da dialoghi continui con i nostri Stakeholders e questo contribuisce al raggiungimento dei nostri obiettivi.<\/p>\n<p>Il Gruppo coinvolge le migliori risorse umane e competenze nella gestione dei problemi con un approccio globale ed al fine di prendere decisioni responsabili sia a livello globale che locale.<\/p>\n","protected":false},"excerpt":{"rendered":"<p>Dialogo con gli Stakeholders La responsabilit\u00e0 del Gruppo Polynt \u00e8 quella di creare valore sostenibile e condiviso per i nostri &hellip;<\/p>\n","protected":false},"author":1,"featured_media":0,"parent":23316,"menu_order":0,"comment_status":"closed","ping_status":"closed","template":"template-financial-info-single.php","meta":{"footnotes":""},"class_list":["post-23341","page","type-page","status-publish","hentry","odd"],"yoast_head":"<!-- This site is optimized with the Yoast SEO plugin v24.8.1 - https:\/\/yoast.com\/wordpress\/plugins\/seo\/ -->\n<title>Executive summary | Polynt Group<\/title>\n<meta name=\"description\" content=\"Executive summary | Polynt Group offers company detail about its executive. The group is specialized in the production of Composites, intermediates and coatings.\" \/>\n<meta name=\"robots\" content=\"index, follow, max-snippet:-1, max-image-preview:large, max-video-preview:-1\" \/>\n<link rel=\"canonical\" href=\"https:\/\/www.polynt.com\/it\/sustainability\/dialogo-con-gli-stakeholders\/\" \/>\n<meta property=\"og:locale\" content=\"it_IT\" \/>\n<meta property=\"og:type\" content=\"article\" \/>\n<meta property=\"og:title\" content=\"Executive summary | Polynt Group\" \/>\n<meta property=\"og:description\" content=\"Executive summary | Polynt Group offers company detail about its executive. The group is specialized in the production of Composites, intermediates and coatings.\" \/>\n<meta property=\"og:url\" content=\"https:\/\/www.polynt.com\/it\/sustainability\/dialogo-con-gli-stakeholders\/\" \/>\n<meta property=\"og:site_name\" content=\"Polynt\" \/>\n<meta property=\"article:modified_time\" content=\"2022-01-26T11:00:07+00:00\" \/>\n<meta name=\"twitter:card\" content=\"summary_large_image\" \/>\n<meta name=\"twitter:label1\" content=\"Tempo di lettura stimato\" \/>\n\t<meta name=\"twitter:data1\" content=\"1 minuto\" \/>\n<script type=\"application\/ld+json\" class=\"yoast-schema-graph\">{\"@context\":\"https:\/\/schema.org\",\"@graph\":[{\"@type\":\"WebPage\",\"@id\":\"https:\/\/www.polynt.com\/it\/sustainability\/dialogo-con-gli-stakeholders\/\",\"url\":\"https:\/\/www.polynt.com\/it\/sustainability\/dialogo-con-gli-stakeholders\/\",\"name\":\"Executive summary | Polynt Group\",\"isPartOf\":{\"@id\":\"https:\/\/www.polynt.com\/#website\"},\"datePublished\":\"2022-01-24T11:39:20+00:00\",\"dateModified\":\"2022-01-26T11:00:07+00:00\",\"description\":\"Executive summary | Polynt Group offers company detail about its executive. The group is specialized in the production of Composites, intermediates and coatings.\",\"breadcrumb\":{\"@id\":\"https:\/\/www.polynt.com\/it\/sustainability\/dialogo-con-gli-stakeholders\/#breadcrumb\"},\"inLanguage\":\"it-IT\",\"potentialAction\":[{\"@type\":\"ReadAction\",\"target\":[\"https:\/\/www.polynt.com\/it\/sustainability\/dialogo-con-gli-stakeholders\/\"]}]},{\"@type\":\"BreadcrumbList\",\"@id\":\"https:\/\/www.polynt.com\/it\/sustainability\/dialogo-con-gli-stakeholders\/#breadcrumb\",\"itemListElement\":[{\"@type\":\"ListItem\",\"position\":1,\"name\":\"Home\",\"item\":\"https:\/\/www.polynt.com\/it\/\"},{\"@type\":\"ListItem\",\"position\":2,\"name\":\"Sustainability\",\"item\":\"https:\/\/www.polynt.com\/it\/sustainability\/\"},{\"@type\":\"ListItem\",\"position\":3,\"name\":\"Dialogo con gli Stakeholders\"}]},{\"@type\":\"WebSite\",\"@id\":\"https:\/\/www.polynt.com\/#website\",\"url\":\"https:\/\/www.polynt.com\/\",\"name\":\"Polynt\",\"description\":\"Organic anhydrides and their derivatives | Polynt Group is the world leader in the production, sales and development of organic anhydrides and their derivatives.\",\"potentialAction\":[{\"@type\":\"SearchAction\",\"target\":{\"@type\":\"EntryPoint\",\"urlTemplate\":\"https:\/\/www.polynt.com\/?s={search_term_string}\"},\"query-input\":{\"@type\":\"PropertyValueSpecification\",\"valueRequired\":true,\"valueName\":\"search_term_string\"}}],\"inLanguage\":\"it-IT\"}]}<\/script>\n<!-- \/ Yoast SEO plugin. -->","yoast_head_json":{"title":"Executive summary | Polynt Group","description":"Executive summary | Polynt Group offers company detail about its executive. The group is specialized in the production of Composites, intermediates and coatings.","robots":{"index":"index","follow":"follow","max-snippet":"max-snippet:-1","max-image-preview":"max-image-preview:large","max-video-preview":"max-video-preview:-1"},"canonical":"https:\/\/www.polynt.com\/it\/sustainability\/dialogo-con-gli-stakeholders\/","og_locale":"it_IT","og_type":"article","og_title":"Executive summary | Polynt Group","og_description":"Executive summary | Polynt Group offers company detail about its executive. The group is specialized in the production of Composites, intermediates and coatings.","og_url":"https:\/\/www.polynt.com\/it\/sustainability\/dialogo-con-gli-stakeholders\/","og_site_name":"Polynt","article_modified_time":"2022-01-26T11:00:07+00:00","twitter_card":"summary_large_image","twitter_misc":{"Tempo di lettura stimato":"1 minuto"},"schema":{"@context":"https:\/\/schema.org","@graph":[{"@type":"WebPage","@id":"https:\/\/www.polynt.com\/it\/sustainability\/dialogo-con-gli-stakeholders\/","url":"https:\/\/www.polynt.com\/it\/sustainability\/dialogo-con-gli-stakeholders\/","name":"Executive summary | Polynt Group","isPartOf":{"@id":"https:\/\/www.polynt.com\/#website"},"datePublished":"2022-01-24T11:39:20+00:00","dateModified":"2022-01-26T11:00:07+00:00","description":"Executive summary | Polynt Group offers company detail about its executive. The group is specialized in the production of Composites, intermediates and coatings.","breadcrumb":{"@id":"https:\/\/www.polynt.com\/it\/sustainability\/dialogo-con-gli-stakeholders\/#breadcrumb"},"inLanguage":"it-IT","potentialAction":[{"@type":"ReadAction","target":["https:\/\/www.polynt.com\/it\/sustainability\/dialogo-con-gli-stakeholders\/"]}]},{"@type":"BreadcrumbList","@id":"https:\/\/www.polynt.com\/it\/sustainability\/dialogo-con-gli-stakeholders\/#breadcrumb","itemListElement":[{"@type":"ListItem","position":1,"name":"Home","item":"https:\/\/www.polynt.com\/it\/"},{"@type":"ListItem","position":2,"name":"Sustainability","item":"https:\/\/www.polynt.com\/it\/sustainability\/"},{"@type":"ListItem","position":3,"name":"Dialogo con gli Stakeholders"}]},{"@type":"WebSite","@id":"https:\/\/www.polynt.com\/#website","url":"https:\/\/www.polynt.com\/","name":"Polynt","description":"Organic anhydrides and their derivatives | Polynt Group is the world leader in the production, sales and development of organic anhydrides and their derivatives.","potentialAction":[{"@type":"SearchAction","target":{"@type":"EntryPoint","urlTemplate":"https:\/\/www.polynt.com\/?s={search_term_string}"},"query-input":{"@type":"PropertyValueSpecification","valueRequired":true,"valueName":"search_term_string"}}],"inLanguage":"it-IT"}]}},"_links":{"self":[{"href":"https:\/\/www.polynt.com\/it\/wp-json\/wp\/v2\/pages\/23341","targetHints":{"allow":["GET"]}}],"collection":[{"href":"https:\/\/www.polynt.com\/it\/wp-json\/wp\/v2\/pages"}],"about":[{"href":"https:\/\/www.polynt.com\/it\/wp-json\/wp\/v2\/types\/page"}],"author":[{"embeddable":true,"href":"https:\/\/www.polynt.com\/it\/wp-json\/wp\/v2\/users\/1"}],"replies":[{"embeddable":true,"href":"https:\/\/www.polynt.com\/it\/wp-json\/wp\/v2\/comments?post=23341"}],"version-history":[{"count":4,"href":"https:\/\/www.polynt.com\/it\/wp-json\/wp\/v2\/pages\/23341\/revisions"}],"predecessor-version":[{"id":23460,"href":"https:\/\/www.polynt.com\/it\/wp-json\/wp\/v2\/pages\/23341\/revisions\/23460"}],"up":[{"embeddable":true,"href":"https:\/\/www.polynt.com\/it\/wp-json\/wp\/v2\/pages\/23316"}],"wp:attachment":[{"href":"https:\/\/www.polynt.com\/it\/wp-json\/wp\/v2\/media?parent=23341"}],"curies":[{"name":"wp","href":"https:\/\/api.w.org\/{rel}","templated":true}]}}