{"id":8174,"date":"2017-01-09T17:49:38","date_gmt":"2017-01-09T16:49:38","guid":{"rendered":"http:\/\/www.polynt.com\/?page_id=8174\/"},"modified":"2017-01-16T12:38:07","modified_gmt":"2017-01-16T11:38:07","slug":"gel-coats","status":"publish","type":"page","link":"https:\/\/www.polynt.com\/it\/gel-coats\/","title":{"rendered":"GEL COAT"},"content":{"rendered":"<p>Polynt \u00e8 una storica azienda leader nel settore chimico, un punto di riferimento nella produzione e vendita di gel coats.<\/p>\n<p>&nbsp;<\/p>\n<h2><strong>Cosa sono i gel coats<\/strong><\/h2>\n<p>I <strong>gel coats sono dei materiali di rivestimento<\/strong> che si applicano a <strong>protezione degli strati pi\u00f9 esterni di manufatti di varia natura<\/strong>, composizione e tipologia. L\u2019applicazione di uno strato di gel nella parte pi\u00f9 esterna di un manufatto, ovvero la superficie a contatto con l\u2019ambiente esterno, ha <strong>sia uno scopo estetico<\/strong> (poich\u00e9 completa l\u2019opera e ne rende l\u2019aspetto pi\u00f9 curato e uniforme), <strong>sia una valenza protettiva<\/strong>. Il coat esterno, infatti, isola il manufatto dagli agenti atmosferici avversi e lo ripara dai raggi UV, fornendo una duratura protezione chimica e preservando a lungo i colori dall\u2019invecchiamento. Il <strong>gel coat viene applicato normalmente nelle prime fasi del procedimento di stratificazione<\/strong> in tutti i manufatti prodotti a partire da uno stampo.<\/p>\n<p>&nbsp;<\/p>\n<h2><strong>Gel coats: caratteristiche, composizione e punti di forza<\/strong><\/h2>\n<p>I <strong>gel coats si presentano generalmente allo stato liquido<\/strong> e hanno un aspetto denso, viscoso, simile a quello di una vernice. La base chimica del prodotto \u00e8 una <strong>resina, arricchita da cariche inerti e additivi e pigmenti <\/strong>che ne determinano il colore e le caratteristiche chimico-fisiche.<\/p>\n<p>Una delle propriet\u00e0 caratteristiche di questi gelcoat per rivestimento \u00e8 la <strong>tissotropia, ovvero la capacit\u00e0 di passare con rapidit\u00e0 dallo stato liquido a uno stato pi\u00f9 denso<\/strong>, semplicemente \u00a0terminando l\u2019azione del movimento del pennello con il quale essi vengono stesi. (*) L\u2019alta capacit\u00e0 tissotropica dei gel per rivestimento ne consentono l\u2019applicazione uniforme su \u00a0\u00a0strati anche abbastanza spessi, in verticale, senza che si verifichi alcun gocciolamento del prodotto.<\/p>\n<p>(*) Potremmo dire anche: la tissotropia, ovvero la capacit\u00e0 di assumere una viscosit\u00e0 molto elevata quando cessa lo sforzo di taglio applicato dal pennello durante la sua stesura manuale sulla superficie dello stampo, ovvero dalla spinta della pompa di sruzzo delle gelcottatrici utilizzare nella sua applicazione a spruzzo.<\/p>\n<h2><strong>Gel coats: tutti i vantaggi della loro applicazione<\/strong><\/h2>\n<p>Le propriet\u00e0 chimiche dei prodotti utilizzati come \u00a0rivestimenti di superficie rendono questi <strong>materiali particolarmente indicati nella protezione di qualunque tipo di manufatto dagli agenti atmosferici<\/strong> e dall\u2019esposizione prolungata ai raggi UV.<\/p>\n<p>L\u2019applicazione di uno spesso strato di gelcoat \u00e8 dunque consigliata in caso di <strong>esposizione prolungata del manufatto all\u2019ambiente esterno<\/strong>. Il gelcoat applicato, inoltre, svolge una funzione impermeabile, proteggendo il prodotto da eventuali infiltrazioni di acqua, un fenomeno particolarmente pericoloso per l\u2019integrit\u00e0 del manufatto, se si considerano le propriet\u00e0 di capillarit\u00e0 delle molecole di acqua.<\/p>\n<p>La stesura di uno <strong>strato spesso di gel coat rende le superfici pi\u00f9 omogenee, eliminando eventuali imprecisioni o dislivelli<\/strong> dovuti dalla tendenza delle fibre di inglobare piccole bolle d\u2019aria durante le fasi di produzione nello stampo. Da un punto di vista estetico, l\u2019applicazione di uno strato di gel direttamente nello stampo rende le superfici pi\u00f9 lisce e ne presenta a lungo anche i colori, impedendo il normale processo di sbiadimento dovuto all\u2019invecchiamento delle vernici.<\/p>\n","protected":false},"excerpt":{"rendered":"<p>Polynt \u00e8 una storica azienda leader nel settore chimico, un punto di riferimento nella produzione e vendita di gel coats. &hellip;<\/p>\n","protected":false},"author":2,"featured_media":0,"parent":0,"menu_order":0,"comment_status":"closed","ping_status":"closed","template":"template-approfondimento.php","meta":{"footnotes":""},"class_list":["post-8174","page","type-page","status-publish","hentry","odd"],"yoast_head":"<!-- This site is optimized with the Yoast SEO plugin v24.8.1 - https:\/\/yoast.com\/wordpress\/plugins\/seo\/ -->\n<title>GEL COAT - Polynt<\/title>\n<meta name=\"description\" content=\"Gel coats | POLYNT produzione industrial di gel coats, materiali di rivestimento per rinforzare la superficie di diversi oggetti. Utilizzo in diversi settori.\" \/>\n<meta name=\"robots\" content=\"index, follow, max-snippet:-1, max-image-preview:large, max-video-preview:-1\" \/>\n<link rel=\"canonical\" href=\"https:\/\/www.polynt.com\/it\/gel-coats\/\" \/>\n<meta property=\"og:locale\" content=\"it_IT\" \/>\n<meta property=\"og:type\" content=\"article\" \/>\n<meta property=\"og:title\" content=\"GEL COAT - Polynt\" \/>\n<meta property=\"og:description\" content=\"Gel coats | POLYNT produzione industrial di gel coats, materiali di rivestimento per rinforzare la superficie di diversi oggetti. Utilizzo in diversi settori.\" \/>\n<meta property=\"og:url\" content=\"https:\/\/www.polynt.com\/it\/gel-coats\/\" \/>\n<meta property=\"og:site_name\" content=\"Polynt\" \/>\n<meta property=\"article:modified_time\" content=\"2017-01-16T11:38:07+00:00\" \/>\n<meta name=\"twitter:card\" content=\"summary_large_image\" \/>\n<meta name=\"twitter:label1\" content=\"Tempo di lettura stimato\" \/>\n\t<meta name=\"twitter:data1\" content=\"2 minuti\" \/>\n<script type=\"application\/ld+json\" class=\"yoast-schema-graph\">{\"@context\":\"https:\/\/schema.org\",\"@graph\":[{\"@type\":\"WebPage\",\"@id\":\"https:\/\/www.polynt.com\/it\/gel-coats\/\",\"url\":\"https:\/\/www.polynt.com\/it\/gel-coats\/\",\"name\":\"GEL COAT - Polynt\",\"isPartOf\":{\"@id\":\"https:\/\/www.polynt.com\/#website\"},\"datePublished\":\"2017-01-09T16:49:38+00:00\",\"dateModified\":\"2017-01-16T11:38:07+00:00\",\"description\":\"Gel coats | POLYNT produzione industrial di gel coats, materiali di rivestimento per rinforzare la superficie di diversi oggetti. Utilizzo in diversi settori.\",\"breadcrumb\":{\"@id\":\"https:\/\/www.polynt.com\/it\/gel-coats\/#breadcrumb\"},\"inLanguage\":\"it-IT\",\"potentialAction\":[{\"@type\":\"ReadAction\",\"target\":[\"https:\/\/www.polynt.com\/it\/gel-coats\/\"]}]},{\"@type\":\"BreadcrumbList\",\"@id\":\"https:\/\/www.polynt.com\/it\/gel-coats\/#breadcrumb\",\"itemListElement\":[{\"@type\":\"ListItem\",\"position\":1,\"name\":\"Home\",\"item\":\"https:\/\/www.polynt.com\/it\/\"},{\"@type\":\"ListItem\",\"position\":2,\"name\":\"GEL COAT\"}]},{\"@type\":\"WebSite\",\"@id\":\"https:\/\/www.polynt.com\/#website\",\"url\":\"https:\/\/www.polynt.com\/\",\"name\":\"Polynt\",\"description\":\"Organic anhydrides and their derivatives | Polynt Group is the world leader in the production, sales and development of organic anhydrides and their derivatives.\",\"potentialAction\":[{\"@type\":\"SearchAction\",\"target\":{\"@type\":\"EntryPoint\",\"urlTemplate\":\"https:\/\/www.polynt.com\/?s={search_term_string}\"},\"query-input\":{\"@type\":\"PropertyValueSpecification\",\"valueRequired\":true,\"valueName\":\"search_term_string\"}}],\"inLanguage\":\"it-IT\"}]}<\/script>\n<!-- \/ Yoast SEO plugin. -->","yoast_head_json":{"title":"GEL COAT - Polynt","description":"Gel coats | POLYNT produzione industrial di gel coats, materiali di rivestimento per rinforzare la superficie di diversi oggetti. Utilizzo in diversi settori.","robots":{"index":"index","follow":"follow","max-snippet":"max-snippet:-1","max-image-preview":"max-image-preview:large","max-video-preview":"max-video-preview:-1"},"canonical":"https:\/\/www.polynt.com\/it\/gel-coats\/","og_locale":"it_IT","og_type":"article","og_title":"GEL COAT - Polynt","og_description":"Gel coats | POLYNT produzione industrial di gel coats, materiali di rivestimento per rinforzare la superficie di diversi oggetti. Utilizzo in diversi settori.","og_url":"https:\/\/www.polynt.com\/it\/gel-coats\/","og_site_name":"Polynt","article_modified_time":"2017-01-16T11:38:07+00:00","twitter_card":"summary_large_image","twitter_misc":{"Tempo di lettura stimato":"2 minuti"},"schema":{"@context":"https:\/\/schema.org","@graph":[{"@type":"WebPage","@id":"https:\/\/www.polynt.com\/it\/gel-coats\/","url":"https:\/\/www.polynt.com\/it\/gel-coats\/","name":"GEL COAT - Polynt","isPartOf":{"@id":"https:\/\/www.polynt.com\/#website"},"datePublished":"2017-01-09T16:49:38+00:00","dateModified":"2017-01-16T11:38:07+00:00","description":"Gel coats | POLYNT produzione industrial di gel coats, materiali di rivestimento per rinforzare la superficie di diversi oggetti. Utilizzo in diversi settori.","breadcrumb":{"@id":"https:\/\/www.polynt.com\/it\/gel-coats\/#breadcrumb"},"inLanguage":"it-IT","potentialAction":[{"@type":"ReadAction","target":["https:\/\/www.polynt.com\/it\/gel-coats\/"]}]},{"@type":"BreadcrumbList","@id":"https:\/\/www.polynt.com\/it\/gel-coats\/#breadcrumb","itemListElement":[{"@type":"ListItem","position":1,"name":"Home","item":"https:\/\/www.polynt.com\/it\/"},{"@type":"ListItem","position":2,"name":"GEL COAT"}]},{"@type":"WebSite","@id":"https:\/\/www.polynt.com\/#website","url":"https:\/\/www.polynt.com\/","name":"Polynt","description":"Organic anhydrides and their derivatives | Polynt Group is the world leader in the production, sales and development of organic anhydrides and their derivatives.","potentialAction":[{"@type":"SearchAction","target":{"@type":"EntryPoint","urlTemplate":"https:\/\/www.polynt.com\/?s={search_term_string}"},"query-input":{"@type":"PropertyValueSpecification","valueRequired":true,"valueName":"search_term_string"}}],"inLanguage":"it-IT"}]}},"_links":{"self":[{"href":"https:\/\/www.polynt.com\/it\/wp-json\/wp\/v2\/pages\/8174","targetHints":{"allow":["GET"]}}],"collection":[{"href":"https:\/\/www.polynt.com\/it\/wp-json\/wp\/v2\/pages"}],"about":[{"href":"https:\/\/www.polynt.com\/it\/wp-json\/wp\/v2\/types\/page"}],"author":[{"embeddable":true,"href":"https:\/\/www.polynt.com\/it\/wp-json\/wp\/v2\/users\/2"}],"replies":[{"embeddable":true,"href":"https:\/\/www.polynt.com\/it\/wp-json\/wp\/v2\/comments?post=8174"}],"version-history":[{"count":5,"href":"https:\/\/www.polynt.com\/it\/wp-json\/wp\/v2\/pages\/8174\/revisions"}],"predecessor-version":[{"id":8316,"href":"https:\/\/www.polynt.com\/it\/wp-json\/wp\/v2\/pages\/8174\/revisions\/8316"}],"wp:attachment":[{"href":"https:\/\/www.polynt.com\/it\/wp-json\/wp\/v2\/media?parent=8174"}],"curies":[{"name":"wp","href":"https:\/\/api.w.org\/{rel}","templated":true}]}}