{"id":8189,"date":"2017-01-10T12:08:52","date_gmt":"2017-01-10T11:08:52","guid":{"rendered":"http:\/\/www.polynt.com\/?page_id=8189\/"},"modified":"2017-01-16T12:33:36","modified_gmt":"2017-01-16T11:33:36","slug":"acido-malico-alimenti","status":"publish","type":"page","link":"https:\/\/www.polynt.com\/it\/acido-malico-alimenti\/","title":{"rendered":"ACIDO MALICO ALIMENTI"},"content":{"rendered":"<p><strong>L\u2019acido malico<\/strong> \u00e8 un composto organico conosciuto anche con il nome di \u201cacido di mela\u201d e \u201cacido fruttico\u201d, ed \u00e8 presente in molti alimenti preconfezionati.<\/p>\n<p>Questo composto si trova naturalmente nella mela, e in particolare nella buccia, e in altra frutta. Si tratta di un <strong>acido organico<\/strong> <strong>cosiddetto alfa-idrossilato<\/strong> e naturalmente presente anche in numerose specie vegetali e animali. Questo intermedio rappresenta l\u2019elemento chiave nel principale ciclo di produzione dell\u2019energia cellulare, il <strong>ciclo di Krebs<\/strong> (anche detto ciclo dell\u2019acido citrico).<\/p>\n<p><strong>L\u2019acido malico<\/strong> \u00e8 spesso presente nell&#8217;etichetta degli alimenti, ma non \u00e8 da considerarsi pericoloso o tossico per la salute umana. Di fatto, il suo scopo \u00e8 quello di aumentare l\u2019acidit\u00e0 dei cibi, donando loro pi\u00f9 sapore, ma anche come sostanza aromatizzante e stabilizzante di colore. Si identifica con la sigla <strong>E296<\/strong>.<\/p>\n<p>Questo <strong>composto acidificante<\/strong> viene ampiamente utilizzato nell&#8217;industria alimentare e viene generalmente ottenuto attraverso una sintesi chimica. Si trova normalmente nei succhi di frutta \u2013 per lo pi\u00f9 di uva o di mela \u2013 cos\u00ec come nelle gelatine, nelle creme di frutta spalmabili, nelle marmellate, nel vino e in alcuni alimenti a basso contenuto calorico.<\/p>\n<p>In natura, <strong>l\u2019acido malico<\/strong> \u00e8 contenuto in alimenti quali le prugne, i ribes, i pomodori e persino le banane, seppure in quantit\u00e0 minima. Questo acido della frutta \u00e8 strettamente correlato all&#8217;acido e si caratterizza per un gusto asprigno e amarognolo, forte e penetrante.<\/p>\n<h2>Acido malico negli alimenti \u2013 vantaggi<\/h2>\n<p><strong>L\u2019acido malico contenuto negli alimenti<\/strong> offre una serie di vantaggi, che possiamo elencare a seguire:<\/p>\n<ul>\n<li>Supporta l\u2019organismo nel rilascio dell\u2019energia proveniente dal cibo<\/li>\n<li>Aumenta la resistenza fisica degli atleti e degli sportivi<\/li>\n<li>Offre un valido supporto durante la fase ipossica dell\u2019allevamento<\/li>\n<li>Pu\u00f2 aiutare ad alleviare i sintomi della fibromialgia cronica, di fatto riducendo il dolore<\/li>\n<\/ul>\n<p>Per le ragioni sopraelencate, il consumo di <strong>alimenti contenenti acido malico<\/strong> \u00e8 fortemente consigliato alle persone che praticano sport a livello intenso, agonistico o professionale, poich\u00e9 si ritiene renda pi\u00f9 efficace le performance fisiche soprattutto nei casi di carenza di ossigeno nelle cellule.<\/p>\n<p>Pu\u00f2 prolungare le prestazioni sportive soprattutto se assunto, sotto forma di integratore alimentare, durante le fasi ipossiche dell\u2019esercizio.<\/p>\n<h3>Acido malico alimenti \u2013 sicurezza<\/h3>\n<p>In termini di sicurezza, \u00e8 opportuno ricordare che <strong>l\u2019acido malico a uso alimentare<\/strong> pu\u00f2 essere irritante per gli occhi e per la pelle ma che, a livello di salute, non pone nessun problema di sicurezza.<\/p>\n","protected":false},"excerpt":{"rendered":"<p>L\u2019acido malico \u00e8 un composto organico conosciuto anche con il nome di \u201cacido di mela\u201d e \u201cacido fruttico\u201d, ed \u00e8 &hellip;<\/p>\n","protected":false},"author":2,"featured_media":0,"parent":0,"menu_order":0,"comment_status":"closed","ping_status":"closed","template":"template-approfondimento.php","meta":{"footnotes":""},"class_list":["post-8189","page","type-page","status-publish","hentry","odd"],"yoast_head":"<!-- This site is optimized with the Yoast SEO plugin v24.8.1 - https:\/\/yoast.com\/wordpress\/plugins\/seo\/ -->\n<title>ACIDO MALICO ALIMENTI - Polynt<\/title>\n<meta name=\"description\" content=\"Acido malico alimenti | Polynt illustra i dettagli relativi all&#039;uso nell&#039;industria alimentare dell\u2019acido malico. Caratteristiche, vantaggi e rischi.\" \/>\n<meta name=\"robots\" content=\"index, follow, max-snippet:-1, max-image-preview:large, max-video-preview:-1\" \/>\n<link rel=\"canonical\" href=\"https:\/\/www.polynt.com\/it\/acido-malico-alimenti\/\" \/>\n<meta property=\"og:locale\" content=\"it_IT\" \/>\n<meta property=\"og:type\" content=\"article\" \/>\n<meta property=\"og:title\" content=\"ACIDO MALICO ALIMENTI - Polynt\" \/>\n<meta property=\"og:description\" content=\"Acido malico alimenti | Polynt illustra i dettagli relativi all&#039;uso nell&#039;industria alimentare dell\u2019acido malico. Caratteristiche, vantaggi e rischi.\" \/>\n<meta property=\"og:url\" content=\"https:\/\/www.polynt.com\/it\/acido-malico-alimenti\/\" \/>\n<meta property=\"og:site_name\" content=\"Polynt\" \/>\n<meta property=\"article:modified_time\" content=\"2017-01-16T11:33:36+00:00\" \/>\n<meta name=\"twitter:card\" content=\"summary_large_image\" \/>\n<meta name=\"twitter:label1\" content=\"Tempo di lettura stimato\" \/>\n\t<meta name=\"twitter:data1\" content=\"2 minuti\" \/>\n<script type=\"application\/ld+json\" class=\"yoast-schema-graph\">{\"@context\":\"https:\/\/schema.org\",\"@graph\":[{\"@type\":\"WebPage\",\"@id\":\"https:\/\/www.polynt.com\/it\/acido-malico-alimenti\/\",\"url\":\"https:\/\/www.polynt.com\/it\/acido-malico-alimenti\/\",\"name\":\"ACIDO MALICO ALIMENTI - Polynt\",\"isPartOf\":{\"@id\":\"https:\/\/www.polynt.com\/#website\"},\"datePublished\":\"2017-01-10T11:08:52+00:00\",\"dateModified\":\"2017-01-16T11:33:36+00:00\",\"description\":\"Acido malico alimenti | Polynt illustra i dettagli relativi all'uso nell'industria alimentare dell\u2019acido malico. Caratteristiche, vantaggi e rischi.\",\"breadcrumb\":{\"@id\":\"https:\/\/www.polynt.com\/it\/acido-malico-alimenti\/#breadcrumb\"},\"inLanguage\":\"it-IT\",\"potentialAction\":[{\"@type\":\"ReadAction\",\"target\":[\"https:\/\/www.polynt.com\/it\/acido-malico-alimenti\/\"]}]},{\"@type\":\"BreadcrumbList\",\"@id\":\"https:\/\/www.polynt.com\/it\/acido-malico-alimenti\/#breadcrumb\",\"itemListElement\":[{\"@type\":\"ListItem\",\"position\":1,\"name\":\"Home\",\"item\":\"https:\/\/www.polynt.com\/it\/\"},{\"@type\":\"ListItem\",\"position\":2,\"name\":\"ACIDO MALICO ALIMENTI\"}]},{\"@type\":\"WebSite\",\"@id\":\"https:\/\/www.polynt.com\/#website\",\"url\":\"https:\/\/www.polynt.com\/\",\"name\":\"Polynt\",\"description\":\"Organic anhydrides and their derivatives | Polynt Group is the world leader in the production, sales and development of organic anhydrides and their derivatives.\",\"potentialAction\":[{\"@type\":\"SearchAction\",\"target\":{\"@type\":\"EntryPoint\",\"urlTemplate\":\"https:\/\/www.polynt.com\/?s={search_term_string}\"},\"query-input\":{\"@type\":\"PropertyValueSpecification\",\"valueRequired\":true,\"valueName\":\"search_term_string\"}}],\"inLanguage\":\"it-IT\"}]}<\/script>\n<!-- \/ Yoast SEO plugin. -->","yoast_head_json":{"title":"ACIDO MALICO ALIMENTI - Polynt","description":"Acido malico alimenti | Polynt illustra i dettagli relativi all'uso nell'industria alimentare dell\u2019acido malico. Caratteristiche, vantaggi e rischi.","robots":{"index":"index","follow":"follow","max-snippet":"max-snippet:-1","max-image-preview":"max-image-preview:large","max-video-preview":"max-video-preview:-1"},"canonical":"https:\/\/www.polynt.com\/it\/acido-malico-alimenti\/","og_locale":"it_IT","og_type":"article","og_title":"ACIDO MALICO ALIMENTI - Polynt","og_description":"Acido malico alimenti | Polynt illustra i dettagli relativi all'uso nell'industria alimentare dell\u2019acido malico. Caratteristiche, vantaggi e rischi.","og_url":"https:\/\/www.polynt.com\/it\/acido-malico-alimenti\/","og_site_name":"Polynt","article_modified_time":"2017-01-16T11:33:36+00:00","twitter_card":"summary_large_image","twitter_misc":{"Tempo di lettura stimato":"2 minuti"},"schema":{"@context":"https:\/\/schema.org","@graph":[{"@type":"WebPage","@id":"https:\/\/www.polynt.com\/it\/acido-malico-alimenti\/","url":"https:\/\/www.polynt.com\/it\/acido-malico-alimenti\/","name":"ACIDO MALICO ALIMENTI - Polynt","isPartOf":{"@id":"https:\/\/www.polynt.com\/#website"},"datePublished":"2017-01-10T11:08:52+00:00","dateModified":"2017-01-16T11:33:36+00:00","description":"Acido malico alimenti | Polynt illustra i dettagli relativi all'uso nell'industria alimentare dell\u2019acido malico. Caratteristiche, vantaggi e rischi.","breadcrumb":{"@id":"https:\/\/www.polynt.com\/it\/acido-malico-alimenti\/#breadcrumb"},"inLanguage":"it-IT","potentialAction":[{"@type":"ReadAction","target":["https:\/\/www.polynt.com\/it\/acido-malico-alimenti\/"]}]},{"@type":"BreadcrumbList","@id":"https:\/\/www.polynt.com\/it\/acido-malico-alimenti\/#breadcrumb","itemListElement":[{"@type":"ListItem","position":1,"name":"Home","item":"https:\/\/www.polynt.com\/it\/"},{"@type":"ListItem","position":2,"name":"ACIDO MALICO ALIMENTI"}]},{"@type":"WebSite","@id":"https:\/\/www.polynt.com\/#website","url":"https:\/\/www.polynt.com\/","name":"Polynt","description":"Organic anhydrides and their derivatives | Polynt Group is the world leader in the production, sales and development of organic anhydrides and their derivatives.","potentialAction":[{"@type":"SearchAction","target":{"@type":"EntryPoint","urlTemplate":"https:\/\/www.polynt.com\/?s={search_term_string}"},"query-input":{"@type":"PropertyValueSpecification","valueRequired":true,"valueName":"search_term_string"}}],"inLanguage":"it-IT"}]}},"_links":{"self":[{"href":"https:\/\/www.polynt.com\/it\/wp-json\/wp\/v2\/pages\/8189","targetHints":{"allow":["GET"]}}],"collection":[{"href":"https:\/\/www.polynt.com\/it\/wp-json\/wp\/v2\/pages"}],"about":[{"href":"https:\/\/www.polynt.com\/it\/wp-json\/wp\/v2\/types\/page"}],"author":[{"embeddable":true,"href":"https:\/\/www.polynt.com\/it\/wp-json\/wp\/v2\/users\/2"}],"replies":[{"embeddable":true,"href":"https:\/\/www.polynt.com\/it\/wp-json\/wp\/v2\/comments?post=8189"}],"version-history":[{"count":9,"href":"https:\/\/www.polynt.com\/it\/wp-json\/wp\/v2\/pages\/8189\/revisions"}],"predecessor-version":[{"id":8306,"href":"https:\/\/www.polynt.com\/it\/wp-json\/wp\/v2\/pages\/8189\/revisions\/8306"}],"wp:attachment":[{"href":"https:\/\/www.polynt.com\/it\/wp-json\/wp\/v2\/media?parent=8189"}],"curies":[{"name":"wp","href":"https:\/\/api.w.org\/{rel}","templated":true}]}}