{"id":8192,"date":"2017-01-10T12:15:48","date_gmt":"2017-01-10T11:15:48","guid":{"rendered":"http:\/\/www.polynt.com\/?page_id=8192\/"},"modified":"2017-03-06T16:01:38","modified_gmt":"2017-03-06T15:01:38","slug":"cosa-sono-i-plastificanti","status":"publish","type":"page","link":"https:\/\/www.polynt.com\/it\/cosa-sono-i-plastificanti\/","title":{"rendered":"COSA SONO I PLASTIFICANTI"},"content":{"rendered":"<p>Potremmo definire i <strong>plastificanti<\/strong> come composti chimici aggiunti a un materiale polimerico con l\u2019obiettivo di implementarne determinate caratteristiche, quali la flessibilit\u00e0, la lavorabilit\u00e0 e la deformabilit\u00e0.<\/p>\n<p>Queste sostanze sono generalmente utilizzate per numerose tipologie di <strong>prodotti in ogni industria<\/strong>: dai cavi elettrici ai film plastici, dai tessuti sintetici per calzature e abbigliamento ad alcuni presidi medico-chirurgici, dai componenti per l\u2019automotive (l\u2019industria dell\u2019auto) fino alle pavimentazioni.<\/p>\n<p>Tra i <strong>plastificanti<\/strong>, i pi\u00f9 conosciuti da un punto di vista ambientale e tossicologico sono certamente gli <strong>ftalati<\/strong>. Gli ftalati sono <strong>esteri dell\u2019acido ftalico<\/strong> e tra le loro principali qualit\u00e0 vi \u00e8 la scarsa solubilit\u00e0 in acqua. Al contrario, si rivelano volatili e assai solubili negli oli. Generalmente incolori, si ottengono per esterificazione tra l\u2019anidride ftalica e un alcol compreso tra i 6 e i 13 atomi di carbonio.<\/p>\n<p>I <strong>plastificanti<\/strong> possono essere <strong>classificati in diverse famiglie<\/strong>. Tra queste, le pi\u00f9 conosciute includono, oltre ai gi\u00e0 citati ftalati:<\/p>\n<ul>\n<li>Plastificanti trimellitati<\/li>\n<li>Plastificanti esteri dell\u2019acido cicloesandicarbossilico (DINCH)<\/li>\n<li>Plastificanti polimerici<\/li>\n<li>Plastificanti esteri alifatici<\/li>\n<li>Plastificanti esteri epossidici<\/li>\n<li>Citrati<\/li>\n<li>Benzoati<\/li>\n<li>Alchil-sulfonati<\/li>\n<li>Cloroparaffine<\/li>\n<li>DEHT<\/li>\n<li>TXIB<\/li>\n<\/ul>\n<p>Il <strong>principale utilizzo per i plastificanti<\/strong> \u00e8 come additivo di materie plastiche, gomme, adesivi ,sigillanti inchiostri e lubrificanti.<\/p>\n<h2>Caratteristiche dei plastificanti come additivo alle materie plastiche<\/h2>\n<ul>\n<li>Il plastificante deve essere compatibile polimero, cos\u00ec da incorporarsi stabilmente e in modo omogeneo con esso<\/li>\n<li>Il plastificante non deve essere volatile<\/li>\n<li>Il plastificante deve resistere all\u2019effetto di estrazione a contatto con i liquidi<\/li>\n<li>Il plastificante deve essere chimicamente inerte nei confronti del polimero, oltre che chimicamente stabile nei confronti di luce e calore<\/li>\n<li>Il plastificante deve presentare ottime doti di resistenza a idrolisi o ossidazione da parte degli agenti atmosferici e dell\u2019ossigeno.<\/li>\n<\/ul>\n<p>&nbsp;<\/p>\n","protected":false},"excerpt":{"rendered":"<p>Potremmo definire i plastificanti come composti chimici aggiunti a un materiale polimerico con l\u2019obiettivo di implementarne determinate caratteristiche, quali la &hellip;<\/p>\n","protected":false},"author":2,"featured_media":0,"parent":0,"menu_order":0,"comment_status":"closed","ping_status":"closed","template":"template-approfondimento.php","meta":{"footnotes":""},"class_list":["post-8192","page","type-page","status-publish","hentry","odd"],"yoast_head":"<!-- This site is optimized with the Yoast SEO plugin v24.8.1 - https:\/\/yoast.com\/wordpress\/plugins\/seo\/ -->\n<title>COSA SONO I PLASTIFICANTI - Polynt<\/title>\n<meta name=\"description\" content=\"Cosa sono i plastificanti | Polynt illustra le caratteristiche dei plastificanti: cosa sono, a cosa servono, come si classificano, per quali industrie si utilizzano.\" \/>\n<meta name=\"robots\" content=\"index, follow, max-snippet:-1, max-image-preview:large, max-video-preview:-1\" \/>\n<link rel=\"canonical\" href=\"https:\/\/www.polynt.com\/it\/cosa-sono-i-plastificanti\/\" \/>\n<meta property=\"og:locale\" content=\"it_IT\" \/>\n<meta property=\"og:type\" content=\"article\" \/>\n<meta property=\"og:title\" content=\"COSA SONO I PLASTIFICANTI - Polynt\" \/>\n<meta property=\"og:description\" content=\"Cosa sono i plastificanti | Polynt illustra le caratteristiche dei plastificanti: cosa sono, a cosa servono, come si classificano, per quali industrie si utilizzano.\" \/>\n<meta property=\"og:url\" content=\"https:\/\/www.polynt.com\/it\/cosa-sono-i-plastificanti\/\" \/>\n<meta property=\"og:site_name\" content=\"Polynt\" \/>\n<meta property=\"article:modified_time\" content=\"2017-03-06T15:01:38+00:00\" \/>\n<meta name=\"twitter:card\" content=\"summary_large_image\" \/>\n<meta name=\"twitter:label1\" content=\"Tempo di lettura stimato\" \/>\n\t<meta name=\"twitter:data1\" content=\"1 minuto\" \/>\n<script type=\"application\/ld+json\" class=\"yoast-schema-graph\">{\"@context\":\"https:\/\/schema.org\",\"@graph\":[{\"@type\":\"WebPage\",\"@id\":\"https:\/\/www.polynt.com\/it\/cosa-sono-i-plastificanti\/\",\"url\":\"https:\/\/www.polynt.com\/it\/cosa-sono-i-plastificanti\/\",\"name\":\"COSA SONO I PLASTIFICANTI - Polynt\",\"isPartOf\":{\"@id\":\"https:\/\/www.polynt.com\/#website\"},\"datePublished\":\"2017-01-10T11:15:48+00:00\",\"dateModified\":\"2017-03-06T15:01:38+00:00\",\"description\":\"Cosa sono i plastificanti | Polynt illustra le caratteristiche dei plastificanti: cosa sono, a cosa servono, come si classificano, per quali industrie si utilizzano.\",\"breadcrumb\":{\"@id\":\"https:\/\/www.polynt.com\/it\/cosa-sono-i-plastificanti\/#breadcrumb\"},\"inLanguage\":\"it-IT\",\"potentialAction\":[{\"@type\":\"ReadAction\",\"target\":[\"https:\/\/www.polynt.com\/it\/cosa-sono-i-plastificanti\/\"]}]},{\"@type\":\"BreadcrumbList\",\"@id\":\"https:\/\/www.polynt.com\/it\/cosa-sono-i-plastificanti\/#breadcrumb\",\"itemListElement\":[{\"@type\":\"ListItem\",\"position\":1,\"name\":\"Home\",\"item\":\"https:\/\/www.polynt.com\/it\/\"},{\"@type\":\"ListItem\",\"position\":2,\"name\":\"COSA SONO I PLASTIFICANTI\"}]},{\"@type\":\"WebSite\",\"@id\":\"https:\/\/www.polynt.com\/#website\",\"url\":\"https:\/\/www.polynt.com\/\",\"name\":\"Polynt\",\"description\":\"Organic anhydrides and their derivatives | Polynt Group is the world leader in the production, sales and development of organic anhydrides and their derivatives.\",\"potentialAction\":[{\"@type\":\"SearchAction\",\"target\":{\"@type\":\"EntryPoint\",\"urlTemplate\":\"https:\/\/www.polynt.com\/?s={search_term_string}\"},\"query-input\":{\"@type\":\"PropertyValueSpecification\",\"valueRequired\":true,\"valueName\":\"search_term_string\"}}],\"inLanguage\":\"it-IT\"}]}<\/script>\n<!-- \/ Yoast SEO plugin. -->","yoast_head_json":{"title":"COSA SONO I PLASTIFICANTI - Polynt","description":"Cosa sono i plastificanti | Polynt illustra le caratteristiche dei plastificanti: cosa sono, a cosa servono, come si classificano, per quali industrie si utilizzano.","robots":{"index":"index","follow":"follow","max-snippet":"max-snippet:-1","max-image-preview":"max-image-preview:large","max-video-preview":"max-video-preview:-1"},"canonical":"https:\/\/www.polynt.com\/it\/cosa-sono-i-plastificanti\/","og_locale":"it_IT","og_type":"article","og_title":"COSA SONO I PLASTIFICANTI - Polynt","og_description":"Cosa sono i plastificanti | Polynt illustra le caratteristiche dei plastificanti: cosa sono, a cosa servono, come si classificano, per quali industrie si utilizzano.","og_url":"https:\/\/www.polynt.com\/it\/cosa-sono-i-plastificanti\/","og_site_name":"Polynt","article_modified_time":"2017-03-06T15:01:38+00:00","twitter_card":"summary_large_image","twitter_misc":{"Tempo di lettura stimato":"1 minuto"},"schema":{"@context":"https:\/\/schema.org","@graph":[{"@type":"WebPage","@id":"https:\/\/www.polynt.com\/it\/cosa-sono-i-plastificanti\/","url":"https:\/\/www.polynt.com\/it\/cosa-sono-i-plastificanti\/","name":"COSA SONO I PLASTIFICANTI - Polynt","isPartOf":{"@id":"https:\/\/www.polynt.com\/#website"},"datePublished":"2017-01-10T11:15:48+00:00","dateModified":"2017-03-06T15:01:38+00:00","description":"Cosa sono i plastificanti | Polynt illustra le caratteristiche dei plastificanti: cosa sono, a cosa servono, come si classificano, per quali industrie si utilizzano.","breadcrumb":{"@id":"https:\/\/www.polynt.com\/it\/cosa-sono-i-plastificanti\/#breadcrumb"},"inLanguage":"it-IT","potentialAction":[{"@type":"ReadAction","target":["https:\/\/www.polynt.com\/it\/cosa-sono-i-plastificanti\/"]}]},{"@type":"BreadcrumbList","@id":"https:\/\/www.polynt.com\/it\/cosa-sono-i-plastificanti\/#breadcrumb","itemListElement":[{"@type":"ListItem","position":1,"name":"Home","item":"https:\/\/www.polynt.com\/it\/"},{"@type":"ListItem","position":2,"name":"COSA SONO I PLASTIFICANTI"}]},{"@type":"WebSite","@id":"https:\/\/www.polynt.com\/#website","url":"https:\/\/www.polynt.com\/","name":"Polynt","description":"Organic anhydrides and their derivatives | Polynt Group is the world leader in the production, sales and development of organic anhydrides and their derivatives.","potentialAction":[{"@type":"SearchAction","target":{"@type":"EntryPoint","urlTemplate":"https:\/\/www.polynt.com\/?s={search_term_string}"},"query-input":{"@type":"PropertyValueSpecification","valueRequired":true,"valueName":"search_term_string"}}],"inLanguage":"it-IT"}]}},"_links":{"self":[{"href":"https:\/\/www.polynt.com\/it\/wp-json\/wp\/v2\/pages\/8192","targetHints":{"allow":["GET"]}}],"collection":[{"href":"https:\/\/www.polynt.com\/it\/wp-json\/wp\/v2\/pages"}],"about":[{"href":"https:\/\/www.polynt.com\/it\/wp-json\/wp\/v2\/types\/page"}],"author":[{"embeddable":true,"href":"https:\/\/www.polynt.com\/it\/wp-json\/wp\/v2\/users\/2"}],"replies":[{"embeddable":true,"href":"https:\/\/www.polynt.com\/it\/wp-json\/wp\/v2\/comments?post=8192"}],"version-history":[{"count":6,"href":"https:\/\/www.polynt.com\/it\/wp-json\/wp\/v2\/pages\/8192\/revisions"}],"predecessor-version":[{"id":9710,"href":"https:\/\/www.polynt.com\/it\/wp-json\/wp\/v2\/pages\/8192\/revisions\/9710"}],"wp:attachment":[{"href":"https:\/\/www.polynt.com\/it\/wp-json\/wp\/v2\/media?parent=8192"}],"curies":[{"name":"wp","href":"https:\/\/api.w.org\/{rel}","templated":true}]}}