{"id":963,"date":"2016-12-07T16:22:06","date_gmt":"2016-12-07T15:22:06","guid":{"rendered":"http:\/\/www.polynt.com\/?page_id=963"},"modified":"2023-11-08T14:25:10","modified_gmt":"2023-11-08T13:25:10","slug":"executive-summary","status":"publish","type":"page","link":"https:\/\/www.polynt.com\/it\/info-finanziarie\/executive-summary\/","title":{"rendered":"Sommario"},"content":{"rendered":"<h2>Tutte le TAPPE FONDAMENTALI della nostra storia<\/h2>\n<p>Il <strong>Gruppo Polynt<\/strong> fonda le sue origini nel 1955, anno di realizzazione di un complesso industriale a Scanzorosciate (Bergamo), tutt\u2019ora sede del Gruppo.<\/p>\n<p>Attiva nel mercato degli intermedi per polimeri, la societ\u00e0 \u00e8 uno dei principali operatori in alcuni settori dell&#8217;<strong>industria chimica specialistica<\/strong>, in particolare in quello dell&#8217;<strong>anidride ftalica<\/strong> e <strong>plastificanti per usi generali<\/strong>, dell&#8217;<strong>anidride trimellitica<\/strong> e <strong>plastificanti speciali<\/strong>, dell&#8217;<strong>anidride maleica e derivati<\/strong>, delle <strong>resine poliestere insature e compounds e degli esteri speciali<\/strong>. Tali prodotti rientrano nell&#8217;ampia categoria degli<strong> intermedi chimici<\/strong> caratterizzati dal fatto di collocarsi in posizione intermedia nella scala che dalla raffinazione del petrolio conduce fino alla produzione, vendita e distribuzione sul mercato dei prodotti finiti.<\/p>\n<p>I prodotti della Societ\u00e0 si caratterizzano per la molteplicit\u00e0 delle applicazioni e per la variet\u00e0 dei settori finali di utilizzazione: sono infatti impiegati , tra l&#8217;altro, per la <strong>produzione di materie plastiche, vernici, inchiostri ed adesivi, componenti elettrici ed elettronici, carta, lubrificanti.<\/strong> Altri impieghi riguardano la preparazione di <strong>prodotti chimici utilizzati nello stampaggio<\/strong> dedicato al settore dei trasporti, delle costruzioni ed elettrico. Ulteriori mercati di sbocco sono i cosiddetti settori<strong> food, feed and fragrances.<\/strong><br \/>\nL&#8217;attivit\u00e0 della societ\u00e0 consiste nella <strong>ricerca e sviluppo<\/strong>, nella <strong>produzione e vendita<\/strong> dei prodotti sopra citati.<\/p>\n<p>Oltre agli attuali <strong>sei stabilimenti sul territorio italiano<\/strong> (Brembate, Cavagli\u00e0, Parma, Ravenna, Scanzorosciate e San Giovanni Valdarno), Polynt \u00e8 attiva a livello internazionale con <strong>filiali operative e commerciali<\/strong> in <strong>Europa<\/strong> (Norvegia, UK, Spagna, Francia, Germania, Polonia), in <strong>Asia<\/strong> (Cina, Corea, India, Malesia) ed in <strong>America<\/strong> (Canada, USA, Messico e Brasile).<br \/>\nIl processo di espansione a livello globale \u00e8 avvenuto sia attraverso acquisizioni che tramite la costituzione di nuovi siti produttivi e di agenzie commerciali.<\/p>\n<p>Nel 2001 la societ\u00e0 acquisisce <strong>Lonza Compounds Verwaltungs e Lonza GmbH<\/strong>, due societ\u00e0 con sede a Miehlen in Germania.<br \/>\nNel 2006 viene costituita una societ\u00e0 in <strong>Polonia<\/strong> e avviata la realizzazione di uno stabilimento nei pressi di Cracovia per la <strong>produzione di compounds e resine poliestere<\/strong>.<br \/>\nNel 2006 Lonza S.p.A. cambia ragione sociale e diventa <strong>Polynt S.p.A<\/strong> e, dal 30 ottobre dello stesso anno, le azioni della societ\u00e0 sono quotate sul segmento STAR della Borsa Italiana.<\/p>\n<p>Nel marzo 2007 viene costituita <strong>Polynt Chemical (Changzhou)<\/strong> <strong>Co. Ltd.<\/strong> nella provincia cinese dello Jiangsu. Nel giugno dello stesso anno questa societ\u00e0 acquisisce uno stabilimento ed il business per la produzione e commercializzazione di <strong>Anidride Trimellitica<\/strong> da un operatore locale e nel Febbraio 2021 lo stabilimento \u00e8 stato chiuso.<br \/>\nNello stesso anno viene acquisito un business nel settore dei plastificanti speciali gestito tramite una filiale commerciale ad <strong>Hong Kong<\/strong>.<br \/>\nNegli anni successivi, Polynt realizza in Cina due nuovi impianti di produzione dedicati ai <strong>plastificanti speciali<\/strong> e alle <strong>anidridi speciali<\/strong>.<\/p>\n<p>Nel 2008, a seguito di un\u2019OPA volontaria, Polynt S.p.A. viene acquisita da <strong>Polimeri Speciali S.p.A.,<\/strong> societ\u00e0 controllata indirettamente da<strong> InvestIndustrial<\/strong>, tra i principali fondi di private equity europei. Nello stesso anno la societ\u00e0 esce quindi dal listino della Borsa milanese, dopo che le sue azioni sono cresciute del 104% rispetto al prezzo del collocamento iniziale.<br \/>\nNell\u2019agosto 2008 Polynt acquisisce il 100% delle azioni di <strong>Chemial Group S.p.A.<\/strong>, societ\u00e0 leader nel settore degli special esters ed operativa attraverso due societ\u00e0 in Inghilterra ed in Italia.<br \/>\nCon efficacia giuridica, il 1\u00b0 settembre 2008 \u00e8 avvenuta la fusione per incorporazione di <strong>Polynt S.p.A. in Polimeri Speciali S.p.A.<\/strong>. La societ\u00e0 incorporante ha assunto la denominazione sociale di Polynt S.p.A.<br \/>\nNel 2011 l\u2019azionista di riferimento di Polynt S.p.A., oggi denominato <strong>Polynt Group Sarl<\/strong>, acquisisce un business negli Stati Uniti da <strong>Momentive Specialty Chemicals Inc.<\/strong> operante nel settore dei compositi e resine per vernici con quattro stabilimenti produttivi negli USA.<br \/>\nPolynt S.p.A. beneficia della collaborazione commerciale con questa societ\u00e0, di cui acquisisce in seguito una quota di minoranza.<\/p>\n<p>Nel 2013 viene costituita la societ\u00e0<strong> Polynt Iberica S.L.<\/strong> che gestisce, dall\u2019ufficio di Barcellona, l\u2019attivit\u00e0 di marketing e vendita sul mercato spagnolo e portoghese dei prodotti del Gruppo. Nel Giugno 2018 la societ\u00e0 \u00e8 stata chiusa.<br \/>\nNel dicembre 2014 il Gruppo ha completato l\u2018acquisizione da Total S.A. delle societ\u00e0 appartenenti alla divisione CCP Composites, operanti nel settore delle resine poliestere insature, gelcoats e vinilestere, con 26 sedi in Europa, America, Asia e Australia con circa 800 dipendenti.<\/p>\n<p>Nel maggio 2017 si \u00e8 concretizzata l&#8217;aggregazione\u00a0di <strong>Polynt e Reichhold<\/strong>.<br \/>\nLa nuova entit\u00e0 \u00e8 una <strong>societ\u00e0 globale<\/strong> attiva nei seguenti settori: prodotti chimici intermedi, resine per rivestimenti e materiali compositi, materiali compositi termoindurenti, gel-coat e specialit\u00e0 chimiche di nicchia.<\/p>\n<p>Attualmente il nostro Gruppo \u00e8 controllato da fondi di private equity gestiti da <strong>Black Diamond Capital Management<\/strong>, una societ\u00e0 di gestione patrimoniale leader negli Stati Uniti.<\/p>\n<p>Oggi Polynt \u00e8 leader nelle nicchie di mercato in cui \u00e8 focalizzato il suo business ed \u00e8 posizionata in modo ideale per beneficiare della crescita attesa nei mercati di riferimento.<\/p>\n","protected":false},"excerpt":{"rendered":"<p>Tutte le TAPPE FONDAMENTALI della nostra storia Il Gruppo Polynt fonda le sue origini nel 1955, anno di realizzazione di &hellip;<\/p>\n","protected":false},"author":1,"featured_media":0,"parent":995,"menu_order":0,"comment_status":"closed","ping_status":"closed","template":"template-financial-info-single.php","meta":{"footnotes":""},"class_list":["post-963","page","type-page","status-publish","hentry","odd"],"yoast_head":"<!-- This site is optimized with the Yoast SEO plugin v24.8.1 - https:\/\/yoast.com\/wordpress\/plugins\/seo\/ -->\n<title>Sommario - Polynt<\/title>\n<meta name=\"robots\" content=\"index, follow, max-snippet:-1, max-image-preview:large, max-video-preview:-1\" \/>\n<link rel=\"canonical\" href=\"https:\/\/www.polynt.com\/it\/info-finanziarie\/executive-summary\/\" \/>\n<meta property=\"og:locale\" content=\"it_IT\" \/>\n<meta property=\"og:type\" content=\"article\" \/>\n<meta property=\"og:title\" content=\"Sommario - Polynt\" \/>\n<meta property=\"og:description\" content=\"Tutte le TAPPE FONDAMENTALI della nostra storia Il Gruppo Polynt fonda le sue origini nel 1955, anno di realizzazione di &hellip;\" \/>\n<meta property=\"og:url\" content=\"https:\/\/www.polynt.com\/it\/info-finanziarie\/executive-summary\/\" \/>\n<meta property=\"og:site_name\" content=\"Polynt\" \/>\n<meta property=\"article:modified_time\" content=\"2023-11-08T13:25:10+00:00\" \/>\n<meta name=\"twitter:card\" content=\"summary_large_image\" \/>\n<meta name=\"twitter:label1\" content=\"Tempo di lettura stimato\" \/>\n\t<meta name=\"twitter:data1\" content=\"4 minuti\" \/>\n<script type=\"application\/ld+json\" class=\"yoast-schema-graph\">{\"@context\":\"https:\/\/schema.org\",\"@graph\":[{\"@type\":\"WebPage\",\"@id\":\"https:\/\/www.polynt.com\/it\/info-finanziarie\/executive-summary\/\",\"url\":\"https:\/\/www.polynt.com\/it\/info-finanziarie\/executive-summary\/\",\"name\":\"Sommario - Polynt\",\"isPartOf\":{\"@id\":\"https:\/\/www.polynt.com\/#website\"},\"datePublished\":\"2016-12-07T15:22:06+00:00\",\"dateModified\":\"2023-11-08T13:25:10+00:00\",\"breadcrumb\":{\"@id\":\"https:\/\/www.polynt.com\/it\/info-finanziarie\/executive-summary\/#breadcrumb\"},\"inLanguage\":\"it-IT\",\"potentialAction\":[{\"@type\":\"ReadAction\",\"target\":[\"https:\/\/www.polynt.com\/it\/info-finanziarie\/executive-summary\/\"]}]},{\"@type\":\"BreadcrumbList\",\"@id\":\"https:\/\/www.polynt.com\/it\/info-finanziarie\/executive-summary\/#breadcrumb\",\"itemListElement\":[{\"@type\":\"ListItem\",\"position\":1,\"name\":\"Home\",\"item\":\"https:\/\/www.polynt.com\/it\/\"},{\"@type\":\"ListItem\",\"position\":2,\"name\":\"Corporate Information\",\"item\":\"https:\/\/www.polynt.com\/it\/info-finanziarie\/\"},{\"@type\":\"ListItem\",\"position\":3,\"name\":\"Sommario\"}]},{\"@type\":\"WebSite\",\"@id\":\"https:\/\/www.polynt.com\/#website\",\"url\":\"https:\/\/www.polynt.com\/\",\"name\":\"Polynt\",\"description\":\"Organic anhydrides and their derivatives | Polynt Group is the world leader in the production, sales and development of organic anhydrides and their derivatives.\",\"potentialAction\":[{\"@type\":\"SearchAction\",\"target\":{\"@type\":\"EntryPoint\",\"urlTemplate\":\"https:\/\/www.polynt.com\/?s={search_term_string}\"},\"query-input\":{\"@type\":\"PropertyValueSpecification\",\"valueRequired\":true,\"valueName\":\"search_term_string\"}}],\"inLanguage\":\"it-IT\"}]}<\/script>\n<!-- \/ Yoast SEO plugin. -->","yoast_head_json":{"title":"Sommario - Polynt","robots":{"index":"index","follow":"follow","max-snippet":"max-snippet:-1","max-image-preview":"max-image-preview:large","max-video-preview":"max-video-preview:-1"},"canonical":"https:\/\/www.polynt.com\/it\/info-finanziarie\/executive-summary\/","og_locale":"it_IT","og_type":"article","og_title":"Sommario - Polynt","og_description":"Tutte le TAPPE FONDAMENTALI della nostra storia Il Gruppo Polynt fonda le sue origini nel 1955, anno di realizzazione di &hellip;","og_url":"https:\/\/www.polynt.com\/it\/info-finanziarie\/executive-summary\/","og_site_name":"Polynt","article_modified_time":"2023-11-08T13:25:10+00:00","twitter_card":"summary_large_image","twitter_misc":{"Tempo di lettura stimato":"4 minuti"},"schema":{"@context":"https:\/\/schema.org","@graph":[{"@type":"WebPage","@id":"https:\/\/www.polynt.com\/it\/info-finanziarie\/executive-summary\/","url":"https:\/\/www.polynt.com\/it\/info-finanziarie\/executive-summary\/","name":"Sommario - Polynt","isPartOf":{"@id":"https:\/\/www.polynt.com\/#website"},"datePublished":"2016-12-07T15:22:06+00:00","dateModified":"2023-11-08T13:25:10+00:00","breadcrumb":{"@id":"https:\/\/www.polynt.com\/it\/info-finanziarie\/executive-summary\/#breadcrumb"},"inLanguage":"it-IT","potentialAction":[{"@type":"ReadAction","target":["https:\/\/www.polynt.com\/it\/info-finanziarie\/executive-summary\/"]}]},{"@type":"BreadcrumbList","@id":"https:\/\/www.polynt.com\/it\/info-finanziarie\/executive-summary\/#breadcrumb","itemListElement":[{"@type":"ListItem","position":1,"name":"Home","item":"https:\/\/www.polynt.com\/it\/"},{"@type":"ListItem","position":2,"name":"Corporate Information","item":"https:\/\/www.polynt.com\/it\/info-finanziarie\/"},{"@type":"ListItem","position":3,"name":"Sommario"}]},{"@type":"WebSite","@id":"https:\/\/www.polynt.com\/#website","url":"https:\/\/www.polynt.com\/","name":"Polynt","description":"Organic anhydrides and their derivatives | Polynt Group is the world leader in the production, sales and development of organic anhydrides and their derivatives.","potentialAction":[{"@type":"SearchAction","target":{"@type":"EntryPoint","urlTemplate":"https:\/\/www.polynt.com\/?s={search_term_string}"},"query-input":{"@type":"PropertyValueSpecification","valueRequired":true,"valueName":"search_term_string"}}],"inLanguage":"it-IT"}]}},"_links":{"self":[{"href":"https:\/\/www.polynt.com\/it\/wp-json\/wp\/v2\/pages\/963","targetHints":{"allow":["GET"]}}],"collection":[{"href":"https:\/\/www.polynt.com\/it\/wp-json\/wp\/v2\/pages"}],"about":[{"href":"https:\/\/www.polynt.com\/it\/wp-json\/wp\/v2\/types\/page"}],"author":[{"embeddable":true,"href":"https:\/\/www.polynt.com\/it\/wp-json\/wp\/v2\/users\/1"}],"replies":[{"embeddable":true,"href":"https:\/\/www.polynt.com\/it\/wp-json\/wp\/v2\/comments?post=963"}],"version-history":[{"count":29,"href":"https:\/\/www.polynt.com\/it\/wp-json\/wp\/v2\/pages\/963\/revisions"}],"predecessor-version":[{"id":29043,"href":"https:\/\/www.polynt.com\/it\/wp-json\/wp\/v2\/pages\/963\/revisions\/29043"}],"up":[{"embeddable":true,"href":"https:\/\/www.polynt.com\/it\/wp-json\/wp\/v2\/pages\/995"}],"wp:attachment":[{"href":"https:\/\/www.polynt.com\/it\/wp-json\/wp\/v2\/media?parent=963"}],"curies":[{"name":"wp","href":"https:\/\/api.w.org\/{rel}","templated":true}]}}