{"id":991,"date":"2016-12-07T17:11:32","date_gmt":"2016-12-07T16:11:32","guid":{"rendered":"http:\/\/www.polynt.com\/?page_id=991"},"modified":"2025-09-25T13:05:21","modified_gmt":"2025-09-25T11:05:21","slug":"azionisti","status":"publish","type":"page","link":"https:\/\/www.polynt.com\/it\/info-finanziarie\/azionisti\/","title":{"rendered":"Azionisti"},"content":{"rendered":"<p>Black Diamond Capital Management \u00e8 una delle principali societ\u00e0 private di gestione patrimoniale alternativa con oltre $ 9 miliardi di asset in gestione. La societ\u00e0 opera nei seguenti settori: private equity, investimenti in equity e debito in aziende in situazione di distress, hedge fund, mezzanino e CLO, ristrutturazioni e turnaround aziendali, investendo in titoli di debito che offrono protezione strutturale e hanno solide attivit\u00e0 alla base. I fondi di private equity di Black Diamond si concentrano sulle societ\u00e0 di mercato intermedio con posizioni di leadership all&#8217;interno dei loro settori. La societ\u00e0 si avvale di un processo disciplinato di investimento che fonde l&#8217;analisi creditizia bottom-up ad un&#8217;approfondita conoscenza del sistema creditizio. Fondata nel 1995, Black Diamond impiega 40 professionisti degli investimenti e ha uffici a Stamford CT, St Thomas USVI e Londra, Inghilterra. Per ulteriori informazioni, visitare <a href=\"http:\/\/www.bdcm.com\">www.bdcm.com<\/a>.<\/p>\n<p><a href=\"https:\/\/www.polynt.com\/wp-content\/uploads\/2025\/09\/new-GROUP-STRUCTURE-effective-22-September-2025.pdf\">Polynt Company Structure<\/a><\/p>\n","protected":false},"excerpt":{"rendered":"<p>Black Diamond Capital Management \u00e8 una delle principali societ\u00e0 private di gestione patrimoniale alternativa con oltre $ 9 miliardi di &hellip;<\/p>\n","protected":false},"author":1,"featured_media":0,"parent":995,"menu_order":4,"comment_status":"closed","ping_status":"closed","template":"template-financial-info-single.php","meta":{"footnotes":""},"class_list":["post-991","page","type-page","status-publish","hentry","odd"],"yoast_head":"<!-- This site is optimized with the Yoast SEO plugin v24.8.1 - https:\/\/yoast.com\/wordpress\/plugins\/seo\/ -->\n<title>Azionisti - Polynt<\/title>\n<meta name=\"robots\" content=\"index, follow, max-snippet:-1, max-image-preview:large, max-video-preview:-1\" \/>\n<link rel=\"canonical\" href=\"https:\/\/www.polynt.com\/it\/info-finanziarie\/azionisti\/\" \/>\n<meta property=\"og:locale\" content=\"it_IT\" \/>\n<meta property=\"og:type\" content=\"article\" \/>\n<meta property=\"og:title\" content=\"Azionisti - Polynt\" \/>\n<meta property=\"og:description\" content=\"Black Diamond Capital Management \u00e8 una delle principali societ\u00e0 private di gestione patrimoniale alternativa con oltre $ 9 miliardi di &hellip;\" \/>\n<meta property=\"og:url\" content=\"https:\/\/www.polynt.com\/it\/info-finanziarie\/azionisti\/\" \/>\n<meta property=\"og:site_name\" content=\"Polynt\" \/>\n<meta property=\"article:modified_time\" content=\"2025-09-25T11:05:21+00:00\" \/>\n<meta name=\"twitter:card\" content=\"summary_large_image\" \/>\n<meta name=\"twitter:label1\" content=\"Tempo di lettura stimato\" \/>\n\t<meta name=\"twitter:data1\" content=\"1 minuto\" \/>\n<script type=\"application\/ld+json\" class=\"yoast-schema-graph\">{\"@context\":\"https:\/\/schema.org\",\"@graph\":[{\"@type\":\"WebPage\",\"@id\":\"https:\/\/www.polynt.com\/it\/info-finanziarie\/azionisti\/\",\"url\":\"https:\/\/www.polynt.com\/it\/info-finanziarie\/azionisti\/\",\"name\":\"Azionisti - Polynt\",\"isPartOf\":{\"@id\":\"https:\/\/www.polynt.com\/#website\"},\"datePublished\":\"2016-12-07T16:11:32+00:00\",\"dateModified\":\"2025-09-25T11:05:21+00:00\",\"breadcrumb\":{\"@id\":\"https:\/\/www.polynt.com\/it\/info-finanziarie\/azionisti\/#breadcrumb\"},\"inLanguage\":\"it-IT\",\"potentialAction\":[{\"@type\":\"ReadAction\",\"target\":[\"https:\/\/www.polynt.com\/it\/info-finanziarie\/azionisti\/\"]}]},{\"@type\":\"BreadcrumbList\",\"@id\":\"https:\/\/www.polynt.com\/it\/info-finanziarie\/azionisti\/#breadcrumb\",\"itemListElement\":[{\"@type\":\"ListItem\",\"position\":1,\"name\":\"Home\",\"item\":\"https:\/\/www.polynt.com\/it\/\"},{\"@type\":\"ListItem\",\"position\":2,\"name\":\"Corporate Information\",\"item\":\"https:\/\/www.polynt.com\/it\/info-finanziarie\/\"},{\"@type\":\"ListItem\",\"position\":3,\"name\":\"Azionisti\"}]},{\"@type\":\"WebSite\",\"@id\":\"https:\/\/www.polynt.com\/#website\",\"url\":\"https:\/\/www.polynt.com\/\",\"name\":\"Polynt\",\"description\":\"Organic anhydrides and their derivatives | Polynt Group is the world leader in the production, sales and development of organic anhydrides and their derivatives.\",\"potentialAction\":[{\"@type\":\"SearchAction\",\"target\":{\"@type\":\"EntryPoint\",\"urlTemplate\":\"https:\/\/www.polynt.com\/?s={search_term_string}\"},\"query-input\":{\"@type\":\"PropertyValueSpecification\",\"valueRequired\":true,\"valueName\":\"search_term_string\"}}],\"inLanguage\":\"it-IT\"}]}<\/script>\n<!-- \/ Yoast SEO plugin. -->","yoast_head_json":{"title":"Azionisti - Polynt","robots":{"index":"index","follow":"follow","max-snippet":"max-snippet:-1","max-image-preview":"max-image-preview:large","max-video-preview":"max-video-preview:-1"},"canonical":"https:\/\/www.polynt.com\/it\/info-finanziarie\/azionisti\/","og_locale":"it_IT","og_type":"article","og_title":"Azionisti - Polynt","og_description":"Black Diamond Capital Management \u00e8 una delle principali societ\u00e0 private di gestione patrimoniale alternativa con oltre $ 9 miliardi di &hellip;","og_url":"https:\/\/www.polynt.com\/it\/info-finanziarie\/azionisti\/","og_site_name":"Polynt","article_modified_time":"2025-09-25T11:05:21+00:00","twitter_card":"summary_large_image","twitter_misc":{"Tempo di lettura stimato":"1 minuto"},"schema":{"@context":"https:\/\/schema.org","@graph":[{"@type":"WebPage","@id":"https:\/\/www.polynt.com\/it\/info-finanziarie\/azionisti\/","url":"https:\/\/www.polynt.com\/it\/info-finanziarie\/azionisti\/","name":"Azionisti - Polynt","isPartOf":{"@id":"https:\/\/www.polynt.com\/#website"},"datePublished":"2016-12-07T16:11:32+00:00","dateModified":"2025-09-25T11:05:21+00:00","breadcrumb":{"@id":"https:\/\/www.polynt.com\/it\/info-finanziarie\/azionisti\/#breadcrumb"},"inLanguage":"it-IT","potentialAction":[{"@type":"ReadAction","target":["https:\/\/www.polynt.com\/it\/info-finanziarie\/azionisti\/"]}]},{"@type":"BreadcrumbList","@id":"https:\/\/www.polynt.com\/it\/info-finanziarie\/azionisti\/#breadcrumb","itemListElement":[{"@type":"ListItem","position":1,"name":"Home","item":"https:\/\/www.polynt.com\/it\/"},{"@type":"ListItem","position":2,"name":"Corporate Information","item":"https:\/\/www.polynt.com\/it\/info-finanziarie\/"},{"@type":"ListItem","position":3,"name":"Azionisti"}]},{"@type":"WebSite","@id":"https:\/\/www.polynt.com\/#website","url":"https:\/\/www.polynt.com\/","name":"Polynt","description":"Organic anhydrides and their derivatives | Polynt Group is the world leader in the production, sales and development of organic anhydrides and their derivatives.","potentialAction":[{"@type":"SearchAction","target":{"@type":"EntryPoint","urlTemplate":"https:\/\/www.polynt.com\/?s={search_term_string}"},"query-input":{"@type":"PropertyValueSpecification","valueRequired":true,"valueName":"search_term_string"}}],"inLanguage":"it-IT"}]}},"_links":{"self":[{"href":"https:\/\/www.polynt.com\/it\/wp-json\/wp\/v2\/pages\/991","targetHints":{"allow":["GET"]}}],"collection":[{"href":"https:\/\/www.polynt.com\/it\/wp-json\/wp\/v2\/pages"}],"about":[{"href":"https:\/\/www.polynt.com\/it\/wp-json\/wp\/v2\/types\/page"}],"author":[{"embeddable":true,"href":"https:\/\/www.polynt.com\/it\/wp-json\/wp\/v2\/users\/1"}],"replies":[{"embeddable":true,"href":"https:\/\/www.polynt.com\/it\/wp-json\/wp\/v2\/comments?post=991"}],"version-history":[{"count":64,"href":"https:\/\/www.polynt.com\/it\/wp-json\/wp\/v2\/pages\/991\/revisions"}],"predecessor-version":[{"id":32435,"href":"https:\/\/www.polynt.com\/it\/wp-json\/wp\/v2\/pages\/991\/revisions\/32435"}],"up":[{"embeddable":true,"href":"https:\/\/www.polynt.com\/it\/wp-json\/wp\/v2\/pages\/995"}],"wp:attachment":[{"href":"https:\/\/www.polynt.com\/it\/wp-json\/wp\/v2\/media?parent=991"}],"curies":[{"name":"wp","href":"https:\/\/api.w.org\/{rel}","templated":true}]}}