{"id":10571,"date":"2016-12-07T09:20:07","date_gmt":"2016-12-07T08:20:07","guid":{"rendered":"http:\/\/www.polynt.com\/chemical-intermediates-company\/"},"modified":"2022-06-27T12:27:39","modified_gmt":"2022-06-27T10:27:39","slug":"chemical-intermediates-company","status":"publish","type":"page","link":"https:\/\/www.polynt.com\/pt-pt\/chemical-intermediates-company\/","title":{"rendered":"Empresa"},"content":{"rendered":"<h2>Uma hist\u00f3ria de sucesso<\/h2>\n<p>Polynt atua na <strong>produ\u00e7\u00e3o, vendas, pesquisa e desenvolvimento de anidridos org\u00e2nicos e seus derivados por mais de 65 anos.<\/strong><br \/>\nNossa lideran\u00e7a no campo de <strong>intermedi\u00e1rios qu\u00edmicos<\/strong>, a presen\u00e7a em <strong>quatro continentes<\/strong> e a gest\u00e3o interna da <strong>cadeia de produ\u00e7\u00e3o-distribui\u00e7\u00e3o<\/strong>, fazem de n\u00f3s o parceiro ideal para um n\u00famero infinito de clientes envolvidos em diferentes ind\u00fastrias.<\/p>\n","protected":false},"excerpt":{"rendered":"<p>Uma hist\u00f3ria de sucesso Polynt atua na produ\u00e7\u00e3o, vendas, pesquisa e desenvolvimento de anidridos org\u00e2nicos e seus derivados por mais &hellip;<\/p>\n","protected":false},"author":1,"featured_media":0,"parent":0,"menu_order":0,"comment_status":"closed","ping_status":"closed","template":"template-company.php","meta":{"footnotes":""},"class_list":["post-10571","page","type-page","status-publish","hentry","odd"],"yoast_head":"<!-- This site is optimized with the Yoast SEO plugin v24.8.1 - https:\/\/yoast.com\/wordpress\/plugins\/seo\/ -->\n<title>Empresa - Polynt<\/title>\n<meta name=\"robots\" content=\"index, follow, max-snippet:-1, max-image-preview:large, max-video-preview:-1\" \/>\n<link rel=\"canonical\" href=\"https:\/\/www.polynt.com\/pt-pt\/chemical-intermediates-company\/\" \/>\n<meta property=\"og:locale\" content=\"pt_PT\" \/>\n<meta property=\"og:type\" content=\"article\" \/>\n<meta property=\"og:title\" content=\"Production of chemical intermediates | Polynt Group\" \/>\n<meta property=\"og:description\" content=\"Production of chemical intermediates | Polynt Group offers first-class production and sale of organic anhydrides and their derivatives all over the world.\" \/>\n<meta property=\"og:url\" content=\"https:\/\/www.polynt.com\/pt-pt\/chemical-intermediates-company\/\" \/>\n<meta property=\"og:site_name\" content=\"Polynt\" \/>\n<meta property=\"article:modified_time\" content=\"2022-06-27T10:27:39+00:00\" \/>\n<meta name=\"twitter:card\" content=\"summary_large_image\" \/>\n<meta name=\"twitter:title\" content=\"Production of chemical intermediates | Polynt Group\" \/>\n<meta name=\"twitter:description\" content=\"Production of chemical intermediates | Polynt Group offers first-class production and sale of organic anhydrides and their derivatives all over the world.\" \/>\n<script type=\"application\/ld+json\" class=\"yoast-schema-graph\">{\"@context\":\"https:\/\/schema.org\",\"@graph\":[{\"@type\":\"WebPage\",\"@id\":\"https:\/\/www.polynt.com\/pt-pt\/chemical-intermediates-company\/\",\"url\":\"https:\/\/www.polynt.com\/pt-pt\/chemical-intermediates-company\/\",\"name\":\"Empresa - Polynt\",\"isPartOf\":{\"@id\":\"https:\/\/www.polynt.com\/#website\"},\"datePublished\":\"2016-12-07T08:20:07+00:00\",\"dateModified\":\"2022-06-27T10:27:39+00:00\",\"breadcrumb\":{\"@id\":\"https:\/\/www.polynt.com\/pt-pt\/chemical-intermediates-company\/#breadcrumb\"},\"inLanguage\":\"pt-PT\",\"potentialAction\":[{\"@type\":\"ReadAction\",\"target\":[\"https:\/\/www.polynt.com\/pt-pt\/chemical-intermediates-company\/\"]}]},{\"@type\":\"BreadcrumbList\",\"@id\":\"https:\/\/www.polynt.com\/pt-pt\/chemical-intermediates-company\/#breadcrumb\",\"itemListElement\":[{\"@type\":\"ListItem\",\"position\":1,\"name\":\"Home\",\"item\":\"https:\/\/www.polynt.com\/pt-pt\/\"},{\"@type\":\"ListItem\",\"position\":2,\"name\":\"Empresa\"}]},{\"@type\":\"WebSite\",\"@id\":\"https:\/\/www.polynt.com\/#website\",\"url\":\"https:\/\/www.polynt.com\/\",\"name\":\"Polynt\",\"description\":\"Un nuovo sito targato WordPress\",\"potentialAction\":[{\"@type\":\"SearchAction\",\"target\":{\"@type\":\"EntryPoint\",\"urlTemplate\":\"https:\/\/www.polynt.com\/?s={search_term_string}\"},\"query-input\":{\"@type\":\"PropertyValueSpecification\",\"valueRequired\":true,\"valueName\":\"search_term_string\"}}],\"inLanguage\":\"pt-PT\"}]}<\/script>\n<!-- \/ Yoast SEO plugin. -->","yoast_head_json":{"title":"Empresa - Polynt","robots":{"index":"index","follow":"follow","max-snippet":"max-snippet:-1","max-image-preview":"max-image-preview:large","max-video-preview":"max-video-preview:-1"},"canonical":"https:\/\/www.polynt.com\/pt-pt\/chemical-intermediates-company\/","og_locale":"pt_PT","og_type":"article","og_title":"Production of chemical intermediates | Polynt Group","og_description":"Production of chemical intermediates | Polynt Group offers first-class production and sale of organic anhydrides and their derivatives all over the world.","og_url":"https:\/\/www.polynt.com\/pt-pt\/chemical-intermediates-company\/","og_site_name":"Polynt","article_modified_time":"2022-06-27T10:27:39+00:00","twitter_card":"summary_large_image","twitter_title":"Production of chemical intermediates | Polynt Group","twitter_description":"Production of chemical intermediates | Polynt Group offers first-class production and sale of organic anhydrides and their derivatives all over the world.","schema":{"@context":"https:\/\/schema.org","@graph":[{"@type":"WebPage","@id":"https:\/\/www.polynt.com\/pt-pt\/chemical-intermediates-company\/","url":"https:\/\/www.polynt.com\/pt-pt\/chemical-intermediates-company\/","name":"Empresa - Polynt","isPartOf":{"@id":"https:\/\/www.polynt.com\/#website"},"datePublished":"2016-12-07T08:20:07+00:00","dateModified":"2022-06-27T10:27:39+00:00","breadcrumb":{"@id":"https:\/\/www.polynt.com\/pt-pt\/chemical-intermediates-company\/#breadcrumb"},"inLanguage":"pt-PT","potentialAction":[{"@type":"ReadAction","target":["https:\/\/www.polynt.com\/pt-pt\/chemical-intermediates-company\/"]}]},{"@type":"BreadcrumbList","@id":"https:\/\/www.polynt.com\/pt-pt\/chemical-intermediates-company\/#breadcrumb","itemListElement":[{"@type":"ListItem","position":1,"name":"Home","item":"https:\/\/www.polynt.com\/pt-pt\/"},{"@type":"ListItem","position":2,"name":"Empresa"}]},{"@type":"WebSite","@id":"https:\/\/www.polynt.com\/#website","url":"https:\/\/www.polynt.com\/","name":"Polynt","description":"Un nuovo sito targato WordPress","potentialAction":[{"@type":"SearchAction","target":{"@type":"EntryPoint","urlTemplate":"https:\/\/www.polynt.com\/?s={search_term_string}"},"query-input":{"@type":"PropertyValueSpecification","valueRequired":true,"valueName":"search_term_string"}}],"inLanguage":"pt-PT"}]}},"_links":{"self":[{"href":"https:\/\/www.polynt.com\/pt-pt\/wp-json\/wp\/v2\/pages\/10571","targetHints":{"allow":["GET"]}}],"collection":[{"href":"https:\/\/www.polynt.com\/pt-pt\/wp-json\/wp\/v2\/pages"}],"about":[{"href":"https:\/\/www.polynt.com\/pt-pt\/wp-json\/wp\/v2\/types\/page"}],"author":[{"embeddable":true,"href":"https:\/\/www.polynt.com\/pt-pt\/wp-json\/wp\/v2\/users\/1"}],"replies":[{"embeddable":true,"href":"https:\/\/www.polynt.com\/pt-pt\/wp-json\/wp\/v2\/comments?post=10571"}],"version-history":[{"count":6,"href":"https:\/\/www.polynt.com\/pt-pt\/wp-json\/wp\/v2\/pages\/10571\/revisions"}],"predecessor-version":[{"id":25702,"href":"https:\/\/www.polynt.com\/pt-pt\/wp-json\/wp\/v2\/pages\/10571\/revisions\/25702"}],"wp:attachment":[{"href":"https:\/\/www.polynt.com\/pt-pt\/wp-json\/wp\/v2\/media?parent=10571"}],"curies":[{"name":"wp","href":"https:\/\/api.w.org\/{rel}","templated":true}]}}