{"id":10601,"date":"2016-12-02T09:45:44","date_gmt":"2016-12-02T08:45:44","guid":{"rendered":"http:\/\/www.polynt.com\/chemical-intermediates-company\/vision-mission\/"},"modified":"2021-04-06T16:24:11","modified_gmt":"2021-04-06T14:24:11","slug":"vision-mission","status":"publish","type":"page","link":"https:\/\/www.polynt.com\/pt-pt\/chemical-intermediates-company\/vision-mission\/","title":{"rendered":"Valores, Miss\u00e3o, Vis\u00e3o"},"content":{"rendered":"<h2>UMA IND\u00daSTRIA QUE CRESCE: INOVA\u00c7\u00c3O E QUALIDADE<\/h2>\n<p>A Polynt <strong>investe<\/strong> na <strong>pesquisa<\/strong>, na <strong>inova\u00e7\u00e3o<\/strong> e no <strong>desenvolvimento<\/strong> para oferecer solu\u00e7\u00f5es que respeitam o equil\u00edbrio do ecossistema.<\/p>\n<p>Presente em quatro continentes com plantas produtivas e comerciais que oferecem a nossos clientes <strong>solu\u00e7\u00f5es inovadoras<\/strong>, <strong>sustent\u00e1veis<\/strong> e <strong>respons\u00e1veis<\/strong>.<\/p>\n<p>A Polynt fornece uma vasta gama de produtos destinados a <strong>todos os setores-chave<\/strong> da ind\u00fastria agroalimentar, biom\u00e9dica, da constru\u00e7\u00e3o, eletr\u00f4nica, log\u00edstica e mar\u00edtima.<\/p>\n<p>A produ\u00e7\u00e3o se baseia em tr\u00eas \u00e1reas: <strong>Comp\u00f3sitos<\/strong>, <strong>Intermedi\u00e1rios<\/strong> e <strong>Coatings<\/strong>, contribuindo para a cria\u00e7\u00e3o de milhares de itens que melhoram a qualidade de vida.<\/p>\n<p>Atrav\u00e9s de <strong>tecnologias espec\u00edficas de produ\u00e7\u00e3o<\/strong> e <strong>solu\u00e7\u00f5es de design personalizadas<\/strong>, a Polynt continua colaborando com seus <strong>clientes leais<\/strong>.<\/p>\n<p>A Polynt dedica particular aten\u00e7\u00e3o \u00e0s atividades de <strong>Pesquisa e Desenvolvimento<\/strong>, \u00e0 <strong>implementa\u00e7\u00e3o tecnol\u00f3gica<\/strong> e ao <strong>controle dos processos<\/strong> para atender \u00e0 crescente demanda de seguran\u00e7a e qualidade exigidas pelos mercados atuais.<\/p>\n<p>Estas atividades s\u00e3o sempre desenvolvidas com o objetivo de <strong>criar uma ind\u00fastria qu\u00edmica orientada para as pessoas.<\/strong><\/p>\n<p>&nbsp;<\/p>\n<p>&nbsp;<\/p>\n<p style=\"text-align: center; font-size: 18px;\"><strong>Nossa experi\u00eancia \u00e9 a garantia. Nosso sucesso \u00e9 a prova.\u00a0Nosso empenho \u00e9 o futuro.<\/strong><\/p>\n","protected":false},"excerpt":{"rendered":"<p>UMA IND\u00daSTRIA QUE CRESCE: INOVA\u00c7\u00c3O E QUALIDADE A Polynt investe na pesquisa, na inova\u00e7\u00e3o e no desenvolvimento para oferecer solu\u00e7\u00f5es &hellip;<\/p>\n","protected":false},"author":1,"featured_media":0,"parent":10571,"menu_order":2,"comment_status":"closed","ping_status":"closed","template":"template-financial-info-single.php","meta":{"footnotes":""},"class_list":["post-10601","page","type-page","status-publish","hentry","odd"],"yoast_head":"<!-- This site is optimized with the Yoast SEO plugin v24.8.1 - https:\/\/yoast.com\/wordpress\/plugins\/seo\/ -->\n<title>Valores, Miss\u00e3o, Vis\u00e3o - Polynt<\/title>\n<meta name=\"robots\" content=\"index, follow, max-snippet:-1, max-image-preview:large, max-video-preview:-1\" \/>\n<link rel=\"canonical\" href=\"https:\/\/www.polynt.com\/pt-pt\/chemical-intermediates-company\/vision-mission\/\" \/>\n<meta property=\"og:locale\" content=\"pt_PT\" \/>\n<meta property=\"og:type\" content=\"article\" \/>\n<meta property=\"og:title\" content=\"Valores, Miss\u00e3o, Vis\u00e3o - Polynt\" \/>\n<meta property=\"og:description\" content=\"UMA IND\u00daSTRIA QUE CRESCE: INOVA\u00c7\u00c3O E QUALIDADE A Polynt investe na pesquisa, na inova\u00e7\u00e3o e no desenvolvimento para oferecer solu\u00e7\u00f5es &hellip;\" \/>\n<meta property=\"og:url\" content=\"https:\/\/www.polynt.com\/pt-pt\/chemical-intermediates-company\/vision-mission\/\" \/>\n<meta property=\"og:site_name\" content=\"Polynt\" \/>\n<meta property=\"article:modified_time\" content=\"2021-04-06T14:24:11+00:00\" \/>\n<meta name=\"twitter:card\" content=\"summary_large_image\" \/>\n<meta name=\"twitter:label1\" content=\"Tempo estimado de leitura\" \/>\n\t<meta name=\"twitter:data1\" content=\"1 minuto\" \/>\n<script type=\"application\/ld+json\" class=\"yoast-schema-graph\">{\"@context\":\"https:\/\/schema.org\",\"@graph\":[{\"@type\":\"WebPage\",\"@id\":\"https:\/\/www.polynt.com\/pt-pt\/chemical-intermediates-company\/vision-mission\/\",\"url\":\"https:\/\/www.polynt.com\/pt-pt\/chemical-intermediates-company\/vision-mission\/\",\"name\":\"Valores, Miss\u00e3o, Vis\u00e3o - Polynt\",\"isPartOf\":{\"@id\":\"https:\/\/www.polynt.com\/#website\"},\"datePublished\":\"2016-12-02T08:45:44+00:00\",\"dateModified\":\"2021-04-06T14:24:11+00:00\",\"breadcrumb\":{\"@id\":\"https:\/\/www.polynt.com\/pt-pt\/chemical-intermediates-company\/vision-mission\/#breadcrumb\"},\"inLanguage\":\"pt-PT\",\"potentialAction\":[{\"@type\":\"ReadAction\",\"target\":[\"https:\/\/www.polynt.com\/pt-pt\/chemical-intermediates-company\/vision-mission\/\"]}]},{\"@type\":\"BreadcrumbList\",\"@id\":\"https:\/\/www.polynt.com\/pt-pt\/chemical-intermediates-company\/vision-mission\/#breadcrumb\",\"itemListElement\":[{\"@type\":\"ListItem\",\"position\":1,\"name\":\"Home\",\"item\":\"https:\/\/www.polynt.com\/pt-pt\/\"},{\"@type\":\"ListItem\",\"position\":2,\"name\":\"Empresa\",\"item\":\"https:\/\/www.polynt.com\/pt-pt\/chemical-intermediates-company\/\"},{\"@type\":\"ListItem\",\"position\":3,\"name\":\"Valores, Miss\u00e3o, Vis\u00e3o\"}]},{\"@type\":\"WebSite\",\"@id\":\"https:\/\/www.polynt.com\/#website\",\"url\":\"https:\/\/www.polynt.com\/\",\"name\":\"Polynt\",\"description\":\"Un nuovo sito targato WordPress\",\"potentialAction\":[{\"@type\":\"SearchAction\",\"target\":{\"@type\":\"EntryPoint\",\"urlTemplate\":\"https:\/\/www.polynt.com\/?s={search_term_string}\"},\"query-input\":{\"@type\":\"PropertyValueSpecification\",\"valueRequired\":true,\"valueName\":\"search_term_string\"}}],\"inLanguage\":\"pt-PT\"}]}<\/script>\n<!-- \/ Yoast SEO plugin. -->","yoast_head_json":{"title":"Valores, Miss\u00e3o, Vis\u00e3o - Polynt","robots":{"index":"index","follow":"follow","max-snippet":"max-snippet:-1","max-image-preview":"max-image-preview:large","max-video-preview":"max-video-preview:-1"},"canonical":"https:\/\/www.polynt.com\/pt-pt\/chemical-intermediates-company\/vision-mission\/","og_locale":"pt_PT","og_type":"article","og_title":"Valores, Miss\u00e3o, Vis\u00e3o - Polynt","og_description":"UMA IND\u00daSTRIA QUE CRESCE: INOVA\u00c7\u00c3O E QUALIDADE A Polynt investe na pesquisa, na inova\u00e7\u00e3o e no desenvolvimento para oferecer solu\u00e7\u00f5es &hellip;","og_url":"https:\/\/www.polynt.com\/pt-pt\/chemical-intermediates-company\/vision-mission\/","og_site_name":"Polynt","article_modified_time":"2021-04-06T14:24:11+00:00","twitter_card":"summary_large_image","twitter_misc":{"Tempo estimado de leitura":"1 minuto"},"schema":{"@context":"https:\/\/schema.org","@graph":[{"@type":"WebPage","@id":"https:\/\/www.polynt.com\/pt-pt\/chemical-intermediates-company\/vision-mission\/","url":"https:\/\/www.polynt.com\/pt-pt\/chemical-intermediates-company\/vision-mission\/","name":"Valores, Miss\u00e3o, Vis\u00e3o - Polynt","isPartOf":{"@id":"https:\/\/www.polynt.com\/#website"},"datePublished":"2016-12-02T08:45:44+00:00","dateModified":"2021-04-06T14:24:11+00:00","breadcrumb":{"@id":"https:\/\/www.polynt.com\/pt-pt\/chemical-intermediates-company\/vision-mission\/#breadcrumb"},"inLanguage":"pt-PT","potentialAction":[{"@type":"ReadAction","target":["https:\/\/www.polynt.com\/pt-pt\/chemical-intermediates-company\/vision-mission\/"]}]},{"@type":"BreadcrumbList","@id":"https:\/\/www.polynt.com\/pt-pt\/chemical-intermediates-company\/vision-mission\/#breadcrumb","itemListElement":[{"@type":"ListItem","position":1,"name":"Home","item":"https:\/\/www.polynt.com\/pt-pt\/"},{"@type":"ListItem","position":2,"name":"Empresa","item":"https:\/\/www.polynt.com\/pt-pt\/chemical-intermediates-company\/"},{"@type":"ListItem","position":3,"name":"Valores, Miss\u00e3o, Vis\u00e3o"}]},{"@type":"WebSite","@id":"https:\/\/www.polynt.com\/#website","url":"https:\/\/www.polynt.com\/","name":"Polynt","description":"Un nuovo sito targato WordPress","potentialAction":[{"@type":"SearchAction","target":{"@type":"EntryPoint","urlTemplate":"https:\/\/www.polynt.com\/?s={search_term_string}"},"query-input":{"@type":"PropertyValueSpecification","valueRequired":true,"valueName":"search_term_string"}}],"inLanguage":"pt-PT"}]}},"_links":{"self":[{"href":"https:\/\/www.polynt.com\/pt-pt\/wp-json\/wp\/v2\/pages\/10601","targetHints":{"allow":["GET"]}}],"collection":[{"href":"https:\/\/www.polynt.com\/pt-pt\/wp-json\/wp\/v2\/pages"}],"about":[{"href":"https:\/\/www.polynt.com\/pt-pt\/wp-json\/wp\/v2\/types\/page"}],"author":[{"embeddable":true,"href":"https:\/\/www.polynt.com\/pt-pt\/wp-json\/wp\/v2\/users\/1"}],"replies":[{"embeddable":true,"href":"https:\/\/www.polynt.com\/pt-pt\/wp-json\/wp\/v2\/comments?post=10601"}],"version-history":[{"count":4,"href":"https:\/\/www.polynt.com\/pt-pt\/wp-json\/wp\/v2\/pages\/10601\/revisions"}],"predecessor-version":[{"id":21877,"href":"https:\/\/www.polynt.com\/pt-pt\/wp-json\/wp\/v2\/pages\/10601\/revisions\/21877"}],"up":[{"embeddable":true,"href":"https:\/\/www.polynt.com\/pt-pt\/wp-json\/wp\/v2\/pages\/10571"}],"wp:attachment":[{"href":"https:\/\/www.polynt.com\/pt-pt\/wp-json\/wp\/v2\/media?parent=10601"}],"curies":[{"name":"wp","href":"https:\/\/api.w.org\/{rel}","templated":true}]}}