{"id":10605,"date":"2016-12-16T09:35:34","date_gmt":"2016-12-16T08:35:34","guid":{"rendered":"http:\/\/www.polynt.com\/environment-health-safety\/"},"modified":"2022-01-26T12:10:58","modified_gmt":"2022-01-26T11:10:58","slug":"hse-quality-certification","status":"publish","type":"page","link":"https:\/\/www.polynt.com\/pt-pt\/sustainability\/hse-quality-certification\/","title":{"rendered":"HSE, Quality &#038; Certification"},"content":{"rendered":"<h1 style=\"text-align: left;\">Desenvolvimento sustent\u00e1vel e respons\u00e1vel<\/h1>\n<p>A Polynt est\u00e1 empenhada em realizar e gerenciar suas opera\u00e7\u00f5es de forma a <strong>evitar acidentes e danos ao meio ambiente e \u00e0 propriedade<\/strong>. Suas atividades s\u00e3o realizadas de acordo com os princ\u00edpios do <strong>desenvolvimento sustent\u00e1vel<\/strong> e programas de <strong>atua\u00e7\u00e3o respons\u00e1vel<\/strong> promovidos pela <strong>ind\u00fastria qu\u00edmica<\/strong>.<\/p>\n","protected":false},"excerpt":{"rendered":"<p>Desenvolvimento sustent\u00e1vel e respons\u00e1vel A Polynt est\u00e1 empenhada em realizar e gerenciar suas opera\u00e7\u00f5es de forma a evitar acidentes e &hellip;<\/p>\n","protected":false},"author":2,"featured_media":0,"parent":23317,"menu_order":0,"comment_status":"closed","ping_status":"closed","template":"template-sicurezza-main.php","meta":{"footnotes":""},"class_list":["post-10605","page","type-page","status-publish","hentry","odd"],"yoast_head":"<!-- This site is optimized with the Yoast SEO plugin v24.8.1 - https:\/\/yoast.com\/wordpress\/plugins\/seo\/ -->\n<title>HSE, Quality &amp; Certification - Polynt<\/title>\n<meta name=\"robots\" content=\"index, follow, max-snippet:-1, max-image-preview:large, max-video-preview:-1\" \/>\n<link rel=\"canonical\" href=\"https:\/\/www.polynt.com\/pt-pt\/sustainability\/hse-quality-certification\/\" \/>\n<meta property=\"og:locale\" content=\"pt_PT\" \/>\n<meta property=\"og:type\" content=\"article\" \/>\n<meta property=\"og:title\" content=\"HSE, Quality &amp; Certification - Polynt\" \/>\n<meta property=\"og:description\" content=\"Desenvolvimento sustent\u00e1vel e respons\u00e1vel A Polynt est\u00e1 empenhada em realizar e gerenciar suas opera\u00e7\u00f5es de forma a evitar acidentes e &hellip;\" \/>\n<meta property=\"og:url\" content=\"https:\/\/www.polynt.com\/pt-pt\/sustainability\/hse-quality-certification\/\" \/>\n<meta property=\"og:site_name\" content=\"Polynt\" \/>\n<meta property=\"article:modified_time\" content=\"2022-01-26T11:10:58+00:00\" \/>\n<meta name=\"twitter:card\" content=\"summary_large_image\" \/>\n<script type=\"application\/ld+json\" class=\"yoast-schema-graph\">{\"@context\":\"https:\/\/schema.org\",\"@graph\":[{\"@type\":\"WebPage\",\"@id\":\"https:\/\/www.polynt.com\/pt-pt\/sustainability\/hse-quality-certification\/\",\"url\":\"https:\/\/www.polynt.com\/pt-pt\/sustainability\/hse-quality-certification\/\",\"name\":\"HSE, Quality & Certification - Polynt\",\"isPartOf\":{\"@id\":\"https:\/\/www.polynt.com\/#website\"},\"datePublished\":\"2016-12-16T08:35:34+00:00\",\"dateModified\":\"2022-01-26T11:10:58+00:00\",\"breadcrumb\":{\"@id\":\"https:\/\/www.polynt.com\/pt-pt\/sustainability\/hse-quality-certification\/#breadcrumb\"},\"inLanguage\":\"pt-PT\",\"potentialAction\":[{\"@type\":\"ReadAction\",\"target\":[\"https:\/\/www.polynt.com\/pt-pt\/sustainability\/hse-quality-certification\/\"]}]},{\"@type\":\"BreadcrumbList\",\"@id\":\"https:\/\/www.polynt.com\/pt-pt\/sustainability\/hse-quality-certification\/#breadcrumb\",\"itemListElement\":[{\"@type\":\"ListItem\",\"position\":1,\"name\":\"Home\",\"item\":\"https:\/\/www.polynt.com\/pt-pt\/\"},{\"@type\":\"ListItem\",\"position\":2,\"name\":\"Sustentabilidade\",\"item\":\"https:\/\/www.polynt.com\/pt-pt\/sustainability\/\"},{\"@type\":\"ListItem\",\"position\":3,\"name\":\"HSE, Quality &#038; Certification\"}]},{\"@type\":\"WebSite\",\"@id\":\"https:\/\/www.polynt.com\/#website\",\"url\":\"https:\/\/www.polynt.com\/\",\"name\":\"Polynt\",\"description\":\"Un nuovo sito targato WordPress\",\"potentialAction\":[{\"@type\":\"SearchAction\",\"target\":{\"@type\":\"EntryPoint\",\"urlTemplate\":\"https:\/\/www.polynt.com\/?s={search_term_string}\"},\"query-input\":{\"@type\":\"PropertyValueSpecification\",\"valueRequired\":true,\"valueName\":\"search_term_string\"}}],\"inLanguage\":\"pt-PT\"}]}<\/script>\n<!-- \/ Yoast SEO plugin. -->","yoast_head_json":{"title":"HSE, Quality & Certification - Polynt","robots":{"index":"index","follow":"follow","max-snippet":"max-snippet:-1","max-image-preview":"max-image-preview:large","max-video-preview":"max-video-preview:-1"},"canonical":"https:\/\/www.polynt.com\/pt-pt\/sustainability\/hse-quality-certification\/","og_locale":"pt_PT","og_type":"article","og_title":"HSE, Quality & Certification - Polynt","og_description":"Desenvolvimento sustent\u00e1vel e respons\u00e1vel A Polynt est\u00e1 empenhada em realizar e gerenciar suas opera\u00e7\u00f5es de forma a evitar acidentes e &hellip;","og_url":"https:\/\/www.polynt.com\/pt-pt\/sustainability\/hse-quality-certification\/","og_site_name":"Polynt","article_modified_time":"2022-01-26T11:10:58+00:00","twitter_card":"summary_large_image","schema":{"@context":"https:\/\/schema.org","@graph":[{"@type":"WebPage","@id":"https:\/\/www.polynt.com\/pt-pt\/sustainability\/hse-quality-certification\/","url":"https:\/\/www.polynt.com\/pt-pt\/sustainability\/hse-quality-certification\/","name":"HSE, Quality & Certification - Polynt","isPartOf":{"@id":"https:\/\/www.polynt.com\/#website"},"datePublished":"2016-12-16T08:35:34+00:00","dateModified":"2022-01-26T11:10:58+00:00","breadcrumb":{"@id":"https:\/\/www.polynt.com\/pt-pt\/sustainability\/hse-quality-certification\/#breadcrumb"},"inLanguage":"pt-PT","potentialAction":[{"@type":"ReadAction","target":["https:\/\/www.polynt.com\/pt-pt\/sustainability\/hse-quality-certification\/"]}]},{"@type":"BreadcrumbList","@id":"https:\/\/www.polynt.com\/pt-pt\/sustainability\/hse-quality-certification\/#breadcrumb","itemListElement":[{"@type":"ListItem","position":1,"name":"Home","item":"https:\/\/www.polynt.com\/pt-pt\/"},{"@type":"ListItem","position":2,"name":"Sustentabilidade","item":"https:\/\/www.polynt.com\/pt-pt\/sustainability\/"},{"@type":"ListItem","position":3,"name":"HSE, Quality &#038; Certification"}]},{"@type":"WebSite","@id":"https:\/\/www.polynt.com\/#website","url":"https:\/\/www.polynt.com\/","name":"Polynt","description":"Un nuovo sito targato WordPress","potentialAction":[{"@type":"SearchAction","target":{"@type":"EntryPoint","urlTemplate":"https:\/\/www.polynt.com\/?s={search_term_string}"},"query-input":{"@type":"PropertyValueSpecification","valueRequired":true,"valueName":"search_term_string"}}],"inLanguage":"pt-PT"}]}},"_links":{"self":[{"href":"https:\/\/www.polynt.com\/pt-pt\/wp-json\/wp\/v2\/pages\/10605","targetHints":{"allow":["GET"]}}],"collection":[{"href":"https:\/\/www.polynt.com\/pt-pt\/wp-json\/wp\/v2\/pages"}],"about":[{"href":"https:\/\/www.polynt.com\/pt-pt\/wp-json\/wp\/v2\/types\/page"}],"author":[{"embeddable":true,"href":"https:\/\/www.polynt.com\/pt-pt\/wp-json\/wp\/v2\/users\/2"}],"replies":[{"embeddable":true,"href":"https:\/\/www.polynt.com\/pt-pt\/wp-json\/wp\/v2\/comments?post=10605"}],"version-history":[{"count":9,"href":"https:\/\/www.polynt.com\/pt-pt\/wp-json\/wp\/v2\/pages\/10605\/revisions"}],"predecessor-version":[{"id":23514,"href":"https:\/\/www.polynt.com\/pt-pt\/wp-json\/wp\/v2\/pages\/10605\/revisions\/23514"}],"up":[{"embeddable":true,"href":"https:\/\/www.polynt.com\/pt-pt\/wp-json\/wp\/v2\/pages\/23317"}],"wp:attachment":[{"href":"https:\/\/www.polynt.com\/pt-pt\/wp-json\/wp\/v2\/media?parent=10605"}],"curies":[{"name":"wp","href":"https:\/\/api.w.org\/{rel}","templated":true}]}}