{"id":10609,"date":"2016-11-08T15:34:57","date_gmt":"2016-11-08T14:34:57","guid":{"rendered":"http:\/\/www.polynt.com\/environment-health-safety\/safety\/"},"modified":"2021-04-06T10:01:12","modified_gmt":"2021-04-06T08:01:12","slug":"safety","status":"publish","type":"page","link":"https:\/\/www.polynt.com\/pt-pt\/sustainability\/hse-quality-certification\/safety\/","title":{"rendered":"Seguran\u00e7a"},"content":{"rendered":"<h1 style=\"text-align: left;\">Nosso sistema de gerenciamento de seguran\u00e7a e saude ocupacional<\/h1>\n<p>A <strong>SGSL<\/strong> \u00e9 um acr\u00f4nimo de &#8220;<strong>Sistema de gerenciamento de seguran\u00e7a ocupacional<\/strong>&#8220;, um sistema organizacional <strong>projetado para garantir o atendimento aos objetivos de sa\u00fade e seguran\u00e7a<\/strong>, <strong>maximizando os benef\u00edcios<\/strong> e minimizando os custos atrav\u00e9s da organiza\u00e7\u00e3o e gerenciamento.<\/p>\n<h1><\/h1>\n","protected":false},"excerpt":{"rendered":"<p>Nosso sistema de gerenciamento de seguran\u00e7a e saude ocupacional A SGSL \u00e9 um acr\u00f4nimo de &#8220;Sistema de gerenciamento de seguran\u00e7a &hellip;<\/p>\n","protected":false},"author":1,"featured_media":0,"parent":10605,"menu_order":1,"comment_status":"closed","ping_status":"closed","template":"template-sicurezza-inner.php","meta":{"footnotes":""},"class_list":["post-10609","page","type-page","status-publish","hentry","odd"],"yoast_head":"<!-- This site is optimized with the Yoast SEO plugin v24.8.1 - https:\/\/yoast.com\/wordpress\/plugins\/seo\/ -->\n<title>Seguran\u00e7a - Polynt<\/title>\n<meta name=\"robots\" content=\"index, follow, max-snippet:-1, max-image-preview:large, max-video-preview:-1\" \/>\n<link rel=\"canonical\" href=\"https:\/\/www.polynt.com\/pt-pt\/sustainability\/hse-quality-certification\/safety\/\" \/>\n<meta property=\"og:locale\" content=\"pt_PT\" \/>\n<meta property=\"og:type\" content=\"article\" \/>\n<meta property=\"og:title\" content=\"Seguran\u00e7a - Polynt\" \/>\n<meta property=\"og:description\" content=\"Nosso sistema de gerenciamento de seguran\u00e7a e saude ocupacional A SGSL \u00e9 um acr\u00f4nimo de &#8220;Sistema de gerenciamento de seguran\u00e7a &hellip;\" \/>\n<meta property=\"og:url\" content=\"https:\/\/www.polynt.com\/pt-pt\/sustainability\/hse-quality-certification\/safety\/\" \/>\n<meta property=\"og:site_name\" content=\"Polynt\" \/>\n<meta property=\"article:modified_time\" content=\"2021-04-06T08:01:12+00:00\" \/>\n<meta name=\"twitter:card\" content=\"summary_large_image\" \/>\n<script type=\"application\/ld+json\" class=\"yoast-schema-graph\">{\"@context\":\"https:\/\/schema.org\",\"@graph\":[{\"@type\":\"WebPage\",\"@id\":\"https:\/\/www.polynt.com\/pt-pt\/sustainability\/hse-quality-certification\/safety\/\",\"url\":\"https:\/\/www.polynt.com\/pt-pt\/sustainability\/hse-quality-certification\/safety\/\",\"name\":\"Seguran\u00e7a - Polynt\",\"isPartOf\":{\"@id\":\"https:\/\/www.polynt.com\/#website\"},\"datePublished\":\"2016-11-08T14:34:57+00:00\",\"dateModified\":\"2021-04-06T08:01:12+00:00\",\"breadcrumb\":{\"@id\":\"https:\/\/www.polynt.com\/pt-pt\/sustainability\/hse-quality-certification\/safety\/#breadcrumb\"},\"inLanguage\":\"pt-PT\",\"potentialAction\":[{\"@type\":\"ReadAction\",\"target\":[\"https:\/\/www.polynt.com\/pt-pt\/sustainability\/hse-quality-certification\/safety\/\"]}]},{\"@type\":\"BreadcrumbList\",\"@id\":\"https:\/\/www.polynt.com\/pt-pt\/sustainability\/hse-quality-certification\/safety\/#breadcrumb\",\"itemListElement\":[{\"@type\":\"ListItem\",\"position\":1,\"name\":\"Home\",\"item\":\"https:\/\/www.polynt.com\/pt-pt\/\"},{\"@type\":\"ListItem\",\"position\":2,\"name\":\"Sustentabilidade\",\"item\":\"https:\/\/www.polynt.com\/pt-pt\/sustainability\/\"},{\"@type\":\"ListItem\",\"position\":3,\"name\":\"HSE, Quality &#038; Certification\",\"item\":\"https:\/\/www.polynt.com\/pt-pt\/sustainability\/hse-quality-certification\/\"},{\"@type\":\"ListItem\",\"position\":4,\"name\":\"Seguran\u00e7a\"}]},{\"@type\":\"WebSite\",\"@id\":\"https:\/\/www.polynt.com\/#website\",\"url\":\"https:\/\/www.polynt.com\/\",\"name\":\"Polynt\",\"description\":\"Un nuovo sito targato WordPress\",\"potentialAction\":[{\"@type\":\"SearchAction\",\"target\":{\"@type\":\"EntryPoint\",\"urlTemplate\":\"https:\/\/www.polynt.com\/?s={search_term_string}\"},\"query-input\":{\"@type\":\"PropertyValueSpecification\",\"valueRequired\":true,\"valueName\":\"search_term_string\"}}],\"inLanguage\":\"pt-PT\"}]}<\/script>\n<!-- \/ Yoast SEO plugin. -->","yoast_head_json":{"title":"Seguran\u00e7a - Polynt","robots":{"index":"index","follow":"follow","max-snippet":"max-snippet:-1","max-image-preview":"max-image-preview:large","max-video-preview":"max-video-preview:-1"},"canonical":"https:\/\/www.polynt.com\/pt-pt\/sustainability\/hse-quality-certification\/safety\/","og_locale":"pt_PT","og_type":"article","og_title":"Seguran\u00e7a - Polynt","og_description":"Nosso sistema de gerenciamento de seguran\u00e7a e saude ocupacional A SGSL \u00e9 um acr\u00f4nimo de &#8220;Sistema de gerenciamento de seguran\u00e7a &hellip;","og_url":"https:\/\/www.polynt.com\/pt-pt\/sustainability\/hse-quality-certification\/safety\/","og_site_name":"Polynt","article_modified_time":"2021-04-06T08:01:12+00:00","twitter_card":"summary_large_image","schema":{"@context":"https:\/\/schema.org","@graph":[{"@type":"WebPage","@id":"https:\/\/www.polynt.com\/pt-pt\/sustainability\/hse-quality-certification\/safety\/","url":"https:\/\/www.polynt.com\/pt-pt\/sustainability\/hse-quality-certification\/safety\/","name":"Seguran\u00e7a - Polynt","isPartOf":{"@id":"https:\/\/www.polynt.com\/#website"},"datePublished":"2016-11-08T14:34:57+00:00","dateModified":"2021-04-06T08:01:12+00:00","breadcrumb":{"@id":"https:\/\/www.polynt.com\/pt-pt\/sustainability\/hse-quality-certification\/safety\/#breadcrumb"},"inLanguage":"pt-PT","potentialAction":[{"@type":"ReadAction","target":["https:\/\/www.polynt.com\/pt-pt\/sustainability\/hse-quality-certification\/safety\/"]}]},{"@type":"BreadcrumbList","@id":"https:\/\/www.polynt.com\/pt-pt\/sustainability\/hse-quality-certification\/safety\/#breadcrumb","itemListElement":[{"@type":"ListItem","position":1,"name":"Home","item":"https:\/\/www.polynt.com\/pt-pt\/"},{"@type":"ListItem","position":2,"name":"Sustentabilidade","item":"https:\/\/www.polynt.com\/pt-pt\/sustainability\/"},{"@type":"ListItem","position":3,"name":"HSE, Quality &#038; Certification","item":"https:\/\/www.polynt.com\/pt-pt\/sustainability\/hse-quality-certification\/"},{"@type":"ListItem","position":4,"name":"Seguran\u00e7a"}]},{"@type":"WebSite","@id":"https:\/\/www.polynt.com\/#website","url":"https:\/\/www.polynt.com\/","name":"Polynt","description":"Un nuovo sito targato WordPress","potentialAction":[{"@type":"SearchAction","target":{"@type":"EntryPoint","urlTemplate":"https:\/\/www.polynt.com\/?s={search_term_string}"},"query-input":{"@type":"PropertyValueSpecification","valueRequired":true,"valueName":"search_term_string"}}],"inLanguage":"pt-PT"}]}},"_links":{"self":[{"href":"https:\/\/www.polynt.com\/pt-pt\/wp-json\/wp\/v2\/pages\/10609","targetHints":{"allow":["GET"]}}],"collection":[{"href":"https:\/\/www.polynt.com\/pt-pt\/wp-json\/wp\/v2\/pages"}],"about":[{"href":"https:\/\/www.polynt.com\/pt-pt\/wp-json\/wp\/v2\/types\/page"}],"author":[{"embeddable":true,"href":"https:\/\/www.polynt.com\/pt-pt\/wp-json\/wp\/v2\/users\/1"}],"replies":[{"embeddable":true,"href":"https:\/\/www.polynt.com\/pt-pt\/wp-json\/wp\/v2\/comments?post=10609"}],"version-history":[{"count":10,"href":"https:\/\/www.polynt.com\/pt-pt\/wp-json\/wp\/v2\/pages\/10609\/revisions"}],"predecessor-version":[{"id":21827,"href":"https:\/\/www.polynt.com\/pt-pt\/wp-json\/wp\/v2\/pages\/10609\/revisions\/21827"}],"up":[{"embeddable":true,"href":"https:\/\/www.polynt.com\/pt-pt\/wp-json\/wp\/v2\/pages\/10605"}],"wp:attachment":[{"href":"https:\/\/www.polynt.com\/pt-pt\/wp-json\/wp\/v2\/media?parent=10609"}],"curies":[{"name":"wp","href":"https:\/\/api.w.org\/{rel}","templated":true}]}}